{"id":221,"date":"2014-08-18T16:27:52","date_gmt":"2014-08-18T14:27:52","guid":{"rendered":"http:\/\/www.libertas-institut.com\/en\/news\/news-archiv-2003\/"},"modified":"2024-07-15T16:41:21","modified_gmt":"2024-07-15T14:41:21","slug":"news-archiv-2003","status":"publish","type":"page","link":"https:\/\/www.libertas-institut.com\/en\/news\/news-archiv-2003\/","title":{"rendered":"News Archiv 2003"},"content":{"rendered":"<h1 style=\"text-align: center\">News Archiv 2003<\/h1>\n<ul>\n<li><a href=\"https:\/\/www.libertas-institut.com\/news\/news_archiv_2003\/impressionen-eurodomus\/\" target=\"_blank\" rel=\"noopener\">Impressions <\/a>of <a href=\"https:\/\/www.libertas-institut.com\/news\/news_archiv_2003\/eurodomus-2003\/\" target=\"_blank\" rel=\"noopener\">EuroDomus 2003<\/a> 16.\/17.10.2003 in Padua\/Italy<\/li>\n<\/ul>\n<ul>\n<li>Draft Treaty establishing a <a href=\"http:\/\/www.libertas-institut.com\/de\/PDF\/ConventionDraftConstitution.EN.pdf\">Constitution for Europe<\/a> (European Convention, 18.7.2003)<\/li>\n<\/ul>\n<ul>\n<li><a href=\"https:\/\/www.libertas-institut.com\/news\/news_archiv_2003\/eurodomus-2003\/\" target=\"_blank\" rel=\"noopener\">EuroDomus 2003<\/a> 16.\/17.10.2003 Padua\/Italy<\/li>\n<\/ul>\n<ul>\n<li><a href=\"http:\/\/www.libertas-institut.com\/de\/News&amp;Termine\/Programm%20EWIVKonferenz.pdf\">5. EWIV-Praxiskonferenz<\/a> (9.5.2003, Strasbourg\/Frankreich)<br \/>\nInformationen aus erster Hand zur betriebswirtschaftlich und steuerlich interessanten<br \/>\n<strong>Rechts- und Kooperationsform <\/strong>der Europ\u00e4ischen wirtschaftlichen Interessenvereinigung<br \/>\n(EWIV)<\/li>\n<\/ul>\n<ul>\n<li><strong>Befragung zu europ\u00e4ischen Themen &#8211; EU-Gemeinschaftsprojekt<br \/>\n<\/strong>Im M\u00e4rz 2003 informieren wir \u00fcber die Ergebnisse<\/li>\n<\/ul>\n<ul>\n<li><strong>Constitutive Act of the African Union <\/strong><a href=\"http:\/\/www.libertas-institut.com\/de\/PDF\/Constitutive%20Act%20of%20the%20African%20Union.07-01.doc.pdf\">pdf-Version<\/a><\/li>\n<\/ul>\n<p>&nbsp;<\/p>\n","protected":false},"excerpt":{"rendered":"<p>News Archiv 2003 Impressions of EuroDomus 2003 16.\/17.10.2003 in Padua\/Italy Draft Treaty establishing a Constitution for Europe (European Convention, 18.7.2003) EuroDomus 2003 16.\/17.10.2003 Padua\/Italy 5. EWIV-Praxiskonferenz (9.5.2003, Strasbourg\/Frankreich) Informationen aus erster Hand zur betriebswirtschaftlich und steuerlich interessanten Rechts- und Kooperationsform der Europ\u00e4ischen wirtschaftlichen Interessenvereinigung (EWIV) Befragung zu europ\u00e4ischen Themen &#8211; EU-Gemeinschaftsprojekt Im M\u00e4rz 2003 informieren [&hellip;]<\/p>\n","protected":false},"author":1,"featured_media":0,"parent":16,"menu_order":12,"comment_status":"open","ping_status":"open","template":"","meta":{"_bbp_topic_count":0,"_bbp_reply_count":0,"_bbp_total_topic_count":0,"_bbp_total_reply_count":0,"_bbp_voice_count":0,"_bbp_anonymous_reply_count":0,"_bbp_topic_count_hidden":0,"_bbp_reply_count_hidden":0,"_bbp_forum_subforum_count":0,"footnotes":""},"class_list":["post-221","page","type-page","status-publish","hentry"],"yoast_head":"<!-- This site is optimized with the Yoast SEO plugin v26.4 - https:\/\/yoast.com\/wordpress\/plugins\/seo\/ -->\n<title>News Archiv 2003 - Libertas-en<\/title>\n<meta name=\"robots\" content=\"index, follow, max-snippet:-1, max-image-preview:large, max-video-preview:-1\" \/>\n<link rel=\"canonical\" href=\"https:\/\/www.libertas-institut.com\/en\/news\/news-archiv-2003\/\" \/>\n<meta property=\"og:locale\" content=\"de_DE\" \/>\n<meta property=\"og:type\" content=\"article\" \/>\n<meta property=\"og:title\" content=\"News Archiv 2003 - Libertas-en\" \/>\n<meta property=\"og:description\" content=\"News Archiv 2003 Impressions of EuroDomus 2003 16.\/17.10.2003 in Padua\/Italy Draft Treaty establishing a Constitution for Europe (European Convention, 18.7.2003) EuroDomus 2003 16.\/17.10.2003 Padua\/Italy 5. EWIV-Praxiskonferenz (9.5.2003, Strasbourg\/Frankreich) Informationen aus erster Hand zur betriebswirtschaftlich und steuerlich interessanten Rechts- und Kooperationsform der Europ\u00e4ischen wirtschaftlichen Interessenvereinigung (EWIV) Befragung zu europ\u00e4ischen Themen &#8211; EU-Gemeinschaftsprojekt Im M\u00e4rz 2003 informieren [&hellip;]\" \/>\n<meta property=\"og:url\" content=\"https:\/\/www.libertas-institut.com\/en\/news\/news-archiv-2003\/\" \/>\n<meta property=\"og:site_name\" content=\"Libertas-en\" \/>\n<meta property=\"article:modified_time\" content=\"2024-07-15T14:41:21+00:00\" \/>\n<script type=\"application\/ld+json\" class=\"yoast-schema-graph\">{\"@context\":\"https:\/\/schema.org\",\"@graph\":[{\"@type\":\"WebPage\",\"@id\":\"https:\/\/www.libertas-institut.com\/en\/news\/news-archiv-2003\/\",\"url\":\"https:\/\/www.libertas-institut.com\/en\/news\/news-archiv-2003\/\",\"name\":\"News Archiv 2003 - Libertas-en\",\"isPartOf\":{\"@id\":\"https:\/\/www.libertas-institut.com\/en\/#website\"},\"datePublished\":\"2014-08-18T14:27:52+00:00\",\"dateModified\":\"2024-07-15T14:41:21+00:00\",\"breadcrumb\":{\"@id\":\"https:\/\/www.libertas-institut.com\/en\/news\/news-archiv-2003\/#breadcrumb\"},\"inLanguage\":\"de\",\"potentialAction\":[{\"@type\":\"ReadAction\",\"target\":[\"https:\/\/www.libertas-institut.com\/en\/news\/news-archiv-2003\/\"]}]},{\"@type\":\"BreadcrumbList\",\"@id\":\"https:\/\/www.libertas-institut.com\/en\/news\/news-archiv-2003\/#breadcrumb\",\"itemListElement\":[{\"@type\":\"ListItem\",\"position\":1,\"name\":\"Home\",\"item\":\"https:\/\/www.libertas-institut.com\/en\/\"},{\"@type\":\"ListItem\",\"position\":2,\"name\":\"News\",\"item\":\"https:\/\/www.libertas-institut.com\/en\/\"},{\"@type\":\"ListItem\",\"position\":3,\"name\":\"News Archiv 2003\"}]},{\"@type\":\"WebSite\",\"@id\":\"https:\/\/www.libertas-institut.com\/en\/#website\",\"url\":\"https:\/\/www.libertas-institut.com\/en\/\",\"name\":\"Libertas-en\",\"description\":\"\u00a9 by Libertas GmbH\",\"potentialAction\":[{\"@type\":\"SearchAction\",\"target\":{\"@type\":\"EntryPoint\",\"urlTemplate\":\"https:\/\/www.libertas-institut.com\/en\/?s={search_term_string}\"},\"query-input\":{\"@type\":\"PropertyValueSpecification\",\"valueRequired\":true,\"valueName\":\"search_term_string\"}}],\"inLanguage\":\"de\"}]}<\/script>\n<!-- \/ Yoast SEO plugin. -->","yoast_head_json":{"title":"News Archiv 2003 - Libertas-en","robots":{"index":"index","follow":"follow","max-snippet":"max-snippet:-1","max-image-preview":"max-image-preview:large","max-video-preview":"max-video-preview:-1"},"canonical":"https:\/\/www.libertas-institut.com\/en\/news\/news-archiv-2003\/","og_locale":"de_DE","og_type":"article","og_title":"News Archiv 2003 - Libertas-en","og_description":"News Archiv 2003 Impressions of EuroDomus 2003 16.\/17.10.2003 in Padua\/Italy Draft Treaty establishing a Constitution for Europe (European Convention, 18.7.2003) EuroDomus 2003 16.\/17.10.2003 Padua\/Italy 5. EWIV-Praxiskonferenz (9.5.2003, Strasbourg\/Frankreich) Informationen aus erster Hand zur betriebswirtschaftlich und steuerlich interessanten Rechts- und Kooperationsform der Europ\u00e4ischen wirtschaftlichen Interessenvereinigung (EWIV) Befragung zu europ\u00e4ischen Themen &#8211; EU-Gemeinschaftsprojekt Im M\u00e4rz 2003 informieren [&hellip;]","og_url":"https:\/\/www.libertas-institut.com\/en\/news\/news-archiv-2003\/","og_site_name":"Libertas-en","article_modified_time":"2024-07-15T14:41:21+00:00","schema":{"@context":"https:\/\/schema.org","@graph":[{"@type":"WebPage","@id":"https:\/\/www.libertas-institut.com\/en\/news\/news-archiv-2003\/","url":"https:\/\/www.libertas-institut.com\/en\/news\/news-archiv-2003\/","name":"News Archiv 2003 - Libertas-en","isPartOf":{"@id":"https:\/\/www.libertas-institut.com\/en\/#website"},"datePublished":"2014-08-18T14:27:52+00:00","dateModified":"2024-07-15T14:41:21+00:00","breadcrumb":{"@id":"https:\/\/www.libertas-institut.com\/en\/news\/news-archiv-2003\/#breadcrumb"},"inLanguage":"de","potentialAction":[{"@type":"ReadAction","target":["https:\/\/www.libertas-institut.com\/en\/news\/news-archiv-2003\/"]}]},{"@type":"BreadcrumbList","@id":"https:\/\/www.libertas-institut.com\/en\/news\/news-archiv-2003\/#breadcrumb","itemListElement":[{"@type":"ListItem","position":1,"name":"Home","item":"https:\/\/www.libertas-institut.com\/en\/"},{"@type":"ListItem","position":2,"name":"News","item":"https:\/\/www.libertas-institut.com\/en\/"},{"@type":"ListItem","position":3,"name":"News Archiv 2003"}]},{"@type":"WebSite","@id":"https:\/\/www.libertas-institut.com\/en\/#website","url":"https:\/\/www.libertas-institut.com\/en\/","name":"Libertas-en","description":"\u00a9 by Libertas GmbH","potentialAction":[{"@type":"SearchAction","target":{"@type":"EntryPoint","urlTemplate":"https:\/\/www.libertas-institut.com\/en\/?s={search_term_string}"},"query-input":{"@type":"PropertyValueSpecification","valueRequired":true,"valueName":"search_term_string"}}],"inLanguage":"de"}]}},"_links":{"self":[{"href":"https:\/\/www.libertas-institut.com\/en\/wp-json\/wp\/v2\/pages\/221","targetHints":{"allow":["GET"]}}],"collection":[{"href":"https:\/\/www.libertas-institut.com\/en\/wp-json\/wp\/v2\/pages"}],"about":[{"href":"https:\/\/www.libertas-institut.com\/en\/wp-json\/wp\/v2\/types\/page"}],"author":[{"embeddable":true,"href":"https:\/\/www.libertas-institut.com\/en\/wp-json\/wp\/v2\/users\/1"}],"replies":[{"embeddable":true,"href":"https:\/\/www.libertas-institut.com\/en\/wp-json\/wp\/v2\/comments?post=221"}],"version-history":[{"count":0,"href":"https:\/\/www.libertas-institut.com\/en\/wp-json\/wp\/v2\/pages\/221\/revisions"}],"up":[{"embeddable":true,"href":"https:\/\/www.libertas-institut.com\/en\/wp-json\/wp\/v2\/pages\/16"}],"wp:attachment":[{"href":"https:\/\/www.libertas-institut.com\/en\/wp-json\/wp\/v2\/media?parent=221"}],"curies":[{"name":"wp","href":"https:\/\/api.w.org\/{rel}","templated":true}]}}