{"id":223,"date":"2014-08-18T16:27:52","date_gmt":"2014-08-18T14:27:52","guid":{"rendered":"http:\/\/www.libertas-institut.com\/en\/news\/news-archiv-2001\/"},"modified":"2024-07-15T16:41:35","modified_gmt":"2024-07-15T14:41:35","slug":"news-archiv-2001","status":"publish","type":"page","link":"https:\/\/www.libertas-institut.com\/en\/news\/news-archiv-2001\/","title":{"rendered":"News Archiv 2001"},"content":{"rendered":"<h1 style=\"text-align: center\">News Archiv 2001<\/h1>\n<ul>\n<li><a href=\"https:\/\/www.libertas-institut.com\/shop\/bookshop\/\" target=\"_blank\" rel=\"noopener\">Online-Shop<\/a><\/li>\n<\/ul>\n<ul>\n<li>Nutzen Sie in unserem <strong>Buch-Shop<\/strong> die Angebote des LIBERTAS Verlages sowie<br \/>\nzahlreiche <strong>kostenlose Downloads<\/strong>!<\/li>\n<\/ul>\n<ul>\n<li><a href=\"https:\/\/www.libertas-institut.com\/news\/de_euro\/sicherheitsmerkmale\/\" target=\"_blank\" rel=\"noopener\">Sicherheitsmerkmale der Euro-Banknoten<\/a><\/li>\n<\/ul>\n<ul>\n<li>La subfornitura in Europa (Subcontracting in Europe) <span style=\"color: #ff0000\"><strong>fehlender Link<\/strong><\/span><\/li>\n<\/ul>\n<ul>\n<li><a href=\"http:\/\/www.libertas-institut.com\/de\/news&amp;termine\/010.ProgrBerlin23.11.01.pdf\">4. EWIV-Konferenz <\/a>Berlin 23.11.2001 <span style=\"color: #ff0000\"><strong>fehlender Link<\/strong><\/span><\/li>\n<\/ul>\n<ul>\n<li><a title=\"EUFAJ \u2013 Journal\" href=\"https:\/\/www.libertas-institut.com\/ewiv-informationszentrum\/ewiv_ejournal\/\" target=\"_blank\" rel=\"noopener\">EWIV eJOURNAL<\/a><br \/>\nNeue kostenlose Zeitschrift \u00fcber Gr\u00fcndung und Betrieb einer Europ\u00e4ischen<br \/>\nwirtschaftlichen Interessenvereinigung<\/li>\n<\/ul>\n<ul>\n<li><a href=\"https:\/\/www.libertas-institut.com\/news\/de_euro\/euro-bargeldeinfuehrung\/\" target=\"_blank\" rel=\"noopener\">Informationen zur Euro-Bargeldeinf\u00fchrung<\/a><\/li>\n<\/ul>\n<ul>\n<li><a href=\"https:\/\/www.libertas-institut.com\/news\/news_archiv_2001\/angebot\/\" target=\"_blank\" rel=\"noopener\">Aktuelle Seminar- und Beratungsangebote<\/a><br \/>\nf\u00fcr Unternehmen, Verb\u00e4nde, Kammern und Kreditinstitute<br \/>\nzur Euro-Bargeldeinf\u00fchrung<\/li>\n<\/ul>\n<ul>\n<li><a href=\"https:\/\/www.libertas-institut.com\/news\/news_archiv_2001\/news-kirgisien\/\">EU Study Tour by Kyrgyz Republik Delegation<\/a> <span style=\"color: #ff0000\"><strong>fehlender Link<\/strong><\/span><\/li>\n<\/ul>\n<ul>\n<li><a href=\"https:\/\/www.libertas-institut.com\/en\/public-procurement-service\/\">\u00d6ffentliches Auftragswesen in der EU<\/a> <span style=\"color: #ff0000\"><strong>fehlender Link<\/strong><\/span><br \/>\nEin Service f\u00fcr Ihr Unternehmen!<\/li>\n<\/ul>\n<ul>\n<li>Economic Free Zones of the World <span style=\"color: #ff0000\"><strong>fehlender Link<\/strong><\/span><br \/>\nNew Looseleaf Publication<\/li>\n<\/ul>\n<ul>\n<li><a href=\"https:\/\/www.libertas-institut.com\/news\/news_archiv_2001\/euromanagement\/\" target=\"_blank\" rel=\"noopener\">EuroManagement<\/a><br \/>\nInformationsdienst f\u00fcr Unternehmen<\/li>\n<\/ul>\n<ul>\n<li><a href=\"https:\/\/www.libertas-institut.com\/beratung\/e_business\/de_ebusiness_foerderung\/\" target=\"_blank\" rel=\"noopener\">Fragen zu e-Commerce<\/a><\/li>\n<\/ul>\n","protected":false},"excerpt":{"rendered":"<p>News Archiv 2001 Online-Shop Nutzen Sie in unserem Buch-Shop die Angebote des LIBERTAS Verlages sowie zahlreiche kostenlose Downloads! Sicherheitsmerkmale der Euro-Banknoten La subfornitura in Europa (Subcontracting in Europe) fehlender Link 4. EWIV-Konferenz Berlin 23.11.2001 fehlender Link EWIV eJOURNAL Neue kostenlose Zeitschrift \u00fcber Gr\u00fcndung und Betrieb einer Europ\u00e4ischen wirtschaftlichen Interessenvereinigung Informationen zur Euro-Bargeldeinf\u00fchrung Aktuelle Seminar- und [&hellip;]<\/p>\n","protected":false},"author":1,"featured_media":0,"parent":16,"menu_order":14,"comment_status":"open","ping_status":"open","template":"","meta":{"_bbp_topic_count":0,"_bbp_reply_count":0,"_bbp_total_topic_count":0,"_bbp_total_reply_count":0,"_bbp_voice_count":0,"_bbp_anonymous_reply_count":0,"_bbp_topic_count_hidden":0,"_bbp_reply_count_hidden":0,"_bbp_forum_subforum_count":0,"footnotes":""},"class_list":["post-223","page","type-page","status-publish","hentry"],"yoast_head":"<!-- This site is optimized with the Yoast SEO plugin v26.4 - https:\/\/yoast.com\/wordpress\/plugins\/seo\/ -->\n<title>News Archiv 2001 - Libertas-en<\/title>\n<meta name=\"robots\" content=\"index, follow, max-snippet:-1, max-image-preview:large, max-video-preview:-1\" \/>\n<link rel=\"canonical\" href=\"https:\/\/www.libertas-institut.com\/en\/news\/news-archiv-2001\/\" \/>\n<meta property=\"og:locale\" content=\"de_DE\" \/>\n<meta property=\"og:type\" content=\"article\" \/>\n<meta property=\"og:title\" content=\"News Archiv 2001 - Libertas-en\" \/>\n<meta property=\"og:description\" content=\"News Archiv 2001 Online-Shop Nutzen Sie in unserem Buch-Shop die Angebote des LIBERTAS Verlages sowie zahlreiche kostenlose Downloads! Sicherheitsmerkmale der Euro-Banknoten La subfornitura in Europa (Subcontracting in Europe) fehlender Link 4. EWIV-Konferenz Berlin 23.11.2001 fehlender Link EWIV eJOURNAL Neue kostenlose Zeitschrift \u00fcber Gr\u00fcndung und Betrieb einer Europ\u00e4ischen wirtschaftlichen Interessenvereinigung Informationen zur Euro-Bargeldeinf\u00fchrung Aktuelle Seminar- und [&hellip;]\" \/>\n<meta property=\"og:url\" content=\"https:\/\/www.libertas-institut.com\/en\/news\/news-archiv-2001\/\" \/>\n<meta property=\"og:site_name\" content=\"Libertas-en\" \/>\n<meta property=\"article:modified_time\" content=\"2024-07-15T14:41:35+00:00\" \/>\n<meta name=\"twitter:label1\" content=\"Gesch\u00e4tzte Lesezeit\" \/>\n\t<meta name=\"twitter:data1\" content=\"1\u00a0Minute\" \/>\n<script type=\"application\/ld+json\" class=\"yoast-schema-graph\">{\"@context\":\"https:\/\/schema.org\",\"@graph\":[{\"@type\":\"WebPage\",\"@id\":\"https:\/\/www.libertas-institut.com\/en\/news\/news-archiv-2001\/\",\"url\":\"https:\/\/www.libertas-institut.com\/en\/news\/news-archiv-2001\/\",\"name\":\"News Archiv 2001 - Libertas-en\",\"isPartOf\":{\"@id\":\"https:\/\/www.libertas-institut.com\/en\/#website\"},\"datePublished\":\"2014-08-18T14:27:52+00:00\",\"dateModified\":\"2024-07-15T14:41:35+00:00\",\"breadcrumb\":{\"@id\":\"https:\/\/www.libertas-institut.com\/en\/news\/news-archiv-2001\/#breadcrumb\"},\"inLanguage\":\"de\",\"potentialAction\":[{\"@type\":\"ReadAction\",\"target\":[\"https:\/\/www.libertas-institut.com\/en\/news\/news-archiv-2001\/\"]}]},{\"@type\":\"BreadcrumbList\",\"@id\":\"https:\/\/www.libertas-institut.com\/en\/news\/news-archiv-2001\/#breadcrumb\",\"itemListElement\":[{\"@type\":\"ListItem\",\"position\":1,\"name\":\"Home\",\"item\":\"https:\/\/www.libertas-institut.com\/en\/\"},{\"@type\":\"ListItem\",\"position\":2,\"name\":\"News\",\"item\":\"https:\/\/www.libertas-institut.com\/en\/\"},{\"@type\":\"ListItem\",\"position\":3,\"name\":\"News Archiv 2001\"}]},{\"@type\":\"WebSite\",\"@id\":\"https:\/\/www.libertas-institut.com\/en\/#website\",\"url\":\"https:\/\/www.libertas-institut.com\/en\/\",\"name\":\"Libertas-en\",\"description\":\"\u00a9 by Libertas GmbH\",\"potentialAction\":[{\"@type\":\"SearchAction\",\"target\":{\"@type\":\"EntryPoint\",\"urlTemplate\":\"https:\/\/www.libertas-institut.com\/en\/?s={search_term_string}\"},\"query-input\":{\"@type\":\"PropertyValueSpecification\",\"valueRequired\":true,\"valueName\":\"search_term_string\"}}],\"inLanguage\":\"de\"}]}<\/script>\n<!-- \/ Yoast SEO plugin. -->","yoast_head_json":{"title":"News Archiv 2001 - Libertas-en","robots":{"index":"index","follow":"follow","max-snippet":"max-snippet:-1","max-image-preview":"max-image-preview:large","max-video-preview":"max-video-preview:-1"},"canonical":"https:\/\/www.libertas-institut.com\/en\/news\/news-archiv-2001\/","og_locale":"de_DE","og_type":"article","og_title":"News Archiv 2001 - Libertas-en","og_description":"News Archiv 2001 Online-Shop Nutzen Sie in unserem Buch-Shop die Angebote des LIBERTAS Verlages sowie zahlreiche kostenlose Downloads! Sicherheitsmerkmale der Euro-Banknoten La subfornitura in Europa (Subcontracting in Europe) fehlender Link 4. EWIV-Konferenz Berlin 23.11.2001 fehlender Link EWIV eJOURNAL Neue kostenlose Zeitschrift \u00fcber Gr\u00fcndung und Betrieb einer Europ\u00e4ischen wirtschaftlichen Interessenvereinigung Informationen zur Euro-Bargeldeinf\u00fchrung Aktuelle Seminar- und [&hellip;]","og_url":"https:\/\/www.libertas-institut.com\/en\/news\/news-archiv-2001\/","og_site_name":"Libertas-en","article_modified_time":"2024-07-15T14:41:35+00:00","twitter_misc":{"Gesch\u00e4tzte Lesezeit":"1\u00a0Minute"},"schema":{"@context":"https:\/\/schema.org","@graph":[{"@type":"WebPage","@id":"https:\/\/www.libertas-institut.com\/en\/news\/news-archiv-2001\/","url":"https:\/\/www.libertas-institut.com\/en\/news\/news-archiv-2001\/","name":"News Archiv 2001 - Libertas-en","isPartOf":{"@id":"https:\/\/www.libertas-institut.com\/en\/#website"},"datePublished":"2014-08-18T14:27:52+00:00","dateModified":"2024-07-15T14:41:35+00:00","breadcrumb":{"@id":"https:\/\/www.libertas-institut.com\/en\/news\/news-archiv-2001\/#breadcrumb"},"inLanguage":"de","potentialAction":[{"@type":"ReadAction","target":["https:\/\/www.libertas-institut.com\/en\/news\/news-archiv-2001\/"]}]},{"@type":"BreadcrumbList","@id":"https:\/\/www.libertas-institut.com\/en\/news\/news-archiv-2001\/#breadcrumb","itemListElement":[{"@type":"ListItem","position":1,"name":"Home","item":"https:\/\/www.libertas-institut.com\/en\/"},{"@type":"ListItem","position":2,"name":"News","item":"https:\/\/www.libertas-institut.com\/en\/"},{"@type":"ListItem","position":3,"name":"News Archiv 2001"}]},{"@type":"WebSite","@id":"https:\/\/www.libertas-institut.com\/en\/#website","url":"https:\/\/www.libertas-institut.com\/en\/","name":"Libertas-en","description":"\u00a9 by Libertas GmbH","potentialAction":[{"@type":"SearchAction","target":{"@type":"EntryPoint","urlTemplate":"https:\/\/www.libertas-institut.com\/en\/?s={search_term_string}"},"query-input":{"@type":"PropertyValueSpecification","valueRequired":true,"valueName":"search_term_string"}}],"inLanguage":"de"}]}},"_links":{"self":[{"href":"https:\/\/www.libertas-institut.com\/en\/wp-json\/wp\/v2\/pages\/223","targetHints":{"allow":["GET"]}}],"collection":[{"href":"https:\/\/www.libertas-institut.com\/en\/wp-json\/wp\/v2\/pages"}],"about":[{"href":"https:\/\/www.libertas-institut.com\/en\/wp-json\/wp\/v2\/types\/page"}],"author":[{"embeddable":true,"href":"https:\/\/www.libertas-institut.com\/en\/wp-json\/wp\/v2\/users\/1"}],"replies":[{"embeddable":true,"href":"https:\/\/www.libertas-institut.com\/en\/wp-json\/wp\/v2\/comments?post=223"}],"version-history":[{"count":0,"href":"https:\/\/www.libertas-institut.com\/en\/wp-json\/wp\/v2\/pages\/223\/revisions"}],"up":[{"embeddable":true,"href":"https:\/\/www.libertas-institut.com\/en\/wp-json\/wp\/v2\/pages\/16"}],"wp:attachment":[{"href":"https:\/\/www.libertas-institut.com\/en\/wp-json\/wp\/v2\/media?parent=223"}],"curies":[{"name":"wp","href":"https:\/\/api.w.org\/{rel}","templated":true}]}}