{"id":281,"date":"2014-08-19T17:58:36","date_gmt":"2014-08-19T15:58:36","guid":{"rendered":"http:\/\/www.libertas-institut.com\/en\/?page_id=281"},"modified":"2014-08-19T17:59:05","modified_gmt":"2014-08-19T15:59:05","slug":"call-for-libertas-papers","status":"publish","type":"page","link":"https:\/\/www.libertas-institut.com\/en\/publishing-house\/call-for-libertas-papers\/","title":{"rendered":"Call for LIBERTAS Papers"},"content":{"rendered":"<h1 style=\"text-align: center;\">Call for LIBERTAS Papers<\/h1>\n<ol>\n<li>LIBERTAS &#8211; Europ\u00e4isches Institut GmbH ver\u00f6ffentlicht Papiere als gebundene Publikationen in den Bereichen Wirtschaft, Politik, Recht, Sozialwissenschaften, Geschichte im weitesten Sinne, wenn diese Publikationen europ\u00e4ische oder internationale Relevanz haben.Mit diesen Papers (u. a. auch Diplom- oder Magister-Arbeiten von Universit\u00e4ten oder Fachhochschulen) soll das thematische Spektrum der Publikationen von LIBERTAS &#8211; Europ\u00e4isches Institut GmbH angereichert werden und weitere Forschungssynergie im Umfeld von LIBERTAS entstehen. Insbesondere will LIBERTAS dadurch auch Beitr\u00e4ge von Nachwuchswissenschaftlern f\u00f6rdern.Mitarbeiter von LIBERTAS k\u00f6nnen unter Umst\u00e4nden auch Aufgaben als Erst- oder Zweitbetreuer f\u00fcr Diplomarbeiten an Fachhochschulen \u00fcbernehmen.<br \/>\nDerzeit sind Texte (Reihenfolge ist nicht Rangfolge) besonders willkommen zu:<\/p>\n<ul>\n<li>Integrationsfragen in verschiedenen Regionen der Welt (<em>Schriftenreihe des European Centre for Transnational Integration Studies<\/em> [ECTIS]),<\/li>\n<li>rechtlichen, betriebswirtschaftlichen und steuerlichen Aspekten der Europ\u00e4ischen wirtschaftlichen Interessenvereinigung (<em>Schriftenreihe des Europ\u00e4ischen EWIV-Informationszentrums<\/em>),<\/li>\n<li>Europ\u00e4ischer W\u00e4hrungsunion, Euro in Drittl\u00e4ndern,<\/li>\n<li>EU-Erweiterung,<\/li>\n<li>Rechtsfragen mit europ\u00e4ischen oder internationalen Fragestellungen,<\/li>\n<li>Fragen z. B. der Wirtschafts-, Steuer- und Sozialpolitik, der Entwicklungs-, Umwelt-, Verkehrs- und Energiepolitik,<\/li>\n<li>Branchenstudien, L\u00e4nderstudien,<\/li>\n<li>Fragen der allgemeinen Staatslehre mit europ\u00e4ischen oder internationalen Bez\u00fcgen,<\/li>\n<li>interregionaler Zusammenarbeit,<\/li>\n<li>Beitr\u00e4gen zur <em>Deutsch-Italienischen Schriftenreihe f\u00fcr Recht und Wirtschaft<\/em><\/li>\n<\/ul>\n<p>In jedem Fall sollten Autoren R\u00fccksprache nehmen. Empfohlen wird die erste Zusendung des Texts (oder einer Gliederung, oder eines Textfragments) per E-Mail an:<br \/>\n<a href=\"mailto:verlag@libertas-institut.com\">verlag@libertas-institut.com<\/a>.<\/li>\n<li>LIBERTAS-Papers wurden bisher in Deutsch, Englisch und Franz\u00f6sisch ver\u00f6ffentlicht. Grunds\u00e4tzlich sind aber auch andere Sprachen m\u00f6glich. LIBERTAS hat bisher in diesen drei Sprachen, aber auch in Italienisch, Portugiesisch, Slowenisch publiziert.<\/li>\n<li>Die Texte werden in Word-Format (zugesandt per E-Mail oder Diskette) ben\u00f6tigt. Pdf-Texte m\u00fcssen lektorierf\u00e4hig sein, also nicht schreibgesch\u00fctzt. Wenn deutsche oder englische Texte geliefert werden, k\u00f6nnen sie bei LIBERTAS lektoriert bzw. druckreif korrigiert werden.<\/li>\n<li>Zusammen mit dem Text ben\u00f6tigt LIBERTAS auch einige Angaben zur Person des\/der Autor(en) bzw. Herausgeber(s), beispielsweise einen Curriculum Vitae, sowie ggfs. Angaben \u00fcber die Entstehung des Textes.<\/li>\n<li>Jedes LIBERTAS Paper erh\u00e4lt eine ISBN (International Standard of Books Number) und ist im VLB (Verzeichnis lieferbarer B\u00fccher) verzeichnet, ebenfalls im CIP-System. Die Pflichtexemplare werden von LIBERTAS versendet (in Deutschland: Deutsche Bibliothek Frankfurt sowie Deutsche B\u00fccherei Leipzig, W\u00fcrttembergische Landesbibliothek, Badische Landesbibliothek).<\/li>\n<li>Jeder Autor erkl\u00e4rt mit der Zusendung seines Skripts, dass er Tr\u00e4ger des Urheberrechts des Textes ist.<\/li>\n<li>Die Texte sollen ca. 65-85 Seiten umfassen, jedoch sind auch andere (d\u00fcnnere oder dickere) Texte m\u00f6glich.<\/li>\n<li>LIBERTAS \u2013 Europ\u00e4isches Institut GmbH als dem Integrationsgedanken verschriebene Institution muss sich vorbehalten, auch bei angeforderten Manuskripten keine oder keine weitere Publikation vorzunehmen. Das ist dann der Fall, wenn der Sachinhalt Defizite aufweist oder offensichtliche Herabsetzungen Dritter im Text enthalten sind, oder wenn dies dem Verlag nach Publikation bewusst oder bekannt wird, oder wenn der Autor Positionen einnimmt, die mit dem Integrationsgedanken von LIBERTAS \u2013 Europ\u00e4isches Institut GmbH als nicht vereinbar betrachtet werden.<\/li>\n<li>Autoren k\u00f6nnen folgende Verg\u00fctung erwarten: Bis 1600 EUR Objektumsatz (jedes einzelne LIBERTAS Paper hat ein eigenes Sachkonto in der Finanzbuchhaltung von LIBERTAS \u2013 Europ\u00e4isches Institut GmbH zur Verf\u00fcgung) bleiben f\u00fcr den Autor unber\u00fccksichtigt. Was dar\u00fcber hinaus steigt, wird mit 20 Prozent Beteiligung am Umsatz verg\u00fctet. Die Verg\u00fctung wird immer nach Jahresabschluss f\u00e4llig. Die Autoren werden hierf\u00fcr von LIBERTAS angeschrieben, sobald die Beteiligung zum Tragen kommt. Bei einer Mehrheit von Autoren pro Publikation wird entsprechend quotiert; die erw\u00e4hnte Beteiligung bildet dabei einen Plafond.<\/li>\n<li>Von Autoren wird keinerlei Druckkostenzuschuss erwartet, jedoch Mitwirkung bei Rezensionen etc. (etwa durch bestehende redaktionelle Kontakte).<\/li>\n<li>Von Rezensionen, die LIBERTAS bekommt, erh\u00e4lt der Autor automatisch eine Kopie.<\/li>\n<li>Der Preis der Publikationen wird von LIBERTAS \u2013 Europ\u00e4isches Institut GmbH festgelegt, nach M\u00f6glichkeit im Einvernehmen mit dem Autor.<\/li>\n<li>Der Autor bekommt drei bis f\u00fcnf Autorenexemplare ohne Berechnung. Sollte er weitere Exemplare ben\u00f6tigen, kann LIBERTAS hierf\u00fcr die Selbstkosten berechnen.<\/li>\n<li>LIBERTAS hat das Recht, Publikationen auch im Internet zu publizieren, ggfs. auch zu stark abweichenden Tarifen nach unten f\u00fcrs Download.<strong><em>\u00dcber eine m\u00f6gliche Zusammenarbeit w\u00fcrden wir uns freuen. <\/em><\/strong><\/li>\n<\/ol>\n","protected":false},"excerpt":{"rendered":"<p>Call for LIBERTAS Papers LIBERTAS &#8211; Europ\u00e4isches Institut GmbH ver\u00f6ffentlicht Papiere als gebundene Publikationen in den Bereichen Wirtschaft, Politik, Recht, Sozialwissenschaften, Geschichte im weitesten Sinne, wenn diese Publikationen europ\u00e4ische oder internationale Relevanz haben.Mit diesen Papers (u. a. auch Diplom- oder Magister-Arbeiten von Universit\u00e4ten oder Fachhochschulen) soll das thematische Spektrum der Publikationen von LIBERTAS &#8211; Europ\u00e4isches [&hellip;]<\/p>\n","protected":false},"author":1,"featured_media":0,"parent":74,"menu_order":0,"comment_status":"open","ping_status":"open","template":"","meta":{"_bbp_topic_count":0,"_bbp_reply_count":0,"_bbp_total_topic_count":0,"_bbp_total_reply_count":0,"_bbp_voice_count":0,"_bbp_anonymous_reply_count":0,"_bbp_topic_count_hidden":0,"_bbp_reply_count_hidden":0,"_bbp_forum_subforum_count":0,"footnotes":""},"class_list":["post-281","page","type-page","status-publish","hentry"],"yoast_head":"<!-- This site is optimized with the Yoast SEO plugin v26.4 - https:\/\/yoast.com\/wordpress\/plugins\/seo\/ -->\n<title>Call for LIBERTAS Papers - Libertas-en<\/title>\n<meta name=\"robots\" content=\"index, follow, max-snippet:-1, max-image-preview:large, max-video-preview:-1\" \/>\n<link rel=\"canonical\" href=\"https:\/\/www.libertas-institut.com\/en\/publishing-house\/call-for-libertas-papers\/\" \/>\n<meta property=\"og:locale\" content=\"de_DE\" \/>\n<meta property=\"og:type\" content=\"article\" \/>\n<meta property=\"og:title\" content=\"Call for LIBERTAS Papers - Libertas-en\" \/>\n<meta property=\"og:description\" content=\"Call for LIBERTAS Papers LIBERTAS &#8211; Europ\u00e4isches Institut GmbH ver\u00f6ffentlicht Papiere als gebundene Publikationen in den Bereichen Wirtschaft, Politik, Recht, Sozialwissenschaften, Geschichte im weitesten Sinne, wenn diese Publikationen europ\u00e4ische oder internationale Relevanz haben.Mit diesen Papers (u. a. auch Diplom- oder Magister-Arbeiten von Universit\u00e4ten oder Fachhochschulen) soll das thematische Spektrum der Publikationen von LIBERTAS &#8211; Europ\u00e4isches [&hellip;]\" \/>\n<meta property=\"og:url\" content=\"https:\/\/www.libertas-institut.com\/en\/publishing-house\/call-for-libertas-papers\/\" \/>\n<meta property=\"og:site_name\" content=\"Libertas-en\" \/>\n<meta property=\"article:modified_time\" content=\"2014-08-19T15:59:05+00:00\" \/>\n<meta name=\"twitter:label1\" content=\"Gesch\u00e4tzte Lesezeit\" \/>\n\t<meta name=\"twitter:data1\" content=\"3\u00a0Minuten\" \/>\n<script type=\"application\/ld+json\" class=\"yoast-schema-graph\">{\"@context\":\"https:\/\/schema.org\",\"@graph\":[{\"@type\":\"WebPage\",\"@id\":\"https:\/\/www.libertas-institut.com\/en\/publishing-house\/call-for-libertas-papers\/\",\"url\":\"https:\/\/www.libertas-institut.com\/en\/publishing-house\/call-for-libertas-papers\/\",\"name\":\"Call for LIBERTAS Papers - Libertas-en\",\"isPartOf\":{\"@id\":\"https:\/\/www.libertas-institut.com\/en\/#website\"},\"datePublished\":\"2014-08-19T15:58:36+00:00\",\"dateModified\":\"2014-08-19T15:59:05+00:00\",\"breadcrumb\":{\"@id\":\"https:\/\/www.libertas-institut.com\/en\/publishing-house\/call-for-libertas-papers\/#breadcrumb\"},\"inLanguage\":\"de\",\"potentialAction\":[{\"@type\":\"ReadAction\",\"target\":[\"https:\/\/www.libertas-institut.com\/en\/publishing-house\/call-for-libertas-papers\/\"]}]},{\"@type\":\"BreadcrumbList\",\"@id\":\"https:\/\/www.libertas-institut.com\/en\/publishing-house\/call-for-libertas-papers\/#breadcrumb\",\"itemListElement\":[{\"@type\":\"ListItem\",\"position\":1,\"name\":\"Home\",\"item\":\"https:\/\/www.libertas-institut.com\/en\/\"},{\"@type\":\"ListItem\",\"position\":2,\"name\":\"Publishing House\",\"item\":\"https:\/\/www.libertas-institut.com\/en\/publishing-house\/\"},{\"@type\":\"ListItem\",\"position\":3,\"name\":\"Call for LIBERTAS Papers\"}]},{\"@type\":\"WebSite\",\"@id\":\"https:\/\/www.libertas-institut.com\/en\/#website\",\"url\":\"https:\/\/www.libertas-institut.com\/en\/\",\"name\":\"Libertas-en\",\"description\":\"\u00a9 by Libertas GmbH\",\"potentialAction\":[{\"@type\":\"SearchAction\",\"target\":{\"@type\":\"EntryPoint\",\"urlTemplate\":\"https:\/\/www.libertas-institut.com\/en\/?s={search_term_string}\"},\"query-input\":{\"@type\":\"PropertyValueSpecification\",\"valueRequired\":true,\"valueName\":\"search_term_string\"}}],\"inLanguage\":\"de\"}]}<\/script>\n<!-- \/ Yoast SEO plugin. -->","yoast_head_json":{"title":"Call for LIBERTAS Papers - Libertas-en","robots":{"index":"index","follow":"follow","max-snippet":"max-snippet:-1","max-image-preview":"max-image-preview:large","max-video-preview":"max-video-preview:-1"},"canonical":"https:\/\/www.libertas-institut.com\/en\/publishing-house\/call-for-libertas-papers\/","og_locale":"de_DE","og_type":"article","og_title":"Call for LIBERTAS Papers - Libertas-en","og_description":"Call for LIBERTAS Papers LIBERTAS &#8211; Europ\u00e4isches Institut GmbH ver\u00f6ffentlicht Papiere als gebundene Publikationen in den Bereichen Wirtschaft, Politik, Recht, Sozialwissenschaften, Geschichte im weitesten Sinne, wenn diese Publikationen europ\u00e4ische oder internationale Relevanz haben.Mit diesen Papers (u. a. auch Diplom- oder Magister-Arbeiten von Universit\u00e4ten oder Fachhochschulen) soll das thematische Spektrum der Publikationen von LIBERTAS &#8211; Europ\u00e4isches [&hellip;]","og_url":"https:\/\/www.libertas-institut.com\/en\/publishing-house\/call-for-libertas-papers\/","og_site_name":"Libertas-en","article_modified_time":"2014-08-19T15:59:05+00:00","twitter_misc":{"Gesch\u00e4tzte Lesezeit":"3\u00a0Minuten"},"schema":{"@context":"https:\/\/schema.org","@graph":[{"@type":"WebPage","@id":"https:\/\/www.libertas-institut.com\/en\/publishing-house\/call-for-libertas-papers\/","url":"https:\/\/www.libertas-institut.com\/en\/publishing-house\/call-for-libertas-papers\/","name":"Call for LIBERTAS Papers - Libertas-en","isPartOf":{"@id":"https:\/\/www.libertas-institut.com\/en\/#website"},"datePublished":"2014-08-19T15:58:36+00:00","dateModified":"2014-08-19T15:59:05+00:00","breadcrumb":{"@id":"https:\/\/www.libertas-institut.com\/en\/publishing-house\/call-for-libertas-papers\/#breadcrumb"},"inLanguage":"de","potentialAction":[{"@type":"ReadAction","target":["https:\/\/www.libertas-institut.com\/en\/publishing-house\/call-for-libertas-papers\/"]}]},{"@type":"BreadcrumbList","@id":"https:\/\/www.libertas-institut.com\/en\/publishing-house\/call-for-libertas-papers\/#breadcrumb","itemListElement":[{"@type":"ListItem","position":1,"name":"Home","item":"https:\/\/www.libertas-institut.com\/en\/"},{"@type":"ListItem","position":2,"name":"Publishing House","item":"https:\/\/www.libertas-institut.com\/en\/publishing-house\/"},{"@type":"ListItem","position":3,"name":"Call for LIBERTAS Papers"}]},{"@type":"WebSite","@id":"https:\/\/www.libertas-institut.com\/en\/#website","url":"https:\/\/www.libertas-institut.com\/en\/","name":"Libertas-en","description":"\u00a9 by Libertas GmbH","potentialAction":[{"@type":"SearchAction","target":{"@type":"EntryPoint","urlTemplate":"https:\/\/www.libertas-institut.com\/en\/?s={search_term_string}"},"query-input":{"@type":"PropertyValueSpecification","valueRequired":true,"valueName":"search_term_string"}}],"inLanguage":"de"}]}},"_links":{"self":[{"href":"https:\/\/www.libertas-institut.com\/en\/wp-json\/wp\/v2\/pages\/281","targetHints":{"allow":["GET"]}}],"collection":[{"href":"https:\/\/www.libertas-institut.com\/en\/wp-json\/wp\/v2\/pages"}],"about":[{"href":"https:\/\/www.libertas-institut.com\/en\/wp-json\/wp\/v2\/types\/page"}],"author":[{"embeddable":true,"href":"https:\/\/www.libertas-institut.com\/en\/wp-json\/wp\/v2\/users\/1"}],"replies":[{"embeddable":true,"href":"https:\/\/www.libertas-institut.com\/en\/wp-json\/wp\/v2\/comments?post=281"}],"version-history":[{"count":0,"href":"https:\/\/www.libertas-institut.com\/en\/wp-json\/wp\/v2\/pages\/281\/revisions"}],"up":[{"embeddable":true,"href":"https:\/\/www.libertas-institut.com\/en\/wp-json\/wp\/v2\/pages\/74"}],"wp:attachment":[{"href":"https:\/\/www.libertas-institut.com\/en\/wp-json\/wp\/v2\/media?parent=281"}],"curies":[{"name":"wp","href":"https:\/\/api.w.org\/{rel}","templated":true}]}}