{"id":69,"date":"2014-06-30T12:05:55","date_gmt":"2014-06-30T10:05:55","guid":{"rendered":"http:\/\/www.libertas-institut.com\/en\/enlargements-balkan-cis\/"},"modified":"2025-05-17T11:58:08","modified_gmt":"2025-05-17T09:58:08","slug":"enlargements-balkan-cis","status":"publish","type":"page","link":"https:\/\/www.libertas-institut.com\/en\/enlargements-balkan-cis\/","title":{"rendered":"Enlargements, Balkan, CIS"},"content":{"rendered":"<h1 style=\"text-align: center\">EU Enlargements, Balkan &amp; CIS<\/h1>\n<ul>\n<li>LIBERTAS \u2013 European Institute designed and delivered in July 2010 a <strong>two week training for the Chamber of Commerce and Industry of Tajikistan in Berlin-K\u00f6penick, <\/strong>on behalf of an EU project in this Central Asian country, the German InWEnt gGmbH and in cooperationwith Bildungszentrum am M\u00fcggelsee (Training Centre Mueggelsee). <a title=\"Tajikistandelegation\" href=\"https:\/\/www.libertas-institut.com\/en\/enlargements-balkan-cis\/tajikistandelegation\/\">more \u2026<\/a><\/li>\n<\/ul>\n<ul>\n<li><strong>Training for ministerial civil servants in Kyrgyzstan: <\/strong>In Bishkek, in the mid of July 2007 <a href=\"https:\/\/www.libertas-institut.com\/uk\/Mittel-Osteuropa\/CIS_KG_SeminarsDiplAcad0707_EN.pdf\">more&#8230;<\/a><\/li>\n<\/ul>\n<h2>1. Enlargement &#8211; General<\/h2>\n<ul>\n<li>&#8222;Strategy Paper of the European Commission on progress in the enlargement process&#8220;<br \/>\n<a href=\"https:\/\/www.libertas-institut.com\/de\/Mittel-Osteuropa\/strategy_paper_de.pdf\">DE<\/a>, <a href=\"https:\/\/www.libertas-institut.com\/de\/Mittel-Osteuropa\/strategy_paper_en.pdf\">EN<\/a>, <a href=\"https:\/\/www.libertas-institut.com\/de\/Mittel-Osteuropa\/strategy_paper_fr.pdf\">FR<\/a> (download pdf)<\/li>\n<li>Hans-J\u00fcrgen Zahorka (DE):<br \/>\n<a href=\"https:\/\/www.libertas-institut.com\/de\/PDF\/BVBC_Potsdam_220404.pdf\">&#8222;Welche Grenzen hat die Erweiterung der Europ\u00e4ischen Union&#8220;<br \/>\n<\/a>Vortrag beim Bundeskongress 2004 des BVBC 22.4.2004<\/li>\n<\/ul>\n<h2>2. Turkey<\/h2>\n<ul>\n<li>&#8222;Regular Report on Turkey&#8217;s progress towards accession&#8220;, 6.10.2004<br \/>\n<a href=\"https:\/\/www.libertas-institut.com\/de\/Mittel-Osteuropa\/rr_tr_2004_de.pdf\">DE<\/a>, <a href=\"https:\/\/www.libertas-institut.com\/de\/Mittel-Osteuropa\/rr_tr_2004_en.pdf\">EN<\/a>, <a href=\"https:\/\/www.libertas-institut.com\/de\/Mittel-Osteuropa\/rr_tr_2004_fr.pdf\">FR<\/a> (download pdf)<\/li>\n<li>Communication from the Commission to the Council and the European Parlament: &#8222;Recommendation of the European Commission on Turkey&#8217;s progress towards accession&#8220;<br \/>\n<a href=\"https:\/\/www.libertas-institut.com\/de\/Mittel-Osteuropa\/tr_recommendation_de.pdf\">DE<\/a>, <a href=\"https:\/\/www.libertas-institut.com\/de\/Mittel-Osteuropa\/tr_recommendation_en.pdf\">EN<\/a>, <a href=\"https:\/\/www.libertas-institut.com\/de\/Mittel-Osteuropa\/tr_recommendation_fr.pdf\">FR<\/a> (download pdf)<\/li>\n<\/ul>\n<h2>3. Balkan<\/h2>\n<ul>\n<li><strong>Bosnia and Hercegovina<br \/>\n<\/strong><strong><a title=\"bosnia_and_hercegovina\" href=\"https:\/\/www.libertas-institut.com\/en\/enlargements-balkan-cis\/bosnia_and_hercegovina\/\">more&#8230; <\/a><\/strong>(English, Bosnian)<\/li>\n<\/ul>\n<ul>\n<li><strong>Kosovo<br \/>\n<\/strong><span style=\"text-decoration: underline\">Investing in Kosovo<\/span> (Dokuments in English and Albanian) <a title=\"Investing in Kosovo\" href=\"https:\/\/www.libertas-institut.com\/en\/enlargements-balkan-cis\/investing-in-kosovo\/\">more&#8230;<\/a><\/li>\n<\/ul>\n<ul>\n<li><a title=\"Investing in Kosovo\" href=\"https:\/\/www.libertas-institut.com\/en\/enlargements-balkan-cis\/investing-in-kosovo\/\">Public-Private Partnerships (PPP)<\/a><\/li>\n<\/ul>\n<ul>\n<li><strong>Macedonia<\/strong> (English)\n<ul>\n<li>&#8222;European Union Law for Small &amp; Medium Enterprises in Macedonia&#8220; &#8211; edited by Hans-J\u00fcrgen Zahorka, Marija Risteska, Juliana Dimovska <a href=\"https:\/\/www.libertas-institut.com\/de\/PDF\/MK_pub.pdf\">download&#8230;<\/a><\/li>\n<li><a href=\"https:\/\/www.libertas-institut.com\/eufundedproject\/\" target=\"_blank\" rel=\"noopener\">Republic of Macedonia<\/a> (English)<br \/>\nThe official pages of the EU-funded Project &#8222;Technical Assistance to Draft Trade Laws&#8220;. Companies, potential investors, legal, taxation and business consultants as well as other interested parties can download all relevant national and EU laws.<\/li>\n<li>Centre for Research and Policy Making (CRPM) &#8211; a Think Tank in Macedonia <a href=\"https:\/\/www.libertas-institut.com\/de\/PDF\/CRPM_MK.pdf\">more&#8230;<br \/>\n<\/a>Contact: Mr. Zidas Daskalovski, PhD, Senior Analyst, e-mail: <a href=\"mailto:crpm@europe.com\">crpm@europe.com<\/a>,<a href=\"http:\/\/www.crpm.org.mk\/\">www.crpm.org.mk<\/a><\/li>\n<li>&#8222;<a href=\"https:\/\/www.libertas-institut.com\/de\/Mittel-Osteuropa\/ECOG.Presentation_MK30.05.05_ZAHORKA.pdf\">The Chances for Macedonian Economy and Managerial Legislative and Administrative Quality<\/a>&#8220;<br \/>\nby Hans-J\u00fcrgen Zahorka, ECOQ Quality Day in Skopje\/Macedonia, 30.5.2005<\/li>\n<\/ul>\n<\/li>\n<\/ul>\n<h2>4. GUS<\/h2>\n<ul>\n<li><strong>Armenia<\/strong>\n<ul>\n<li><a href=\"https:\/\/www.libertas-institut.com\/de\/PDF\/Armenia%20ante%20portas.pdf\">Armenia<\/a> (English, pdf)<br \/>\nHere you can download an article by Hans-J\u00fcrgen Zahorka on the approach of Armenia to the EU, including a scenario of a possible EU accession of Armenia<\/li>\n<li>Hans-J\u00fcrgen Zahorka: &#8222;<a href=\"https:\/\/www.libertas-institut.com\/de\/PDF\/ArmeniaDE.pdf\">Wie Armenien der Europ\u00e4ischen Union n\u00e4her kommen k\u00f6nnte<\/a>&#8220; (Deutsch, pdf) aus ADK 1-2\/2003 (Armenisch-Deutsche Korrespondenz, Vierteljahresschrift der Deutsch-Armenischen Gesellschaft)<\/li>\n<\/ul>\n<\/li>\n<\/ul>\n<ul>\n<li><strong>Georgia <\/strong>(English) <a title=\"Georgia\" href=\"https:\/\/www.libertas-institut.com\/en\/enlargements-balkan-cis\/georgia\/\">more&#8230;<br \/>\n<\/a>You need a speaker on European Affairs in Georgia? &#8211; see <a href=\"https:\/\/www.libertas-institut.com\/training-in-eu-affairs\/team-europe-georgia\/\" target=\"_blank\" rel=\"noopener\">Team Europe Georgia<\/a><\/li>\n<\/ul>\n<ul>\n<li><strong>Kyrgyzstan<br \/>\n<\/strong><a title=\"Kyrgyz Republic\" href=\"https:\/\/www.libertas-institut.com\/en\/enlargements-balkan-cis\/kyrgyz-republic\/\">more&#8230;<\/a> (English, Dokumente teilweise in Deutsch)<\/li>\n<\/ul>\n<ul>\n<li><strong>Russia <\/strong>(English)<br \/>\nApproximation of Legislation in Labour Law (Papers for the EU Labour Legislation and Arbitration Project, Moscow 2004):<\/p>\n<ul>\n<li>Personnel Leasing in the EU &#8211; and the consequences for Russia <a href=\"https:\/\/www.libertas-institut.com\/de\/PDF\/PersonnelLeasing.pdf\">more&#8230;<\/a> (pdf), <a href=\"https:\/\/www.libertas-institut.com\/de\/Mittel-Osteuropa\/Trudsud_PersonnelLeasing_RU_2004.pdf\">RU<\/a><\/li>\n<li>Mediation in Labour Relations: What Can Be Learned From the North American and EU Examples? <a href=\"https:\/\/www.libertas-institut.com\/de\/PDF\/Mediation.pdf\">more&#8230;<\/a> (pdf), <a href=\"https:\/\/www.libertas-institut.com\/de\/Mittel-Osteuropa\/Trudsud_Mediation_RU_2004.pdf\">RU<\/a><\/li>\n<li>Pre-Court Labour Dispute Settlements, Mediation and EU Law: Some Consequences for Russia <a href=\"https:\/\/www.libertas-institut.com\/de\/PDF\/SoftLabourDisputeSettlements.pdf\">more&#8230;<\/a> (pdf)<\/li>\n<\/ul>\n<\/li>\n<\/ul>\n<p>LIBERTAS observes and participates in the (re-)construction of democratic and market orientated structures in Central and Eastern European Countries who have applied for European Union accession. Together with co-operation partners from Slovenia and Macedonia (FYROM) LIBERTAS prepares and offers business and legal courses.<br \/>\nLIBERTAS has been involved in various projects in many Central and Eastern European countries, partly organised by the European Union\u2018s Phare Programme. Special experience exist for the following countries:<\/p>\n<p><strong>Czech Republic:<\/strong> seminars for the Czech Manager Association,<br \/>\n<strong>Hungary:<\/strong> seminars on the EU Single Market<br \/>\n<strong>Poland:<\/strong> training for the Akademia Economicna at Katowice University,<br \/>\n<strong>Slovenia:<\/strong> activities for a business association in foreign trade, EU Single Market and investment, studies for enterprise co-operation; activity as Team Leader, EU Phare Programme Approximation of Legislation.<br \/>\n<strong>Lithuania:<\/strong> seminars for the co-operative movement,<br \/>\n<strong>Romania:<\/strong> foreign trade training for private banks,<br \/>\n<strong>Croatia:<\/strong> seminars on the EU Single Market and European tourism<br \/>\n<strong>Macedonia:<\/strong> activities for a NGO in the field of foreign trade and investment<br \/>\n<strong>Belorussia:<\/strong> training in EU Customs and Trade Law<br \/>\n<strong>Russia:<\/strong> seminars on the EU Single Market<\/p>\n<p>With their experience in the Balkan region LIBERTAS staff have made several studies pertaining to the future of this region; they often initiate conferences and speak at seminars.<\/p>\n<p>Contact: Hans-J\u00fcrgen Zahorka<br \/>\nE-Mail: <a href=\"mailto:zahorka@libertas-institut.com\">zahorka@libertas-institut.com<\/a><\/p>\n","protected":false},"excerpt":{"rendered":"<p>EU Enlargements, Balkan &amp; CIS LIBERTAS \u2013 European Institute designed and delivered in July 2010 a two week training for the Chamber of Commerce and Industry of Tajikistan in Berlin-K\u00f6penick, on behalf of an EU project in this Central Asian country, the German InWEnt gGmbH and in cooperationwith Bildungszentrum am M\u00fcggelsee (Training Centre Mueggelsee). more [&hellip;]<\/p>\n","protected":false},"author":1,"featured_media":0,"parent":0,"menu_order":21,"comment_status":"open","ping_status":"open","template":"","meta":{"_bbp_topic_count":0,"_bbp_reply_count":0,"_bbp_total_topic_count":0,"_bbp_total_reply_count":0,"_bbp_voice_count":0,"_bbp_anonymous_reply_count":0,"_bbp_topic_count_hidden":0,"_bbp_reply_count_hidden":0,"_bbp_forum_subforum_count":0,"footnotes":""},"class_list":["post-69","page","type-page","status-publish","hentry"],"yoast_head":"<!-- This site is optimized with the Yoast SEO plugin v26.4 - https:\/\/yoast.com\/wordpress\/plugins\/seo\/ -->\n<title>Enlargements, Balkan, CIS - Libertas-en<\/title>\n<meta name=\"robots\" content=\"index, follow, max-snippet:-1, max-image-preview:large, max-video-preview:-1\" \/>\n<link rel=\"canonical\" href=\"https:\/\/www.libertas-institut.com\/en\/enlargements-balkan-cis\/\" \/>\n<meta property=\"og:locale\" content=\"de_DE\" \/>\n<meta property=\"og:type\" content=\"article\" \/>\n<meta property=\"og:title\" content=\"Enlargements, Balkan, CIS - Libertas-en\" \/>\n<meta property=\"og:description\" content=\"EU Enlargements, Balkan &amp; CIS LIBERTAS \u2013 European Institute designed and delivered in July 2010 a two week training for the Chamber of Commerce and Industry of Tajikistan in Berlin-K\u00f6penick, on behalf of an EU project in this Central Asian country, the German InWEnt gGmbH and in cooperationwith Bildungszentrum am M\u00fcggelsee (Training Centre Mueggelsee). more [&hellip;]\" \/>\n<meta property=\"og:url\" content=\"https:\/\/www.libertas-institut.com\/en\/enlargements-balkan-cis\/\" \/>\n<meta property=\"og:site_name\" content=\"Libertas-en\" \/>\n<meta property=\"article:modified_time\" content=\"2025-05-17T09:58:08+00:00\" \/>\n<meta name=\"twitter:label1\" content=\"Gesch\u00e4tzte Lesezeit\" \/>\n\t<meta name=\"twitter:data1\" content=\"3\u00a0Minuten\" \/>\n<script type=\"application\/ld+json\" class=\"yoast-schema-graph\">{\"@context\":\"https:\/\/schema.org\",\"@graph\":[{\"@type\":\"WebPage\",\"@id\":\"https:\/\/www.libertas-institut.com\/en\/enlargements-balkan-cis\/\",\"url\":\"https:\/\/www.libertas-institut.com\/en\/enlargements-balkan-cis\/\",\"name\":\"Enlargements, Balkan, CIS - Libertas-en\",\"isPartOf\":{\"@id\":\"https:\/\/www.libertas-institut.com\/en\/#website\"},\"datePublished\":\"2014-06-30T10:05:55+00:00\",\"dateModified\":\"2025-05-17T09:58:08+00:00\",\"breadcrumb\":{\"@id\":\"https:\/\/www.libertas-institut.com\/en\/enlargements-balkan-cis\/#breadcrumb\"},\"inLanguage\":\"de\",\"potentialAction\":[{\"@type\":\"ReadAction\",\"target\":[\"https:\/\/www.libertas-institut.com\/en\/enlargements-balkan-cis\/\"]}]},{\"@type\":\"BreadcrumbList\",\"@id\":\"https:\/\/www.libertas-institut.com\/en\/enlargements-balkan-cis\/#breadcrumb\",\"itemListElement\":[{\"@type\":\"ListItem\",\"position\":1,\"name\":\"Home\",\"item\":\"https:\/\/www.libertas-institut.com\/en\/\"},{\"@type\":\"ListItem\",\"position\":2,\"name\":\"Enlargements, Balkan, CIS\"}]},{\"@type\":\"WebSite\",\"@id\":\"https:\/\/www.libertas-institut.com\/en\/#website\",\"url\":\"https:\/\/www.libertas-institut.com\/en\/\",\"name\":\"Libertas-en\",\"description\":\"\u00a9 by Libertas GmbH\",\"potentialAction\":[{\"@type\":\"SearchAction\",\"target\":{\"@type\":\"EntryPoint\",\"urlTemplate\":\"https:\/\/www.libertas-institut.com\/en\/?s={search_term_string}\"},\"query-input\":{\"@type\":\"PropertyValueSpecification\",\"valueRequired\":true,\"valueName\":\"search_term_string\"}}],\"inLanguage\":\"de\"}]}<\/script>\n<!-- \/ Yoast SEO plugin. -->","yoast_head_json":{"title":"Enlargements, Balkan, CIS - Libertas-en","robots":{"index":"index","follow":"follow","max-snippet":"max-snippet:-1","max-image-preview":"max-image-preview:large","max-video-preview":"max-video-preview:-1"},"canonical":"https:\/\/www.libertas-institut.com\/en\/enlargements-balkan-cis\/","og_locale":"de_DE","og_type":"article","og_title":"Enlargements, Balkan, CIS - Libertas-en","og_description":"EU Enlargements, Balkan &amp; CIS LIBERTAS \u2013 European Institute designed and delivered in July 2010 a two week training for the Chamber of Commerce and Industry of Tajikistan in Berlin-K\u00f6penick, on behalf of an EU project in this Central Asian country, the German InWEnt gGmbH and in cooperationwith Bildungszentrum am M\u00fcggelsee (Training Centre Mueggelsee). more [&hellip;]","og_url":"https:\/\/www.libertas-institut.com\/en\/enlargements-balkan-cis\/","og_site_name":"Libertas-en","article_modified_time":"2025-05-17T09:58:08+00:00","twitter_misc":{"Gesch\u00e4tzte Lesezeit":"3\u00a0Minuten"},"schema":{"@context":"https:\/\/schema.org","@graph":[{"@type":"WebPage","@id":"https:\/\/www.libertas-institut.com\/en\/enlargements-balkan-cis\/","url":"https:\/\/www.libertas-institut.com\/en\/enlargements-balkan-cis\/","name":"Enlargements, Balkan, CIS - Libertas-en","isPartOf":{"@id":"https:\/\/www.libertas-institut.com\/en\/#website"},"datePublished":"2014-06-30T10:05:55+00:00","dateModified":"2025-05-17T09:58:08+00:00","breadcrumb":{"@id":"https:\/\/www.libertas-institut.com\/en\/enlargements-balkan-cis\/#breadcrumb"},"inLanguage":"de","potentialAction":[{"@type":"ReadAction","target":["https:\/\/www.libertas-institut.com\/en\/enlargements-balkan-cis\/"]}]},{"@type":"BreadcrumbList","@id":"https:\/\/www.libertas-institut.com\/en\/enlargements-balkan-cis\/#breadcrumb","itemListElement":[{"@type":"ListItem","position":1,"name":"Home","item":"https:\/\/www.libertas-institut.com\/en\/"},{"@type":"ListItem","position":2,"name":"Enlargements, Balkan, CIS"}]},{"@type":"WebSite","@id":"https:\/\/www.libertas-institut.com\/en\/#website","url":"https:\/\/www.libertas-institut.com\/en\/","name":"Libertas-en","description":"\u00a9 by Libertas GmbH","potentialAction":[{"@type":"SearchAction","target":{"@type":"EntryPoint","urlTemplate":"https:\/\/www.libertas-institut.com\/en\/?s={search_term_string}"},"query-input":{"@type":"PropertyValueSpecification","valueRequired":true,"valueName":"search_term_string"}}],"inLanguage":"de"}]}},"_links":{"self":[{"href":"https:\/\/www.libertas-institut.com\/en\/wp-json\/wp\/v2\/pages\/69","targetHints":{"allow":["GET"]}}],"collection":[{"href":"https:\/\/www.libertas-institut.com\/en\/wp-json\/wp\/v2\/pages"}],"about":[{"href":"https:\/\/www.libertas-institut.com\/en\/wp-json\/wp\/v2\/types\/page"}],"author":[{"embeddable":true,"href":"https:\/\/www.libertas-institut.com\/en\/wp-json\/wp\/v2\/users\/1"}],"replies":[{"embeddable":true,"href":"https:\/\/www.libertas-institut.com\/en\/wp-json\/wp\/v2\/comments?post=69"}],"version-history":[{"count":0,"href":"https:\/\/www.libertas-institut.com\/en\/wp-json\/wp\/v2\/pages\/69\/revisions"}],"wp:attachment":[{"href":"https:\/\/www.libertas-institut.com\/en\/wp-json\/wp\/v2\/media?parent=69"}],"curies":[{"name":"wp","href":"https:\/\/api.w.org\/{rel}","templated":true}]}}