{"id":7,"date":"2014-05-23T21:29:33","date_gmt":"2014-05-23T19:29:33","guid":{"rendered":"http:\/\/www.libertas-institut.com\/en\/?page_id=7"},"modified":"2025-05-25T17:59:27","modified_gmt":"2025-05-25T15:59:27","slug":"eeig-information-centre","status":"publish","type":"page","link":"https:\/\/www.libertas-institut.com\/en\/eeig-information-centre\/","title":{"rendered":"EEIG Information Centre"},"content":{"rendered":"<p>&nbsp;<\/p>\n<h1 style=\"text-align: center\">European EEIG Information Centre<\/h1>\n<p style=\"text-align: center\"><a href=\"https:\/\/www.libertas-institut.com\/ewiv-informationszentrum\/\"><img loading=\"lazy\" decoding=\"async\" class=\"flaggen-ewiv aligncenter wp-image-501 size-full\" src=\"https:\/\/www.libertas-institut.com\/en\/wp-content\/uploads\/sites\/3\/2014\/05\/de.gif\" alt=\"de\" width=\"16\" height=\"11\" \/><\/a><a href=\"https:\/\/www.libertas-institut.com\/en\/eeig-information-centre\/\"><img loading=\"lazy\" decoding=\"async\" class=\"aligncenter size-full wp-image-1832\" src=\"https:\/\/www.libertas-institut.com\/wp-content\/uploads\/2014\/10\/gb.gif\" alt=\"gb\" width=\"16\" height=\"11\" \/><\/a><a href=\"https:\/\/www.libertas-institut.com\/fr\/geie\/\"><img loading=\"lazy\" decoding=\"async\" class=\"flaggen-ewiv aligncenter wp-image-1835 size-full\" src=\"https:\/\/www.libertas-institut.com\/wp-content\/uploads\/2014\/10\/fr.gif\" alt=\"fr\" width=\"16\" height=\"11\" \/><\/a><a href=\"https:\/\/www.libertas-institut.com\/it\/centro-geie\/\"><img loading=\"lazy\" decoding=\"async\" class=\"flaggen-ewiv aligncenter wp-image-1834\" src=\"https:\/\/www.libertas-institut.com\/wp-content\/uploads\/2014\/10\/it.gif\" alt=\"it\" width=\"16\" height=\"11\" \/><\/a><\/p>\n<p style=\"text-align: center\">\u00a0<strong>The European Economic Interest Grouping<\/strong> is the only transnational legal instrument for co-operation between entrepreneurs in Europe. It&#8217;s flexible, unbureaucratic and offers many fiscal advantages.<\/p>\n<p style=\"text-align: center\"><strong>European EEIG Information Centre<\/strong><br \/>\nLIBERTAS &#8211; Europ\u00e4isches Institut GmbH,<br \/>\nHans-J\u00fcrgen Zahorka, Assessor jur.<br \/>\nLindenweg 37, 72414 Rangendingen, Germany<br \/>\nTel.: +49\/7471\/984996-0, Fax: +49\/7471\/984996-19<br \/>\neMail: <a href=\"mailto:ewiv@libertas-institut.com\">ewiv@libertas-institut.com<\/a><\/p>\n<p style=\"text-align: center\">The European EEIG Information Centre has experience since 1991 in launching and consulting around 200 EEIGs all over Europe &#8211; as well as many seminars, own conferences and publications.<br \/>\n<em>It is a loose alliance of lawyers, economists, taxation experts and entrepreneurs, within LIBERTAS &#8211; European Institute.<\/em><\/p>\n<p style=\"text-align: center\"><strong>See also other information in the German version (multilingual material) under &#8222;EWIV&#8220;<\/strong><\/p>\n<hr \/>\n<p style=\"text-align: center\"><span style=\"font-family: Arial;font-size: small\"><b>Accountancy for EEIG &#8211; with the European EEIG Information Centre<\/b><\/span><b> <\/b><a title=\"Accountancy for EEIG\" href=\"https:\/\/www.libertas-institut.com\/en\/eeig-information-centre\/accountancy-for-eeig\/\">more&#8230;<\/a><\/p>\n<p style=\"text-align: center\"><strong><span style=\"color: #ff0000\">EWIV\/EEIG eJournal<\/span>: <\/strong>Law, Taxation and Management of European Economic Interest Groupings<\/p>\n<p style=\"text-align: center\"><a href=\"https:\/\/www.libertas-institut.com\/en\/abo-eeigejournal\" target=\"_blank\" rel=\"noopener noreferrer\">e-mail subscription<\/a> (free of charge) <a title=\"EWIV\/EEIG\/GEIE eJournal\" href=\"https:\/\/www.libertas-institut.com\/en\/eeig-information-centre\/ewiveeiggeie-ejournal\/\">more&#8230;<\/a><\/p>\n<hr \/>\n<ul>\n<li><strong>EEIG Conference on Friday, 26thSeptember 2025 in Sindelfingen \/ Baden-W\u00fcrttemberg<\/strong>, near Stuttgart (conference to 90% in German language).<\/li>\n<\/ul>\n<p style=\"padding-left: 40px\">The subject: <span style=\"color: #ff0000\">\u201eWith the EU-direct legal form of the European Economic Interest Grouping (EEIG): <strong>Changing investment behaviour, innovative financing, new tax rules for EEIGs\u201d<\/strong><\/span><strong>. <\/strong><a href=\"https:\/\/www.libertas-institut.com\/wp-content\/uploads\/2025\/05\/250926_EEIG_Conference.pdf\" target=\"_blank\" rel=\"noopener\">Invitation\/Programme<\/a><\/p>\n<ul>\n<li style=\"text-align: left\"><strong>Please see our new <a href=\"http:\/\/ewivinfo.wordpress.com\" target=\"_blank\" rel=\"noopener noreferrer\">EEIG Blog<\/a> \u00a0<\/strong><\/li>\n<\/ul>\n<ul>\n<li><strong>Italian Province and University Do Research on European Legal Forms : <\/strong>The EWIV\/EEIG Information Centre at LIBERTAS is partner of the University of Trento and will host the researcher, Dr. Alessio Bartolacelli, during his working stays in this multi-annual project <a href=\"https:\/\/www.libertas-institut.com\/de\/EWIV\/GEIE-GECT-TN_Project_EN.pdf\">more&#8230;<\/a><\/li>\n<\/ul>\n<ul>\n<li>A University Paper from Brazilian State University Anap\u00e1, by Fernando Mel\u00e9m and prof. Juliana Montero Pedro, proposing a new Brazilian legislation to introduce an Economc Interest Grouping, after the EEIG example in Europe. <a href=\"https:\/\/www.libertas-institut.com\/ewiv-informationszentrum\/gie-brazil\/\" target=\"_blank\" rel=\"noopener noreferrer\">more&#8230;<\/a><\/li>\n<\/ul>\n<ul>\n<li><a href=\"https:\/\/www.libertas-institut.com\/uk\/EWIV\/BasicScriptEN.pdf\">General Information<\/a> (pdf) &#8211; (<span style=\"color: #ff0000\">New German Version<\/span>: <a href=\"https:\/\/www.libertas-institut.com\/de\/PDF\/BasicScript.pdf\">Gr\u00fcndung und Betrieb einer EWIV<\/a>)<\/li>\n<\/ul>\n<ul>\n<li><a href=\"https:\/\/www.libertas-institut.com\/de\/PDF\/Beteiligung_EWIV_oeffentliche_Auftraege_EN.pdf\">Communication from the Commission<\/a> on Participation of EEIGs in public contracts and programmes financed by public funds (pdf)<\/li>\n<\/ul>\n<ul>\n<li><strong>Offer for EEIG workshops for research organisations and universities <\/strong><a href=\"https:\/\/www.libertas-institut.com\/de\/PDF\/090630_EN_Workshop_Research_Institutions.pdf\">more&#8230;<\/a><\/li>\n<\/ul>\n<ul>\n<li>Some available PowerPoint presentations on research activities as an EEIG: under construction!<\/li>\n<\/ul>\n<ul>\n<li><strong>European Ombudsman \u2013 what he decided on EEIG complaints <\/strong>(in English): <a href=\"https:\/\/www.libertas-institut.com\/de\/EWIV\/110520_MUC_Ombudsman_Activities.pdf\">more \u2026.<\/a><\/li>\n<\/ul>\n<ul>\n<li>Fact Sheet on EEIGs as research organization, with F.A.Qs: under construction<\/li>\n<\/ul>\n<ul>\n<li><a href=\"https:\/\/www.libertas-institut.com\/ewiv-informationszentrum\/ewiv-laenderliste\/\" target=\"_blank\" rel=\"noopener noreferrer\">List of all EEIG<\/a> (pdf) in all EU- and EEA-Countries<\/li>\n<\/ul>\n<ul>\n<li><a title=\"Laws\" href=\"https:\/\/www.libertas-institut.com\/en\/eeig-information-centre\/laws\/\">EC Regulation + National Implementation Laws<\/a> Overview &#8211; download of texts<\/li>\n<\/ul>\n<ul>\n<li><a href=\"https:\/\/www.libertas-institut.com\/ewiv-informationszentrum\/ewiv-statistik\/\" target=\"_blank\" rel=\"noopener noreferrer\">EEIG Statistics<\/a> (pdf)<\/li>\n<\/ul>\n<ul>\n<li><a title=\"Literature Law\" href=\"https:\/\/www.libertas-institut.com\/en\/eeig-information-centre\/literature-law\/\">Literature on EEIG Legal Questions<\/a><\/li>\n<\/ul>\n<ul>\n<li>The EEIG in Lithuania (soon available)<\/li>\n<\/ul>\n<ul>\n<li><a title=\"EEIG in the Czech Republic\" href=\"https:\/\/www.libertas-institut.com\/en\/eeig-information-centre\/eeig-in-the-czech-republic\/\">The EEIG in the Czech Republic<\/a><\/li>\n<\/ul>\n<ul>\n<li><a title=\"EEIG in the Slovak Republic\" href=\"https:\/\/www.libertas-institut.com\/en\/eeig-information-centre\/eeig-in-the-slovak-republic\/\">The EEIG in the Slovak Republic<\/a><\/li>\n<\/ul>\n<ul>\n<li><a title=\"EEIG in Poland\" href=\"https:\/\/www.libertas-institut.com\/en\/eeig-information-centre\/eeig-in-poland\/\">The EEIG in Poland<\/a><\/li>\n<\/ul>\n<ul>\n<li>The first EEIG in Central and Eastern Europe has been registered on 2.3.2006 in Lithuania:<br \/>\nOpen Europe Consulting (<a href=\"http:\/\/www.open-europe-consulting.de\">www.open-europe-consulting.de<\/a>), <em>Press Release <\/em><em><a href=\"https:\/\/www.libertas-institut.com\/de\/PDF\/OEC_EN_press.pdf\">EN<\/a><\/em><em>, <a href=\"https:\/\/www.libertas-institut.com\/de\/PDF\/OEC_LT_press.pdf\">LT<\/a><\/em><\/li>\n<\/ul>\n<ul>\n<li><a title=\"Presentations Download\" href=\"https:\/\/www.libertas-institut.com\/en\/eeig-information-centre\/presentations-download\/\">Presentations <\/a>(download &#8211; English, German)\n<ul>\n<li>EWIV-Workshop am 29.1.2010 in Vaduz\/Liechtenstein (Tagungsband auf Anforderung) <a href=\"https:\/\/www.libertas-institut.com\/de\/PDF\/100129_FL_ProgrammWorkshop.pdf\">hier<\/a>&#8230;<br \/>\n<a href=\"https:\/\/www.libertas-institut.com\/de\/PDF\/Stephanie_Maurer_Hochschule-Bochum_PPT_EWIV_allg_Nov_2010%20%282%29.pdf\">Eine allgemeine EWIV-Pr\u00e4sentation<\/a>; Stephanie Maurer, Hochschule Bochum, Studiengang Internationales Management (2. Fachsemester)<br \/>\n7th EEIG Conference 2006, Vienna <a href=\"https:\/\/www.libertas-institut.com\/news\/news_archiv_2006\/eu-kooperationsinstrument\/\" target=\"_blank\" rel=\"noopener noreferrer\">more&#8230;<br \/>\n<\/a>6th EEIG Conference 2004, Frankfurt <a href=\"https:\/\/www.libertas-institut.com\/ewiv-informationszentrum\/archiv_ewiv_veranstaltungen\/archiv_ewiv_veranstaltungen\/\" target=\"_blank\" rel=\"noopener noreferrer\">more&#8230;<br \/>\n<\/a>5th EEIG Conference 2003, Strasbourg <a href=\"https:\/\/www.libertas-institut.com\/ewiv-informationszentrum\/praesentationen\/\">more&#8230;<\/a><\/li>\n<\/ul>\n<\/li>\n<\/ul>\n<ul>\n<li>Publications for free downloading:\n<ul>\n<li><span style=\"color: #ff0000\"><strong>New: <\/strong><\/span><strong>The EEIG is also present in Ukraine. <\/strong>Already in 2015, Darija Opryshko wrote, together with Prof. Alessio Bartolacelli from Macerata University\/Italy, an article in the renowned legal review \u201cPravo Ukraina\u201d. The author has fled her native Kyiv at the end of February 2022 and lives meanwhile in Germany. With great pleasure we republish the article which shows that Ukrainian lawyers did and do a lot to close the gap to the European Union, and to prepare the country since years for a EU accession. <a href=\"https:\/\/www.libertas-institut.com\/ewiv-informationszentrum\/2015_cooperation_between_enterprises_oprishko_ukr\/\">more&#8230;<\/a><\/li>\n<li>Loreta Gherman\/Hans-Juergen Zahorka: <a href=\"https:\/\/www.libertas-institut.com\/de\/PDF\/GEIE_RO_Article_FINAL_060412.pdf\">Gruparea European\u0103 de Interes Economic (GEIE): Singurul instrument legal transna\u0163ional pentru cooperarea \u00eentre \u00eentreprinz\u0103tori \u00een Uniunea European\u0103<\/a> (in Romanian language)<\/li>\n<li><a href=\"https:\/\/www.libertas-institut.com\/de\/PDF\/Zahorka_LEADERforum01_2005.pdf\">&#8222;Rechtsform mit vielen Freiheiten: Mit einer EWIV europaweit kooperieren&#8220;<\/a>, von Hans-J\u00fcrgen Zahorka, Artikel aus LEADERforum 1\/2005, Deutsche Vernetzungsstelle LEADER+ (Hrsg.). Die gesamte Ausgabe LEADERforum 1\/2005 kann im Internet unter <a href=\"http:\/\/www.leaderplus.de\/\">www.leaderplus.de\/leaderforum<\/a> heruntergeladen werden.<\/li>\n<li>Hans-J\u00fcrgen Zahorka: <a href=\"https:\/\/www.libertas-institut.com\/de\/PDF\/EIG_MacedoniaHJZ.pdf\">Economic Interest Groups in Macedonia<\/a><\/li>\n<li>Extract from Macedonian Draft Company Law: <a href=\"https:\/\/www.libertas-institut.com\/de\/PDF\/EIG_MacedoniaLaw.pdf\">Economic Interest Group<\/a> (art. 547 et al.)<\/li>\n<li>Simone Taufenbach: <a href=\"https:\/\/www.libertas-institut.com\/de\/PDF\/Libpap45TaufenbachEWIV.pdf\">Die Mitgliedschaft deutscher Universit\u00e4ten und Hochschulen in einer EWIV<\/a>, LIBERTAS Paper 45, Sindelfingen 2003<\/li>\n<li>Janja Bedrac: <a href=\"https:\/\/www.libertas-institut.com\/de\/PDF\/LIBPap44BedracEGIZSLO.pdf\">Evropsko gospodarsko interesno zdruzenje (EGIZ)<\/a>, LIBERTAS Paper 44, Sindelfingen 2003 (in Slovene language)<\/li>\n<li>Zinka Grbo: <a href=\"https:\/\/www.libertas-institut.com\/de\/PDF\/ZinkaGrbo.pdf\">Evropska Ekonomska Interesna Grupacija i njen odnos sa Statusnim Formama u Pravnom Sistemu Bosne i Hercegovine<\/a> LIBERTAS Paper 47, Sindelfingen 2003 (in Bosnian language)<\/li>\n<\/ul>\n<\/li>\n<\/ul>\n<ul>\n<li><a title=\"Links to existing EEIGs\" href=\"https:\/\/www.libertas-institut.com\/en\/eeig-information-centre\/links-to-existing-eeigs\/\">Links<\/a> and exemples of EEIGs<\/li>\n<\/ul>\n<ul>\n<li>Conferences <a title=\"Conferences\" href=\"https:\/\/www.libertas-institut.com\/en\/eeig-information-centre\/conferences\/\">(Archives)<\/a><\/li>\n<\/ul>\n<hr \/>\n<h2>Further EU Legal Forms<\/h2>\n<h3><span style=\"color: #000000\"><strong>European Foundation (FE)<\/strong><\/span><\/h3>\n<p>Here we have information about the state of the legislation for a European Foundation (EU Draft Regulation from 5.2.2012).<br \/>\n<a href=\"https:\/\/www.libertas-institut.com\/de\/EWIV\/Proposal_Regul_FE_en.pdf\">EU Commission Draft Regulation<\/a> (EN), 5.12.2012<br \/>\n<a href=\"https:\/\/www.libertas-institut.com\/de\/EWIV\/120208_FAQ_European_Foundation.pdf\">Frequently Asked Questions (F.A.Q.)<\/a> on the EU Commission proposal for a Regulation on the Statute for a European Foundation (FE)<br \/>\n<a href=\"https:\/\/www.libertas-institut.com\/de\/EWIV\/2008_MPI-HD_FeasibilityStudy_EuropFoundation_en.pdf\">Feasibility Study on a European Foundation Statute<\/a> for the EU Commission (University of Heidelberg) 2008<br \/>\n<a href=\"https:\/\/www.libertas-institut.com\/de\/EWIV\/091108_COM-Doc_Summary_Report_Audition_EuropFoundations_en.pdf\">Comments on the Consultation Document <\/a>on a possible statute for a European Foundation, November 2009<\/p>\n<h3><span style=\"color: #000000\"><strong>European Company<\/strong>&#8211; <strong>Societas Europeae (SE)<\/strong><\/span><\/h3>\n<p><em>Statistics are not actualized any more since 7\/2016. All SE&#8217;s can be downloaded under <a href=\"https:\/\/ted.europa.eu\/TED\/browse\/browseByMap.do\" target=\"_blank\" rel=\"noopener noreferrer\">Tenders Electronic Daily<\/a><\/em><\/p>\n<p><a href=\"https:\/\/www.libertas-institut.com\/de\/SE\/SE_Law.ZIP\">Laws<\/a> (Directives, Regulations, Implementation Laws: DE, EN, FR, IT- zip-file)<\/p>\n<h3><span style=\"color: #000000\"><strong>European Cooperative Society &#8211; Societas Cooperativa Europeae (SCE)<\/strong><\/span><\/h3>\n<p><a href=\"https:\/\/www.libertas-institut.com\/ewiv-informationszentrum\/sce-list\/\" target=\"_blank\" rel=\"noopener noreferrer\">List<\/a> (pdf) <span style=\"color: #ff0000\">25.8.2018<\/span><br \/>\n<a href=\"https:\/\/www.libertas-institut.com\/de\/EWIV\/SCE_VO.ZIP\">Regulations<\/a> (DE, EN, FR, IT &#8211; zip-file)<\/p>\n<h3><span style=\"color: #000000\"><strong>European Grouping for Territorial Cooperation (EGTC)<\/strong><\/span><\/h3>\n<p><a href=\"https:\/\/www.libertas-institut.com\/ewiv-informationszentrum\/egtc-list\/\" target=\"_blank\" rel=\"noopener noreferrer\">List<\/a> (pdf) <span style=\"color: #ff0000\">25.8.2018<\/span> &#8211; <a href=\"https:\/\/www.libertas-institut.com\/de\/EWIV\/EGTC_VO.ZIP\">Regulations <\/a>(DE, EN, FR, IT, PL &#8211; zip-file)<\/p>\n<hr \/>\n<p><strong>Poland EUWT: <\/strong><br \/>\n<a href=\"https:\/\/www.libertas-institut.com\/de\/EWIV\/Verordnungen\/EUWT%20Regulation%201082-2006finPL.pdf\">EUWT Regulation<\/a> (PL)<br \/>\n<strong><a href=\"https:\/\/www.libertas-institut.com\/de\/EWIV\/nationale_Ausfuehrungsgesetze\/03_110302_Poland_EGTC_National_Implementation_Law.pdf\">National Implementation Law <\/a><\/strong><strong>(europejskim ugrupowaniu wsp\u00f3\u03a0pracy terytorialnej)<\/strong><\/p>\n<h2>Examples for EGTC:<\/h2>\n<ul>\n<li>&#8222;Eastern Railway &#8211; Model Corridor Region in the structure of an EGTC&#8220; &#8211; <strong>English<\/strong> presentation by Karl-Heinz Bossan, Managing Director of IGOB Eisenbahn Berlin &#8211; Gorz\u00f3w <a href=\"https:\/\/www.libertas-institut.com\/de\/EWIV\/Seelow_handout_EN.pdf\">more&#8230;<\/a><\/li>\n<\/ul>\n<ul>\n<li>Europejskie Ugrupowanie Wsp\u00f3\u0142pracy Terytorialnej (EUWT) \u2013 Presentation in Polish language (PL): <a href=\"https:\/\/www.libertas-institut.com\/de\/EWIV\/110302_Gorzow_EUWT_Workshop_PL.pdf\">more \u2026<\/a><\/li>\n<\/ul>\n<ul>\n<li>&#8222;Kolej Wschodnia &#8211; Region Korytarza Modelowego o strukturze EUWT&#8220; &#8211; <strong>Polish <\/strong>presentation by Karl-Heinz Bossan, Managing Director of IGOB Eisenbahn Berlin Gorz\u00f3w (Railway Berlin &#8211; Gorz\u00f3w) <a href=\"https:\/\/www.libertas-institut.com\/de\/EWIV\/Seelow_handout-PL.pdf\">more&#8230;<\/a><\/li>\n<\/ul>\n","protected":false},"excerpt":{"rendered":"<p>&nbsp; European EEIG Information Centre \u00a0The European Economic Interest Grouping is the only transnational legal instrument for co-operation between entrepreneurs in Europe. It&#8217;s flexible, unbureaucratic and offers many fiscal advantages. European EEIG Information Centre LIBERTAS &#8211; Europ\u00e4isches Institut GmbH, Hans-J\u00fcrgen Zahorka, Assessor jur. Lindenweg 37, 72414 Rangendingen, Germany Tel.: +49\/7471\/984996-0, Fax: +49\/7471\/984996-19 eMail: ewiv@libertas-institut.com The [&hellip;]<\/p>\n","protected":false},"author":1,"featured_media":0,"parent":0,"menu_order":15,"comment_status":"open","ping_status":"open","template":"","meta":{"_bbp_topic_count":0,"_bbp_reply_count":0,"_bbp_total_topic_count":0,"_bbp_total_reply_count":0,"_bbp_voice_count":0,"_bbp_anonymous_reply_count":0,"_bbp_topic_count_hidden":0,"_bbp_reply_count_hidden":0,"_bbp_forum_subforum_count":0,"footnotes":""},"class_list":["post-7","page","type-page","status-publish","hentry"],"yoast_head":"<!-- This site is optimized with the Yoast SEO plugin v26.4 - https:\/\/yoast.com\/wordpress\/plugins\/seo\/ -->\n<title>EEIG Information Centre: Foundation, Consulting, Information<\/title>\n<meta name=\"description\" content=\"The European EEIG Information Centre has experience in launching, consulting around 200 EEIGs all over Europe - as well as many Seminars or publications.\" \/>\n<meta name=\"robots\" content=\"index, follow, max-snippet:-1, max-image-preview:large, max-video-preview:-1\" \/>\n<link rel=\"canonical\" href=\"https:\/\/www.libertas-institut.com\/en\/eeig-information-centre\/\" \/>\n<meta property=\"og:locale\" content=\"de_DE\" \/>\n<meta property=\"og:type\" content=\"article\" \/>\n<meta property=\"og:title\" content=\"EEIG Information Centre: Foundation, Consulting, Information\" \/>\n<meta property=\"og:description\" content=\"The European EEIG Information Centre has experience in launching, consulting around 200 EEIGs all over Europe - as well as many Seminars or publications.\" \/>\n<meta property=\"og:url\" content=\"https:\/\/www.libertas-institut.com\/en\/eeig-information-centre\/\" \/>\n<meta property=\"og:site_name\" content=\"Libertas-en\" \/>\n<meta property=\"article:modified_time\" content=\"2025-05-25T15:59:27+00:00\" \/>\n<meta property=\"og:image\" content=\"https:\/\/www.libertas-institut.com\/en\/wp-content\/uploads\/sites\/3\/2014\/05\/de.gif\" \/>\n<meta name=\"twitter:label1\" content=\"Gesch\u00e4tzte Lesezeit\" \/>\n\t<meta name=\"twitter:data1\" content=\"6\u00a0Minuten\" \/>\n<script type=\"application\/ld+json\" class=\"yoast-schema-graph\">{\"@context\":\"https:\/\/schema.org\",\"@graph\":[{\"@type\":\"WebPage\",\"@id\":\"https:\/\/www.libertas-institut.com\/en\/eeig-information-centre\/\",\"url\":\"https:\/\/www.libertas-institut.com\/en\/eeig-information-centre\/\",\"name\":\"EEIG Information Centre: Foundation, Consulting, Information\",\"isPartOf\":{\"@id\":\"https:\/\/www.libertas-institut.com\/en\/#website\"},\"primaryImageOfPage\":{\"@id\":\"https:\/\/www.libertas-institut.com\/en\/eeig-information-centre\/#primaryimage\"},\"image\":{\"@id\":\"https:\/\/www.libertas-institut.com\/en\/eeig-information-centre\/#primaryimage\"},\"thumbnailUrl\":\"https:\/\/www.libertas-institut.com\/en\/wp-content\/uploads\/sites\/3\/2014\/05\/de.gif\",\"datePublished\":\"2014-05-23T19:29:33+00:00\",\"dateModified\":\"2025-05-25T15:59:27+00:00\",\"description\":\"The European EEIG Information Centre has experience in launching, consulting around 200 EEIGs all over Europe - as well as many Seminars or publications.\",\"breadcrumb\":{\"@id\":\"https:\/\/www.libertas-institut.com\/en\/eeig-information-centre\/#breadcrumb\"},\"inLanguage\":\"de\",\"potentialAction\":[{\"@type\":\"ReadAction\",\"target\":[\"https:\/\/www.libertas-institut.com\/en\/eeig-information-centre\/\"]}]},{\"@type\":\"ImageObject\",\"inLanguage\":\"de\",\"@id\":\"https:\/\/www.libertas-institut.com\/en\/eeig-information-centre\/#primaryimage\",\"url\":\"https:\/\/www.libertas-institut.com\/en\/wp-content\/uploads\/sites\/3\/2014\/05\/de.gif\",\"contentUrl\":\"https:\/\/www.libertas-institut.com\/en\/wp-content\/uploads\/sites\/3\/2014\/05\/de.gif\",\"width\":16,\"height\":11},{\"@type\":\"BreadcrumbList\",\"@id\":\"https:\/\/www.libertas-institut.com\/en\/eeig-information-centre\/#breadcrumb\",\"itemListElement\":[{\"@type\":\"ListItem\",\"position\":1,\"name\":\"Home\",\"item\":\"https:\/\/www.libertas-institut.com\/en\/\"},{\"@type\":\"ListItem\",\"position\":2,\"name\":\"EEIG Information Centre\"}]},{\"@type\":\"WebSite\",\"@id\":\"https:\/\/www.libertas-institut.com\/en\/#website\",\"url\":\"https:\/\/www.libertas-institut.com\/en\/\",\"name\":\"Libertas-en\",\"description\":\"\u00a9 by Libertas GmbH\",\"potentialAction\":[{\"@type\":\"SearchAction\",\"target\":{\"@type\":\"EntryPoint\",\"urlTemplate\":\"https:\/\/www.libertas-institut.com\/en\/?s={search_term_string}\"},\"query-input\":{\"@type\":\"PropertyValueSpecification\",\"valueRequired\":true,\"valueName\":\"search_term_string\"}}],\"inLanguage\":\"de\"}]}<\/script>\n<!-- \/ Yoast SEO plugin. -->","yoast_head_json":{"title":"EEIG Information Centre: Foundation, Consulting, Information","description":"The European EEIG Information Centre has experience in launching, consulting around 200 EEIGs all over Europe - as well as many Seminars or publications.","robots":{"index":"index","follow":"follow","max-snippet":"max-snippet:-1","max-image-preview":"max-image-preview:large","max-video-preview":"max-video-preview:-1"},"canonical":"https:\/\/www.libertas-institut.com\/en\/eeig-information-centre\/","og_locale":"de_DE","og_type":"article","og_title":"EEIG Information Centre: Foundation, Consulting, Information","og_description":"The European EEIG Information Centre has experience in launching, consulting around 200 EEIGs all over Europe - as well as many Seminars or publications.","og_url":"https:\/\/www.libertas-institut.com\/en\/eeig-information-centre\/","og_site_name":"Libertas-en","article_modified_time":"2025-05-25T15:59:27+00:00","og_image":[{"url":"https:\/\/www.libertas-institut.com\/en\/wp-content\/uploads\/sites\/3\/2014\/05\/de.gif","type":"","width":"","height":""}],"twitter_misc":{"Gesch\u00e4tzte Lesezeit":"6\u00a0Minuten"},"schema":{"@context":"https:\/\/schema.org","@graph":[{"@type":"WebPage","@id":"https:\/\/www.libertas-institut.com\/en\/eeig-information-centre\/","url":"https:\/\/www.libertas-institut.com\/en\/eeig-information-centre\/","name":"EEIG Information Centre: Foundation, Consulting, Information","isPartOf":{"@id":"https:\/\/www.libertas-institut.com\/en\/#website"},"primaryImageOfPage":{"@id":"https:\/\/www.libertas-institut.com\/en\/eeig-information-centre\/#primaryimage"},"image":{"@id":"https:\/\/www.libertas-institut.com\/en\/eeig-information-centre\/#primaryimage"},"thumbnailUrl":"https:\/\/www.libertas-institut.com\/en\/wp-content\/uploads\/sites\/3\/2014\/05\/de.gif","datePublished":"2014-05-23T19:29:33+00:00","dateModified":"2025-05-25T15:59:27+00:00","description":"The European EEIG Information Centre has experience in launching, consulting around 200 EEIGs all over Europe - as well as many Seminars or publications.","breadcrumb":{"@id":"https:\/\/www.libertas-institut.com\/en\/eeig-information-centre\/#breadcrumb"},"inLanguage":"de","potentialAction":[{"@type":"ReadAction","target":["https:\/\/www.libertas-institut.com\/en\/eeig-information-centre\/"]}]},{"@type":"ImageObject","inLanguage":"de","@id":"https:\/\/www.libertas-institut.com\/en\/eeig-information-centre\/#primaryimage","url":"https:\/\/www.libertas-institut.com\/en\/wp-content\/uploads\/sites\/3\/2014\/05\/de.gif","contentUrl":"https:\/\/www.libertas-institut.com\/en\/wp-content\/uploads\/sites\/3\/2014\/05\/de.gif","width":16,"height":11},{"@type":"BreadcrumbList","@id":"https:\/\/www.libertas-institut.com\/en\/eeig-information-centre\/#breadcrumb","itemListElement":[{"@type":"ListItem","position":1,"name":"Home","item":"https:\/\/www.libertas-institut.com\/en\/"},{"@type":"ListItem","position":2,"name":"EEIG Information Centre"}]},{"@type":"WebSite","@id":"https:\/\/www.libertas-institut.com\/en\/#website","url":"https:\/\/www.libertas-institut.com\/en\/","name":"Libertas-en","description":"\u00a9 by Libertas GmbH","potentialAction":[{"@type":"SearchAction","target":{"@type":"EntryPoint","urlTemplate":"https:\/\/www.libertas-institut.com\/en\/?s={search_term_string}"},"query-input":{"@type":"PropertyValueSpecification","valueRequired":true,"valueName":"search_term_string"}}],"inLanguage":"de"}]}},"_links":{"self":[{"href":"https:\/\/www.libertas-institut.com\/en\/wp-json\/wp\/v2\/pages\/7","targetHints":{"allow":["GET"]}}],"collection":[{"href":"https:\/\/www.libertas-institut.com\/en\/wp-json\/wp\/v2\/pages"}],"about":[{"href":"https:\/\/www.libertas-institut.com\/en\/wp-json\/wp\/v2\/types\/page"}],"author":[{"embeddable":true,"href":"https:\/\/www.libertas-institut.com\/en\/wp-json\/wp\/v2\/users\/1"}],"replies":[{"embeddable":true,"href":"https:\/\/www.libertas-institut.com\/en\/wp-json\/wp\/v2\/comments?post=7"}],"version-history":[{"count":0,"href":"https:\/\/www.libertas-institut.com\/en\/wp-json\/wp\/v2\/pages\/7\/revisions"}],"wp:attachment":[{"href":"https:\/\/www.libertas-institut.com\/en\/wp-json\/wp\/v2\/media?parent=7"}],"curies":[{"name":"wp","href":"https:\/\/api.w.org\/{rel}","templated":true}]}}