{"id":146,"date":"2014-09-22T21:25:00","date_gmt":"2014-09-22T19:25:00","guid":{"rendered":"http:\/\/www.libertas-institut.com\/eufundedproject\/news-events\/studytour\/"},"modified":"2020-07-21T14:56:32","modified_gmt":"2020-07-21T12:56:32","slug":"studytour","status":"publish","type":"page","link":"https:\/\/www.libertas-institut.com\/eufundedproject\/news-events\/studytour\/","title":{"rendered":"StudyTour"},"content":{"rendered":"<h1 style=\"text-align: center\">Study Tour to Paris<\/h1>\n<p style=\"text-align: center\">2.2.2004 &#8211; 8.2.2004<\/p>\n<p style=\"text-align: center\"><img loading=\"lazy\" decoding=\"async\" class=\"aligncenter size-medium wp-image-165\" src=\"https:\/\/www.libertas-institut.com\/eufundedproject\/wp-content\/uploads\/sites\/6\/2014\/09\/Mazedonien1-300x201.jpg\" alt=\"Mazedonien1\" width=\"300\" height=\"201\" srcset=\"https:\/\/www.libertas-institut.com\/eufundedproject\/wp-content\/uploads\/sites\/6\/2014\/09\/Mazedonien1-300x201.jpg 300w, https:\/\/www.libertas-institut.com\/eufundedproject\/wp-content\/uploads\/sites\/6\/2014\/09\/Mazedonien1-1024x689.jpg 1024w\" sizes=\"auto, (max-width: 300px) 100vw, 300px\" \/><\/p>\n<p>&nbsp;<\/p>\n<ul>\n<li>\u00a0<a href=\"https:\/\/www.libertas-institut.com\/de\/MK\/News\/SMII_Paris_Programme_final_120204.pdf\">Final Programme<\/a><\/li>\n<\/ul>\n<ul>\n<li>\u00a0<a href=\"https:\/\/www.libertas-institut.com\/de\/MK\/News\/Background_Study_Tour.pdf\">Background and Objectives<\/a><\/li>\n<\/ul>\n<ul>\n<li>\u00a0<strong>Links to the websites of the visited institutions:<\/strong>\n<ul>\n<li>Conseil de la Concurrence<\/li>\n<li>Direction G\u00e9n\u00e9rale de la concurrence de la Consommation et de la R\u00e9pression des Fraudes (DGCCRF)<\/li>\n<li><a href=\"http:\/\/www.senat.fr\">S\u00e9nat<\/a><\/li>\n<li>International Chamber of Commerce<\/li>\n<li>Conseil d&#8217;Etat<\/li>\n<\/ul>\n<\/li>\n<\/ul>\n<p><a title=\"Impressum\/Disclaimer\" href=\"https:\/\/www.libertas-institut.com\/eufundedproject\/impressumdisclaimer\/\">\u00a0<\/a><strong>Technical Assistance to Draft Trade Law <\/strong>An EU-funded Project managed by the European Agency for Reconstruction<\/p>\n","protected":false},"excerpt":{"rendered":"<p>Study Tour to Paris 2.2.2004 &#8211; 8.2.2004 &nbsp; \u00a0Final Programme \u00a0Background and Objectives \u00a0Links to the websites of the visited institutions: Conseil de la Concurrence Direction G\u00e9n\u00e9rale de la concurrence de la Consommation et de la R\u00e9pression des Fraudes (DGCCRF) S\u00e9nat International Chamber of Commerce Conseil d&#8217;Etat \u00a0Technical Assistance to Draft Trade Law An EU-funded [&hellip;]<\/p>\n","protected":false},"author":1,"featured_media":0,"parent":12,"menu_order":8,"comment_status":"open","ping_status":"open","template":"","meta":{"_bbp_topic_count":0,"_bbp_reply_count":0,"_bbp_total_topic_count":0,"_bbp_total_reply_count":0,"_bbp_voice_count":0,"_bbp_anonymous_reply_count":0,"_bbp_topic_count_hidden":0,"_bbp_reply_count_hidden":0,"_bbp_forum_subforum_count":0,"footnotes":""},"class_list":["post-146","page","type-page","status-publish","hentry"],"yoast_head":"<!-- This site is optimized with the Yoast SEO plugin v26.4 - https:\/\/yoast.com\/wordpress\/plugins\/seo\/ -->\n<title>StudyTour - eufundedproject<\/title>\n<meta name=\"robots\" content=\"index, follow, max-snippet:-1, max-image-preview:large, max-video-preview:-1\" \/>\n<link rel=\"canonical\" href=\"https:\/\/www.libertas-institut.com\/eufundedproject\/news-events\/studytour\/\" \/>\n<meta property=\"og:locale\" content=\"de_DE\" \/>\n<meta property=\"og:type\" content=\"article\" \/>\n<meta property=\"og:title\" content=\"StudyTour - eufundedproject\" \/>\n<meta property=\"og:description\" content=\"Study Tour to Paris 2.2.2004 &#8211; 8.2.2004 &nbsp; \u00a0Final Programme \u00a0Background and Objectives \u00a0Links to the websites of the visited institutions: Conseil de la Concurrence Direction G\u00e9n\u00e9rale de la concurrence de la Consommation et de la R\u00e9pression des Fraudes (DGCCRF) S\u00e9nat International Chamber of Commerce Conseil d&#8217;Etat \u00a0Technical Assistance to Draft Trade Law An EU-funded [&hellip;]\" \/>\n<meta property=\"og:url\" content=\"https:\/\/www.libertas-institut.com\/eufundedproject\/news-events\/studytour\/\" \/>\n<meta property=\"og:site_name\" content=\"eufundedproject\" \/>\n<meta property=\"article:modified_time\" content=\"2020-07-21T12:56:32+00:00\" \/>\n<meta property=\"og:image\" content=\"https:\/\/www.libertas-institut.com\/eufundedproject\/wp-content\/uploads\/sites\/6\/2014\/09\/Mazedonien1.jpg\" \/>\n\t<meta property=\"og:image:width\" content=\"2863\" \/>\n\t<meta property=\"og:image:height\" content=\"1927\" \/>\n\t<meta property=\"og:image:type\" content=\"image\/jpeg\" \/>\n<script type=\"application\/ld+json\" class=\"yoast-schema-graph\">{\"@context\":\"https:\/\/schema.org\",\"@graph\":[{\"@type\":\"WebPage\",\"@id\":\"https:\/\/www.libertas-institut.com\/eufundedproject\/news-events\/studytour\/\",\"url\":\"https:\/\/www.libertas-institut.com\/eufundedproject\/news-events\/studytour\/\",\"name\":\"StudyTour - eufundedproject\",\"isPartOf\":{\"@id\":\"https:\/\/www.libertas-institut.com\/eufundedproject\/#website\"},\"primaryImageOfPage\":{\"@id\":\"https:\/\/www.libertas-institut.com\/eufundedproject\/news-events\/studytour\/#primaryimage\"},\"image\":{\"@id\":\"https:\/\/www.libertas-institut.com\/eufundedproject\/news-events\/studytour\/#primaryimage\"},\"thumbnailUrl\":\"https:\/\/www.libertas-institut.com\/eufundedproject\/wp-content\/uploads\/sites\/6\/2014\/09\/Mazedonien1-300x201.jpg\",\"datePublished\":\"2014-09-22T19:25:00+00:00\",\"dateModified\":\"2020-07-21T12:56:32+00:00\",\"breadcrumb\":{\"@id\":\"https:\/\/www.libertas-institut.com\/eufundedproject\/news-events\/studytour\/#breadcrumb\"},\"inLanguage\":\"de\",\"potentialAction\":[{\"@type\":\"ReadAction\",\"target\":[\"https:\/\/www.libertas-institut.com\/eufundedproject\/news-events\/studytour\/\"]}]},{\"@type\":\"ImageObject\",\"inLanguage\":\"de\",\"@id\":\"https:\/\/www.libertas-institut.com\/eufundedproject\/news-events\/studytour\/#primaryimage\",\"url\":\"https:\/\/www.libertas-institut.com\/eufundedproject\/wp-content\/uploads\/sites\/6\/2014\/09\/Mazedonien1.jpg\",\"contentUrl\":\"https:\/\/www.libertas-institut.com\/eufundedproject\/wp-content\/uploads\/sites\/6\/2014\/09\/Mazedonien1.jpg\",\"width\":2863,\"height\":1927},{\"@type\":\"BreadcrumbList\",\"@id\":\"https:\/\/www.libertas-institut.com\/eufundedproject\/news-events\/studytour\/#breadcrumb\",\"itemListElement\":[{\"@type\":\"ListItem\",\"position\":1,\"name\":\"Home\",\"item\":\"https:\/\/www.libertas-institut.com\/eufundedproject\/\"},{\"@type\":\"ListItem\",\"position\":2,\"name\":\"News &#038; Events\",\"item\":\"https:\/\/www.libertas-institut.com\/eufundedproject\/news-events\/\"},{\"@type\":\"ListItem\",\"position\":3,\"name\":\"StudyTour\"}]},{\"@type\":\"WebSite\",\"@id\":\"https:\/\/www.libertas-institut.com\/eufundedproject\/#website\",\"url\":\"https:\/\/www.libertas-institut.com\/eufundedproject\/\",\"name\":\"eufundedproject\",\"description\":\"Eine weitere Libertas Institut Seite\",\"potentialAction\":[{\"@type\":\"SearchAction\",\"target\":{\"@type\":\"EntryPoint\",\"urlTemplate\":\"https:\/\/www.libertas-institut.com\/eufundedproject\/?s={search_term_string}\"},\"query-input\":{\"@type\":\"PropertyValueSpecification\",\"valueRequired\":true,\"valueName\":\"search_term_string\"}}],\"inLanguage\":\"de\"}]}<\/script>\n<!-- \/ Yoast SEO plugin. -->","yoast_head_json":{"title":"StudyTour - eufundedproject","robots":{"index":"index","follow":"follow","max-snippet":"max-snippet:-1","max-image-preview":"max-image-preview:large","max-video-preview":"max-video-preview:-1"},"canonical":"https:\/\/www.libertas-institut.com\/eufundedproject\/news-events\/studytour\/","og_locale":"de_DE","og_type":"article","og_title":"StudyTour - eufundedproject","og_description":"Study Tour to Paris 2.2.2004 &#8211; 8.2.2004 &nbsp; \u00a0Final Programme \u00a0Background and Objectives \u00a0Links to the websites of the visited institutions: Conseil de la Concurrence Direction G\u00e9n\u00e9rale de la concurrence de la Consommation et de la R\u00e9pression des Fraudes (DGCCRF) S\u00e9nat International Chamber of Commerce Conseil d&#8217;Etat \u00a0Technical Assistance to Draft Trade Law An EU-funded [&hellip;]","og_url":"https:\/\/www.libertas-institut.com\/eufundedproject\/news-events\/studytour\/","og_site_name":"eufundedproject","article_modified_time":"2020-07-21T12:56:32+00:00","og_image":[{"width":2863,"height":1927,"url":"https:\/\/www.libertas-institut.com\/eufundedproject\/wp-content\/uploads\/sites\/6\/2014\/09\/Mazedonien1.jpg","type":"image\/jpeg"}],"schema":{"@context":"https:\/\/schema.org","@graph":[{"@type":"WebPage","@id":"https:\/\/www.libertas-institut.com\/eufundedproject\/news-events\/studytour\/","url":"https:\/\/www.libertas-institut.com\/eufundedproject\/news-events\/studytour\/","name":"StudyTour - eufundedproject","isPartOf":{"@id":"https:\/\/www.libertas-institut.com\/eufundedproject\/#website"},"primaryImageOfPage":{"@id":"https:\/\/www.libertas-institut.com\/eufundedproject\/news-events\/studytour\/#primaryimage"},"image":{"@id":"https:\/\/www.libertas-institut.com\/eufundedproject\/news-events\/studytour\/#primaryimage"},"thumbnailUrl":"https:\/\/www.libertas-institut.com\/eufundedproject\/wp-content\/uploads\/sites\/6\/2014\/09\/Mazedonien1-300x201.jpg","datePublished":"2014-09-22T19:25:00+00:00","dateModified":"2020-07-21T12:56:32+00:00","breadcrumb":{"@id":"https:\/\/www.libertas-institut.com\/eufundedproject\/news-events\/studytour\/#breadcrumb"},"inLanguage":"de","potentialAction":[{"@type":"ReadAction","target":["https:\/\/www.libertas-institut.com\/eufundedproject\/news-events\/studytour\/"]}]},{"@type":"ImageObject","inLanguage":"de","@id":"https:\/\/www.libertas-institut.com\/eufundedproject\/news-events\/studytour\/#primaryimage","url":"https:\/\/www.libertas-institut.com\/eufundedproject\/wp-content\/uploads\/sites\/6\/2014\/09\/Mazedonien1.jpg","contentUrl":"https:\/\/www.libertas-institut.com\/eufundedproject\/wp-content\/uploads\/sites\/6\/2014\/09\/Mazedonien1.jpg","width":2863,"height":1927},{"@type":"BreadcrumbList","@id":"https:\/\/www.libertas-institut.com\/eufundedproject\/news-events\/studytour\/#breadcrumb","itemListElement":[{"@type":"ListItem","position":1,"name":"Home","item":"https:\/\/www.libertas-institut.com\/eufundedproject\/"},{"@type":"ListItem","position":2,"name":"News &#038; Events","item":"https:\/\/www.libertas-institut.com\/eufundedproject\/news-events\/"},{"@type":"ListItem","position":3,"name":"StudyTour"}]},{"@type":"WebSite","@id":"https:\/\/www.libertas-institut.com\/eufundedproject\/#website","url":"https:\/\/www.libertas-institut.com\/eufundedproject\/","name":"eufundedproject","description":"Eine weitere Libertas Institut Seite","potentialAction":[{"@type":"SearchAction","target":{"@type":"EntryPoint","urlTemplate":"https:\/\/www.libertas-institut.com\/eufundedproject\/?s={search_term_string}"},"query-input":{"@type":"PropertyValueSpecification","valueRequired":true,"valueName":"search_term_string"}}],"inLanguage":"de"}]}},"_links":{"self":[{"href":"https:\/\/www.libertas-institut.com\/eufundedproject\/wp-json\/wp\/v2\/pages\/146","targetHints":{"allow":["GET"]}}],"collection":[{"href":"https:\/\/www.libertas-institut.com\/eufundedproject\/wp-json\/wp\/v2\/pages"}],"about":[{"href":"https:\/\/www.libertas-institut.com\/eufundedproject\/wp-json\/wp\/v2\/types\/page"}],"author":[{"embeddable":true,"href":"https:\/\/www.libertas-institut.com\/eufundedproject\/wp-json\/wp\/v2\/users\/1"}],"replies":[{"embeddable":true,"href":"https:\/\/www.libertas-institut.com\/eufundedproject\/wp-json\/wp\/v2\/comments?post=146"}],"version-history":[{"count":0,"href":"https:\/\/www.libertas-institut.com\/eufundedproject\/wp-json\/wp\/v2\/pages\/146\/revisions"}],"up":[{"embeddable":true,"href":"https:\/\/www.libertas-institut.com\/eufundedproject\/wp-json\/wp\/v2\/pages\/12"}],"wp:attachment":[{"href":"https:\/\/www.libertas-institut.com\/eufundedproject\/wp-json\/wp\/v2\/media?parent=146"}],"curies":[{"name":"wp","href":"https:\/\/api.w.org\/{rel}","templated":true}]}}