{"id":165,"date":"2014-09-08T08:56:45","date_gmt":"2014-09-08T06:56:45","guid":{"rendered":"http:\/\/www.libertas-institut.com\/fr\/geie-centre-dinformation\/fr_veranstaltungen\/"},"modified":"2024-07-15T20:34:08","modified_gmt":"2024-07-15T18:34:08","slug":"fr_veranstaltungen","status":"publish","type":"page","link":"https:\/\/www.libertas-institut.com\/fr\/geie\/fr_veranstaltungen\/","title":{"rendered":"Fr_Veranstaltungen"},"content":{"rendered":"<h1 style=\"text-align: center\">Conf\u00e9rences<\/h1>\n<ul>\n<li>EWIV-Workshop 13.3.2015 in Vaduz, Liechtenstein: <a title=\"EWIV_Workshop_Vaduz\" href=\"https:\/\/www.libertas-institut.com\/de\/EWIV\/150313_EWIV-Workshop.pdf\" target=\"_blank\" rel=\"noopener\">Einladung\/Programm<\/a>, Anmeldeformular (<a title=\"EWIV_Workshop_Vaduz\" href=\"https:\/\/www.libertas-institut.com\/de\/EWIV\/150313_Anmeldung.docx\" target=\"_blank\" rel=\"noopener\">word<\/a>, <a title=\"EWIV_Workshop_Vaduz\" href=\"https:\/\/www.libertas-institut.com\/de\/EWIV\/150313_Anmeldung.pdf\" target=\"_blank\" rel=\"noopener\">pdf<\/a>)<\/li>\n<\/ul>\n<ul>\n<li>EWIV-Workshop zu Rechts-, Gr\u00fcndungs-, Steuerfragen Freitag, 18.3.2011, 13-17.30 h, Frankfurt\/Main. <a href=\"http:\/\/www.libertas-institut.com\/de\/EWIV\/FRA_Worksh_Progr_110318.pdf\">Einladung und Anmeldung &#8230;<\/a><\/li>\n<\/ul>\n<ul>\n<li>EWIV-Workshop am Freitag, 16.5.2014, ab 10 Uhr vormittags, Berlin-K\u00f6penick, Pentahotel<br \/>\nMit neu konzipiertem Inhalt &#8211; einschlie\u00dflich neue Rechtsprechung <a href=\"http:\/\/www.libertas-institut.com\/de\/EWIV\/16_EWIV_Workshop_Programm_Einladung.pdf\"> Programm\/Anmeldung<\/a><\/li>\n<\/ul>\n<ul>\n<li>Workshop zum Thema EWIV 3.12.2010 <strong>Unternehmer-Workshop zu Rechts-, Gr\u00fcndungs- und Steuerfragen. <\/strong>Freitag 3.12.2010, 13.00 Uhr bis 17.30 Uhr, Frankfurt\/Main.\u00a0<a href=\"http:\/\/www.libertas-institut.com\/de\/EWIV\/II_FRA_Worksh_Progr_101203.pdf\">Einladung\/Programm<\/a>, <a href=\"http:\/\/www.libertas-institut.com\/de\/EWIV\/II_FRA_Worksh_Progr_101203_Anmeldung.pdf\">Anmeldeformular<\/a><\/li>\n<\/ul>\n<ul>\n<li>\u00a0Workshop zum Thema EWIV <strong>f\u00fcr Unternehmer und Berater &#8211; mit besonderem Akzent auf steuerliche Gestaltungsm\u00f6glichkeiten <\/strong>Samstag 28.8.2010, 13.00 Uhr bis 17.30 Uhr, Frankfurt\/Main. <a href=\"http:\/\/www.libertas-institut.com\/de\/EWIV\/EWIVWorkshop_Frankfurt_2010.pdf\">Einladung\/Programm<\/a>, <a href=\"http:\/\/www.libertas-institut.com\/de\/EWIV\/Anmeldung_EWIVWorkshop_Frankfurt_2010.pdf\">Anmeldeformular<\/a><\/li>\n<\/ul>\n<ul>\n<li>\u00a0<strong>EWIV-Workshop am 29.1.2010 in Vaduz\/Liechtenstein <\/strong>Am Freitag, dem 29.1.2010, 13-17.00 h h\u00e4lt das Europ\u00e4ische EWIV-Informationszentrum in Vaduz, der Hauptstadt von Liechtenstein, im dortigen Landesmuseum, einen allgemeinen Kennenlern-Workshop zum Thema EWIV ab. Wer aus dem deutschen Sprachraum kommen will, ist hierzu herzlich eingeladen. Sie finden die Einladung\/das Programm sowie die Anmeldeunterlagen <a href=\"http:\/\/www.libertas-institut.com\/de\/PDF\/100129_FL_ProgrammWorkshop.pdf\">hier \u2026<\/a><\/li>\n<\/ul>\n<ul>\n<li>\u00a0<strong>&#8222;Erfolgsfaktoren virtueller Unternehmen &#8211; Gestaltungspotenziale f\u00fcr eine menschengerechte und leistungsf\u00e4hige Arbeits- und Unternehmensorganisation&#8220;<\/strong>,\u00a0IZT &#8211; Institut f\u00fcr Zukunftsstudien und Technologiebewertung gGmbH, 8.12.2005, Berlin.\u00a0 Anl\u00e4sslich dieser Veranstaltung werden Praxiserfahrungen europ\u00e4isch agierender virtueller Unternehmen und die Forschungsergebnisse des Projektes vorgestellt, <a href=\"http:\/\/www.libertas-institut.com\/de\/News&amp;Termine\/Einladung_EVU_Abschlussveranstaltung.pdf\">Programm\/Anmeldung<\/a>. Ber\u00fccksichtigt wurden hier auch Unternehmen und Unternehmensmodelle in Form einer EWIV. Weitere Informationen zum Projekt, Onlinebefragung und der Veranstaltung unter .<\/li>\n<\/ul>\n<ul>\n<li>\u00a06. EWIV Praxiskonferenz, 5.11.2004, Frankfurt <a href=\"http:\/\/web.archive.org\/web\/20141010040801\/http:\/\/www.libertas-institut.eu:80\/de\/EWIV\/EWIVKonferenz2004.htm\">mehr&#8230;<\/a><\/li>\n<\/ul>\n<ul>\n<li>\u00a0<strong>&#8222;EU-Rechtsform EWIV hat sich bew\u00e4hrt &#8211; steuerliche Vorteile und Flexibilit\u00e4t haben sich best\u00e4tigt&#8220; <\/strong>Berichte, Informationen, Pr\u00e4sentationen zum Download <a href=\"http:\/\/web.archive.org\/web\/20141010040801\/http:\/\/www.libertas-institut.eu:80\/de\/EWIV\/EWIVKonferenz2004.htm\">mehr&#8230;<\/a><\/li>\n<\/ul>\n<ul>\n<li>\u00a05. EWIV Praxiskonferenz, 9.5.2003, Strasbourg <a href=\"http:\/\/web.archive.org\/web\/20141010104220\/http:\/\/www.libertas-institut.eu:80\/de\/EWIV\/Pr%C3%A4sentationen.htm\">mehr<\/a><\/li>\n<\/ul>\n<ul>\n<li>\u00a0<strong>&#8222;Kooperationen auf europ\u00e4ischer Ebene &#8211; Europ\u00e4ische Rechtsformen, EU-F\u00f6rderung, Praxisbeispiele&#8220;<\/strong><em>, IHK Heidelberg, 15.9.2004. <\/em><a href=\"http:\/\/www.libertas-institut.com\/de\/PDF\/EinladungIHK150904.pdf\">Einladung\/Programm<\/a><\/li>\n<\/ul>\n<ul>\n<li>\u00a0<a href=\"http:\/\/www.libertas-institut.com\/de\/EWIV\/010.ProgrBerlin23.11.01.pdf\">4. EWIV-Konferenz<\/a>Berlin 23.11.2001<\/li>\n<\/ul>\n","protected":false},"excerpt":{"rendered":"<p>Conf\u00e9rences EWIV-Workshop 13.3.2015 in Vaduz, Liechtenstein: Einladung\/Programm, Anmeldeformular (word, pdf) EWIV-Workshop zu Rechts-, Gr\u00fcndungs-, Steuerfragen Freitag, 18.3.2011, 13-17.30 h, Frankfurt\/Main. Einladung und Anmeldung &#8230; EWIV-Workshop am Freitag, 16.5.2014, ab 10 Uhr vormittags, Berlin-K\u00f6penick, Pentahotel Mit neu konzipiertem Inhalt &#8211; einschlie\u00dflich neue Rechtsprechung Programm\/Anmeldung Workshop zum Thema EWIV 3.12.2010 Unternehmer-Workshop zu Rechts-, Gr\u00fcndungs- und Steuerfragen. Freitag [&hellip;]<\/p>\n","protected":false},"author":1,"featured_media":0,"parent":7,"menu_order":7,"comment_status":"open","ping_status":"open","template":"","meta":{"_bbp_topic_count":0,"_bbp_reply_count":0,"_bbp_total_topic_count":0,"_bbp_total_reply_count":0,"_bbp_voice_count":0,"_bbp_anonymous_reply_count":0,"_bbp_topic_count_hidden":0,"_bbp_reply_count_hidden":0,"_bbp_forum_subforum_count":0,"footnotes":""},"class_list":["post-165","page","type-page","status-publish","hentry"],"yoast_head":"<!-- This site is optimized with the Yoast SEO plugin v26.4 - https:\/\/yoast.com\/wordpress\/plugins\/seo\/ -->\n<title>Fr_Veranstaltungen - Libertas-fr<\/title>\n<meta name=\"robots\" content=\"index, follow, max-snippet:-1, max-image-preview:large, max-video-preview:-1\" \/>\n<link rel=\"canonical\" href=\"https:\/\/www.libertas-institut.com\/fr\/geie\/fr_veranstaltungen\/\" \/>\n<meta property=\"og:locale\" content=\"de_DE\" \/>\n<meta property=\"og:type\" content=\"article\" \/>\n<meta property=\"og:title\" content=\"Fr_Veranstaltungen - Libertas-fr\" \/>\n<meta property=\"og:description\" content=\"Conf\u00e9rences EWIV-Workshop 13.3.2015 in Vaduz, Liechtenstein: Einladung\/Programm, Anmeldeformular (word, pdf) EWIV-Workshop zu Rechts-, Gr\u00fcndungs-, Steuerfragen Freitag, 18.3.2011, 13-17.30 h, Frankfurt\/Main. Einladung und Anmeldung &#8230; EWIV-Workshop am Freitag, 16.5.2014, ab 10 Uhr vormittags, Berlin-K\u00f6penick, Pentahotel Mit neu konzipiertem Inhalt &#8211; einschlie\u00dflich neue Rechtsprechung Programm\/Anmeldung Workshop zum Thema EWIV 3.12.2010 Unternehmer-Workshop zu Rechts-, Gr\u00fcndungs- und Steuerfragen. Freitag [&hellip;]\" \/>\n<meta property=\"og:url\" content=\"https:\/\/www.libertas-institut.com\/fr\/geie\/fr_veranstaltungen\/\" \/>\n<meta property=\"og:site_name\" content=\"Libertas-fr\" \/>\n<meta property=\"article:modified_time\" content=\"2024-07-15T18:34:08+00:00\" \/>\n<meta name=\"twitter:label1\" content=\"Gesch\u00e4tzte Lesezeit\" \/>\n\t<meta name=\"twitter:data1\" content=\"1\u00a0Minute\" \/>\n<script type=\"application\/ld+json\" class=\"yoast-schema-graph\">{\"@context\":\"https:\/\/schema.org\",\"@graph\":[{\"@type\":\"WebPage\",\"@id\":\"https:\/\/www.libertas-institut.com\/fr\/geie\/fr_veranstaltungen\/\",\"url\":\"https:\/\/www.libertas-institut.com\/fr\/geie\/fr_veranstaltungen\/\",\"name\":\"Fr_Veranstaltungen - Libertas-fr\",\"isPartOf\":{\"@id\":\"https:\/\/www.libertas-institut.com\/fr\/#website\"},\"datePublished\":\"2014-09-08T06:56:45+00:00\",\"dateModified\":\"2024-07-15T18:34:08+00:00\",\"breadcrumb\":{\"@id\":\"https:\/\/www.libertas-institut.com\/fr\/geie\/fr_veranstaltungen\/#breadcrumb\"},\"inLanguage\":\"de\",\"potentialAction\":[{\"@type\":\"ReadAction\",\"target\":[\"https:\/\/www.libertas-institut.com\/fr\/geie\/fr_veranstaltungen\/\"]}]},{\"@type\":\"BreadcrumbList\",\"@id\":\"https:\/\/www.libertas-institut.com\/fr\/geie\/fr_veranstaltungen\/#breadcrumb\",\"itemListElement\":[{\"@type\":\"ListItem\",\"position\":1,\"name\":\"Home\",\"item\":\"https:\/\/www.libertas-institut.com\/fr\/\"},{\"@type\":\"ListItem\",\"position\":2,\"name\":\"GEIE Centre d&#8217;Information\",\"item\":\"https:\/\/www.libertas-institut.com\/fr\/geie\/\"},{\"@type\":\"ListItem\",\"position\":3,\"name\":\"Fr_Veranstaltungen\"}]},{\"@type\":\"WebSite\",\"@id\":\"https:\/\/www.libertas-institut.com\/fr\/#website\",\"url\":\"https:\/\/www.libertas-institut.com\/fr\/\",\"name\":\"Libertas-fr\",\"description\":\"\u00a9 by Libertas GmbH\",\"potentialAction\":[{\"@type\":\"SearchAction\",\"target\":{\"@type\":\"EntryPoint\",\"urlTemplate\":\"https:\/\/www.libertas-institut.com\/fr\/?s={search_term_string}\"},\"query-input\":{\"@type\":\"PropertyValueSpecification\",\"valueRequired\":true,\"valueName\":\"search_term_string\"}}],\"inLanguage\":\"de\"}]}<\/script>\n<!-- \/ Yoast SEO plugin. -->","yoast_head_json":{"title":"Fr_Veranstaltungen - Libertas-fr","robots":{"index":"index","follow":"follow","max-snippet":"max-snippet:-1","max-image-preview":"max-image-preview:large","max-video-preview":"max-video-preview:-1"},"canonical":"https:\/\/www.libertas-institut.com\/fr\/geie\/fr_veranstaltungen\/","og_locale":"de_DE","og_type":"article","og_title":"Fr_Veranstaltungen - Libertas-fr","og_description":"Conf\u00e9rences EWIV-Workshop 13.3.2015 in Vaduz, Liechtenstein: Einladung\/Programm, Anmeldeformular (word, pdf) EWIV-Workshop zu Rechts-, Gr\u00fcndungs-, Steuerfragen Freitag, 18.3.2011, 13-17.30 h, Frankfurt\/Main. Einladung und Anmeldung &#8230; EWIV-Workshop am Freitag, 16.5.2014, ab 10 Uhr vormittags, Berlin-K\u00f6penick, Pentahotel Mit neu konzipiertem Inhalt &#8211; einschlie\u00dflich neue Rechtsprechung Programm\/Anmeldung Workshop zum Thema EWIV 3.12.2010 Unternehmer-Workshop zu Rechts-, Gr\u00fcndungs- und Steuerfragen. Freitag [&hellip;]","og_url":"https:\/\/www.libertas-institut.com\/fr\/geie\/fr_veranstaltungen\/","og_site_name":"Libertas-fr","article_modified_time":"2024-07-15T18:34:08+00:00","twitter_misc":{"Gesch\u00e4tzte Lesezeit":"1\u00a0Minute"},"schema":{"@context":"https:\/\/schema.org","@graph":[{"@type":"WebPage","@id":"https:\/\/www.libertas-institut.com\/fr\/geie\/fr_veranstaltungen\/","url":"https:\/\/www.libertas-institut.com\/fr\/geie\/fr_veranstaltungen\/","name":"Fr_Veranstaltungen - Libertas-fr","isPartOf":{"@id":"https:\/\/www.libertas-institut.com\/fr\/#website"},"datePublished":"2014-09-08T06:56:45+00:00","dateModified":"2024-07-15T18:34:08+00:00","breadcrumb":{"@id":"https:\/\/www.libertas-institut.com\/fr\/geie\/fr_veranstaltungen\/#breadcrumb"},"inLanguage":"de","potentialAction":[{"@type":"ReadAction","target":["https:\/\/www.libertas-institut.com\/fr\/geie\/fr_veranstaltungen\/"]}]},{"@type":"BreadcrumbList","@id":"https:\/\/www.libertas-institut.com\/fr\/geie\/fr_veranstaltungen\/#breadcrumb","itemListElement":[{"@type":"ListItem","position":1,"name":"Home","item":"https:\/\/www.libertas-institut.com\/fr\/"},{"@type":"ListItem","position":2,"name":"GEIE Centre d&#8217;Information","item":"https:\/\/www.libertas-institut.com\/fr\/geie\/"},{"@type":"ListItem","position":3,"name":"Fr_Veranstaltungen"}]},{"@type":"WebSite","@id":"https:\/\/www.libertas-institut.com\/fr\/#website","url":"https:\/\/www.libertas-institut.com\/fr\/","name":"Libertas-fr","description":"\u00a9 by Libertas GmbH","potentialAction":[{"@type":"SearchAction","target":{"@type":"EntryPoint","urlTemplate":"https:\/\/www.libertas-institut.com\/fr\/?s={search_term_string}"},"query-input":{"@type":"PropertyValueSpecification","valueRequired":true,"valueName":"search_term_string"}}],"inLanguage":"de"}]}},"_links":{"self":[{"href":"https:\/\/www.libertas-institut.com\/fr\/wp-json\/wp\/v2\/pages\/165","targetHints":{"allow":["GET"]}}],"collection":[{"href":"https:\/\/www.libertas-institut.com\/fr\/wp-json\/wp\/v2\/pages"}],"about":[{"href":"https:\/\/www.libertas-institut.com\/fr\/wp-json\/wp\/v2\/types\/page"}],"author":[{"embeddable":true,"href":"https:\/\/www.libertas-institut.com\/fr\/wp-json\/wp\/v2\/users\/1"}],"replies":[{"embeddable":true,"href":"https:\/\/www.libertas-institut.com\/fr\/wp-json\/wp\/v2\/comments?post=165"}],"version-history":[{"count":0,"href":"https:\/\/www.libertas-institut.com\/fr\/wp-json\/wp\/v2\/pages\/165\/revisions"}],"up":[{"embeddable":true,"href":"https:\/\/www.libertas-institut.com\/fr\/wp-json\/wp\/v2\/pages\/7"}],"wp:attachment":[{"href":"https:\/\/www.libertas-institut.com\/fr\/wp-json\/wp\/v2\/media?parent=165"}],"curies":[{"name":"wp","href":"https:\/\/api.w.org\/{rel}","templated":true}]}}