{"id":2,"date":"2014-05-23T20:21:45","date_gmt":"2014-05-23T20:21:45","guid":{"rendered":"http:\/\/www.libertas-institut.com\/fr\/?page_id=2"},"modified":"2016-03-19T14:26:08","modified_gmt":"2016-03-19T12:26:08","slug":"generale","status":"publish","type":"page","link":"https:\/\/www.libertas-institut.com\/fr\/generale\/","title":{"rendered":"G\u00e9n\u00e9rale"},"content":{"rendered":"<h1 style=\"text-align: center\">Information G\u00e9n\u00e9rale<\/h1>\n<p><b>&#8222;From Inside &#8211; LIBERTAS &#8211; European Institute eNewsletter&#8220; <\/b>(formerly &#8222;LIBERTASdotcom&#8220;).<\/p>\n<ul>\n<li><a href=\"https:\/\/www.libertas-institut.com\/de\/News&amp;Termine\/LIBERTASdotcom3-2002.pdf\">March 2002<\/a><\/li>\n<li><a href=\"https:\/\/www.libertas-institut.com\/de\/News&amp;Termine\/LIBERTASdotcom4-2002.pdf\">April 2002<\/a><\/li>\n<li><a href=\"https:\/\/www.libertas-institut.com\/de\/PDF\/LIBERTASdotcom03.7-2002.pdf\">July 2002<\/a><\/li>\n<li><a href=\"https:\/\/www.libertas-institut.com\/de\/PDF\/LIBERTAS.dotcom04.4-2003.pdf\">April 2003<\/a><\/li>\n<li><a href=\"https:\/\/www.libertas-institut.com\/de\/PDF\/LIBERTASdotcom05.5-2003.pdf\">Mai 2003<\/a><\/li>\n<li><a href=\"https:\/\/www.libertas-institut.com\/de\/PDF\/LIBERTASdotcom06.3-2004.pdf\">March 2004<\/a><\/li>\n<li><a href=\"https:\/\/www.libertas-institut.com\/de\/PDF\/LIB_eNewsletter07_2011.pdf\">November 2011<\/a><\/li>\n<\/ul>\n<p>Newsletter &#8211; free <a href=\"https:\/\/www.libertas-institut.com\/en\/order-libertas-newsletter\" target=\"_blank\"> eMail-subscription<\/a><\/p>\n<ul>\n<li>LIBERTAS &#8211; Europ\u00e4isches Institut GmbH (Institut europ\u00e9en) est une &#8222;think tank&#8220; traitant d\u2019une approche interdisciplinaire, le plus souvent, des questions europ\u00e9ennes et internationales d\u2019ordre \u00e9conomique, juridique et politique. LIBERTAS a \u00e9t\u00e9 cr\u00e9e en octobre 1992 reprenant le flambeau de la soci\u00e9t\u00e9 d\u2019\u00e9dition LIBERTAS, active pour cette derni\u00e8re depuis 1976.<\/li>\n<\/ul>\n<ul>\n<li>Les activit\u00e9s de LIBERTAS comprennent entre autres :\n<ul>\n<li>l\u2019enseignement professionnel avanc\u00e9, la formation continue,<\/li>\n<li>la publication,<\/li>\n<li>le conseil pour les institutions gouvernementales, les associations et les entreprises,<\/li>\n<li>des activit\u00e9s classiques type &#8222;think tank &#8220; telles que sc\u00e9narios, pr\u00e9visions etc.<\/li>\n<\/ul>\n<\/li>\n<\/ul>\n<ul>\n<li>Les clients de LIBERTAS sont g\u00e9n\u00e9ralement des entreprises, des institutions, des soci\u00e9t\u00e9s de conseil, des associations \u00e0 but lucratif, des chambres de commerce, des groupements europ\u00e9ens d\u2019int\u00e9r\u00eat \u00e9conomique (G.E.I.E.), des autorit\u00e9s publiques locales et r\u00e9gionales, des institutions gouvernementales au niveau national et europ\u00e9en etc.<\/li>\n<\/ul>\n<ul>\n<li>LIBERTAS a \u00e0 sa disposition une \u00e9quipe de plus de 50 collaborateurs exp\u00e9riment\u00e9s, sans compter les institutions associ\u00e9es en Allemagne, France, Italie et dans d\u2019autres pays encore. Notre groupe d\u2019experts se rencontrent r\u00e9guli\u00e8rement afin de se perfectionner par des cours de haut niveau.<\/li>\n<\/ul>\n<ul>\n<li>Cette \u00e9quipe cr\u00e9ative et qualifi\u00e9e, convaincue de l\u2019id\u00e9al de l\u2019int\u00e9gration europ\u00e9enne poursuit des activit\u00e9s orient\u00e9es vers l\u2019Europe, en effet, elle a \u00e0 son actif de nombreuses exp\u00e9riences de travail avec les institutions de l\u2019Union europ\u00e9enne et divers secteurs \u00e9conomiques europ\u00e9ens.<\/li>\n<\/ul>\n<ul>\n<li>Depuis sa cr\u00e9ation, les experts de LIBERTAS ont trait\u00e9 de plus en plus de questions relatives \u00e0 l\u2019Union mon\u00e9taire europ\u00e9enne, au commerce ext\u00e9rieur, aux pays de l\u2019Europe centrale et orientale.<\/li>\n<\/ul>\n<ul>\n<li>Nous faisons particuli\u00e8rement attention aux besoins des PME ainsi qu\u2019aux probl\u00e8mes qui apparaissent g\u00e9n\u00e9ralement dans les affaires quotidiennes de ces entreprises quant \u00e0 l\u2019europ\u00e9anisation ou \u00e0 la mondialisation.<\/li>\n<\/ul>\n<ul>\n<li>Certains membres du personnel de LIBERTAS font \u00e9galement partie de GROUPEURO et TEAM EUROPE (groupes de travaux de la Commission europ\u00e9enne. Ils ont ainsi travaill\u00e9s pendant de nombreuses ann\u00e9es en tant que consultants aupr\u00e8s des pays de l\u2019Europe centrale et orientale.<\/li>\n<\/ul>\n","protected":false},"excerpt":{"rendered":"<p>Information G\u00e9n\u00e9rale &#8222;From Inside &#8211; LIBERTAS &#8211; European Institute eNewsletter&#8220; (formerly &#8222;LIBERTASdotcom&#8220;). March 2002 April 2002 July 2002 April 2003 Mai 2003 March 2004 November 2011 Newsletter &#8211; free eMail-subscription LIBERTAS &#8211; Europ\u00e4isches Institut GmbH (Institut europ\u00e9en) est une &#8222;think tank&#8220; traitant d\u2019une approche interdisciplinaire, le plus souvent, des questions europ\u00e9ennes et internationales d\u2019ordre \u00e9conomique, [&hellip;]<\/p>\n","protected":false},"author":1,"featured_media":0,"parent":0,"menu_order":4,"comment_status":"open","ping_status":"open","template":"","meta":{"_bbp_topic_count":0,"_bbp_reply_count":0,"_bbp_total_topic_count":0,"_bbp_total_reply_count":0,"_bbp_voice_count":0,"_bbp_anonymous_reply_count":0,"_bbp_topic_count_hidden":0,"_bbp_reply_count_hidden":0,"_bbp_forum_subforum_count":0,"footnotes":""},"class_list":["post-2","page","type-page","status-publish","hentry"],"yoast_head":"<!-- This site is optimized with the Yoast SEO plugin v26.4 - https:\/\/yoast.com\/wordpress\/plugins\/seo\/ -->\n<title>G\u00e9n\u00e9rale - Libertas-fr<\/title>\n<meta name=\"robots\" content=\"index, follow, max-snippet:-1, max-image-preview:large, max-video-preview:-1\" \/>\n<link rel=\"canonical\" href=\"https:\/\/www.libertas-institut.com\/fr\/generale\/\" \/>\n<meta property=\"og:locale\" content=\"de_DE\" \/>\n<meta property=\"og:type\" content=\"article\" \/>\n<meta property=\"og:title\" content=\"G\u00e9n\u00e9rale - Libertas-fr\" \/>\n<meta property=\"og:description\" content=\"Information G\u00e9n\u00e9rale &#8222;From Inside &#8211; LIBERTAS &#8211; European Institute eNewsletter&#8220; (formerly &#8222;LIBERTASdotcom&#8220;). March 2002 April 2002 July 2002 April 2003 Mai 2003 March 2004 November 2011 Newsletter &#8211; free eMail-subscription LIBERTAS &#8211; Europ\u00e4isches Institut GmbH (Institut europ\u00e9en) est une &#8222;think tank&#8220; traitant d\u2019une approche interdisciplinaire, le plus souvent, des questions europ\u00e9ennes et internationales d\u2019ordre \u00e9conomique, [&hellip;]\" \/>\n<meta property=\"og:url\" content=\"https:\/\/www.libertas-institut.com\/fr\/generale\/\" \/>\n<meta property=\"og:site_name\" content=\"Libertas-fr\" \/>\n<meta property=\"article:modified_time\" content=\"2016-03-19T12:26:08+00:00\" \/>\n<meta name=\"twitter:label1\" content=\"Gesch\u00e4tzte Lesezeit\" \/>\n\t<meta name=\"twitter:data1\" content=\"2\u00a0Minuten\" \/>\n<script type=\"application\/ld+json\" class=\"yoast-schema-graph\">{\"@context\":\"https:\/\/schema.org\",\"@graph\":[{\"@type\":\"WebPage\",\"@id\":\"https:\/\/www.libertas-institut.com\/fr\/generale\/\",\"url\":\"https:\/\/www.libertas-institut.com\/fr\/generale\/\",\"name\":\"G\u00e9n\u00e9rale - Libertas-fr\",\"isPartOf\":{\"@id\":\"https:\/\/www.libertas-institut.com\/fr\/#website\"},\"datePublished\":\"2014-05-23T20:21:45+00:00\",\"dateModified\":\"2016-03-19T12:26:08+00:00\",\"breadcrumb\":{\"@id\":\"https:\/\/www.libertas-institut.com\/fr\/generale\/#breadcrumb\"},\"inLanguage\":\"de\",\"potentialAction\":[{\"@type\":\"ReadAction\",\"target\":[\"https:\/\/www.libertas-institut.com\/fr\/generale\/\"]}]},{\"@type\":\"BreadcrumbList\",\"@id\":\"https:\/\/www.libertas-institut.com\/fr\/generale\/#breadcrumb\",\"itemListElement\":[{\"@type\":\"ListItem\",\"position\":1,\"name\":\"Home\",\"item\":\"https:\/\/www.libertas-institut.com\/fr\/\"},{\"@type\":\"ListItem\",\"position\":2,\"name\":\"G\u00e9n\u00e9rale\"}]},{\"@type\":\"WebSite\",\"@id\":\"https:\/\/www.libertas-institut.com\/fr\/#website\",\"url\":\"https:\/\/www.libertas-institut.com\/fr\/\",\"name\":\"Libertas-fr\",\"description\":\"\u00a9 by Libertas GmbH\",\"potentialAction\":[{\"@type\":\"SearchAction\",\"target\":{\"@type\":\"EntryPoint\",\"urlTemplate\":\"https:\/\/www.libertas-institut.com\/fr\/?s={search_term_string}\"},\"query-input\":{\"@type\":\"PropertyValueSpecification\",\"valueRequired\":true,\"valueName\":\"search_term_string\"}}],\"inLanguage\":\"de\"}]}<\/script>\n<!-- \/ Yoast SEO plugin. -->","yoast_head_json":{"title":"G\u00e9n\u00e9rale - Libertas-fr","robots":{"index":"index","follow":"follow","max-snippet":"max-snippet:-1","max-image-preview":"max-image-preview:large","max-video-preview":"max-video-preview:-1"},"canonical":"https:\/\/www.libertas-institut.com\/fr\/generale\/","og_locale":"de_DE","og_type":"article","og_title":"G\u00e9n\u00e9rale - Libertas-fr","og_description":"Information G\u00e9n\u00e9rale &#8222;From Inside &#8211; LIBERTAS &#8211; European Institute eNewsletter&#8220; (formerly &#8222;LIBERTASdotcom&#8220;). March 2002 April 2002 July 2002 April 2003 Mai 2003 March 2004 November 2011 Newsletter &#8211; free eMail-subscription LIBERTAS &#8211; Europ\u00e4isches Institut GmbH (Institut europ\u00e9en) est une &#8222;think tank&#8220; traitant d\u2019une approche interdisciplinaire, le plus souvent, des questions europ\u00e9ennes et internationales d\u2019ordre \u00e9conomique, [&hellip;]","og_url":"https:\/\/www.libertas-institut.com\/fr\/generale\/","og_site_name":"Libertas-fr","article_modified_time":"2016-03-19T12:26:08+00:00","twitter_misc":{"Gesch\u00e4tzte Lesezeit":"2\u00a0Minuten"},"schema":{"@context":"https:\/\/schema.org","@graph":[{"@type":"WebPage","@id":"https:\/\/www.libertas-institut.com\/fr\/generale\/","url":"https:\/\/www.libertas-institut.com\/fr\/generale\/","name":"G\u00e9n\u00e9rale - Libertas-fr","isPartOf":{"@id":"https:\/\/www.libertas-institut.com\/fr\/#website"},"datePublished":"2014-05-23T20:21:45+00:00","dateModified":"2016-03-19T12:26:08+00:00","breadcrumb":{"@id":"https:\/\/www.libertas-institut.com\/fr\/generale\/#breadcrumb"},"inLanguage":"de","potentialAction":[{"@type":"ReadAction","target":["https:\/\/www.libertas-institut.com\/fr\/generale\/"]}]},{"@type":"BreadcrumbList","@id":"https:\/\/www.libertas-institut.com\/fr\/generale\/#breadcrumb","itemListElement":[{"@type":"ListItem","position":1,"name":"Home","item":"https:\/\/www.libertas-institut.com\/fr\/"},{"@type":"ListItem","position":2,"name":"G\u00e9n\u00e9rale"}]},{"@type":"WebSite","@id":"https:\/\/www.libertas-institut.com\/fr\/#website","url":"https:\/\/www.libertas-institut.com\/fr\/","name":"Libertas-fr","description":"\u00a9 by Libertas GmbH","potentialAction":[{"@type":"SearchAction","target":{"@type":"EntryPoint","urlTemplate":"https:\/\/www.libertas-institut.com\/fr\/?s={search_term_string}"},"query-input":{"@type":"PropertyValueSpecification","valueRequired":true,"valueName":"search_term_string"}}],"inLanguage":"de"}]}},"_links":{"self":[{"href":"https:\/\/www.libertas-institut.com\/fr\/wp-json\/wp\/v2\/pages\/2","targetHints":{"allow":["GET"]}}],"collection":[{"href":"https:\/\/www.libertas-institut.com\/fr\/wp-json\/wp\/v2\/pages"}],"about":[{"href":"https:\/\/www.libertas-institut.com\/fr\/wp-json\/wp\/v2\/types\/page"}],"author":[{"embeddable":true,"href":"https:\/\/www.libertas-institut.com\/fr\/wp-json\/wp\/v2\/users\/1"}],"replies":[{"embeddable":true,"href":"https:\/\/www.libertas-institut.com\/fr\/wp-json\/wp\/v2\/comments?post=2"}],"version-history":[{"count":0,"href":"https:\/\/www.libertas-institut.com\/fr\/wp-json\/wp\/v2\/pages\/2\/revisions"}],"wp:attachment":[{"href":"https:\/\/www.libertas-institut.com\/fr\/wp-json\/wp\/v2\/media?parent=2"}],"curies":[{"name":"wp","href":"https:\/\/api.w.org\/{rel}","templated":true}]}}