{"id":231,"date":"2014-09-09T22:54:40","date_gmt":"2014-09-09T20:54:40","guid":{"rendered":"http:\/\/www.libertas-institut.com\/fr\/news\/news-archiv-2005\/"},"modified":"2024-07-15T18:59:29","modified_gmt":"2024-07-15T16:59:29","slug":"news-archiv-2005","status":"publish","type":"page","link":"https:\/\/www.libertas-institut.com\/fr\/news\/news-archiv-2005\/","title":{"rendered":"News Archiv 2005"},"content":{"rendered":"<h1 style=\"text-align: center\">News Archiv 2005<\/h1>\n<ul>\n<li><strong>FATER Foundation <\/strong>We want to help the Kyrgyz FATER Foundation &#8211; to help in education access for children from families who normally cannot afford university costs. We would appreciate if our business partners could take part in some fundraising. Read <a href=\"http:\/\/www.libertas-institut.com\/de\/PDF\/FATER.pdf\">more&#8230;<\/a><\/li>\n<\/ul>\n<ul>\n<li>Republic of Macedonia (English) Les pages officielles du projet UE &#8222;Technical Assistance to Draft Trade Laws&#8220;(Assistance Technique pour la R\u00e9daction des Lois Economiques). Entreprises, investisseurs potentiels, juristes, avocats, conseillers fiscaux et commerciaux sont invit\u00e9s \u00e0 t\u00e9l\u00e9charger les lois nationales et europ\u00e9ennes.<\/li>\n<\/ul>\n<ul>\n<li>&#8222;European Union Law for Small &amp; Medium Enterprises in Macedonia&#8220; &#8211; edited by Hans-J\u00fcrgen Zahorka, Marija Risteska, Juliana Dimovska <a href=\"http:\/\/www.libertas-institut.com\/de\/PDF\/MK_pub.pdf\">download&#8230;<\/a><\/li>\n<\/ul>\n<ul>\n<li>\u00a0Evropeiski Soyuz: Instituty &#8211; Ekonomika &#8211; Bizness &#8211; Zakonodatelstvo &#8211; Politika (in Russian language) <a href=\"http:\/\/www.libertas-institut.com\/de\/PDF\/Kirgistan_Buch.pdf\">more&#8230;<\/a><\/li>\n<\/ul>\n<ul>\n<li>European Union Law for Small and Medium Enterprises in Macedonia (in Macedonian language).<a href=\"http:\/\/www.libertas-institut.com\/de\/PDF\/Macedonia_book.pdf\">more&#8230;<\/a><\/li>\n<\/ul>\n<ul>\n<li>Do Economic Free Zones Pass Legal Scrutiny? <a href=\"https:\/\/www.libertas-institut.com\/de\/PDF\/Pettersson.pdf\">more&#8230;<\/a>, <a href=\"https:\/\/www.libertas-institut.com\/de\/PDF\/PetterssonBestellformular.pdf\">Order<\/a><\/li>\n<\/ul>\n<ul>\n<li>\u00a0&#8222;European Union Law for Small &amp; Medium Enterprises in Macedonia&#8220; <a href=\"http:\/\/www.libertas-institut.com\/de\/PDF\/MK_pub.pdf\">download&#8230;<\/a><\/li>\n<\/ul>\n<ul>\n<li>\u00a0<strong>Turkey: <\/strong>&#8222;Regular Report on Turkey&#8217;s progress towards accession&#8220;, 6.10.2004 <a href=\"http:\/\/www.libertas-institut.com\/de\/Mittel-Osteuropa\/rr_tr_2004_de.pdf\">DE<\/a>, <a href=\"http:\/\/www.libertas-institut.com\/de\/Mittel-Osteuropa\/rr_tr_2004_en.pdf\">EN<\/a>, <a href=\"http:\/\/www.libertas-institut.com\/de\/Mittel-Osteuropa\/rr_tr_2004_fr.pdf\">FR<\/a> (download pdf) Communication from the Commission to the Council and the European Parlament: &#8222;Recommendation of the European Commission on Turkey&#8217;s progress towards accession&#8220; <a href=\"http:\/\/www.libertas-institut.com\/de\/Mittel-Osteuropa\/tr_recommendation_de.pdf\">DE<\/a>, <a href=\"http:\/\/www.libertas-institut.com\/de\/Mittel-Osteuropa\/tr_recommendation_en.pdf\">EN<\/a>, <a href=\"http:\/\/www.libertas-institut.com\/de\/Mittel-Osteuropa\/tr_recommendation_fr.pdf\">FR<\/a> (download pdf)<\/li>\n<\/ul>\n<ul>\n<li>&#8222;Strategy Paper of the European Commission on\u00a0 progress in the enlargement process&#8220; <a href=\"http:\/\/www.libertas-institut.com\/de\/Mittel-Osteuropa\/strategy_paper_de.pdf\">DE<\/a>, <a href=\"http:\/\/www.libertas-institut.com\/de\/Mittel-Osteuropa\/strategy_paper_en.pdf\">EN<\/a>, <a href=\"http:\/\/www.libertas-institut.com\/de\/Mittel-Osteuropa\/strategy_paper_fr.pdf\">FR\u00a0<\/a><\/li>\n<\/ul>\n<ul>\n<li><a href=\"http:\/\/www.libertas-institut.com\/de\/PDF\/UE%20Traite%2010-04%20FR.pdf\">Constitution pour l&#8217;Europe <\/a>Version 29.10.2004<\/li>\n<\/ul>\n","protected":false},"excerpt":{"rendered":"<p>News Archiv 2005 FATER Foundation We want to help the Kyrgyz FATER Foundation &#8211; to help in education access for children from families who normally cannot afford university costs. We would appreciate if our business partners could take part in some fundraising. Read more&#8230; Republic of Macedonia (English) Les pages officielles du projet UE &#8222;Technical [&hellip;]<\/p>\n","protected":false},"author":1,"featured_media":0,"parent":60,"menu_order":8,"comment_status":"open","ping_status":"open","template":"","meta":{"_bbp_topic_count":0,"_bbp_reply_count":0,"_bbp_total_topic_count":0,"_bbp_total_reply_count":0,"_bbp_voice_count":0,"_bbp_anonymous_reply_count":0,"_bbp_topic_count_hidden":0,"_bbp_reply_count_hidden":0,"_bbp_forum_subforum_count":0,"footnotes":""},"class_list":["post-231","page","type-page","status-publish","hentry"],"yoast_head":"<!-- This site is optimized with the Yoast SEO plugin v26.4 - https:\/\/yoast.com\/wordpress\/plugins\/seo\/ -->\n<title>News Archiv 2005 - Libertas-fr<\/title>\n<meta name=\"robots\" content=\"index, follow, max-snippet:-1, max-image-preview:large, max-video-preview:-1\" \/>\n<link rel=\"canonical\" href=\"https:\/\/www.libertas-institut.com\/fr\/news\/news-archiv-2005\/\" \/>\n<meta property=\"og:locale\" content=\"de_DE\" \/>\n<meta property=\"og:type\" content=\"article\" \/>\n<meta property=\"og:title\" content=\"News Archiv 2005 - Libertas-fr\" \/>\n<meta property=\"og:description\" content=\"News Archiv 2005 FATER Foundation We want to help the Kyrgyz FATER Foundation &#8211; to help in education access for children from families who normally cannot afford university costs. We would appreciate if our business partners could take part in some fundraising. Read more&#8230; Republic of Macedonia (English) Les pages officielles du projet UE &#8222;Technical [&hellip;]\" \/>\n<meta property=\"og:url\" content=\"https:\/\/www.libertas-institut.com\/fr\/news\/news-archiv-2005\/\" \/>\n<meta property=\"og:site_name\" content=\"Libertas-fr\" \/>\n<meta property=\"article:modified_time\" content=\"2024-07-15T16:59:29+00:00\" \/>\n<meta name=\"twitter:label1\" content=\"Gesch\u00e4tzte Lesezeit\" \/>\n\t<meta name=\"twitter:data1\" content=\"1\u00a0Minute\" \/>\n<script type=\"application\/ld+json\" class=\"yoast-schema-graph\">{\"@context\":\"https:\/\/schema.org\",\"@graph\":[{\"@type\":\"WebPage\",\"@id\":\"https:\/\/www.libertas-institut.com\/fr\/news\/news-archiv-2005\/\",\"url\":\"https:\/\/www.libertas-institut.com\/fr\/news\/news-archiv-2005\/\",\"name\":\"News Archiv 2005 - Libertas-fr\",\"isPartOf\":{\"@id\":\"https:\/\/www.libertas-institut.com\/fr\/#website\"},\"datePublished\":\"2014-09-09T20:54:40+00:00\",\"dateModified\":\"2024-07-15T16:59:29+00:00\",\"breadcrumb\":{\"@id\":\"https:\/\/www.libertas-institut.com\/fr\/news\/news-archiv-2005\/#breadcrumb\"},\"inLanguage\":\"de\",\"potentialAction\":[{\"@type\":\"ReadAction\",\"target\":[\"https:\/\/www.libertas-institut.com\/fr\/news\/news-archiv-2005\/\"]}]},{\"@type\":\"BreadcrumbList\",\"@id\":\"https:\/\/www.libertas-institut.com\/fr\/news\/news-archiv-2005\/#breadcrumb\",\"itemListElement\":[{\"@type\":\"ListItem\",\"position\":1,\"name\":\"Home\",\"item\":\"https:\/\/www.libertas-institut.com\/fr\/\"},{\"@type\":\"ListItem\",\"position\":2,\"name\":\"News\",\"item\":\"https:\/\/www.libertas-institut.com\/fr\/news\/\"},{\"@type\":\"ListItem\",\"position\":3,\"name\":\"News Archiv 2005\"}]},{\"@type\":\"WebSite\",\"@id\":\"https:\/\/www.libertas-institut.com\/fr\/#website\",\"url\":\"https:\/\/www.libertas-institut.com\/fr\/\",\"name\":\"Libertas-fr\",\"description\":\"\u00a9 by Libertas GmbH\",\"potentialAction\":[{\"@type\":\"SearchAction\",\"target\":{\"@type\":\"EntryPoint\",\"urlTemplate\":\"https:\/\/www.libertas-institut.com\/fr\/?s={search_term_string}\"},\"query-input\":{\"@type\":\"PropertyValueSpecification\",\"valueRequired\":true,\"valueName\":\"search_term_string\"}}],\"inLanguage\":\"de\"}]}<\/script>\n<!-- \/ Yoast SEO plugin. -->","yoast_head_json":{"title":"News Archiv 2005 - Libertas-fr","robots":{"index":"index","follow":"follow","max-snippet":"max-snippet:-1","max-image-preview":"max-image-preview:large","max-video-preview":"max-video-preview:-1"},"canonical":"https:\/\/www.libertas-institut.com\/fr\/news\/news-archiv-2005\/","og_locale":"de_DE","og_type":"article","og_title":"News Archiv 2005 - Libertas-fr","og_description":"News Archiv 2005 FATER Foundation We want to help the Kyrgyz FATER Foundation &#8211; to help in education access for children from families who normally cannot afford university costs. We would appreciate if our business partners could take part in some fundraising. Read more&#8230; Republic of Macedonia (English) Les pages officielles du projet UE &#8222;Technical [&hellip;]","og_url":"https:\/\/www.libertas-institut.com\/fr\/news\/news-archiv-2005\/","og_site_name":"Libertas-fr","article_modified_time":"2024-07-15T16:59:29+00:00","twitter_misc":{"Gesch\u00e4tzte Lesezeit":"1\u00a0Minute"},"schema":{"@context":"https:\/\/schema.org","@graph":[{"@type":"WebPage","@id":"https:\/\/www.libertas-institut.com\/fr\/news\/news-archiv-2005\/","url":"https:\/\/www.libertas-institut.com\/fr\/news\/news-archiv-2005\/","name":"News Archiv 2005 - Libertas-fr","isPartOf":{"@id":"https:\/\/www.libertas-institut.com\/fr\/#website"},"datePublished":"2014-09-09T20:54:40+00:00","dateModified":"2024-07-15T16:59:29+00:00","breadcrumb":{"@id":"https:\/\/www.libertas-institut.com\/fr\/news\/news-archiv-2005\/#breadcrumb"},"inLanguage":"de","potentialAction":[{"@type":"ReadAction","target":["https:\/\/www.libertas-institut.com\/fr\/news\/news-archiv-2005\/"]}]},{"@type":"BreadcrumbList","@id":"https:\/\/www.libertas-institut.com\/fr\/news\/news-archiv-2005\/#breadcrumb","itemListElement":[{"@type":"ListItem","position":1,"name":"Home","item":"https:\/\/www.libertas-institut.com\/fr\/"},{"@type":"ListItem","position":2,"name":"News","item":"https:\/\/www.libertas-institut.com\/fr\/news\/"},{"@type":"ListItem","position":3,"name":"News Archiv 2005"}]},{"@type":"WebSite","@id":"https:\/\/www.libertas-institut.com\/fr\/#website","url":"https:\/\/www.libertas-institut.com\/fr\/","name":"Libertas-fr","description":"\u00a9 by Libertas GmbH","potentialAction":[{"@type":"SearchAction","target":{"@type":"EntryPoint","urlTemplate":"https:\/\/www.libertas-institut.com\/fr\/?s={search_term_string}"},"query-input":{"@type":"PropertyValueSpecification","valueRequired":true,"valueName":"search_term_string"}}],"inLanguage":"de"}]}},"_links":{"self":[{"href":"https:\/\/www.libertas-institut.com\/fr\/wp-json\/wp\/v2\/pages\/231","targetHints":{"allow":["GET"]}}],"collection":[{"href":"https:\/\/www.libertas-institut.com\/fr\/wp-json\/wp\/v2\/pages"}],"about":[{"href":"https:\/\/www.libertas-institut.com\/fr\/wp-json\/wp\/v2\/types\/page"}],"author":[{"embeddable":true,"href":"https:\/\/www.libertas-institut.com\/fr\/wp-json\/wp\/v2\/users\/1"}],"replies":[{"embeddable":true,"href":"https:\/\/www.libertas-institut.com\/fr\/wp-json\/wp\/v2\/comments?post=231"}],"version-history":[{"count":0,"href":"https:\/\/www.libertas-institut.com\/fr\/wp-json\/wp\/v2\/pages\/231\/revisions"}],"up":[{"embeddable":true,"href":"https:\/\/www.libertas-institut.com\/fr\/wp-json\/wp\/v2\/pages\/60"}],"wp:attachment":[{"href":"https:\/\/www.libertas-institut.com\/fr\/wp-json\/wp\/v2\/media?parent=231"}],"curies":[{"name":"wp","href":"https:\/\/api.w.org\/{rel}","templated":true}]}}