{"id":233,"date":"2014-09-09T22:54:40","date_gmt":"2014-09-09T20:54:40","guid":{"rendered":"http:\/\/www.libertas-institut.com\/fr\/news\/news-archiv-2003\/"},"modified":"2024-07-15T18:58:14","modified_gmt":"2024-07-15T16:58:14","slug":"news-archiv-2003","status":"publish","type":"page","link":"https:\/\/www.libertas-institut.com\/fr\/news\/news-archiv-2003\/","title":{"rendered":"News Archiv 2003"},"content":{"rendered":"<h1 style=\"text-align: center\">News Archiv 2003<\/h1>\n<ul>\n<li>Impressions d&#8216; EuroDomus 2003 16.\/17.10.2003 \u00e0 Padua\/Italie<\/li>\n<\/ul>\n<ul>\n<li>Aujourd&#8217;hui l&#8217;Europe, les Europ\u00e9ens: action soutenue par l&#8217;Union europ\u00e9enne, sous la participation entre autre de LIBERTAS.<\/li>\n<\/ul>\n<ul>\n<li>Projet de trait\u00e9 \u00e9tablissant une <a href=\"http:\/\/www.libertas-institut.com\/de\/PDF\/ConventionProposConstitution.FR.pdf\">Constitution pour l&#8217;Europe<\/a> (Convention europ\u00e9enne, 18.7.2003)<\/li>\n<\/ul>\n<ul>\n<li><a href=\"http:\/\/www.libertas-institut.com\/de\/News&amp;Termine\/Programm%20EWIVKonferenz.pdf\">5. EWIV-Praxiskonferenz<\/a> (9.5.2003, Strasbourg\/Frankreich) Informationen aus erster Hand zur betriebswirtschaftlich und steuerlich interessanten <strong>Rechts- und Kooperationsform <\/strong>der Europ\u00e4ischen wirtschaftlichen Interessenvereinigung (EWIV)<\/li>\n<\/ul>\n<ul>\n<li><strong>Befragung zu europ\u00e4ischen Themen &#8211; EU-Gemeinschaftsprojekt <\/strong>Im M\u00e4rz 2003 informieren wir \u00fcber die Ergebnisse<\/li>\n<\/ul>\n<ul>\n<li><strong>Constitutive Act of the African Union <\/strong><a href=\"http:\/\/www.libertas-institut.com\/de\/PDF\/Constitutive%20Act%20of%20the%20African%20Union.07-01.doc.pdf\">pdf-Version<\/a>, Word-Version<\/li>\n<\/ul>\n","protected":false},"excerpt":{"rendered":"<p>News Archiv 2003 Impressions d&#8216; EuroDomus 2003 16.\/17.10.2003 \u00e0 Padua\/Italie Aujourd&#8217;hui l&#8217;Europe, les Europ\u00e9ens: action soutenue par l&#8217;Union europ\u00e9enne, sous la participation entre autre de LIBERTAS. Projet de trait\u00e9 \u00e9tablissant une Constitution pour l&#8217;Europe (Convention europ\u00e9enne, 18.7.2003) 5. EWIV-Praxiskonferenz (9.5.2003, Strasbourg\/Frankreich) Informationen aus erster Hand zur betriebswirtschaftlich und steuerlich interessanten Rechts- und Kooperationsform der Europ\u00e4ischen [&hellip;]<\/p>\n","protected":false},"author":1,"featured_media":0,"parent":60,"menu_order":10,"comment_status":"open","ping_status":"open","template":"","meta":{"_bbp_topic_count":0,"_bbp_reply_count":0,"_bbp_total_topic_count":0,"_bbp_total_reply_count":0,"_bbp_voice_count":0,"_bbp_anonymous_reply_count":0,"_bbp_topic_count_hidden":0,"_bbp_reply_count_hidden":0,"_bbp_forum_subforum_count":0,"footnotes":""},"class_list":["post-233","page","type-page","status-publish","hentry"],"yoast_head":"<!-- This site is optimized with the Yoast SEO plugin v26.4 - https:\/\/yoast.com\/wordpress\/plugins\/seo\/ -->\n<title>News Archiv 2003 - Libertas-fr<\/title>\n<meta name=\"robots\" content=\"index, follow, max-snippet:-1, max-image-preview:large, max-video-preview:-1\" \/>\n<link rel=\"canonical\" href=\"https:\/\/www.libertas-institut.com\/fr\/news\/news-archiv-2003\/\" \/>\n<meta property=\"og:locale\" content=\"de_DE\" \/>\n<meta property=\"og:type\" content=\"article\" \/>\n<meta property=\"og:title\" content=\"News Archiv 2003 - Libertas-fr\" \/>\n<meta property=\"og:description\" content=\"News Archiv 2003 Impressions d&#8216; EuroDomus 2003 16.\/17.10.2003 \u00e0 Padua\/Italie Aujourd&#8217;hui l&#8217;Europe, les Europ\u00e9ens: action soutenue par l&#8217;Union europ\u00e9enne, sous la participation entre autre de LIBERTAS. Projet de trait\u00e9 \u00e9tablissant une Constitution pour l&#8217;Europe (Convention europ\u00e9enne, 18.7.2003) 5. EWIV-Praxiskonferenz (9.5.2003, Strasbourg\/Frankreich) Informationen aus erster Hand zur betriebswirtschaftlich und steuerlich interessanten Rechts- und Kooperationsform der Europ\u00e4ischen [&hellip;]\" \/>\n<meta property=\"og:url\" content=\"https:\/\/www.libertas-institut.com\/fr\/news\/news-archiv-2003\/\" \/>\n<meta property=\"og:site_name\" content=\"Libertas-fr\" \/>\n<meta property=\"article:modified_time\" content=\"2024-07-15T16:58:14+00:00\" \/>\n<script type=\"application\/ld+json\" class=\"yoast-schema-graph\">{\"@context\":\"https:\/\/schema.org\",\"@graph\":[{\"@type\":\"WebPage\",\"@id\":\"https:\/\/www.libertas-institut.com\/fr\/news\/news-archiv-2003\/\",\"url\":\"https:\/\/www.libertas-institut.com\/fr\/news\/news-archiv-2003\/\",\"name\":\"News Archiv 2003 - Libertas-fr\",\"isPartOf\":{\"@id\":\"https:\/\/www.libertas-institut.com\/fr\/#website\"},\"datePublished\":\"2014-09-09T20:54:40+00:00\",\"dateModified\":\"2024-07-15T16:58:14+00:00\",\"breadcrumb\":{\"@id\":\"https:\/\/www.libertas-institut.com\/fr\/news\/news-archiv-2003\/#breadcrumb\"},\"inLanguage\":\"de\",\"potentialAction\":[{\"@type\":\"ReadAction\",\"target\":[\"https:\/\/www.libertas-institut.com\/fr\/news\/news-archiv-2003\/\"]}]},{\"@type\":\"BreadcrumbList\",\"@id\":\"https:\/\/www.libertas-institut.com\/fr\/news\/news-archiv-2003\/#breadcrumb\",\"itemListElement\":[{\"@type\":\"ListItem\",\"position\":1,\"name\":\"Home\",\"item\":\"https:\/\/www.libertas-institut.com\/fr\/\"},{\"@type\":\"ListItem\",\"position\":2,\"name\":\"News\",\"item\":\"https:\/\/www.libertas-institut.com\/fr\/news\/\"},{\"@type\":\"ListItem\",\"position\":3,\"name\":\"News Archiv 2003\"}]},{\"@type\":\"WebSite\",\"@id\":\"https:\/\/www.libertas-institut.com\/fr\/#website\",\"url\":\"https:\/\/www.libertas-institut.com\/fr\/\",\"name\":\"Libertas-fr\",\"description\":\"\u00a9 by Libertas GmbH\",\"potentialAction\":[{\"@type\":\"SearchAction\",\"target\":{\"@type\":\"EntryPoint\",\"urlTemplate\":\"https:\/\/www.libertas-institut.com\/fr\/?s={search_term_string}\"},\"query-input\":{\"@type\":\"PropertyValueSpecification\",\"valueRequired\":true,\"valueName\":\"search_term_string\"}}],\"inLanguage\":\"de\"}]}<\/script>\n<!-- \/ Yoast SEO plugin. -->","yoast_head_json":{"title":"News Archiv 2003 - Libertas-fr","robots":{"index":"index","follow":"follow","max-snippet":"max-snippet:-1","max-image-preview":"max-image-preview:large","max-video-preview":"max-video-preview:-1"},"canonical":"https:\/\/www.libertas-institut.com\/fr\/news\/news-archiv-2003\/","og_locale":"de_DE","og_type":"article","og_title":"News Archiv 2003 - Libertas-fr","og_description":"News Archiv 2003 Impressions d&#8216; EuroDomus 2003 16.\/17.10.2003 \u00e0 Padua\/Italie Aujourd&#8217;hui l&#8217;Europe, les Europ\u00e9ens: action soutenue par l&#8217;Union europ\u00e9enne, sous la participation entre autre de LIBERTAS. Projet de trait\u00e9 \u00e9tablissant une Constitution pour l&#8217;Europe (Convention europ\u00e9enne, 18.7.2003) 5. EWIV-Praxiskonferenz (9.5.2003, Strasbourg\/Frankreich) Informationen aus erster Hand zur betriebswirtschaftlich und steuerlich interessanten Rechts- und Kooperationsform der Europ\u00e4ischen [&hellip;]","og_url":"https:\/\/www.libertas-institut.com\/fr\/news\/news-archiv-2003\/","og_site_name":"Libertas-fr","article_modified_time":"2024-07-15T16:58:14+00:00","schema":{"@context":"https:\/\/schema.org","@graph":[{"@type":"WebPage","@id":"https:\/\/www.libertas-institut.com\/fr\/news\/news-archiv-2003\/","url":"https:\/\/www.libertas-institut.com\/fr\/news\/news-archiv-2003\/","name":"News Archiv 2003 - Libertas-fr","isPartOf":{"@id":"https:\/\/www.libertas-institut.com\/fr\/#website"},"datePublished":"2014-09-09T20:54:40+00:00","dateModified":"2024-07-15T16:58:14+00:00","breadcrumb":{"@id":"https:\/\/www.libertas-institut.com\/fr\/news\/news-archiv-2003\/#breadcrumb"},"inLanguage":"de","potentialAction":[{"@type":"ReadAction","target":["https:\/\/www.libertas-institut.com\/fr\/news\/news-archiv-2003\/"]}]},{"@type":"BreadcrumbList","@id":"https:\/\/www.libertas-institut.com\/fr\/news\/news-archiv-2003\/#breadcrumb","itemListElement":[{"@type":"ListItem","position":1,"name":"Home","item":"https:\/\/www.libertas-institut.com\/fr\/"},{"@type":"ListItem","position":2,"name":"News","item":"https:\/\/www.libertas-institut.com\/fr\/news\/"},{"@type":"ListItem","position":3,"name":"News Archiv 2003"}]},{"@type":"WebSite","@id":"https:\/\/www.libertas-institut.com\/fr\/#website","url":"https:\/\/www.libertas-institut.com\/fr\/","name":"Libertas-fr","description":"\u00a9 by Libertas GmbH","potentialAction":[{"@type":"SearchAction","target":{"@type":"EntryPoint","urlTemplate":"https:\/\/www.libertas-institut.com\/fr\/?s={search_term_string}"},"query-input":{"@type":"PropertyValueSpecification","valueRequired":true,"valueName":"search_term_string"}}],"inLanguage":"de"}]}},"_links":{"self":[{"href":"https:\/\/www.libertas-institut.com\/fr\/wp-json\/wp\/v2\/pages\/233","targetHints":{"allow":["GET"]}}],"collection":[{"href":"https:\/\/www.libertas-institut.com\/fr\/wp-json\/wp\/v2\/pages"}],"about":[{"href":"https:\/\/www.libertas-institut.com\/fr\/wp-json\/wp\/v2\/types\/page"}],"author":[{"embeddable":true,"href":"https:\/\/www.libertas-institut.com\/fr\/wp-json\/wp\/v2\/users\/1"}],"replies":[{"embeddable":true,"href":"https:\/\/www.libertas-institut.com\/fr\/wp-json\/wp\/v2\/comments?post=233"}],"version-history":[{"count":0,"href":"https:\/\/www.libertas-institut.com\/fr\/wp-json\/wp\/v2\/pages\/233\/revisions"}],"up":[{"embeddable":true,"href":"https:\/\/www.libertas-institut.com\/fr\/wp-json\/wp\/v2\/pages\/60"}],"wp:attachment":[{"href":"https:\/\/www.libertas-institut.com\/fr\/wp-json\/wp\/v2\/media?parent=233"}],"curies":[{"name":"wp","href":"https:\/\/api.w.org\/{rel}","templated":true}]}}