{"id":234,"date":"2014-09-09T22:54:40","date_gmt":"2014-09-09T20:54:40","guid":{"rendered":"http:\/\/www.libertas-institut.com\/fr\/news\/news-archiv-2002\/"},"modified":"2016-05-27T15:06:54","modified_gmt":"2016-05-27T13:06:54","slug":"news-archiv-2002","status":"publish","type":"page","link":"https:\/\/www.libertas-institut.com\/fr\/news\/news-archiv-2002\/","title":{"rendered":"News Archiv 2002"},"content":{"rendered":"<h1 style=\"text-align: center\">News Archiv 2002<\/h1>\n<ul>\n<li>&#8222;World Wide Business&#8220; Informationsbrief zur internationalen Gesch\u00e4ftst\u00e4tigkeit<\/li>\n<\/ul>\n<ul>\n<li>&#8222;E-Business News&#8220; 14-t\u00e4giger Newsletter zum elektronischen Gesch\u00e4ftsverkehr<\/li>\n<\/ul>\n<ul>\n<li>Bosnia and Hercegovina (English, Bosnian)<\/li>\n<\/ul>\n<ul>\n<li>Euro Environmental Technology 2002\u00a0 Kooperationsb\u00f6rse und Messe, Padua\/Italien, 21.\/22.3.2002<\/li>\n<\/ul>\n<ul>\n<li>EuroTecnoDomus 2002 <strong>Kooperationsb\u00f6rse <\/strong>f\u00fcr Inneneinrichtung, Padua, 17.\/18.10.2002<\/li>\n<\/ul>\n","protected":false},"excerpt":{"rendered":"<p>News Archiv 2002 &#8222;World Wide Business&#8220; Informationsbrief zur internationalen Gesch\u00e4ftst\u00e4tigkeit &#8222;E-Business News&#8220; 14-t\u00e4giger Newsletter zum elektronischen Gesch\u00e4ftsverkehr Bosnia and Hercegovina (English, Bosnian) Euro Environmental Technology 2002\u00a0 Kooperationsb\u00f6rse und Messe, Padua\/Italien, 21.\/22.3.2002 EuroTecnoDomus 2002 Kooperationsb\u00f6rse f\u00fcr Inneneinrichtung, Padua, 17.\/18.10.2002<\/p>\n","protected":false},"author":1,"featured_media":0,"parent":60,"menu_order":11,"comment_status":"open","ping_status":"open","template":"","meta":{"_bbp_topic_count":0,"_bbp_reply_count":0,"_bbp_total_topic_count":0,"_bbp_total_reply_count":0,"_bbp_voice_count":0,"_bbp_anonymous_reply_count":0,"_bbp_topic_count_hidden":0,"_bbp_reply_count_hidden":0,"_bbp_forum_subforum_count":0,"footnotes":""},"class_list":["post-234","page","type-page","status-publish","hentry"],"yoast_head":"<!-- This site is optimized with the Yoast SEO plugin v26.4 - https:\/\/yoast.com\/wordpress\/plugins\/seo\/ -->\n<title>News Archiv 2002 - Libertas-fr<\/title>\n<meta name=\"robots\" content=\"index, follow, max-snippet:-1, max-image-preview:large, max-video-preview:-1\" \/>\n<link rel=\"canonical\" href=\"https:\/\/www.libertas-institut.com\/fr\/news\/news-archiv-2002\/\" \/>\n<meta property=\"og:locale\" content=\"de_DE\" \/>\n<meta property=\"og:type\" content=\"article\" \/>\n<meta property=\"og:title\" content=\"News Archiv 2002 - Libertas-fr\" \/>\n<meta property=\"og:description\" content=\"News Archiv 2002 &#8222;World Wide Business&#8220; Informationsbrief zur internationalen Gesch\u00e4ftst\u00e4tigkeit &#8222;E-Business News&#8220; 14-t\u00e4giger Newsletter zum elektronischen Gesch\u00e4ftsverkehr Bosnia and Hercegovina (English, Bosnian) Euro Environmental Technology 2002\u00a0 Kooperationsb\u00f6rse und Messe, Padua\/Italien, 21.\/22.3.2002 EuroTecnoDomus 2002 Kooperationsb\u00f6rse f\u00fcr Inneneinrichtung, Padua, 17.\/18.10.2002\" \/>\n<meta property=\"og:url\" content=\"https:\/\/www.libertas-institut.com\/fr\/news\/news-archiv-2002\/\" \/>\n<meta property=\"og:site_name\" content=\"Libertas-fr\" \/>\n<meta property=\"article:modified_time\" content=\"2016-05-27T13:06:54+00:00\" \/>\n<script type=\"application\/ld+json\" class=\"yoast-schema-graph\">{\"@context\":\"https:\/\/schema.org\",\"@graph\":[{\"@type\":\"WebPage\",\"@id\":\"https:\/\/www.libertas-institut.com\/fr\/news\/news-archiv-2002\/\",\"url\":\"https:\/\/www.libertas-institut.com\/fr\/news\/news-archiv-2002\/\",\"name\":\"News Archiv 2002 - Libertas-fr\",\"isPartOf\":{\"@id\":\"https:\/\/www.libertas-institut.com\/fr\/#website\"},\"datePublished\":\"2014-09-09T20:54:40+00:00\",\"dateModified\":\"2016-05-27T13:06:54+00:00\",\"breadcrumb\":{\"@id\":\"https:\/\/www.libertas-institut.com\/fr\/news\/news-archiv-2002\/#breadcrumb\"},\"inLanguage\":\"de\",\"potentialAction\":[{\"@type\":\"ReadAction\",\"target\":[\"https:\/\/www.libertas-institut.com\/fr\/news\/news-archiv-2002\/\"]}]},{\"@type\":\"BreadcrumbList\",\"@id\":\"https:\/\/www.libertas-institut.com\/fr\/news\/news-archiv-2002\/#breadcrumb\",\"itemListElement\":[{\"@type\":\"ListItem\",\"position\":1,\"name\":\"Home\",\"item\":\"https:\/\/www.libertas-institut.com\/fr\/\"},{\"@type\":\"ListItem\",\"position\":2,\"name\":\"News\",\"item\":\"https:\/\/www.libertas-institut.com\/fr\/news\/\"},{\"@type\":\"ListItem\",\"position\":3,\"name\":\"News Archiv 2002\"}]},{\"@type\":\"WebSite\",\"@id\":\"https:\/\/www.libertas-institut.com\/fr\/#website\",\"url\":\"https:\/\/www.libertas-institut.com\/fr\/\",\"name\":\"Libertas-fr\",\"description\":\"\u00a9 by Libertas GmbH\",\"potentialAction\":[{\"@type\":\"SearchAction\",\"target\":{\"@type\":\"EntryPoint\",\"urlTemplate\":\"https:\/\/www.libertas-institut.com\/fr\/?s={search_term_string}\"},\"query-input\":{\"@type\":\"PropertyValueSpecification\",\"valueRequired\":true,\"valueName\":\"search_term_string\"}}],\"inLanguage\":\"de\"}]}<\/script>\n<!-- \/ Yoast SEO plugin. -->","yoast_head_json":{"title":"News Archiv 2002 - Libertas-fr","robots":{"index":"index","follow":"follow","max-snippet":"max-snippet:-1","max-image-preview":"max-image-preview:large","max-video-preview":"max-video-preview:-1"},"canonical":"https:\/\/www.libertas-institut.com\/fr\/news\/news-archiv-2002\/","og_locale":"de_DE","og_type":"article","og_title":"News Archiv 2002 - Libertas-fr","og_description":"News Archiv 2002 &#8222;World Wide Business&#8220; Informationsbrief zur internationalen Gesch\u00e4ftst\u00e4tigkeit &#8222;E-Business News&#8220; 14-t\u00e4giger Newsletter zum elektronischen Gesch\u00e4ftsverkehr Bosnia and Hercegovina (English, Bosnian) Euro Environmental Technology 2002\u00a0 Kooperationsb\u00f6rse und Messe, Padua\/Italien, 21.\/22.3.2002 EuroTecnoDomus 2002 Kooperationsb\u00f6rse f\u00fcr Inneneinrichtung, Padua, 17.\/18.10.2002","og_url":"https:\/\/www.libertas-institut.com\/fr\/news\/news-archiv-2002\/","og_site_name":"Libertas-fr","article_modified_time":"2016-05-27T13:06:54+00:00","schema":{"@context":"https:\/\/schema.org","@graph":[{"@type":"WebPage","@id":"https:\/\/www.libertas-institut.com\/fr\/news\/news-archiv-2002\/","url":"https:\/\/www.libertas-institut.com\/fr\/news\/news-archiv-2002\/","name":"News Archiv 2002 - Libertas-fr","isPartOf":{"@id":"https:\/\/www.libertas-institut.com\/fr\/#website"},"datePublished":"2014-09-09T20:54:40+00:00","dateModified":"2016-05-27T13:06:54+00:00","breadcrumb":{"@id":"https:\/\/www.libertas-institut.com\/fr\/news\/news-archiv-2002\/#breadcrumb"},"inLanguage":"de","potentialAction":[{"@type":"ReadAction","target":["https:\/\/www.libertas-institut.com\/fr\/news\/news-archiv-2002\/"]}]},{"@type":"BreadcrumbList","@id":"https:\/\/www.libertas-institut.com\/fr\/news\/news-archiv-2002\/#breadcrumb","itemListElement":[{"@type":"ListItem","position":1,"name":"Home","item":"https:\/\/www.libertas-institut.com\/fr\/"},{"@type":"ListItem","position":2,"name":"News","item":"https:\/\/www.libertas-institut.com\/fr\/news\/"},{"@type":"ListItem","position":3,"name":"News Archiv 2002"}]},{"@type":"WebSite","@id":"https:\/\/www.libertas-institut.com\/fr\/#website","url":"https:\/\/www.libertas-institut.com\/fr\/","name":"Libertas-fr","description":"\u00a9 by Libertas GmbH","potentialAction":[{"@type":"SearchAction","target":{"@type":"EntryPoint","urlTemplate":"https:\/\/www.libertas-institut.com\/fr\/?s={search_term_string}"},"query-input":{"@type":"PropertyValueSpecification","valueRequired":true,"valueName":"search_term_string"}}],"inLanguage":"de"}]}},"_links":{"self":[{"href":"https:\/\/www.libertas-institut.com\/fr\/wp-json\/wp\/v2\/pages\/234","targetHints":{"allow":["GET"]}}],"collection":[{"href":"https:\/\/www.libertas-institut.com\/fr\/wp-json\/wp\/v2\/pages"}],"about":[{"href":"https:\/\/www.libertas-institut.com\/fr\/wp-json\/wp\/v2\/types\/page"}],"author":[{"embeddable":true,"href":"https:\/\/www.libertas-institut.com\/fr\/wp-json\/wp\/v2\/users\/1"}],"replies":[{"embeddable":true,"href":"https:\/\/www.libertas-institut.com\/fr\/wp-json\/wp\/v2\/comments?post=234"}],"version-history":[{"count":0,"href":"https:\/\/www.libertas-institut.com\/fr\/wp-json\/wp\/v2\/pages\/234\/revisions"}],"up":[{"embeddable":true,"href":"https:\/\/www.libertas-institut.com\/fr\/wp-json\/wp\/v2\/pages\/60"}],"wp:attachment":[{"href":"https:\/\/www.libertas-institut.com\/fr\/wp-json\/wp\/v2\/media?parent=234"}],"curies":[{"name":"wp","href":"https:\/\/api.w.org\/{rel}","templated":true}]}}