{"id":245,"date":"2014-09-09T22:55:31","date_gmt":"2014-09-09T20:55:31","guid":{"rendered":"http:\/\/www.libertas-institut.com\/fr\/news\/news-archiv-2008\/"},"modified":"2024-07-15T20:20:24","modified_gmt":"2024-07-15T18:20:24","slug":"news-archiv-2008","status":"publish","type":"page","link":"https:\/\/www.libertas-institut.com\/fr\/news\/news-archiv-2008\/","title":{"rendered":"News Archiv 2008"},"content":{"rendered":"<h1 style=\"text-align: center\">News Archiv 2008<\/h1>\n<ul>\n<li><strong>Libertas is not quite LIBERTAS: LIBERTAS \u2013 European Institute on \u201eThe Libertas Institute\u201c of eurosceptics in Ireland <\/strong>\u201cSince some time before the Irish referendum on the EU Lisbon Treaty we have observed that the main frontwind against this Draft Treaty came from an organization named \u2018The Libertas Institute\u2019. We don\u2019t want to discuss its democratic structure or its finances, but just state that there is also another \u2018Libertas\u2019, LIBERTAS \u2013 European Institute GmbH, which is a very pro-European think-tank on European and international economy and policy\u201d. <a href=\"http:\/\/www.libertas-institut.com\/de\/PDF\/Libertas_is_not_quite_LIBERTAS.pdf\">more&#8230;<\/a>; see also the <a href=\"http:\/\/www.libertas-institut.com\/de\/PDF\/IrishTimes_03022009.pdf\">article in the IrishTimes<\/a> from 3.2.2009<\/li>\n<\/ul>\n<ul>\n<li><strong>SPARK International Summer University in Macedonia 2008 (ISUM 2008) <\/strong><\/li>\n<\/ul>\n<ul>\n<li>SAN in Armenia: <strong>Strategic participation of LIBERTAS <\/strong><a href=\"http:\/\/www.libertas-institut.com\/de\/Niederlassungen\/SAN_participation_libertas.pdf\">more&#8230;<\/a><\/li>\n<\/ul>\n<ul>\n<li><strong>Georgia seen from Abroad <\/strong>\u201eGeorgia Today\u201c from Tbilisi had an interview with LIBERTAS\u2019 Hans-Juergen Zahorka (1.2.2008)\u00a0<a href=\"http:\/\/www.libertas-institut.com\/de\/News&amp;Termine\/1.2.2008_Georgia_Today_Web.pdf\">more \u2026<\/a><\/li>\n<\/ul>\n<ul>\n<li><strong>Great Investment Opportunities Ahead <\/strong>Malakhit Ltd in Yerevan\/Armenia Offers Travertine Tiles and a School Building\u00a0<a href=\"http:\/\/www.libertas-institut.com\/de\/Mittel-Osteuropa\/AM_Malakhit.pdf\">more&#8230;<\/a><\/li>\n<\/ul>\n<ul>\n<li>You are interested to publish\u00a0your manuscript information:\u00a0<a href=\"http:\/\/web.archive.org\/web\/20140911032331\/http:\/\/www.libertas-institut.eu:80\/fr\/Verlag-Publikationen\/call_for_libertas_papers.htm\">Call for LIBERTAS Papers<\/a><\/li>\n<\/ul>\n<ul>\n<li><strong>Une analyse europ\u00e9enne et internationale &#8211; <\/strong>Laissez-nous constater des zones de probl\u00e8mes pour le nouveau march\u00e9 unique europ\u00e9en, \u00e9largi depuis mai 2004, mais aussi pour les points de contact internationaux nombreux (comme C.E.I., Asie, ACP, NAFTA etc.), et laissez-nous \u00e9laborer vos point forts et vos chances. Pour votre strat\u00e9gie europ\u00e9enne d\u2019entreprise. <a href=\"http:\/\/www.libertas-institut.com\/fr\/Beratung\/EU%20Enterprise%20Analysis.pdf\">Plus d\u2019informations\u2026<\/a><\/li>\n<\/ul>\n","protected":false},"excerpt":{"rendered":"<p>News Archiv 2008 Libertas is not quite LIBERTAS: LIBERTAS \u2013 European Institute on \u201eThe Libertas Institute\u201c of eurosceptics in Ireland \u201cSince some time before the Irish referendum on the EU Lisbon Treaty we have observed that the main frontwind against this Draft Treaty came from an organization named \u2018The Libertas Institute\u2019. We don\u2019t want to [&hellip;]<\/p>\n","protected":false},"author":1,"featured_media":0,"parent":60,"menu_order":4,"comment_status":"open","ping_status":"open","template":"","meta":{"_bbp_topic_count":0,"_bbp_reply_count":0,"_bbp_total_topic_count":0,"_bbp_total_reply_count":0,"_bbp_voice_count":0,"_bbp_anonymous_reply_count":0,"_bbp_topic_count_hidden":0,"_bbp_reply_count_hidden":0,"_bbp_forum_subforum_count":0,"footnotes":""},"class_list":["post-245","page","type-page","status-publish","hentry"],"yoast_head":"<!-- This site is optimized with the Yoast SEO plugin v26.4 - https:\/\/yoast.com\/wordpress\/plugins\/seo\/ -->\n<title>News Archiv 2008 - Libertas-fr<\/title>\n<meta name=\"robots\" content=\"index, follow, max-snippet:-1, max-image-preview:large, max-video-preview:-1\" \/>\n<link rel=\"canonical\" href=\"https:\/\/www.libertas-institut.com\/fr\/news\/news-archiv-2008\/\" \/>\n<meta property=\"og:locale\" content=\"de_DE\" \/>\n<meta property=\"og:type\" content=\"article\" \/>\n<meta property=\"og:title\" content=\"News Archiv 2008 - Libertas-fr\" \/>\n<meta property=\"og:description\" content=\"News Archiv 2008 Libertas is not quite LIBERTAS: LIBERTAS \u2013 European Institute on \u201eThe Libertas Institute\u201c of eurosceptics in Ireland \u201cSince some time before the Irish referendum on the EU Lisbon Treaty we have observed that the main frontwind against this Draft Treaty came from an organization named \u2018The Libertas Institute\u2019. We don\u2019t want to [&hellip;]\" \/>\n<meta property=\"og:url\" content=\"https:\/\/www.libertas-institut.com\/fr\/news\/news-archiv-2008\/\" \/>\n<meta property=\"og:site_name\" content=\"Libertas-fr\" \/>\n<meta property=\"article:modified_time\" content=\"2024-07-15T18:20:24+00:00\" \/>\n<meta name=\"twitter:label1\" content=\"Gesch\u00e4tzte Lesezeit\" \/>\n\t<meta name=\"twitter:data1\" content=\"1\u00a0Minute\" \/>\n<script type=\"application\/ld+json\" class=\"yoast-schema-graph\">{\"@context\":\"https:\/\/schema.org\",\"@graph\":[{\"@type\":\"WebPage\",\"@id\":\"https:\/\/www.libertas-institut.com\/fr\/news\/news-archiv-2008\/\",\"url\":\"https:\/\/www.libertas-institut.com\/fr\/news\/news-archiv-2008\/\",\"name\":\"News Archiv 2008 - Libertas-fr\",\"isPartOf\":{\"@id\":\"https:\/\/www.libertas-institut.com\/fr\/#website\"},\"datePublished\":\"2014-09-09T20:55:31+00:00\",\"dateModified\":\"2024-07-15T18:20:24+00:00\",\"breadcrumb\":{\"@id\":\"https:\/\/www.libertas-institut.com\/fr\/news\/news-archiv-2008\/#breadcrumb\"},\"inLanguage\":\"de\",\"potentialAction\":[{\"@type\":\"ReadAction\",\"target\":[\"https:\/\/www.libertas-institut.com\/fr\/news\/news-archiv-2008\/\"]}]},{\"@type\":\"BreadcrumbList\",\"@id\":\"https:\/\/www.libertas-institut.com\/fr\/news\/news-archiv-2008\/#breadcrumb\",\"itemListElement\":[{\"@type\":\"ListItem\",\"position\":1,\"name\":\"Home\",\"item\":\"https:\/\/www.libertas-institut.com\/fr\/\"},{\"@type\":\"ListItem\",\"position\":2,\"name\":\"News\",\"item\":\"https:\/\/www.libertas-institut.com\/fr\/news\/\"},{\"@type\":\"ListItem\",\"position\":3,\"name\":\"News Archiv 2008\"}]},{\"@type\":\"WebSite\",\"@id\":\"https:\/\/www.libertas-institut.com\/fr\/#website\",\"url\":\"https:\/\/www.libertas-institut.com\/fr\/\",\"name\":\"Libertas-fr\",\"description\":\"\u00a9 by Libertas GmbH\",\"potentialAction\":[{\"@type\":\"SearchAction\",\"target\":{\"@type\":\"EntryPoint\",\"urlTemplate\":\"https:\/\/www.libertas-institut.com\/fr\/?s={search_term_string}\"},\"query-input\":{\"@type\":\"PropertyValueSpecification\",\"valueRequired\":true,\"valueName\":\"search_term_string\"}}],\"inLanguage\":\"de\"}]}<\/script>\n<!-- \/ Yoast SEO plugin. -->","yoast_head_json":{"title":"News Archiv 2008 - Libertas-fr","robots":{"index":"index","follow":"follow","max-snippet":"max-snippet:-1","max-image-preview":"max-image-preview:large","max-video-preview":"max-video-preview:-1"},"canonical":"https:\/\/www.libertas-institut.com\/fr\/news\/news-archiv-2008\/","og_locale":"de_DE","og_type":"article","og_title":"News Archiv 2008 - Libertas-fr","og_description":"News Archiv 2008 Libertas is not quite LIBERTAS: LIBERTAS \u2013 European Institute on \u201eThe Libertas Institute\u201c of eurosceptics in Ireland \u201cSince some time before the Irish referendum on the EU Lisbon Treaty we have observed that the main frontwind against this Draft Treaty came from an organization named \u2018The Libertas Institute\u2019. We don\u2019t want to [&hellip;]","og_url":"https:\/\/www.libertas-institut.com\/fr\/news\/news-archiv-2008\/","og_site_name":"Libertas-fr","article_modified_time":"2024-07-15T18:20:24+00:00","twitter_misc":{"Gesch\u00e4tzte Lesezeit":"1\u00a0Minute"},"schema":{"@context":"https:\/\/schema.org","@graph":[{"@type":"WebPage","@id":"https:\/\/www.libertas-institut.com\/fr\/news\/news-archiv-2008\/","url":"https:\/\/www.libertas-institut.com\/fr\/news\/news-archiv-2008\/","name":"News Archiv 2008 - Libertas-fr","isPartOf":{"@id":"https:\/\/www.libertas-institut.com\/fr\/#website"},"datePublished":"2014-09-09T20:55:31+00:00","dateModified":"2024-07-15T18:20:24+00:00","breadcrumb":{"@id":"https:\/\/www.libertas-institut.com\/fr\/news\/news-archiv-2008\/#breadcrumb"},"inLanguage":"de","potentialAction":[{"@type":"ReadAction","target":["https:\/\/www.libertas-institut.com\/fr\/news\/news-archiv-2008\/"]}]},{"@type":"BreadcrumbList","@id":"https:\/\/www.libertas-institut.com\/fr\/news\/news-archiv-2008\/#breadcrumb","itemListElement":[{"@type":"ListItem","position":1,"name":"Home","item":"https:\/\/www.libertas-institut.com\/fr\/"},{"@type":"ListItem","position":2,"name":"News","item":"https:\/\/www.libertas-institut.com\/fr\/news\/"},{"@type":"ListItem","position":3,"name":"News Archiv 2008"}]},{"@type":"WebSite","@id":"https:\/\/www.libertas-institut.com\/fr\/#website","url":"https:\/\/www.libertas-institut.com\/fr\/","name":"Libertas-fr","description":"\u00a9 by Libertas GmbH","potentialAction":[{"@type":"SearchAction","target":{"@type":"EntryPoint","urlTemplate":"https:\/\/www.libertas-institut.com\/fr\/?s={search_term_string}"},"query-input":{"@type":"PropertyValueSpecification","valueRequired":true,"valueName":"search_term_string"}}],"inLanguage":"de"}]}},"_links":{"self":[{"href":"https:\/\/www.libertas-institut.com\/fr\/wp-json\/wp\/v2\/pages\/245","targetHints":{"allow":["GET"]}}],"collection":[{"href":"https:\/\/www.libertas-institut.com\/fr\/wp-json\/wp\/v2\/pages"}],"about":[{"href":"https:\/\/www.libertas-institut.com\/fr\/wp-json\/wp\/v2\/types\/page"}],"author":[{"embeddable":true,"href":"https:\/\/www.libertas-institut.com\/fr\/wp-json\/wp\/v2\/users\/1"}],"replies":[{"embeddable":true,"href":"https:\/\/www.libertas-institut.com\/fr\/wp-json\/wp\/v2\/comments?post=245"}],"version-history":[{"count":0,"href":"https:\/\/www.libertas-institut.com\/fr\/wp-json\/wp\/v2\/pages\/245\/revisions"}],"up":[{"embeddable":true,"href":"https:\/\/www.libertas-institut.com\/fr\/wp-json\/wp\/v2\/pages\/60"}],"wp:attachment":[{"href":"https:\/\/www.libertas-institut.com\/fr\/wp-json\/wp\/v2\/media?parent=245"}],"curies":[{"name":"wp","href":"https:\/\/api.w.org\/{rel}","templated":true}]}}