{"id":33,"date":"2014-07-26T15:02:23","date_gmt":"2014-07-26T13:02:23","guid":{"rendered":"http:\/\/www.libertas-institut.com\/fr\/elargissement-balkan-cei\/"},"modified":"2025-05-17T11:44:22","modified_gmt":"2025-05-17T09:44:22","slug":"elargissement-balkan-cei","status":"publish","type":"page","link":"https:\/\/www.libertas-institut.com\/fr\/elargissement-balkan-cei\/","title":{"rendered":"Elargissement, Balkan, CEI"},"content":{"rendered":"<h1 style=\"text-align: center\">Elargissement UE, Balkan &amp; CEI<\/h1>\n<ul>\n<li>LIBERTAS \u2013 European Institute designed and delivered in July 2010 a <strong>two week training for the Chamber of Commerce and Industry of Tajikistan in Berlin-K\u00f6penick, <\/strong>on behalf of an EU project in this Central Asian country, the German InWEnt gGmbH and in cooperationwith Bildungszentrum am M\u00fcggelsee (Training Centre Mueggelsee). <a title=\"Tajikistandelegation\" href=\"https:\/\/www.libertas-institut.com\/fr\/elargissement-balkan-cei\/tajikistandelegation\/\">more \u2026<\/a><\/li>\n<\/ul>\n<ul>\n<li><strong>Training for ministerial civil servants in Kyrgyzstan: <\/strong>In Bishkek, in the mid of July 2007 <a href=\"http:\/\/www.libertas-institut.com\/uk\/Mittel-Osteuropa\/CIS_KG_SeminarsDiplAcad0707_EN.pdf\">more&#8230;<\/a><\/li>\n<\/ul>\n<h2>1. Enlargement &#8211; General<\/h2>\n<ul>\n<li>&#8222;Strategy Paper of the European Commission on\u00a0 progress in the enlargement process <a href=\"http:\/\/www.libertas-institut.com\/de\/Mittel-Osteuropa\/strategy_paper_de.pdf\">DE<\/a>, <a href=\"http:\/\/www.libertas-institut.com\/de\/Mittel-Osteuropa\/strategy_paper_en.pdf\">EN<\/a>, <a href=\"http:\/\/www.libertas-institut.com\/de\/Mittel-Osteuropa\/strategy_paper_fr.pdf\">FR<\/a> (download pdf)<\/li>\n<li>Hans-J\u00fcrgen Zahorka (DE): <a href=\"http:\/\/www.libertas-institut.com\/de\/PDF\/BVBC_Potsdam_220404.pdf\">&#8222;Welche Grenzen hat die Erweiterung der Europ\u00e4ischen Union&#8220;<\/a>Vortrag beim Bundeskongress 2004 des BVBC 22.4.2004<\/li>\n<\/ul>\n<h2>2. Turkey<\/h2>\n<ul>\n<li>&#8222;Regular Report on Turkey&#8217;s progress towards accession&#8220;, 6.10.2004 <a href=\"http:\/\/www.libertas-institut.com\/de\/Mittel-Osteuropa\/rr_tr_2004_de.pdf\">DE<\/a>, <a href=\"http:\/\/www.libertas-institut.com\/de\/Mittel-Osteuropa\/rr_tr_2004_en.pdf\">EN<\/a>, <a href=\"http:\/\/www.libertas-institut.com\/de\/Mittel-Osteuropa\/rr_tr_2004_fr.pdf\">FR<\/a> (download pdf)<\/li>\n<li>Communication from the Commission to the Council and the European Parlament: &#8222;Recommendation of the European Commission on Turkey&#8217;s progress towards accession&#8220; <a href=\"http:\/\/www.libertas-institut.com\/de\/Mittel-Osteuropa\/tr_recommendation_de.pdf\">DE<\/a>, <a href=\"http:\/\/www.libertas-institut.com\/de\/Mittel-Osteuropa\/tr_recommendation_en.pdf\">EN<\/a>, <a href=\"http:\/\/www.libertas-institut.com\/de\/Mittel-Osteuropa\/tr_recommendation_fr.pdf\">FR<\/a> (download pdf)<\/li>\n<\/ul>\n<h2>3. Balkan<\/h2>\n<ul>\n<li><strong>Bosnia and Hercegovina<br \/>\n<\/strong><a href=\"https:\/\/www.libertas-institut.com\/en\/enlargements-balkan-cis\/bosnia_and_hercegovina\/\" target=\"_blank\" rel=\"noopener\"><strong>more&#8230;<\/strong><\/a>(English, Bosnian)<\/li>\n<li><strong>Kosovo <\/strong>Investing in Kosovo (Dokuments in English and Albanian) <a title=\"Investing in Kosovo\" href=\"https:\/\/www.libertas-institut.com\/fr\/elargissement-balkan-cei\/investing-in-kosovo\/\">more&#8230;<\/a><\/li>\n<\/ul>\n<ul>\n<li><a title=\"Investing in Kosovo\" href=\"https:\/\/www.libertas-institut.com\/fr\/elargissement-balkan-cei\/investing-in-kosovo\/\">Public-Private Partnerships (PPP)<\/a><\/li>\n<\/ul>\n<ul>\n<li>\u00a0<strong>Macedonia<\/strong> (English)\n<ul>\n<li>&#8222;European Union Law for Small &amp; Medium Enterprises in Macedonia&#8220; &#8211; edited by Hans-J\u00fcrgen Zahorka, Marija Risteska, Juliana Dimovska <a href=\"http:\/\/www.libertas-institut.com\/de\/PDF\/MK_pub.pdf\">download&#8230;<\/a><\/li>\n<li>Republic of Macedonia (English) Les pages officielles du projet UE &#8222;Technical Assistance to Draft Trade Laws&#8220; (assistance technique pour la r\u00e9daction des lois \u00e9conomiques). Entreprises, investisseurs potentiels, juristes, avocats, conseillers fiscaux et commerciaux sont invit\u00e9s \u00e0 t\u00e9l\u00e9charger les lois nationales et europ\u00e9ennes.<\/li>\n<li>Centre for Research and Policy Making (CRPM) &#8211; a Think Tank in Macedonia <a href=\"http:\/\/www.libertas-institut.com\/de\/PDF\/CRPM_MK.pdf\">more&#8230; <\/a>Contact: Mr. Zidas Daskalovski, PhD, Senior Analyst, e-mail:<a href=\"mailto:crpm@europe.com\">crpm@europe.com<\/a>,<a href=\"http:\/\/www.crpm.org.mk\/\">www.crpm.org.mk<\/a><\/li>\n<li>&#8222;<a href=\"http:\/\/www.libertas-institut.com\/de\/Mittel-Osteuropa\/ECOG.Presentation_MK30.05.05_ZAHORKA.pdf\">The Chances for Macedonian Economy and Managerial Legislative and Administrative Quality<\/a>&#8220; by Hans-J\u00fcrgen Zahorka, ECOQ Quality Day in Skopje\/Macedonia, 30.5.2005<\/li>\n<\/ul>\n<\/li>\n<\/ul>\n<h2>4. GUS<\/h2>\n<ul>\n<li><strong>Armenia <\/strong>\n<ul>\n<li><a href=\"http:\/\/www.libertas-institut.com\/de\/PDF\/Armenia%20ante%20portas.pdf\">Armenia<\/a> (English, pdf) Here you can download an article by Hans-J\u00fcrgen Zahorka on the approach of Armenia to the EU, including a scenario of a possible EU accession of Armenia<\/li>\n<li>Hans-J\u00fcrgen Zahorka: &#8222;<a href=\"http:\/\/www.libertas-institut.com\/de\/PDF\/ArmeniaDE.pdf\">Wie Armenien der Europ\u00e4ischen Union n\u00e4her kommen k\u00f6nnte<\/a>&#8220; (Deutsch, pdf) aus ADK 1-2\/2003 (Armenisch-Deutsche Korrespondenz, Vierteljahresschrift der Deutsch-Armenischen Gesellschaft)<\/li>\n<\/ul>\n<\/li>\n<\/ul>\n<ul>\n<li><strong>Georgia <\/strong>(English) <a title=\"Georgia\" href=\"https:\/\/www.libertas-institut.com\/fr\/elargissement-balkan-cei\/georgia\/\">more&#8230; <\/a>You need a speaker on European Affairs in Georgia? &#8211; see <a href=\"https:\/\/www.libertas-institut.com\/training-in-eu-affairs\/team-europe-georgia\/\" target=\"_blank\" rel=\"noopener\">Team Europe Georgia<\/a>\n<ul>\n<li>For cooperation in European Affairs and Caucasus regional questions: Georgian Foundation for Strategic and International Studies (GFSIS) in Tiblisi www.gfsis.org<\/li>\n<\/ul>\n<\/li>\n<\/ul>\n<ul>\n<li><strong>Kyrgyzstan <\/strong><a title=\"Kyrgyztan\" href=\"https:\/\/www.libertas-institut.com\/fr\/elargissement-balkan-cei\/kyrgyztan\/\">more&#8230;<\/a> (English, Dokumente teilweise in Deutsch)<\/li>\n<\/ul>\n<ul>\n<li><strong>Russia <\/strong>(English) Approximation of Legislation in Labour Law (Papers for the EU Labour Legislation and Arbitration Project, Moscow 2004):\n<ul>\n<li>Personnel Leasing in the EU &#8211; and the consequences for Russia <a href=\"http:\/\/www.libertas-institut.com\/de\/PDF\/PersonnelLeasing.pdf\">more&#8230;<\/a> (pdf), <a href=\"http:\/\/www.libertas-institut.com\/de\/Mittel-Osteuropa\/Trudsud_PersonnelLeasing_RU_2004.pdf\">RU<\/a><\/li>\n<li>Mediation in Labour Relations: What Can Be Learned From the North American and EU Examples? <a href=\"http:\/\/www.libertas-institut.com\/de\/PDF\/Mediation.pdf\">more&#8230;<\/a> (pdf), <a href=\"http:\/\/www.libertas-institut.com\/de\/Mittel-Osteuropa\/Trudsud_Mediation_RU_2004.pdf\">RU<\/a><\/li>\n<li>Pre-Court Labour Dispute Settlements, Mediation and EU Law: Some Consequences for Russia <a href=\"http:\/\/www.libertas-institut.com\/de\/PDF\/SoftLabourDisputeSettlements.pdf\">more&#8230;<\/a> (pdf)<\/li>\n<\/ul>\n<\/li>\n<\/ul>\n<p>LIBERTAS observe et participe \u00e0 la (re-)construction des structures d\u00e9mocratiques lib\u00e9ralis\u00e9es dans les pays d\u2019Europe centrale et orientale qui sont port\u00e9s candidats \u00e0 l\u2019Union europ\u00e9enne. LIBERTAS en coop\u00e9ration avec des partenaires de Slov\u00e9nie et de Mac\u00e9doine (FYROM) pr\u00e9pare et donne des cours de Droit et de Commerce. LIBERTAS a particip\u00e9 \u00e0 divers projets dans de nombreux pays d\u2019Europe centrale et orientale, projets en partie organis\u00e9s par le programme Phare de l\u2019Union europ\u00e9enne. Des exp\u00e9riences sp\u00e9cifiques existent pour les pays suivants:<\/p>\n<p>&nbsp;<\/p>\n<table style=\"height: 252px\" width=\"604\">\n<tbody>\n<tr>\n<td><strong>R\u00e9publique Tch\u00e8que<\/strong><\/td>\n<td>s\u00e9minaires pour la Czech Manager Association<\/td>\n<\/tr>\n<tr>\n<td><strong>Hongrie<\/strong><\/td>\n<td>s\u00e9minaires sur le March\u00e9 Unique europ\u00e9en,<\/td>\n<\/tr>\n<tr>\n<td><strong>Pologne<\/strong><\/td>\n<td>formation pour Akademia Economicna \u00e0 l\u2019Universit\u00e9 de Katowice,<\/td>\n<\/tr>\n<tr>\n<td><strong>Slov\u00e9nie<\/strong><\/td>\n<td>interventions pour une association d\u2019affaires concernant le commerce ext\u00e9rieur, le March\u00e9 Unique de l\u2019UE et l\u2019investissement, des \u00e9tudes se rapportant aux coop\u00e9rations entre entreprises ; intervention en tant que Chef d\u2019\u00e9quipe, programme Phare de l\u2019UE <em>Rapprochement de la l\u00e9gislation,<\/em><\/td>\n<\/tr>\n<tr>\n<td><strong>Lituanie<\/strong><\/td>\n<td>s\u00e9minaires pour le mouvement de coop\u00e9ration,<\/td>\n<\/tr>\n<tr>\n<td><strong>Roumanie<\/strong><strong><br \/>\n<\/strong><\/td>\n<td>formation au commerce ext\u00e9rieur pour des banques priv\u00e9es,<\/td>\n<\/tr>\n<tr>\n<td><strong>Croatie<\/strong><\/td>\n<td>s\u00e9minaires sur le March\u00e9 Unique de l\u2019UE et le tourisme europ\u00e9en,<\/td>\n<\/tr>\n<tr>\n<td><strong>Mac\u00e9doine<\/strong><\/td>\n<td>interventions pour une ONG concernant le commerce ext\u00e9rieur et l\u2019investissement ; conseil aux membres du gouvernement,<\/td>\n<\/tr>\n<tr>\n<td><strong>Bi\u00e9lorussie<\/strong><\/td>\n<td>enseignement du Droit commercial et douanier dans l\u2019UE,<\/td>\n<\/tr>\n<tr>\n<td><strong>Russie<\/strong><\/td>\n<td>s\u00e9minaires sur le March\u00e9 Unique de l\u2019UE.<\/td>\n<\/tr>\n<\/tbody>\n<\/table>\n<p>&nbsp;<\/p>\n<p>Avec son exp\u00e9rience de la r\u00e9gion des Balkans, l\u2019\u00e9quipe de LIBERTAS a ainsi effectu\u00e9 quelques \u00e9tudes concernant l\u2019avenir de cette r\u00e9gion ; elle a ainsi pr\u00e9par\u00e9 des conf\u00e9rences et est intervenue par des allocutions dans des s\u00e9minaires.<\/p>\n<p><em>Contact: Mr. Hans-J\u00fcrgen Zahorka<\/em><\/p>\n<p><em>E-Mail: <\/em><em><a href=\"mailto:zahorka@libertas-institut.com\">zahorka@libertas-institut.com<\/a><\/em><\/p>\n<p>&nbsp;<\/p>\n","protected":false},"excerpt":{"rendered":"<p>Elargissement UE, Balkan &amp; CEI LIBERTAS \u2013 European Institute designed and delivered in July 2010 a two week training for the Chamber of Commerce and Industry of Tajikistan in Berlin-K\u00f6penick, on behalf of an EU project in this Central Asian country, the German InWEnt gGmbH and in cooperationwith Bildungszentrum am M\u00fcggelsee (Training Centre Mueggelsee). more [&hellip;]<\/p>\n","protected":false},"author":1,"featured_media":0,"parent":0,"menu_order":20,"comment_status":"open","ping_status":"open","template":"","meta":{"_bbp_topic_count":0,"_bbp_reply_count":0,"_bbp_total_topic_count":0,"_bbp_total_reply_count":0,"_bbp_voice_count":0,"_bbp_anonymous_reply_count":0,"_bbp_topic_count_hidden":0,"_bbp_reply_count_hidden":0,"_bbp_forum_subforum_count":0,"footnotes":""},"class_list":["post-33","page","type-page","status-publish","hentry"],"yoast_head":"<!-- This site is optimized with the Yoast SEO plugin v26.4 - https:\/\/yoast.com\/wordpress\/plugins\/seo\/ -->\n<title>Elargissement, Balkan, CEI - Libertas-fr<\/title>\n<meta name=\"robots\" content=\"index, follow, max-snippet:-1, max-image-preview:large, max-video-preview:-1\" \/>\n<link rel=\"canonical\" href=\"https:\/\/www.libertas-institut.com\/fr\/elargissement-balkan-cei\/\" \/>\n<meta property=\"og:locale\" content=\"de_DE\" \/>\n<meta property=\"og:type\" content=\"article\" \/>\n<meta property=\"og:title\" content=\"Elargissement, Balkan, CEI - Libertas-fr\" \/>\n<meta property=\"og:description\" content=\"Elargissement UE, Balkan &amp; CEI LIBERTAS \u2013 European Institute designed and delivered in July 2010 a two week training for the Chamber of Commerce and Industry of Tajikistan in Berlin-K\u00f6penick, on behalf of an EU project in this Central Asian country, the German InWEnt gGmbH and in cooperationwith Bildungszentrum am M\u00fcggelsee (Training Centre Mueggelsee). more [&hellip;]\" \/>\n<meta property=\"og:url\" content=\"https:\/\/www.libertas-institut.com\/fr\/elargissement-balkan-cei\/\" \/>\n<meta property=\"og:site_name\" content=\"Libertas-fr\" \/>\n<meta property=\"article:modified_time\" content=\"2025-05-17T09:44:22+00:00\" \/>\n<meta name=\"twitter:label1\" content=\"Gesch\u00e4tzte Lesezeit\" \/>\n\t<meta name=\"twitter:data1\" content=\"4\u00a0Minuten\" \/>\n<script type=\"application\/ld+json\" class=\"yoast-schema-graph\">{\"@context\":\"https:\/\/schema.org\",\"@graph\":[{\"@type\":\"WebPage\",\"@id\":\"https:\/\/www.libertas-institut.com\/fr\/elargissement-balkan-cei\/\",\"url\":\"https:\/\/www.libertas-institut.com\/fr\/elargissement-balkan-cei\/\",\"name\":\"Elargissement, Balkan, CEI - Libertas-fr\",\"isPartOf\":{\"@id\":\"https:\/\/www.libertas-institut.com\/fr\/#website\"},\"datePublished\":\"2014-07-26T13:02:23+00:00\",\"dateModified\":\"2025-05-17T09:44:22+00:00\",\"breadcrumb\":{\"@id\":\"https:\/\/www.libertas-institut.com\/fr\/elargissement-balkan-cei\/#breadcrumb\"},\"inLanguage\":\"de\",\"potentialAction\":[{\"@type\":\"ReadAction\",\"target\":[\"https:\/\/www.libertas-institut.com\/fr\/elargissement-balkan-cei\/\"]}]},{\"@type\":\"BreadcrumbList\",\"@id\":\"https:\/\/www.libertas-institut.com\/fr\/elargissement-balkan-cei\/#breadcrumb\",\"itemListElement\":[{\"@type\":\"ListItem\",\"position\":1,\"name\":\"Home\",\"item\":\"https:\/\/www.libertas-institut.com\/fr\/\"},{\"@type\":\"ListItem\",\"position\":2,\"name\":\"Elargissement, Balkan, CEI\"}]},{\"@type\":\"WebSite\",\"@id\":\"https:\/\/www.libertas-institut.com\/fr\/#website\",\"url\":\"https:\/\/www.libertas-institut.com\/fr\/\",\"name\":\"Libertas-fr\",\"description\":\"\u00a9 by Libertas GmbH\",\"potentialAction\":[{\"@type\":\"SearchAction\",\"target\":{\"@type\":\"EntryPoint\",\"urlTemplate\":\"https:\/\/www.libertas-institut.com\/fr\/?s={search_term_string}\"},\"query-input\":{\"@type\":\"PropertyValueSpecification\",\"valueRequired\":true,\"valueName\":\"search_term_string\"}}],\"inLanguage\":\"de\"}]}<\/script>\n<!-- \/ Yoast SEO plugin. -->","yoast_head_json":{"title":"Elargissement, Balkan, CEI - Libertas-fr","robots":{"index":"index","follow":"follow","max-snippet":"max-snippet:-1","max-image-preview":"max-image-preview:large","max-video-preview":"max-video-preview:-1"},"canonical":"https:\/\/www.libertas-institut.com\/fr\/elargissement-balkan-cei\/","og_locale":"de_DE","og_type":"article","og_title":"Elargissement, Balkan, CEI - Libertas-fr","og_description":"Elargissement UE, Balkan &amp; CEI LIBERTAS \u2013 European Institute designed and delivered in July 2010 a two week training for the Chamber of Commerce and Industry of Tajikistan in Berlin-K\u00f6penick, on behalf of an EU project in this Central Asian country, the German InWEnt gGmbH and in cooperationwith Bildungszentrum am M\u00fcggelsee (Training Centre Mueggelsee). more [&hellip;]","og_url":"https:\/\/www.libertas-institut.com\/fr\/elargissement-balkan-cei\/","og_site_name":"Libertas-fr","article_modified_time":"2025-05-17T09:44:22+00:00","twitter_misc":{"Gesch\u00e4tzte Lesezeit":"4\u00a0Minuten"},"schema":{"@context":"https:\/\/schema.org","@graph":[{"@type":"WebPage","@id":"https:\/\/www.libertas-institut.com\/fr\/elargissement-balkan-cei\/","url":"https:\/\/www.libertas-institut.com\/fr\/elargissement-balkan-cei\/","name":"Elargissement, Balkan, CEI - Libertas-fr","isPartOf":{"@id":"https:\/\/www.libertas-institut.com\/fr\/#website"},"datePublished":"2014-07-26T13:02:23+00:00","dateModified":"2025-05-17T09:44:22+00:00","breadcrumb":{"@id":"https:\/\/www.libertas-institut.com\/fr\/elargissement-balkan-cei\/#breadcrumb"},"inLanguage":"de","potentialAction":[{"@type":"ReadAction","target":["https:\/\/www.libertas-institut.com\/fr\/elargissement-balkan-cei\/"]}]},{"@type":"BreadcrumbList","@id":"https:\/\/www.libertas-institut.com\/fr\/elargissement-balkan-cei\/#breadcrumb","itemListElement":[{"@type":"ListItem","position":1,"name":"Home","item":"https:\/\/www.libertas-institut.com\/fr\/"},{"@type":"ListItem","position":2,"name":"Elargissement, Balkan, CEI"}]},{"@type":"WebSite","@id":"https:\/\/www.libertas-institut.com\/fr\/#website","url":"https:\/\/www.libertas-institut.com\/fr\/","name":"Libertas-fr","description":"\u00a9 by Libertas GmbH","potentialAction":[{"@type":"SearchAction","target":{"@type":"EntryPoint","urlTemplate":"https:\/\/www.libertas-institut.com\/fr\/?s={search_term_string}"},"query-input":{"@type":"PropertyValueSpecification","valueRequired":true,"valueName":"search_term_string"}}],"inLanguage":"de"}]}},"_links":{"self":[{"href":"https:\/\/www.libertas-institut.com\/fr\/wp-json\/wp\/v2\/pages\/33","targetHints":{"allow":["GET"]}}],"collection":[{"href":"https:\/\/www.libertas-institut.com\/fr\/wp-json\/wp\/v2\/pages"}],"about":[{"href":"https:\/\/www.libertas-institut.com\/fr\/wp-json\/wp\/v2\/types\/page"}],"author":[{"embeddable":true,"href":"https:\/\/www.libertas-institut.com\/fr\/wp-json\/wp\/v2\/users\/1"}],"replies":[{"embeddable":true,"href":"https:\/\/www.libertas-institut.com\/fr\/wp-json\/wp\/v2\/comments?post=33"}],"version-history":[{"count":0,"href":"https:\/\/www.libertas-institut.com\/fr\/wp-json\/wp\/v2\/pages\/33\/revisions"}],"wp:attachment":[{"href":"https:\/\/www.libertas-institut.com\/fr\/wp-json\/wp\/v2\/media?parent=33"}],"curies":[{"name":"wp","href":"https:\/\/api.w.org\/{rel}","templated":true}]}}