{"id":37,"date":"2014-07-26T15:02:23","date_gmt":"2014-07-26T13:02:23","guid":{"rendered":"http:\/\/www.libertas-institut.com\/fr\/conseil\/"},"modified":"2024-07-15T20:20:24","modified_gmt":"2024-07-15T18:20:24","slug":"conseil","status":"publish","type":"page","link":"https:\/\/www.libertas-institut.com\/fr\/conseil\/","title":{"rendered":"Conseil"},"content":{"rendered":"<h1 style=\"text-align: center\">Conseil<\/h1>\n<ul>\n<li><strong>International Location Decisions (Macro Location Analysis) <\/strong><a href=\"http:\/\/www.libertas-institut.com\/de\/PDF\/International_Location_Decisions.pdf\">more&#8230;<\/a><\/li>\n<\/ul>\n<ul>\n<li><strong>Une analyse europ\u00e9enne et internationale <\/strong>Laissez-nous constater des zones de probl\u00e8mes pour le nouveau march\u00e9 unique europ\u00e9en, \u00e9largi depuis mai 2004, mais aussi pour les points de contact internationaux nombreux (comme C.E.I., Asie, ACP, NAFTA etc.), et laissez-nous \u00e9laborer vos point forts et vos chances. Pour votre strat\u00e9gie europ\u00e9enne d\u2019entreprise. <a href=\"http:\/\/www.libertas-institut.com\/fr\/Beratung\/EU%20Enterprise%20Analysis.pdf\">Plus d\u2019informations\u2026<\/a><\/li>\n<\/ul>\n<ul>\n<li><strong>Service for Public Procurement<\/strong>: Daily topical invitations to bid, interesting for your enterprise, for very little costs, compared to the amount for daily checking of the relevant web pages by your own staff. <a href=\"https:\/\/www.libertas-institut.com\/fr\/public-procurement-service\/\">more&#8230;<\/a><\/li>\n<\/ul>\n<ul>\n<li><strong>e-business<\/strong> (only in DE)<\/li>\n<\/ul>\n<ul>\n<li>LIBERTAS conseille r\u00e9guli\u00e8rement les compagnies d\u2019assurance, les banques, les entreprises et associations \u00e0 travers toute l\u2019Europe sur des sujets tels que :\n<ul>\n<li>Le monde des affaires dans les pays d\u2019Europe centrale et orientale;<\/li>\n<li>Les politiques de distribution et de marketing, achat\/approvisionnement, y compris le commerce \u00e9lectronique &#8230;etc.;<\/li>\n<li>La coop\u00e9ration europ\u00e9enne entre les entreprises et\/ou le secteur public, sans oublier les aides financi\u00e8res europ\u00e9ennes;<\/li>\n<li>Les instruments juridiques pr\u00e9vus pour les coop\u00e9rations transfrontali\u00e8res par le Droit europ\u00e9en des soci\u00e9t\u00e9s, en particulier le GEIE;<\/li>\n<li>Les probl\u00e8mes de gestion de l\u2019approvisionnement et des ressources humaines au niveau international;<\/li>\n<li>LIBERTAS est intervenu en Italie \u00e0 Padova, en tant que coorganisateur allemand de plusieurs activit\u00e9s d\u2019INTERPRISE avec la CNA (Confederazione Artigianato e Piccole Imprese);<\/li>\n<li>D\u2019autres mati\u00e8res telles que le commerce europ\u00e9en et international, l\u2019investissement et la globalisation, ou la prestation de conseils pour les zones de libre-\u00e9change &#8230;etc., entrent aussi dans le champs d\u2019activit\u00e9 de LIBERTAS.<\/li>\n<\/ul>\n<\/li>\n<\/ul>\n","protected":false},"excerpt":{"rendered":"<p>Conseil International Location Decisions (Macro Location Analysis) more&#8230; Une analyse europ\u00e9enne et internationale Laissez-nous constater des zones de probl\u00e8mes pour le nouveau march\u00e9 unique europ\u00e9en, \u00e9largi depuis mai 2004, mais aussi pour les points de contact internationaux nombreux (comme C.E.I., Asie, ACP, NAFTA etc.), et laissez-nous \u00e9laborer vos point forts et vos chances. Pour votre [&hellip;]<\/p>\n","protected":false},"author":1,"featured_media":0,"parent":0,"menu_order":24,"comment_status":"open","ping_status":"open","template":"","meta":{"_bbp_topic_count":0,"_bbp_reply_count":0,"_bbp_total_topic_count":0,"_bbp_total_reply_count":0,"_bbp_voice_count":0,"_bbp_anonymous_reply_count":0,"_bbp_topic_count_hidden":0,"_bbp_reply_count_hidden":0,"_bbp_forum_subforum_count":0,"footnotes":""},"class_list":["post-37","page","type-page","status-publish","hentry"],"yoast_head":"<!-- This site is optimized with the Yoast SEO plugin v26.4 - https:\/\/yoast.com\/wordpress\/plugins\/seo\/ -->\n<title>Conseil - Libertas-fr<\/title>\n<meta name=\"robots\" content=\"index, follow, max-snippet:-1, max-image-preview:large, max-video-preview:-1\" \/>\n<link rel=\"canonical\" href=\"https:\/\/www.libertas-institut.com\/fr\/conseil\/\" \/>\n<meta property=\"og:locale\" content=\"de_DE\" \/>\n<meta property=\"og:type\" content=\"article\" \/>\n<meta property=\"og:title\" content=\"Conseil - Libertas-fr\" \/>\n<meta property=\"og:description\" content=\"Conseil International Location Decisions (Macro Location Analysis) more&#8230; Une analyse europ\u00e9enne et internationale Laissez-nous constater des zones de probl\u00e8mes pour le nouveau march\u00e9 unique europ\u00e9en, \u00e9largi depuis mai 2004, mais aussi pour les points de contact internationaux nombreux (comme C.E.I., Asie, ACP, NAFTA etc.), et laissez-nous \u00e9laborer vos point forts et vos chances. Pour votre [&hellip;]\" \/>\n<meta property=\"og:url\" content=\"https:\/\/www.libertas-institut.com\/fr\/conseil\/\" \/>\n<meta property=\"og:site_name\" content=\"Libertas-fr\" \/>\n<meta property=\"article:modified_time\" content=\"2024-07-15T18:20:24+00:00\" \/>\n<meta name=\"twitter:label1\" content=\"Gesch\u00e4tzte Lesezeit\" \/>\n\t<meta name=\"twitter:data1\" content=\"1\u00a0Minute\" \/>\n<script type=\"application\/ld+json\" class=\"yoast-schema-graph\">{\"@context\":\"https:\/\/schema.org\",\"@graph\":[{\"@type\":\"WebPage\",\"@id\":\"https:\/\/www.libertas-institut.com\/fr\/conseil\/\",\"url\":\"https:\/\/www.libertas-institut.com\/fr\/conseil\/\",\"name\":\"Conseil - Libertas-fr\",\"isPartOf\":{\"@id\":\"https:\/\/www.libertas-institut.com\/fr\/#website\"},\"datePublished\":\"2014-07-26T13:02:23+00:00\",\"dateModified\":\"2024-07-15T18:20:24+00:00\",\"breadcrumb\":{\"@id\":\"https:\/\/www.libertas-institut.com\/fr\/conseil\/#breadcrumb\"},\"inLanguage\":\"de\",\"potentialAction\":[{\"@type\":\"ReadAction\",\"target\":[\"https:\/\/www.libertas-institut.com\/fr\/conseil\/\"]}]},{\"@type\":\"BreadcrumbList\",\"@id\":\"https:\/\/www.libertas-institut.com\/fr\/conseil\/#breadcrumb\",\"itemListElement\":[{\"@type\":\"ListItem\",\"position\":1,\"name\":\"Home\",\"item\":\"https:\/\/www.libertas-institut.com\/fr\/\"},{\"@type\":\"ListItem\",\"position\":2,\"name\":\"Conseil\"}]},{\"@type\":\"WebSite\",\"@id\":\"https:\/\/www.libertas-institut.com\/fr\/#website\",\"url\":\"https:\/\/www.libertas-institut.com\/fr\/\",\"name\":\"Libertas-fr\",\"description\":\"\u00a9 by Libertas GmbH\",\"potentialAction\":[{\"@type\":\"SearchAction\",\"target\":{\"@type\":\"EntryPoint\",\"urlTemplate\":\"https:\/\/www.libertas-institut.com\/fr\/?s={search_term_string}\"},\"query-input\":{\"@type\":\"PropertyValueSpecification\",\"valueRequired\":true,\"valueName\":\"search_term_string\"}}],\"inLanguage\":\"de\"}]}<\/script>\n<!-- \/ Yoast SEO plugin. -->","yoast_head_json":{"title":"Conseil - Libertas-fr","robots":{"index":"index","follow":"follow","max-snippet":"max-snippet:-1","max-image-preview":"max-image-preview:large","max-video-preview":"max-video-preview:-1"},"canonical":"https:\/\/www.libertas-institut.com\/fr\/conseil\/","og_locale":"de_DE","og_type":"article","og_title":"Conseil - Libertas-fr","og_description":"Conseil International Location Decisions (Macro Location Analysis) more&#8230; Une analyse europ\u00e9enne et internationale Laissez-nous constater des zones de probl\u00e8mes pour le nouveau march\u00e9 unique europ\u00e9en, \u00e9largi depuis mai 2004, mais aussi pour les points de contact internationaux nombreux (comme C.E.I., Asie, ACP, NAFTA etc.), et laissez-nous \u00e9laborer vos point forts et vos chances. Pour votre [&hellip;]","og_url":"https:\/\/www.libertas-institut.com\/fr\/conseil\/","og_site_name":"Libertas-fr","article_modified_time":"2024-07-15T18:20:24+00:00","twitter_misc":{"Gesch\u00e4tzte Lesezeit":"1\u00a0Minute"},"schema":{"@context":"https:\/\/schema.org","@graph":[{"@type":"WebPage","@id":"https:\/\/www.libertas-institut.com\/fr\/conseil\/","url":"https:\/\/www.libertas-institut.com\/fr\/conseil\/","name":"Conseil - Libertas-fr","isPartOf":{"@id":"https:\/\/www.libertas-institut.com\/fr\/#website"},"datePublished":"2014-07-26T13:02:23+00:00","dateModified":"2024-07-15T18:20:24+00:00","breadcrumb":{"@id":"https:\/\/www.libertas-institut.com\/fr\/conseil\/#breadcrumb"},"inLanguage":"de","potentialAction":[{"@type":"ReadAction","target":["https:\/\/www.libertas-institut.com\/fr\/conseil\/"]}]},{"@type":"BreadcrumbList","@id":"https:\/\/www.libertas-institut.com\/fr\/conseil\/#breadcrumb","itemListElement":[{"@type":"ListItem","position":1,"name":"Home","item":"https:\/\/www.libertas-institut.com\/fr\/"},{"@type":"ListItem","position":2,"name":"Conseil"}]},{"@type":"WebSite","@id":"https:\/\/www.libertas-institut.com\/fr\/#website","url":"https:\/\/www.libertas-institut.com\/fr\/","name":"Libertas-fr","description":"\u00a9 by Libertas GmbH","potentialAction":[{"@type":"SearchAction","target":{"@type":"EntryPoint","urlTemplate":"https:\/\/www.libertas-institut.com\/fr\/?s={search_term_string}"},"query-input":{"@type":"PropertyValueSpecification","valueRequired":true,"valueName":"search_term_string"}}],"inLanguage":"de"}]}},"_links":{"self":[{"href":"https:\/\/www.libertas-institut.com\/fr\/wp-json\/wp\/v2\/pages\/37","targetHints":{"allow":["GET"]}}],"collection":[{"href":"https:\/\/www.libertas-institut.com\/fr\/wp-json\/wp\/v2\/pages"}],"about":[{"href":"https:\/\/www.libertas-institut.com\/fr\/wp-json\/wp\/v2\/types\/page"}],"author":[{"embeddable":true,"href":"https:\/\/www.libertas-institut.com\/fr\/wp-json\/wp\/v2\/users\/1"}],"replies":[{"embeddable":true,"href":"https:\/\/www.libertas-institut.com\/fr\/wp-json\/wp\/v2\/comments?post=37"}],"version-history":[{"count":0,"href":"https:\/\/www.libertas-institut.com\/fr\/wp-json\/wp\/v2\/pages\/37\/revisions"}],"wp:attachment":[{"href":"https:\/\/www.libertas-institut.com\/fr\/wp-json\/wp\/v2\/media?parent=37"}],"curies":[{"name":"wp","href":"https:\/\/api.w.org\/{rel}","templated":true}]}}