{"id":40,"date":"2014-07-26T15:02:23","date_gmt":"2014-07-26T13:02:23","guid":{"rendered":"http:\/\/www.libertas-institut.com\/fr\/conferences-seminaires\/"},"modified":"2018-12-21T14:19:54","modified_gmt":"2018-12-21T12:19:54","slug":"conferences-seminaires","status":"publish","type":"page","link":"https:\/\/www.libertas-institut.com\/fr\/conferences-seminaires\/","title":{"rendered":"Conf\u00e9rences &amp; Seminaires"},"content":{"rendered":"<h1 style=\"text-align: center\">Conf\u00e9rences, S\u00e9minaires et Workshops<\/h1>\n<h2>Actualit\u00e9<\/h2>\n<p>&nbsp;<\/p>\n<ul>\n<li>LIBERTAS s\u2019est engag\u00e9 dans la mise en place de nombreux s\u00e9minaires, workshops et conf\u00e9rences relatifs aux questions juridique et \u00e9conomique europ\u00e9ennes. G\u00e9n\u00e9ralement l\u2019Institut contribue \u00e0 ces manifestations en offrant \u00e0 l\u2019organisateur les contenus, les intervenants ainsi que la documentation. Les s\u00e9minaires et conf\u00e9rences sont \u00e9galement ouverts au public. <em>contact: Mme. Ute Hirschburger <\/em><em><a href=\"mailto:hirschburger@libertas-institut.com\">hirschburger@libertas-institut.com<\/a><\/em><em>\u00a0<\/em><\/li>\n<\/ul>\n<ul>\n<li>Les meetings organis\u00e9s par LIBERTAS sont les suivants\u00a0:\n<ul>\n<li>s\u00e9minaires concernant le GEIE,<\/li>\n<li>&#8222;workshops&#8220; (ateliers de travail) se rapportant aux pays de l\u2019Europe centrale et orientale,<\/li>\n<li>s\u00e9minaires th\u00e9matiques : l\u2019Euro et le Marketing, l\u2019Euro et la fiscalit\u00e9, ou encore l\u2019Euro et les pays tiers (Suisse, pays d\u2019Afrique, l\u2019Europe centrale et orientale, l\u2019Am\u00e9rique, l\u2019Extr\u00eame Orient&#8230;etc.),<\/li>\n<li>conf\u00e9rences analysant les cons\u00e9quences de l\u2019introduction de l\u2019Euro sur les entreprises, les banques, les consommateurs, le commerce int\u00e9rieur et ext\u00e9rieur&#8230;etc.,<\/li>\n<li>cycle de cours focalis\u00e9s sur le sujet\u00a0: \u00ab\u00a0Economie europ\u00e9enne\u00a0\u00bb propos\u00e9s dans diff\u00e9rentes institutions d\u2019enseignement telles que les \u00ab\u00a0Fachhochschulen\u00a0\u00bb &#8211; universit\u00e9s \u00e0 orientation professionnelle -, les universit\u00e9s, mais aussi dans les \u00e9coles sup\u00e9rieures en compl\u00e9ment de l\u2019enseignement offert par les Chambres de Commerce, sans oublier la participation \u00e0 divers jury d\u2019examen.<\/li>\n<\/ul>\n<\/li>\n<\/ul>\n","protected":false},"excerpt":{"rendered":"<p>Conf\u00e9rences, S\u00e9minaires et Workshops Actualit\u00e9 &nbsp; LIBERTAS s\u2019est engag\u00e9 dans la mise en place de nombreux s\u00e9minaires, workshops et conf\u00e9rences relatifs aux questions juridique et \u00e9conomique europ\u00e9ennes. G\u00e9n\u00e9ralement l\u2019Institut contribue \u00e0 ces manifestations en offrant \u00e0 l\u2019organisateur les contenus, les intervenants ainsi que la documentation. Les s\u00e9minaires et conf\u00e9rences sont \u00e9galement ouverts au public. contact: [&hellip;]<\/p>\n","protected":false},"author":1,"featured_media":0,"parent":0,"menu_order":27,"comment_status":"open","ping_status":"open","template":"","meta":{"_bbp_topic_count":0,"_bbp_reply_count":0,"_bbp_total_topic_count":0,"_bbp_total_reply_count":0,"_bbp_voice_count":0,"_bbp_anonymous_reply_count":0,"_bbp_topic_count_hidden":0,"_bbp_reply_count_hidden":0,"_bbp_forum_subforum_count":0,"footnotes":""},"class_list":["post-40","page","type-page","status-publish","hentry"],"yoast_head":"<!-- This site is optimized with the Yoast SEO plugin v26.4 - https:\/\/yoast.com\/wordpress\/plugins\/seo\/ -->\n<title>Conf\u00e9rences &amp; Seminaires - Libertas-fr<\/title>\n<meta name=\"robots\" content=\"index, follow, max-snippet:-1, max-image-preview:large, max-video-preview:-1\" \/>\n<link rel=\"canonical\" href=\"https:\/\/www.libertas-institut.com\/fr\/conferences-seminaires\/\" \/>\n<meta property=\"og:locale\" content=\"de_DE\" \/>\n<meta property=\"og:type\" content=\"article\" \/>\n<meta property=\"og:title\" content=\"Conf\u00e9rences &amp; Seminaires - Libertas-fr\" \/>\n<meta property=\"og:description\" content=\"Conf\u00e9rences, S\u00e9minaires et Workshops Actualit\u00e9 &nbsp; LIBERTAS s\u2019est engag\u00e9 dans la mise en place de nombreux s\u00e9minaires, workshops et conf\u00e9rences relatifs aux questions juridique et \u00e9conomique europ\u00e9ennes. G\u00e9n\u00e9ralement l\u2019Institut contribue \u00e0 ces manifestations en offrant \u00e0 l\u2019organisateur les contenus, les intervenants ainsi que la documentation. Les s\u00e9minaires et conf\u00e9rences sont \u00e9galement ouverts au public. contact: [&hellip;]\" \/>\n<meta property=\"og:url\" content=\"https:\/\/www.libertas-institut.com\/fr\/conferences-seminaires\/\" \/>\n<meta property=\"og:site_name\" content=\"Libertas-fr\" \/>\n<meta property=\"article:modified_time\" content=\"2018-12-21T12:19:54+00:00\" \/>\n<meta name=\"twitter:label1\" content=\"Gesch\u00e4tzte Lesezeit\" \/>\n\t<meta name=\"twitter:data1\" content=\"1\u00a0Minute\" \/>\n<script type=\"application\/ld+json\" class=\"yoast-schema-graph\">{\"@context\":\"https:\/\/schema.org\",\"@graph\":[{\"@type\":\"WebPage\",\"@id\":\"https:\/\/www.libertas-institut.com\/fr\/conferences-seminaires\/\",\"url\":\"https:\/\/www.libertas-institut.com\/fr\/conferences-seminaires\/\",\"name\":\"Conf\u00e9rences &amp; Seminaires - Libertas-fr\",\"isPartOf\":{\"@id\":\"https:\/\/www.libertas-institut.com\/fr\/#website\"},\"datePublished\":\"2014-07-26T13:02:23+00:00\",\"dateModified\":\"2018-12-21T12:19:54+00:00\",\"breadcrumb\":{\"@id\":\"https:\/\/www.libertas-institut.com\/fr\/conferences-seminaires\/#breadcrumb\"},\"inLanguage\":\"de\",\"potentialAction\":[{\"@type\":\"ReadAction\",\"target\":[\"https:\/\/www.libertas-institut.com\/fr\/conferences-seminaires\/\"]}]},{\"@type\":\"BreadcrumbList\",\"@id\":\"https:\/\/www.libertas-institut.com\/fr\/conferences-seminaires\/#breadcrumb\",\"itemListElement\":[{\"@type\":\"ListItem\",\"position\":1,\"name\":\"Home\",\"item\":\"https:\/\/www.libertas-institut.com\/fr\/\"},{\"@type\":\"ListItem\",\"position\":2,\"name\":\"Conf\u00e9rences &amp; Seminaires\"}]},{\"@type\":\"WebSite\",\"@id\":\"https:\/\/www.libertas-institut.com\/fr\/#website\",\"url\":\"https:\/\/www.libertas-institut.com\/fr\/\",\"name\":\"Libertas-fr\",\"description\":\"\u00a9 by Libertas GmbH\",\"potentialAction\":[{\"@type\":\"SearchAction\",\"target\":{\"@type\":\"EntryPoint\",\"urlTemplate\":\"https:\/\/www.libertas-institut.com\/fr\/?s={search_term_string}\"},\"query-input\":{\"@type\":\"PropertyValueSpecification\",\"valueRequired\":true,\"valueName\":\"search_term_string\"}}],\"inLanguage\":\"de\"}]}<\/script>\n<!-- \/ Yoast SEO plugin. -->","yoast_head_json":{"title":"Conf\u00e9rences &amp; Seminaires - Libertas-fr","robots":{"index":"index","follow":"follow","max-snippet":"max-snippet:-1","max-image-preview":"max-image-preview:large","max-video-preview":"max-video-preview:-1"},"canonical":"https:\/\/www.libertas-institut.com\/fr\/conferences-seminaires\/","og_locale":"de_DE","og_type":"article","og_title":"Conf\u00e9rences &amp; Seminaires - Libertas-fr","og_description":"Conf\u00e9rences, S\u00e9minaires et Workshops Actualit\u00e9 &nbsp; LIBERTAS s\u2019est engag\u00e9 dans la mise en place de nombreux s\u00e9minaires, workshops et conf\u00e9rences relatifs aux questions juridique et \u00e9conomique europ\u00e9ennes. G\u00e9n\u00e9ralement l\u2019Institut contribue \u00e0 ces manifestations en offrant \u00e0 l\u2019organisateur les contenus, les intervenants ainsi que la documentation. Les s\u00e9minaires et conf\u00e9rences sont \u00e9galement ouverts au public. contact: [&hellip;]","og_url":"https:\/\/www.libertas-institut.com\/fr\/conferences-seminaires\/","og_site_name":"Libertas-fr","article_modified_time":"2018-12-21T12:19:54+00:00","twitter_misc":{"Gesch\u00e4tzte Lesezeit":"1\u00a0Minute"},"schema":{"@context":"https:\/\/schema.org","@graph":[{"@type":"WebPage","@id":"https:\/\/www.libertas-institut.com\/fr\/conferences-seminaires\/","url":"https:\/\/www.libertas-institut.com\/fr\/conferences-seminaires\/","name":"Conf\u00e9rences &amp; Seminaires - Libertas-fr","isPartOf":{"@id":"https:\/\/www.libertas-institut.com\/fr\/#website"},"datePublished":"2014-07-26T13:02:23+00:00","dateModified":"2018-12-21T12:19:54+00:00","breadcrumb":{"@id":"https:\/\/www.libertas-institut.com\/fr\/conferences-seminaires\/#breadcrumb"},"inLanguage":"de","potentialAction":[{"@type":"ReadAction","target":["https:\/\/www.libertas-institut.com\/fr\/conferences-seminaires\/"]}]},{"@type":"BreadcrumbList","@id":"https:\/\/www.libertas-institut.com\/fr\/conferences-seminaires\/#breadcrumb","itemListElement":[{"@type":"ListItem","position":1,"name":"Home","item":"https:\/\/www.libertas-institut.com\/fr\/"},{"@type":"ListItem","position":2,"name":"Conf\u00e9rences &amp; Seminaires"}]},{"@type":"WebSite","@id":"https:\/\/www.libertas-institut.com\/fr\/#website","url":"https:\/\/www.libertas-institut.com\/fr\/","name":"Libertas-fr","description":"\u00a9 by Libertas GmbH","potentialAction":[{"@type":"SearchAction","target":{"@type":"EntryPoint","urlTemplate":"https:\/\/www.libertas-institut.com\/fr\/?s={search_term_string}"},"query-input":{"@type":"PropertyValueSpecification","valueRequired":true,"valueName":"search_term_string"}}],"inLanguage":"de"}]}},"_links":{"self":[{"href":"https:\/\/www.libertas-institut.com\/fr\/wp-json\/wp\/v2\/pages\/40","targetHints":{"allow":["GET"]}}],"collection":[{"href":"https:\/\/www.libertas-institut.com\/fr\/wp-json\/wp\/v2\/pages"}],"about":[{"href":"https:\/\/www.libertas-institut.com\/fr\/wp-json\/wp\/v2\/types\/page"}],"author":[{"embeddable":true,"href":"https:\/\/www.libertas-institut.com\/fr\/wp-json\/wp\/v2\/users\/1"}],"replies":[{"embeddable":true,"href":"https:\/\/www.libertas-institut.com\/fr\/wp-json\/wp\/v2\/comments?post=40"}],"version-history":[{"count":0,"href":"https:\/\/www.libertas-institut.com\/fr\/wp-json\/wp\/v2\/pages\/40\/revisions"}],"wp:attachment":[{"href":"https:\/\/www.libertas-institut.com\/fr\/wp-json\/wp\/v2\/media?parent=40"}],"curies":[{"name":"wp","href":"https:\/\/api.w.org\/{rel}","templated":true}]}}