{"id":42,"date":"2014-07-26T15:02:23","date_gmt":"2014-07-26T13:02:23","guid":{"rendered":"http:\/\/www.libertas-institut.com\/fr\/c-v-jobs-trainees\/"},"modified":"2024-07-15T20:21:03","modified_gmt":"2024-07-15T18:21:03","slug":"c-v-jobs-trainees","status":"publish","type":"page","link":"https:\/\/www.libertas-institut.com\/fr\/c-v-jobs-trainees\/","title":{"rendered":"C.V. &#8211; Jobs &#8211; Trainees"},"content":{"rendered":"<h1 style=\"text-align: center\">C.V., Jobs, Stagiaires<\/h1>\n<ul>\n<li><strong>C.V. &#8211; Personnel Database <\/strong>LIBERTAS\u00a0 enlarges permanently its personnel database for projects. Interested persons should send their C.V. (in electronic form only, please) in EU format and as a word document. A template for a EU formatted C.V. can be downloaded <a href=\"http:\/\/web.archive.org\/web\/20140929021432\/http:\/\/www.libertas-institut.eu:80\/de\/PDF\/cv_eu_format.doc\">here<\/a>.\u00a0 Please do not forget all your coordinates in the cover e-mail. The complete C.V. should be sent to Ms. Ute Hirschburger by e-mail: <a href=\"mailto:hirschburger@libertas-institut.com\">hirschburger@libertas-institut.com<\/a>.<\/li>\n<\/ul>\n<ul>\n<li><strong>Jobs <\/strong>At present we do not offer any jobs. However,you can send us your C.V. for possible use at a later time.<\/li>\n<\/ul>\n<ul>\n<li>We look for interested and interesting people from all over the world \u2013 preferably students (undergraduate\/graduates) \u2013 who would like to have an <strong>Internship <\/strong>with LIBERTAS \u2013 European Institute GmbH <a href=\"http:\/\/www.libertas-institut.com\/de\/Trainees\/091105_Internship.pdf\">more&#8230;<\/a><\/li>\n<\/ul>\n<ul>\n<li><strong>Staigiaires <\/strong>LIBERTAS s\u2019occupe de la formation de stagiaires venant de pays de l\u2019Union europ\u00e9enne et des pays Tiers, qui ont d\u00e9j\u00e0 quelques exp\u00e9riences professionnelles significatives dans les universit\u00e9s, les institutions gouvernementales ou dans le monde des affaires.Ces stagiaires qui viennent, pour la plupart, des Philippines, de la Russie, du Kyrgyzstan, du Ghana, de la Zambie et du Congo-Brazzaville ont g\u00e9n\u00e9ralement pass\u00e9 3 \u00e0 9 mois \u00e0 LIBERTAS \u00e0 travailler sur nos projets. Enfin LIBERTASa \u00e9t\u00e9 uneexp\u00e9rience int\u00e9ressante pour des stagiaires du Canada, de la France, du Royaume-Uni, de l\u2019Irlande, de la Finlande et de l\u2019Italie.<\/li>\n<\/ul>\n<p>Contact: <a href=\"mailto:hirschburger@libertas-institut.com\">hirschburger@libertas-institut.com<\/a><\/p>\n","protected":false},"excerpt":{"rendered":"<p>C.V., Jobs, Stagiaires C.V. &#8211; Personnel Database LIBERTAS\u00a0 enlarges permanently its personnel database for projects. Interested persons should send their C.V. (in electronic form only, please) in EU format and as a word document. A template for a EU formatted C.V. can be downloaded here.\u00a0 Please do not forget all your coordinates in the cover [&hellip;]<\/p>\n","protected":false},"author":1,"featured_media":0,"parent":0,"menu_order":29,"comment_status":"open","ping_status":"open","template":"","meta":{"_bbp_topic_count":0,"_bbp_reply_count":0,"_bbp_total_topic_count":0,"_bbp_total_reply_count":0,"_bbp_voice_count":0,"_bbp_anonymous_reply_count":0,"_bbp_topic_count_hidden":0,"_bbp_reply_count_hidden":0,"_bbp_forum_subforum_count":0,"footnotes":""},"class_list":["post-42","page","type-page","status-publish","hentry"],"yoast_head":"<!-- This site is optimized with the Yoast SEO plugin v26.4 - https:\/\/yoast.com\/wordpress\/plugins\/seo\/ -->\n<title>C.V. - Jobs - Trainees - Libertas-fr<\/title>\n<meta name=\"robots\" content=\"index, follow, max-snippet:-1, max-image-preview:large, max-video-preview:-1\" \/>\n<link rel=\"canonical\" href=\"https:\/\/www.libertas-institut.com\/fr\/c-v-jobs-trainees\/\" \/>\n<meta property=\"og:locale\" content=\"de_DE\" \/>\n<meta property=\"og:type\" content=\"article\" \/>\n<meta property=\"og:title\" content=\"C.V. - Jobs - Trainees - Libertas-fr\" \/>\n<meta property=\"og:description\" content=\"C.V., Jobs, Stagiaires C.V. &#8211; Personnel Database LIBERTAS\u00a0 enlarges permanently its personnel database for projects. Interested persons should send their C.V. (in electronic form only, please) in EU format and as a word document. A template for a EU formatted C.V. can be downloaded here.\u00a0 Please do not forget all your coordinates in the cover [&hellip;]\" \/>\n<meta property=\"og:url\" content=\"https:\/\/www.libertas-institut.com\/fr\/c-v-jobs-trainees\/\" \/>\n<meta property=\"og:site_name\" content=\"Libertas-fr\" \/>\n<meta property=\"article:modified_time\" content=\"2024-07-15T18:21:03+00:00\" \/>\n<meta name=\"twitter:label1\" content=\"Gesch\u00e4tzte Lesezeit\" \/>\n\t<meta name=\"twitter:data1\" content=\"1\u00a0Minute\" \/>\n<script type=\"application\/ld+json\" class=\"yoast-schema-graph\">{\"@context\":\"https:\/\/schema.org\",\"@graph\":[{\"@type\":\"WebPage\",\"@id\":\"https:\/\/www.libertas-institut.com\/fr\/c-v-jobs-trainees\/\",\"url\":\"https:\/\/www.libertas-institut.com\/fr\/c-v-jobs-trainees\/\",\"name\":\"C.V. - Jobs - Trainees - Libertas-fr\",\"isPartOf\":{\"@id\":\"https:\/\/www.libertas-institut.com\/fr\/#website\"},\"datePublished\":\"2014-07-26T13:02:23+00:00\",\"dateModified\":\"2024-07-15T18:21:03+00:00\",\"breadcrumb\":{\"@id\":\"https:\/\/www.libertas-institut.com\/fr\/c-v-jobs-trainees\/#breadcrumb\"},\"inLanguage\":\"de\",\"potentialAction\":[{\"@type\":\"ReadAction\",\"target\":[\"https:\/\/www.libertas-institut.com\/fr\/c-v-jobs-trainees\/\"]}]},{\"@type\":\"BreadcrumbList\",\"@id\":\"https:\/\/www.libertas-institut.com\/fr\/c-v-jobs-trainees\/#breadcrumb\",\"itemListElement\":[{\"@type\":\"ListItem\",\"position\":1,\"name\":\"Home\",\"item\":\"https:\/\/www.libertas-institut.com\/fr\/\"},{\"@type\":\"ListItem\",\"position\":2,\"name\":\"C.V. &#8211; Jobs &#8211; Trainees\"}]},{\"@type\":\"WebSite\",\"@id\":\"https:\/\/www.libertas-institut.com\/fr\/#website\",\"url\":\"https:\/\/www.libertas-institut.com\/fr\/\",\"name\":\"Libertas-fr\",\"description\":\"\u00a9 by Libertas GmbH\",\"potentialAction\":[{\"@type\":\"SearchAction\",\"target\":{\"@type\":\"EntryPoint\",\"urlTemplate\":\"https:\/\/www.libertas-institut.com\/fr\/?s={search_term_string}\"},\"query-input\":{\"@type\":\"PropertyValueSpecification\",\"valueRequired\":true,\"valueName\":\"search_term_string\"}}],\"inLanguage\":\"de\"}]}<\/script>\n<!-- \/ Yoast SEO plugin. -->","yoast_head_json":{"title":"C.V. - Jobs - Trainees - Libertas-fr","robots":{"index":"index","follow":"follow","max-snippet":"max-snippet:-1","max-image-preview":"max-image-preview:large","max-video-preview":"max-video-preview:-1"},"canonical":"https:\/\/www.libertas-institut.com\/fr\/c-v-jobs-trainees\/","og_locale":"de_DE","og_type":"article","og_title":"C.V. - Jobs - Trainees - Libertas-fr","og_description":"C.V., Jobs, Stagiaires C.V. &#8211; Personnel Database LIBERTAS\u00a0 enlarges permanently its personnel database for projects. Interested persons should send their C.V. (in electronic form only, please) in EU format and as a word document. A template for a EU formatted C.V. can be downloaded here.\u00a0 Please do not forget all your coordinates in the cover [&hellip;]","og_url":"https:\/\/www.libertas-institut.com\/fr\/c-v-jobs-trainees\/","og_site_name":"Libertas-fr","article_modified_time":"2024-07-15T18:21:03+00:00","twitter_misc":{"Gesch\u00e4tzte Lesezeit":"1\u00a0Minute"},"schema":{"@context":"https:\/\/schema.org","@graph":[{"@type":"WebPage","@id":"https:\/\/www.libertas-institut.com\/fr\/c-v-jobs-trainees\/","url":"https:\/\/www.libertas-institut.com\/fr\/c-v-jobs-trainees\/","name":"C.V. - Jobs - Trainees - Libertas-fr","isPartOf":{"@id":"https:\/\/www.libertas-institut.com\/fr\/#website"},"datePublished":"2014-07-26T13:02:23+00:00","dateModified":"2024-07-15T18:21:03+00:00","breadcrumb":{"@id":"https:\/\/www.libertas-institut.com\/fr\/c-v-jobs-trainees\/#breadcrumb"},"inLanguage":"de","potentialAction":[{"@type":"ReadAction","target":["https:\/\/www.libertas-institut.com\/fr\/c-v-jobs-trainees\/"]}]},{"@type":"BreadcrumbList","@id":"https:\/\/www.libertas-institut.com\/fr\/c-v-jobs-trainees\/#breadcrumb","itemListElement":[{"@type":"ListItem","position":1,"name":"Home","item":"https:\/\/www.libertas-institut.com\/fr\/"},{"@type":"ListItem","position":2,"name":"C.V. &#8211; Jobs &#8211; Trainees"}]},{"@type":"WebSite","@id":"https:\/\/www.libertas-institut.com\/fr\/#website","url":"https:\/\/www.libertas-institut.com\/fr\/","name":"Libertas-fr","description":"\u00a9 by Libertas GmbH","potentialAction":[{"@type":"SearchAction","target":{"@type":"EntryPoint","urlTemplate":"https:\/\/www.libertas-institut.com\/fr\/?s={search_term_string}"},"query-input":{"@type":"PropertyValueSpecification","valueRequired":true,"valueName":"search_term_string"}}],"inLanguage":"de"}]}},"_links":{"self":[{"href":"https:\/\/www.libertas-institut.com\/fr\/wp-json\/wp\/v2\/pages\/42","targetHints":{"allow":["GET"]}}],"collection":[{"href":"https:\/\/www.libertas-institut.com\/fr\/wp-json\/wp\/v2\/pages"}],"about":[{"href":"https:\/\/www.libertas-institut.com\/fr\/wp-json\/wp\/v2\/types\/page"}],"author":[{"embeddable":true,"href":"https:\/\/www.libertas-institut.com\/fr\/wp-json\/wp\/v2\/users\/1"}],"replies":[{"embeddable":true,"href":"https:\/\/www.libertas-institut.com\/fr\/wp-json\/wp\/v2\/comments?post=42"}],"version-history":[{"count":0,"href":"https:\/\/www.libertas-institut.com\/fr\/wp-json\/wp\/v2\/pages\/42\/revisions"}],"wp:attachment":[{"href":"https:\/\/www.libertas-institut.com\/fr\/wp-json\/wp\/v2\/media?parent=42"}],"curies":[{"name":"wp","href":"https:\/\/api.w.org\/{rel}","templated":true}]}}