{"id":60,"date":"2014-07-26T16:32:15","date_gmt":"2014-07-26T14:32:15","guid":{"rendered":"http:\/\/www.libertas-institut.com\/fr\/news\/"},"modified":"2025-09-22T11:02:07","modified_gmt":"2025-09-22T09:02:07","slug":"news","status":"publish","type":"page","link":"https:\/\/www.libertas-institut.com\/fr\/news\/","title":{"rendered":"News"},"content":{"rendered":"<h1 style=\"text-align: center\"><\/h1>\n<h1 style=\"text-align: center\">News<\/h1>\n<p><img loading=\"lazy\" decoding=\"async\" class=\"alignleft\" style=\"text-align: center\" src=\"https:\/\/www.libertas-institut.com\/wp-content\/uploads\/2020\/11\/Pfeil.png\" alt=\"Pfeil.png (127\u00d7148)\" width=\"40\" height=\"46\" \/><\/p>\n<p style=\"text-align: center\">Our new <strong><a href=\"http:\/\/libertasinnovation.wordpress.com\" target=\"_blank\" rel=\"noopener noreferrer\">LIBERTAS Innovation Blog <\/a>on innovative products, services, processes\u00a0<\/strong>:idea:<\/p>\n<p style=\"text-align: center\"><strong>:idea: <\/strong>\u00a0<strong>Voyez notre nouveau blog sur le\u00a0<a href=\"http:\/\/ewivinfo.wordpress.com\" target=\"_blank\" rel=\"noopener noreferrer\">G.E.I.E.<\/a><\/strong><\/p>\n<hr \/>\n<p>&nbsp;<\/p>\n<ul>\n<li><strong>EEIG Conference on Friday, 26thSeptember 2025 in Sindelfingen \/ Baden-W\u00fcrttemberg, near Stuttgart<\/strong> (conference to 90% in German language).The subject:<\/li>\n<\/ul>\n<p style=\"padding-left: 40px\"><span style=\"color: #ff0000\">\u201eWith the EU-direct legal form of the European Economic Interest Grouping (EEIG): <strong>Changing investment behaviour, innovative financing, new tax rules for EEIGs\u201d<\/strong><\/span><strong>. <\/strong><a href=\"https:\/\/www.libertas-institut.com\/wp-content\/uploads\/2025\/05\/250926_EEIG_Conference.pdf\" target=\"_blank\" rel=\"noopener\">Invitation\/Programme<\/a><\/p>\n<ul>\n<li><strong><strong>European Union Foreign Affairs Journal\u00a0&#8211; <\/strong><\/strong>eQuarterly for European Foreign, Foreign Trade, Development, Security Policy&#8230;\u00a0<a title=\"EUFAJ \u2013 Journal\" href=\"https:\/\/www.libertas-institut.com\/fr\/eufaj-journal\/\">more&#8230;,<\/a>\u00a0\u0415\u0432\u0440\u043e\u043f\u0435\u0439\u0441\u043a\u0438\u0439 \u0436\u0443\u0440\u043d\u0430\u043b \u0438\u043d\u043e\u0441\u0442\u0440\u0430\u043d\u043d\u044b\u0445 \u0434\u0435\u043b<strong><strong>\u2013 <\/strong><\/strong>Our Flyer in Russian\u00a0<a href=\"http:\/\/www.libertas-institut.com\/de\/EUFAJ\/EUFAJ_Flyer_RU.pdf\">download<\/a>,\u00a0new:\u00a0<a href=\"https:\/\/www.libertas-institut.com\/eufaj\/eufaj-2-2017\/\" target=\"_blank\" rel=\"noopener noreferrer\">No. 2 &#8211; 2017<\/a> (pdf)<\/li>\n<\/ul>\n<ul>\n<li><strong>Italian Province and University Do Research on European Legal Forms\u00a0<\/strong><a href=\"https:\/\/www.libertas-institut.com\/de\/EWIV\/GEIE-GECT-TN_Project_EN.pdf\">more&#8230;<\/a><\/li>\n<\/ul>\n<ul>\n<li>\u00a0<a href=\"https:\/\/www.libertas-institut.com\/ewiv-informationszentrum\/ewiv-statistik\/\" target=\"_blank\" rel=\"noopener noreferrer\">Tableau statistique<\/a> GEIE (pdf), <a href=\"https:\/\/www.libertas-institut.com\/ewiv-informationszentrum\/ewiv-laenderliste\/\" target=\"_blank\" rel=\"noopener noreferrer\">Liste de toutes les GEIE<\/a> \u00a0registr\u00e9s dans toute l&#8217;Europe (pdf)<\/li>\n<\/ul>\n<ul>\n<li><strong>The EEIG in European research: <\/strong>For universities, research institutions, research administration, researching enterprises etc.\u00a0The EU demands more and more so-called \u201cdedicated legal structures\u201d for research projects, so that they work sustainably, also for the time after the project duration.\u00a0<a title=\"GEIE Centre d\u2019Information\" href=\"https:\/\/www.libertas-institut.com\/fr\/geie\/\">more&#8230;<\/a><\/li>\n<\/ul>\n<ul>\n<li><strong>&#8222;From Inside &#8211; LIBERTAS &#8211; European Institute eNewsletter&#8220; <\/strong>(formerly &#8222;LIBERTASdotcom&#8220;). <a title=\"G\u00e9n\u00e9rale\" href=\"https:\/\/www.libertas-institut.com\/fr\/generale\/\">more&#8230;<\/a><\/li>\n<\/ul>\n<ul>\n<li><strong>Groupement europ\u00e9en de coop\u00e9ration territoriale (GECT) <\/strong>European Grouping for Territorial Cooperation (EGTC);\u00a0<a href=\"https:\/\/www.libertas-institut.com\/ewiv-informationszentrum\/egtc-list\/\" target=\"_blank\" rel=\"noopener noreferrer\">List<\/a> (pdf). <a href=\"https:\/\/www.libertas-institut.com\/de\/EWIV\/EGTC_VO.ZIP\">Regulations <\/a>(DE, EN, FR, IT &#8211; zip-file); <a title=\"GEIE Centre d\u2019Information\" href=\"https:\/\/www.libertas-institut.com\/fr\/geie\/\">Exemplaires<\/a> des GECT voir page GEIE<\/li>\n<\/ul>\n<ul>\n<li>We look for interested and interesting people from all over the world Preferably students (undergraduate\/graduates) who would like to have an <strong>Internship <\/strong>with LIBERTAS \u2013 European Institute GmbH <a href=\"https:\/\/www.libertas-institut.com\/de\/Trainees\/091105_Internship.pdf\">more&#8230;<\/a><\/li>\n<\/ul>\n<ul>\n<li><strong>Soci\u00e9t\u00e9 Coop\u00e9rative Europ\u00e9enne (SCE) &#8211; <\/strong>Societas Cooperativa Europeae (SCE),\u00a0<a href=\"https:\/\/www.libertas-institut.com\/ewiv-informationszentrum\/sce-list\/\" target=\"_blank\" rel=\"noopener noreferrer\">List<\/a> (pdf). <a href=\"https:\/\/www.libertas-institut.com\/de\/EWIV\/SCE_VO.ZIP\">Regulations <\/a>(DE, EN, FR, IT &#8211; zip-file)<\/li>\n<\/ul>\n<ul>\n<li><strong>LIBERTAS <\/strong><strong>Europ\u00e4ische Zeitschrift \u2013 European Review \u2013 Revue europ\u00e9enne, <\/strong>free download 1984-1992 <a href=\"https:\/\/www.libertas-institut.com\/verlag-und-publikationen\/libertas_europeanreview\/\" target=\"_blank\" rel=\"noopener noreferrer\">more&#8230;<\/a> \u00a0 <em>Behar\/Schwartz: <\/em><strong>Interkulturelles Management im deutsch-franz\u00f6sischen Umfeld. <\/strong><a href=\"https:\/\/www.libertas-institut.com\/de\/PDF\/Flyer_Behar.pdf\">more&#8230;<\/a>, <a href=\"https:\/\/www.libertas-institut.com\/de\/PDF\/Autorenprofile.pdf\">authors&#8230;<\/a>; <a href=\"https:\/\/www.libertas-institut.com\/de\/suchen\/Shop\/Buecherpdf\/pdfBestellung\/Behar_Schwarz%20e-book%20pdf.htm\">order <\/a>(e-book); <a href=\"https:\/\/www.libertas-institut.com\/de\/suchen\/Shop\/Bestellungsformulare\/Behar_Schwartz.htm\">order <\/a>(print-book)<\/li>\n<\/ul>\n<ul>\n<li><strong>European Micro States &#8211; Call for Research Cooperation <\/strong><a href=\"https:\/\/www.libertas-institut.com\/de\/EUFAJ\/European_Micro_States.pdf\">more&#8230;<\/a><\/li>\n<\/ul>\n<p>&nbsp;<\/p>\n<p>Archiv <a title=\"Archiv Euro\" href=\"https:\/\/www.libertas-institut.com\/fr\/news\/archiv-euro\/\">Euro<\/a><\/p>\n","protected":false},"excerpt":{"rendered":"<p>News Our new LIBERTAS Innovation Blog on innovative products, services, processes\u00a0:idea: :idea: \u00a0Voyez notre nouveau blog sur le\u00a0G.E.I.E. &nbsp; EEIG Conference on Friday, 26thSeptember 2025 in Sindelfingen \/ Baden-W\u00fcrttemberg, near Stuttgart (conference to 90% in German language).The subject: \u201eWith the EU-direct legal form of the European Economic Interest Grouping (EEIG): Changing investment behaviour, innovative financing, [&hellip;]<\/p>\n","protected":false},"author":1,"featured_media":0,"parent":0,"menu_order":33,"comment_status":"open","ping_status":"open","template":"","meta":{"_bbp_topic_count":0,"_bbp_reply_count":0,"_bbp_total_topic_count":0,"_bbp_total_reply_count":0,"_bbp_voice_count":0,"_bbp_anonymous_reply_count":0,"_bbp_topic_count_hidden":0,"_bbp_reply_count_hidden":0,"_bbp_forum_subforum_count":0,"footnotes":""},"class_list":["post-60","page","type-page","status-publish","hentry"],"yoast_head":"<!-- This site is optimized with the Yoast SEO plugin v26.4 - https:\/\/yoast.com\/wordpress\/plugins\/seo\/ -->\n<title>News - Libertas-fr<\/title>\n<meta name=\"description\" content=\"LIBERTAS \u2013 Europaeisches Institut GmbH (Institut europ\u00e9en) est une \u201cthink tank\u201d traitant d\u2019une approche interdisciplinaire, le plus souvent, des questions europ\u00e9ennes et internationales d\u2019ordre \u00e9conomique, juridique et politique.\" \/>\n<meta name=\"robots\" content=\"index, follow, max-snippet:-1, max-image-preview:large, max-video-preview:-1\" \/>\n<link rel=\"canonical\" href=\"https:\/\/www.libertas-institut.com\/fr\/news\/\" \/>\n<meta property=\"og:locale\" content=\"de_DE\" \/>\n<meta property=\"og:type\" content=\"article\" \/>\n<meta property=\"og:title\" content=\"News - Libertas-fr\" \/>\n<meta property=\"og:description\" content=\"LIBERTAS \u2013 Europaeisches Institut GmbH (Institut europ\u00e9en) est une \u201cthink tank\u201d traitant d\u2019une approche interdisciplinaire, le plus souvent, des questions europ\u00e9ennes et internationales d\u2019ordre \u00e9conomique, juridique et politique.\" \/>\n<meta property=\"og:url\" content=\"https:\/\/www.libertas-institut.com\/fr\/news\/\" \/>\n<meta property=\"og:site_name\" content=\"Libertas-fr\" \/>\n<meta property=\"article:modified_time\" content=\"2025-09-22T09:02:07+00:00\" \/>\n<meta property=\"og:image\" content=\"https:\/\/www.libertas-institut.com\/wp-content\/uploads\/2020\/11\/Pfeil.png\" \/>\n<meta name=\"twitter:label1\" content=\"Gesch\u00e4tzte Lesezeit\" \/>\n\t<meta name=\"twitter:data1\" content=\"2\u00a0Minuten\" \/>\n<script type=\"application\/ld+json\" class=\"yoast-schema-graph\">{\"@context\":\"https:\/\/schema.org\",\"@graph\":[{\"@type\":\"WebPage\",\"@id\":\"https:\/\/www.libertas-institut.com\/fr\/news\/\",\"url\":\"https:\/\/www.libertas-institut.com\/fr\/news\/\",\"name\":\"News - Libertas-fr\",\"isPartOf\":{\"@id\":\"https:\/\/www.libertas-institut.com\/fr\/#website\"},\"primaryImageOfPage\":{\"@id\":\"https:\/\/www.libertas-institut.com\/fr\/news\/#primaryimage\"},\"image\":{\"@id\":\"https:\/\/www.libertas-institut.com\/fr\/news\/#primaryimage\"},\"thumbnailUrl\":\"https:\/\/www.libertas-institut.com\/wp-content\/uploads\/2020\/11\/Pfeil.png\",\"datePublished\":\"2014-07-26T14:32:15+00:00\",\"dateModified\":\"2025-09-22T09:02:07+00:00\",\"description\":\"LIBERTAS \u2013 Europaeisches Institut GmbH (Institut europ\u00e9en) est une \u201cthink tank\u201d traitant d\u2019une approche interdisciplinaire, le plus souvent, des questions europ\u00e9ennes et internationales d\u2019ordre \u00e9conomique, juridique et politique.\",\"breadcrumb\":{\"@id\":\"https:\/\/www.libertas-institut.com\/fr\/news\/#breadcrumb\"},\"inLanguage\":\"de\",\"potentialAction\":[{\"@type\":\"ReadAction\",\"target\":[\"https:\/\/www.libertas-institut.com\/fr\/news\/\"]}]},{\"@type\":\"ImageObject\",\"inLanguage\":\"de\",\"@id\":\"https:\/\/www.libertas-institut.com\/fr\/news\/#primaryimage\",\"url\":\"https:\/\/www.libertas-institut.com\/wp-content\/uploads\/2020\/11\/Pfeil.png\",\"contentUrl\":\"https:\/\/www.libertas-institut.com\/wp-content\/uploads\/2020\/11\/Pfeil.png\"},{\"@type\":\"BreadcrumbList\",\"@id\":\"https:\/\/www.libertas-institut.com\/fr\/news\/#breadcrumb\",\"itemListElement\":[{\"@type\":\"ListItem\",\"position\":1,\"name\":\"Home\",\"item\":\"https:\/\/www.libertas-institut.com\/fr\/\"},{\"@type\":\"ListItem\",\"position\":2,\"name\":\"News\"}]},{\"@type\":\"WebSite\",\"@id\":\"https:\/\/www.libertas-institut.com\/fr\/#website\",\"url\":\"https:\/\/www.libertas-institut.com\/fr\/\",\"name\":\"Libertas-fr\",\"description\":\"\u00a9 by Libertas GmbH\",\"potentialAction\":[{\"@type\":\"SearchAction\",\"target\":{\"@type\":\"EntryPoint\",\"urlTemplate\":\"https:\/\/www.libertas-institut.com\/fr\/?s={search_term_string}\"},\"query-input\":{\"@type\":\"PropertyValueSpecification\",\"valueRequired\":true,\"valueName\":\"search_term_string\"}}],\"inLanguage\":\"de\"}]}<\/script>\n<!-- \/ Yoast SEO plugin. -->","yoast_head_json":{"title":"News - Libertas-fr","description":"LIBERTAS \u2013 Europaeisches Institut GmbH (Institut europ\u00e9en) est une \u201cthink tank\u201d traitant d\u2019une approche interdisciplinaire, le plus souvent, des questions europ\u00e9ennes et internationales d\u2019ordre \u00e9conomique, juridique et politique.","robots":{"index":"index","follow":"follow","max-snippet":"max-snippet:-1","max-image-preview":"max-image-preview:large","max-video-preview":"max-video-preview:-1"},"canonical":"https:\/\/www.libertas-institut.com\/fr\/news\/","og_locale":"de_DE","og_type":"article","og_title":"News - Libertas-fr","og_description":"LIBERTAS \u2013 Europaeisches Institut GmbH (Institut europ\u00e9en) est une \u201cthink tank\u201d traitant d\u2019une approche interdisciplinaire, le plus souvent, des questions europ\u00e9ennes et internationales d\u2019ordre \u00e9conomique, juridique et politique.","og_url":"https:\/\/www.libertas-institut.com\/fr\/news\/","og_site_name":"Libertas-fr","article_modified_time":"2025-09-22T09:02:07+00:00","og_image":[{"url":"https:\/\/www.libertas-institut.com\/wp-content\/uploads\/2020\/11\/Pfeil.png","type":"","width":"","height":""}],"twitter_misc":{"Gesch\u00e4tzte Lesezeit":"2\u00a0Minuten"},"schema":{"@context":"https:\/\/schema.org","@graph":[{"@type":"WebPage","@id":"https:\/\/www.libertas-institut.com\/fr\/news\/","url":"https:\/\/www.libertas-institut.com\/fr\/news\/","name":"News - Libertas-fr","isPartOf":{"@id":"https:\/\/www.libertas-institut.com\/fr\/#website"},"primaryImageOfPage":{"@id":"https:\/\/www.libertas-institut.com\/fr\/news\/#primaryimage"},"image":{"@id":"https:\/\/www.libertas-institut.com\/fr\/news\/#primaryimage"},"thumbnailUrl":"https:\/\/www.libertas-institut.com\/wp-content\/uploads\/2020\/11\/Pfeil.png","datePublished":"2014-07-26T14:32:15+00:00","dateModified":"2025-09-22T09:02:07+00:00","description":"LIBERTAS \u2013 Europaeisches Institut GmbH (Institut europ\u00e9en) est une \u201cthink tank\u201d traitant d\u2019une approche interdisciplinaire, le plus souvent, des questions europ\u00e9ennes et internationales d\u2019ordre \u00e9conomique, juridique et politique.","breadcrumb":{"@id":"https:\/\/www.libertas-institut.com\/fr\/news\/#breadcrumb"},"inLanguage":"de","potentialAction":[{"@type":"ReadAction","target":["https:\/\/www.libertas-institut.com\/fr\/news\/"]}]},{"@type":"ImageObject","inLanguage":"de","@id":"https:\/\/www.libertas-institut.com\/fr\/news\/#primaryimage","url":"https:\/\/www.libertas-institut.com\/wp-content\/uploads\/2020\/11\/Pfeil.png","contentUrl":"https:\/\/www.libertas-institut.com\/wp-content\/uploads\/2020\/11\/Pfeil.png"},{"@type":"BreadcrumbList","@id":"https:\/\/www.libertas-institut.com\/fr\/news\/#breadcrumb","itemListElement":[{"@type":"ListItem","position":1,"name":"Home","item":"https:\/\/www.libertas-institut.com\/fr\/"},{"@type":"ListItem","position":2,"name":"News"}]},{"@type":"WebSite","@id":"https:\/\/www.libertas-institut.com\/fr\/#website","url":"https:\/\/www.libertas-institut.com\/fr\/","name":"Libertas-fr","description":"\u00a9 by Libertas GmbH","potentialAction":[{"@type":"SearchAction","target":{"@type":"EntryPoint","urlTemplate":"https:\/\/www.libertas-institut.com\/fr\/?s={search_term_string}"},"query-input":{"@type":"PropertyValueSpecification","valueRequired":true,"valueName":"search_term_string"}}],"inLanguage":"de"}]}},"_links":{"self":[{"href":"https:\/\/www.libertas-institut.com\/fr\/wp-json\/wp\/v2\/pages\/60","targetHints":{"allow":["GET"]}}],"collection":[{"href":"https:\/\/www.libertas-institut.com\/fr\/wp-json\/wp\/v2\/pages"}],"about":[{"href":"https:\/\/www.libertas-institut.com\/fr\/wp-json\/wp\/v2\/types\/page"}],"author":[{"embeddable":true,"href":"https:\/\/www.libertas-institut.com\/fr\/wp-json\/wp\/v2\/users\/1"}],"replies":[{"embeddable":true,"href":"https:\/\/www.libertas-institut.com\/fr\/wp-json\/wp\/v2\/comments?post=60"}],"version-history":[{"count":0,"href":"https:\/\/www.libertas-institut.com\/fr\/wp-json\/wp\/v2\/pages\/60\/revisions"}],"wp:attachment":[{"href":"https:\/\/www.libertas-institut.com\/fr\/wp-json\/wp\/v2\/media?parent=60"}],"curies":[{"name":"wp","href":"https:\/\/api.w.org\/{rel}","templated":true}]}}