{"id":7,"date":"2014-05-23T22:25:07","date_gmt":"2014-05-23T20:25:07","guid":{"rendered":"http:\/\/www.libertas-institut.com\/fr\/?page_id=7"},"modified":"2025-05-25T17:58:47","modified_gmt":"2025-05-25T15:58:47","slug":"geie","status":"publish","type":"page","link":"https:\/\/www.libertas-institut.com\/fr\/geie\/","title":{"rendered":"GEIE Centre d&#8217;Information"},"content":{"rendered":"<h1 style=\"text-align: center\">C\u00e9ntre Europ\u00e9en de Documentation du GEIE<\/h1>\n<p style=\"text-align: center\"><a href=\"https:\/\/www.libertas-institut.com\/ewiv-informationszentrum\/\"><img loading=\"lazy\" decoding=\"async\" class=\"flaggen-ewiv aligncenter wp-image-501 size-full\" src=\"https:\/\/www.libertas-institut.com\/en\/wp-content\/uploads\/sites\/3\/2014\/05\/de.gif\" alt=\"de\" width=\"16\" height=\"11\" \/><\/a><a href=\"https:\/\/www.libertas-institut.com\/en\/eeig-information-centre\/\"><img loading=\"lazy\" decoding=\"async\" class=\"aligncenter size-full wp-image-1832\" src=\"https:\/\/www.libertas-institut.com\/wp-content\/uploads\/2014\/10\/gb.gif\" alt=\"gb\" width=\"16\" height=\"11\" \/><\/a><a href=\"https:\/\/www.libertas-institut.com\/fr\/geie\/\"><img loading=\"lazy\" decoding=\"async\" class=\"flaggen-ewiv aligncenter wp-image-1835 size-full\" src=\"https:\/\/www.libertas-institut.com\/wp-content\/uploads\/2014\/10\/fr.gif\" alt=\"fr\" width=\"16\" height=\"11\" \/><\/a><a href=\"https:\/\/www.libertas-institut.com\/it\/centro-geie\/\"><img loading=\"lazy\" decoding=\"async\" class=\"flaggen-ewiv aligncenter wp-image-1834\" src=\"https:\/\/www.libertas-institut.com\/wp-content\/uploads\/2014\/10\/it.gif\" alt=\"it\" width=\"16\" height=\"11\" \/><\/a><\/p>\n<p style=\"text-align: center\">\u00a0The European Economic Interest Grouping is the first transnational legal instrument for co-operation between entrepreneurs in Europe.<br \/>\nIt&#8217;s flexible, unbureaucratic and offers many fiscal advantages.<\/p>\n<p style=\"text-align: center\"><strong>European EEIG Information Centre<\/strong><br \/>\nLIBERTAS &#8211; Europ\u00e4isches Institut GmbH,<br \/>\nHans-J\u00fcrgen Zahorka, Assessor jur.<br \/>\nLindenweg 37, 72414 Rangendingen, Germany<br \/>\nTel.: +49\/7471\/984996-0, Fax: +49\/7471\/984996-19<\/p>\n<p style=\"text-align: center\">eMail: <a href=\"http:\/\/www.libertas-institut.com\/fr\/EWIV\/Centre_Europeen_InformationGEIE_FR.pdf\">ewiv@libertas-institut.comLe C\u00e9ntreeurop\u00e9en de documentation du GEIE<\/a> (pdf)<\/p>\n<p style=\"text-align: center\"><strong>Voir plus d&#8217;informationdans la version Allemande (multilingual material)<\/strong><\/p>\n<hr \/>\n<p style=\"text-align: center\">Accountancy for EEIG &#8211; with the European EEIG Information Centre <a title=\"Accountancy for EEIG\" href=\"https:\/\/www.libertas-institut.com\/fr\/geie-centre-dinformation\/accountancy-for-eeig\/\">more&#8230;<\/a><\/p>\n<p style=\"text-align: center\"><span style=\"color: #ff0000\"><strong>EWIV eJournal<\/strong><\/span>&#8211; Law, Taxation and Management of European Economic Interest Groupings <a href=\"https:\/\/www.libertas-institut.com\/fr\/geie\/geie-ejournal\">more&#8230;<\/a><\/p>\n<p style=\"text-align: center\"><a href=\"https:\/\/www.libertas-institut.com\/en\/abo-eeigejournal\" target=\"_blank\" rel=\"noopener noreferrer\">eMail-Abonnement <\/a>(free of charge)<\/p>\n<hr \/>\n<ul>\n<li><strong>EEIG Conference on Friday, 26thSeptember 2025 in Sindelfingen \/ Baden-W\u00fcrttemberg<\/strong>, near Stuttgart (conference to 90% in German language).<\/li>\n<\/ul>\n<p style=\"padding-left: 40px\">The subject: <span style=\"color: #ff0000\">\u201eWith the EU-direct legal form of the European Economic Interest Grouping (EEIG): <strong>Changing investment behaviour, innovative financing, new tax rules for EEIGs\u201d<\/strong><\/span><strong>. <\/strong><a href=\"https:\/\/www.libertas-institut.com\/wp-content\/uploads\/2025\/05\/250926_EEIG_Conference.pdf\" target=\"_blank\" rel=\"noopener\">Invitation\/Programme<\/a><\/p>\n<ul>\n<li style=\"text-align: left\"><strong>Voyez notre nouveau blog sur le\u00a0<a href=\"http:\/\/ewivinfo.wordpress.com\" target=\"_blank\" rel=\"noopener noreferrer\">G.E.I.E.<\/a> \u00a0<\/strong><\/li>\n<\/ul>\n<ul>\n<li><span style=\"color: #ff0000\">&#8222;<\/span><span style=\"color: #ff0000\">Le G.e.i.e. a 30 ans &#8211; Conf\u00e9rence sur des questions actuelles l\u00e9gales et de fiscalit\u00e9 du G.e.i.e.&#8220;<\/span><strong>, <\/strong>4 octobre 2019, Strasbourg\/France (en langue allemande): <a href=\"https:\/\/www.libertas-institut.com\/ewiv-informationszentrum\/30jahreewiv\/\" target=\"_blank\" rel=\"noopener noreferrer\">Invitation\/Programme<\/a><\/li>\n<\/ul>\n<ul>\n<li><strong>Italian Province and University Do Research on European Legal Forms :<\/strong>The EWIV\/EEIG Information Centre at LIBERTAS is partner of the University of Trento and will host the researcher, Dr. AlessioBartolacelli, during his working stays in this multi-annual project <a href=\"http:\/\/www.libertas-institut.com\/de\/EWIV\/GEIE-GECT-TN_Project_EN.pdf\">more&#8230;<\/a><\/li>\n<\/ul>\n<ul>\n<li>A University Paper from Brazilian State University Anap\u00e1, by Fernando Mel\u00e9m and prof. Juliana Montero Pedro, proposing a new Brazilian legislation to introduce an Economc Interest Grouping, after the EEIG example in Europe. <a href=\"https:\/\/www.libertas-institut.com\/ewiv-informationszentrum\/gie-brazil\/\" target=\"_blank\" rel=\"noopener noreferrer\">more&#8230;<\/a><\/li>\n<\/ul>\n<ul>\n<li><a href=\"http:\/\/www.libertas-institut.com\/fr\/EWIV\/BasicScriptFR.pdf\">Information g\u00e9n\u00e9rale sur le GEIE<\/a> (pdf) &#8211; (New German Version: <a href=\"http:\/\/www.libertas-institut.com\/de\/PDF\/BasicScript.pdf\">Gr\u00fcndung und Betrieb einer EWIV<\/a><\/li>\n<\/ul>\n<ul>\n<li><a href=\"http:\/\/www.libertas-institut.com\/de\/PDF\/Beteiligung_EWIV_oeffentliche_Auftraege_FR.pdf\">Communication de la Commission<\/a>: Participation des groupements europ\u00e9ens d&#8217;int\u00e9r\u00eat \u00e9conomique (GEIE) aux march\u00e9s publics et \u00e0 des programmes financ\u00e9s par des fonds publics (pdf)<\/li>\n<\/ul>\n<ul>\n<li><strong>Offer for EEIG workshops for research organisations and universities <\/strong><a href=\"http:\/\/www.libertas-institut.com\/de\/PDF\/090630_EN_Workshop_Research_Institutions.pdf\">more&#8230;<\/a><\/li>\n<\/ul>\n<ul>\n<li>Some available PowerPoint presentations on research activities as an EEIG: under construction!<\/li>\n<\/ul>\n<ul>\n<li>Fact Sheet on EEIGs as research organization, with F.A.Qs: under construction<\/li>\n<\/ul>\n<ul>\n<li><strong>European Ombudsman \u2013 what he decided on EEIG complaints <\/strong>(in English): <a href=\"http:\/\/www.libertas-institut.com\/de\/EWIV\/110520_MUC_Ombudsman_Activities.pdf\">more \u2026.<\/a><\/li>\n<\/ul>\n<ul>\n<li><a href=\"https:\/\/www.libertas-institut.com\/ewiv-informationszentrum\/ewiv-laenderliste\/\" target=\"_blank\" rel=\"noopener noreferrer\">Liste de toutes les GEIE<\/a> (pdf) dans les \u00e9tats UE et EEE<\/li>\n<\/ul>\n<ul>\n<li><a href=\"https:\/\/www.libertas-institut.com\/ewiv-informationszentrum\/gesetze\/\" target=\"_blank\" rel=\"noopener noreferrer\">R\u00e8glements CE + loisd&#8217;impl\u00e9mentation nationales<\/a> &#8211; t\u00e9l\u00e9charge des textes<\/li>\n<\/ul>\n<ul>\n<li><a title=\"Literature Law\" href=\"https:\/\/www.libertas-institut.com\/fr\/geie-centre-dinformation\/literature-law\/\">Literature sur des questions l\u00e9gales de GEIE<\/a><\/li>\n<\/ul>\n<ul>\n<li><a href=\"https:\/\/www.libertas-institut.com\/ewiv-informationszentrum\/ewiv-statistik\/\" target=\"_blank\" rel=\"noopener noreferrer\">Tableau statistique<\/a> GEIE<\/li>\n<\/ul>\n<ul>\n<li>The EEIG in Lithuania (soon available)<\/li>\n<\/ul>\n<ul>\n<li><a href=\"https:\/\/www.libertas-institut.com\/en\/eeig-information-centre\/eeig-in-the-czech-republic\/\" target=\"_blank\" rel=\"noopener noreferrer\">The EEIG in the Czech Republic<\/a><\/li>\n<\/ul>\n<ul>\n<li><a title=\"Le G.E.I.E. en Slovaquie\" href=\"https:\/\/www.libertas-institut.com\/fr\/geie-centre-dinformation\/le-g-e-i-e-en-slovaquie\/\">Le GEIE en Slovaquie<\/a><\/li>\n<\/ul>\n<ul>\n<li><a title=\"Le GEIE en Pologne\" href=\"https:\/\/www.libertas-institut.com\/fr\/geie-centre-dinformation\/le-geie-en-pologne\/\">Le GEIE enPologne<\/a><\/li>\n<\/ul>\n<ul>\n<li>The first EEIG in Central and Eastern Europe has been registered on 2.3.2006 in Lithuania:<br \/>\nOpen Europe Consulting (<a href=\"http:\/\/www.open-europe-consulting.de\">www.open-europe-consulting.de<\/a>), <em>Press Release <\/em><a href=\"http:\/\/www.libertas-institut.com\/de\/PDF\/OEC_EN_press.pdf\"><em>EN<\/em><\/a><em>, <\/em><a href=\"http:\/\/www.libertas-institut.com\/de\/PDF\/OEC_LT_press.pdf\"><em>LT<\/em><\/a><\/li>\n<\/ul>\n<ul>\n<li><a title=\"Presentations\" href=\"https:\/\/www.libertas-institut.com\/fr\/geie-centre-dinformation\/presentations\/\">Pr\u00e9sentations <\/a>(t\u00e9l\u00e9charge &#8211; anglais, allemand):\n<ul>\n<li>EWIV-Workshop am 29.1.2010 in Vaduz\/Liechtenstein (Tagungsband auf Anforderung) <a href=\"http:\/\/www.libertas-institut.com\/de\/PDF\/100129_FL_ProgrammWorkshop.pdf\">hier<\/a>&#8230;<\/li>\n<li><a href=\"http:\/\/www.libertas-institut.com\/de\/PDF\/Stephanie_Maurer_Hochschule-Bochum_PPT_EWIV_allg_Nov_2010%20%282%29.pdf\">Eine allgemeine EWIV-Pr\u00e4sentation<\/a>; Stephanie Maurer, Hochschule Bochum, Studiengang Internationales Management (2. Fachsemester)<\/li>\n<li>7\u00e8me conf\u00e9rence GEIE, 22.9.2006, Vienne <a href=\"https:\/\/www.libertas-institut.com\/news\/news_archiv_2006\/eu-kooperationsinstrument\/\" target=\"_blank\" rel=\"noopener noreferrer\">more&#8230;<\/a><\/li>\n<li>6\u00e8me conf\u00e9rence GEIE, 5.11.2004, Frankfurt <a href=\"https:\/\/www.libertas-institut.com\/ewiv-informationszentrum\/archiv_ewiv_veranstaltungen\/archiv_ewiv_veranstaltungen\/\" target=\"_blank\" rel=\"noopener noreferrer\">more&#8230;<\/a><\/li>\n<li>5\u00e8me conf\u00e9rence GEIE, 9.5.2003, Strasbourg <a href=\"http:\/\/web.archive.org\/web\/20141010104220\/http:\/\/www.libertas-institut.eu:80\/de\/EWIV\/Pr%C3%A4sentationen.htm\">more&#8230;<\/a><\/li>\n<\/ul>\n<\/li>\n<\/ul>\n<ul>\n<li>Publications (t\u00e9l\u00e9chargegratuit):\n<ul>\n<li><span style=\"color: #ff0000\"><strong>New: <\/strong><\/span><strong>The EEIG is also present in Ukraine. <\/strong>Already in 2015, Darija Opryshko wrote, together with Prof. Alessio Bartolacelli from Macerata University\/Italy, an article in the renowned legal review \u201cPravo Ukraina\u201d. The author has fled her native Kyiv at the end of February 2022 and lives meanwhile in Germany. With great pleasure we republish the article which shows that Ukrainian lawyers did and do a lot to close the gap to the European Union, and to prepare the country since years for a EU accession. <a href=\"https:\/\/www.libertas-institut.com\/ewiv-informationszentrum\/2015_cooperation_between_enterprises_oprishko_ukr\/\">more&#8230;<\/a><\/li>\n<li>LoretaGherman\/Hans-Juergen Zahorka: <a href=\"http:\/\/www.libertas-institut.com\/de\/PDF\/GEIE_RO_Article_FINAL_060412.pdf\">GrupareaEuropean\u0103 de Interes Economic (GEIE): Singurul instrument legal transna\u0163ionalpentrucooperarea\u00eentre\u00eentreprinz\u0103tori\u00eenUniuneaEuropean\u0103<\/a> (in Romanian language)<\/li>\n<li><a href=\"http:\/\/www.libertas-institut.com\/de\/PDF\/Zahorka_LEADERforum01_2005.pdf\">&#8222;Rechtsform mit vielen Freiheiten: Mit einer EWIV europaweit kooperieren&#8220;<\/a>, von Hans-J\u00fcrgen Zahorka, Artikel aus LEADERforum 1\/2005, Deutsche Vernetzungsstelle LEADER+ (Hrsg.). Die gesamte Ausgabe LEADERforum 1\/2005 kann im Internet unter <a href=\"http:\/\/www.leaderplus.de\/\">www.leaderplus.de\/leaderforum<\/a> heruntergeladen werden.<\/li>\n<li>Hans-Juergen Zahorka: <a href=\"http:\/\/www.libertas-institut.com\/de\/PDF\/EIG_MacedoniaHJZ.pdf\">Economic Interest Groups in Macedonia<\/a><\/li>\n<li>Extract from Macedonian Draft Company Law: <a href=\"http:\/\/www.libertas-institut.com\/de\/PDF\/EIG_MacedoniaLaw.pdf\">Economic Interest Group<\/a> (art. 547 et al.)<\/li>\n<li>Simone Taufenbach: <a href=\"http:\/\/www.libertas-institut.com\/de\/PDF\/Libpap45TaufenbachEWIV.pdf\">Die Mitgliedschaft deutscher Universit\u00e4ten und Hochschulen in einer EWIV<\/a>, LIBERTAS Paper 45, Sindelfingen 2003<\/li>\n<li>Janja Bedrac: <a href=\"http:\/\/www.libertas-institut.com\/de\/PDF\/LIBPap44BedracEGIZSLO.pdf\">Evropskogospodarskointeresnozdruzenje (EGIZ)<\/a>, LIBERTAS Paper 44, Sindelfingen 2003 (in Slovenelanguage)<\/li>\n<li>ZinkaGrbo: <a href=\"http:\/\/www.libertas-institut.com\/de\/PDF\/ZinkaGrbo.pdf\">EvropskaEkonomskaInteresnaGrupacija i njenodnossaStatusnimFormama u PravnomSistemuBosne i Hercegovine<\/a> LIBERTAS Paper 47, Sindelfingen 2003 (in Bosnianlanguage)<\/li>\n<\/ul>\n<\/li>\n<\/ul>\n<ul>\n<li><a href=\"https:\/\/www.libertas-institut.com\/en\/eeig-information-centre\/links-to-existing-eeigs\/\" target=\"_blank\" rel=\"noopener noreferrer\">Liens <\/a>et exemplaires des GEIE (en Anglais)<\/li>\n<li>Conf\u00e9rences (<a title=\"Fr_Veranstaltungen\" href=\"https:\/\/www.libertas-institut.com\/fr\/geie-centre-dinformation\/fr_veranstaltungen\/\">Archives<\/a>)<\/li>\n<\/ul>\n<hr \/>\n<p><strong>Autres formes legales dans l&#8217;UE:<\/strong><\/p>\n<p><strong>European Foundation (FE)<\/strong><br \/>\nHere we have information about the state of the legislation for a European Foundation (EU Draft Regulation from 5.2.2012). As to: 10.2.2012<br \/>\n<a href=\"http:\/\/www.libertas-institut.com\/de\/EWIV\/Proposal_Regul_FE_en.pdf\">EU Commission Draft Regulation<\/a> (EN), 5.12.2012<br \/>\n<a href=\"http:\/\/www.libertas-institut.com\/de\/EWIV\/120208_FAQ_European_Foundation.pdf\">Frequently Asked Questions (F.A.Q.)<\/a> on the EU Commission proposal for a Regulation on the Statute for a European Foundation (FE), 8.2.2012<br \/>\n<a href=\"http:\/\/www.libertas-institut.com\/de\/EWIV\/2008_MPI-HD_FeasibilityStudy_EuropFoundation_en.pdf\">Feasibility Study on a European Foundation Statute<\/a> for the EU Commission (University of Heidelberg) 2008<br \/>\n<a href=\"http:\/\/www.libertas-institut.com\/de\/EWIV\/091108_COM-Doc_Summary_Report_Audition_EuropFoundations_en.pdf\">Comments on the Consultation Document <\/a>on a possible statute for a European Foundation, November 2009<\/p>\n<p><strong>European Company<\/strong> &#8211; <span style=\"color: #000000\"><strong>SocietasEuropeae (SE)<\/strong><\/span> <a href=\"https:\/\/www.libertas-institut.com\/ewiv-informationszentrum\/se-statistik\/\" target=\"_blank\" rel=\"noopener noreferrer\">Statistics<\/a> (pdf), <a href=\"https:\/\/www.libertas-institut.com\/ewiv-informationszentrum\/se-laenderliste\/\" target=\"_blank\" rel=\"noopener noreferrer\">List per countries<\/a>, <a href=\"http:\/\/www.libertas-institut.com\/de\/SE\/SE_Law.ZIP\">Laws<\/a> (Directives, Regulations, Implementation Laws: DE, EN, FR, IT- zip-file) &#8211; <em>Statistics are not actualized any more since 7\/2016. All SE&#8217;s can be downloaded under <a href=\"https:\/\/ted.europa.eu\/TED\/browse\/browseByMap.do\" target=\"_blank\" rel=\"noopener noreferrer\">TED<\/a><\/em><\/p>\n<p><strong>Soci\u00e9t\u00e9Coop\u00e9rativeEurop\u00e9enne (SEC) &#8211; <span style=\"color: #000000\">SocietasCooperativa Europeae (SCE)<\/span><\/strong><br \/>\n<a href=\"https:\/\/www.libertas-institut.com\/ewiv-informationszentrum\/sce-list\/\" target=\"_blank\" rel=\"noopener noreferrer\">List<\/a> (pdf) <span style=\"color: #ff0000\"><span style=\"color: #000000\">25.8.2018 &#8211; <em>Statistics are not actualized any more &#8211; downloaded under <\/em><\/span><em>http:\/\/ted.europa.eu\/ted<\/em><\/span><br \/>\n<a href=\"http:\/\/www.libertas-institut.com\/de\/EWIV\/SCE_VO.ZIP\">Regulations<\/a>(DE, EN, FR, IT &#8211; zip-file)<\/p>\n<p><strong>Groupementeurop\u00e9en de coop\u00e9rationterritoriale (GECT) &#8211; <span style=\"color: #000000\">European Grouping for Territorial Cooperation (EGTC)<\/span><\/strong><br \/>\n<a href=\"https:\/\/www.libertas-institut.com\/ewiv-informationszentrum\/egtc-list\/\" target=\"_blank\" rel=\"noopener noreferrer\">List<\/a> (pdf) <span style=\"color: #ff0000\"><span style=\"color: #000000\">25.8.2018 &#8211; <em>Statistics are not actualized any more &#8211; downloaded under <\/em><\/span><em>http:\/\/ted.europa.eu\/ted<\/em><\/span><br \/>\n<a href=\"http:\/\/www.libertas-institut.com\/de\/EWIV\/EGTC_VO.ZIP\">Regulations <\/a>(DE, EN, FR, IT, PL &#8211; zip-file)<\/p>\n<p><strong>Poland EUWT: <\/strong><br \/>\n<a href=\"http:\/\/www.libertas-institut.com\/de\/EWIV\/Verordnungen\/EUWT%20Regulation%201082-2006finPL.pdf\">EUWT Regulation<\/a> (PL)<br \/>\n<a href=\"http:\/\/www.libertas-institut.com\/de\/EWIV\/nationale_Ausfuehrungsgesetze\/03_110302_Poland_EGTC_National_Implementation_Law.pdf\"><strong>National Implementation Law <\/strong><\/a><strong>(europejskimugrupowaniuwsp\u00f3<\/strong><strong>\u03a0<\/strong><strong>pracyterytorialnej)<\/strong><\/p>\n<p><strong>Exemplaires des GECT:<\/strong><\/p>\n<ul>\n<li>&#8222;Eastern Railway &#8211; Model Corridor Region in the structure of an EGTC&#8220; &#8211; <strong>English<\/strong> presentation by Karl-Heinz Bossan, Managing Director of IGOB Eisenbahn Berlin &#8211; Gorz\u00f3w <a href=\"http:\/\/www.libertas-institut.com\/de\/EWIV\/Seelow_handout_EN.pdf\">more&#8230;<\/a><\/li>\n<li>EuropejskieUgrupowanieWsp\u00f3\u0142pracyTerytorialnej (EUWT) \u2013 Presentation in Polish language (PL): <a href=\"http:\/\/www.libertas-institut.com\/de\/EWIV\/110302_Gorzow_EUWT_Workshop_PL.pdf\">more \u2026<\/a><\/li>\n<li>&#8222;KolejWschodnia &#8211; Region KorytarzaModelowego o strukturze EUWT&#8220; &#8211; <strong>Polish <\/strong>presentation by Karl-Heinz Bossan, Managing Director of IGOB Eisenbahn Berlin Gorz\u00f3w (Railway Berlin &#8211; Gorz\u00f3w) <a href=\"http:\/\/www.libertas-institut.com\/de\/EWIV\/Seelow_handout-PL.pdf\">more&#8230;<\/a><\/li>\n<\/ul>\n<p>&nbsp;<\/p>\n","protected":false},"excerpt":{"rendered":"<p>C\u00e9ntre Europ\u00e9en de Documentation du GEIE \u00a0The European Economic Interest Grouping is the first transnational legal instrument for co-operation between entrepreneurs in Europe. It&#8217;s flexible, unbureaucratic and offers many fiscal advantages. European EEIG Information Centre LIBERTAS &#8211; Europ\u00e4isches Institut GmbH, Hans-J\u00fcrgen Zahorka, Assessor jur. Lindenweg 37, 72414 Rangendingen, Germany Tel.: +49\/7471\/984996-0, Fax: +49\/7471\/984996-19 eMail: ewiv@libertas-institut.comLe [&hellip;]<\/p>\n","protected":false},"author":1,"featured_media":0,"parent":0,"menu_order":7,"comment_status":"open","ping_status":"open","template":"","meta":{"_bbp_topic_count":0,"_bbp_reply_count":0,"_bbp_total_topic_count":0,"_bbp_total_reply_count":0,"_bbp_voice_count":0,"_bbp_anonymous_reply_count":0,"_bbp_topic_count_hidden":0,"_bbp_reply_count_hidden":0,"_bbp_forum_subforum_count":0,"footnotes":""},"class_list":["post-7","page","type-page","status-publish","hentry"],"yoast_head":"<!-- This site is optimized with the Yoast SEO plugin v26.4 - https:\/\/yoast.com\/wordpress\/plugins\/seo\/ -->\n<title>GEIE - C\u00e9ntre Europ\u00e9en de Documentation de GEIE<\/title>\n<meta name=\"description\" content=\"C\u00e9ntre Europ\u00e9en de Documentation du GEIE: Informations sur la GEIE, Fondation, Statistics etc.\" \/>\n<meta name=\"robots\" content=\"index, follow, max-snippet:-1, max-image-preview:large, max-video-preview:-1\" \/>\n<link rel=\"canonical\" href=\"https:\/\/www.libertas-institut.com\/fr\/geie\/\" \/>\n<meta property=\"og:locale\" content=\"de_DE\" \/>\n<meta property=\"og:type\" content=\"article\" \/>\n<meta property=\"og:title\" content=\"GEIE - C\u00e9ntre Europ\u00e9en de Documentation de GEIE\" \/>\n<meta property=\"og:description\" content=\"C\u00e9ntre Europ\u00e9en de Documentation du GEIE: Informations sur la GEIE, Fondation, Statistics etc.\" \/>\n<meta property=\"og:url\" content=\"https:\/\/www.libertas-institut.com\/fr\/geie\/\" \/>\n<meta property=\"og:site_name\" content=\"Libertas-fr\" \/>\n<meta property=\"article:modified_time\" content=\"2025-05-25T15:58:47+00:00\" \/>\n<meta property=\"og:image\" content=\"https:\/\/www.libertas-institut.com\/en\/wp-content\/uploads\/sites\/3\/2014\/05\/de.gif\" \/>\n<meta name=\"twitter:label1\" content=\"Gesch\u00e4tzte Lesezeit\" \/>\n\t<meta name=\"twitter:data1\" content=\"6\u00a0Minuten\" \/>\n<script type=\"application\/ld+json\" class=\"yoast-schema-graph\">{\"@context\":\"https:\/\/schema.org\",\"@graph\":[{\"@type\":\"WebPage\",\"@id\":\"https:\/\/www.libertas-institut.com\/fr\/geie\/\",\"url\":\"https:\/\/www.libertas-institut.com\/fr\/geie\/\",\"name\":\"GEIE - C\u00e9ntre Europ\u00e9en de Documentation de GEIE\",\"isPartOf\":{\"@id\":\"https:\/\/www.libertas-institut.com\/fr\/#website\"},\"primaryImageOfPage\":{\"@id\":\"https:\/\/www.libertas-institut.com\/fr\/geie\/#primaryimage\"},\"image\":{\"@id\":\"https:\/\/www.libertas-institut.com\/fr\/geie\/#primaryimage\"},\"thumbnailUrl\":\"https:\/\/www.libertas-institut.com\/en\/wp-content\/uploads\/sites\/3\/2014\/05\/de.gif\",\"datePublished\":\"2014-05-23T20:25:07+00:00\",\"dateModified\":\"2025-05-25T15:58:47+00:00\",\"description\":\"C\u00e9ntre Europ\u00e9en de Documentation du GEIE: Informations sur la GEIE, Fondation, Statistics etc.\",\"breadcrumb\":{\"@id\":\"https:\/\/www.libertas-institut.com\/fr\/geie\/#breadcrumb\"},\"inLanguage\":\"de\",\"potentialAction\":[{\"@type\":\"ReadAction\",\"target\":[\"https:\/\/www.libertas-institut.com\/fr\/geie\/\"]}]},{\"@type\":\"ImageObject\",\"inLanguage\":\"de\",\"@id\":\"https:\/\/www.libertas-institut.com\/fr\/geie\/#primaryimage\",\"url\":\"https:\/\/www.libertas-institut.com\/en\/wp-content\/uploads\/sites\/3\/2014\/05\/de.gif\",\"contentUrl\":\"https:\/\/www.libertas-institut.com\/en\/wp-content\/uploads\/sites\/3\/2014\/05\/de.gif\"},{\"@type\":\"BreadcrumbList\",\"@id\":\"https:\/\/www.libertas-institut.com\/fr\/geie\/#breadcrumb\",\"itemListElement\":[{\"@type\":\"ListItem\",\"position\":1,\"name\":\"Home\",\"item\":\"https:\/\/www.libertas-institut.com\/fr\/\"},{\"@type\":\"ListItem\",\"position\":2,\"name\":\"GEIE Centre d&#8217;Information\"}]},{\"@type\":\"WebSite\",\"@id\":\"https:\/\/www.libertas-institut.com\/fr\/#website\",\"url\":\"https:\/\/www.libertas-institut.com\/fr\/\",\"name\":\"Libertas-fr\",\"description\":\"\u00a9 by Libertas GmbH\",\"potentialAction\":[{\"@type\":\"SearchAction\",\"target\":{\"@type\":\"EntryPoint\",\"urlTemplate\":\"https:\/\/www.libertas-institut.com\/fr\/?s={search_term_string}\"},\"query-input\":{\"@type\":\"PropertyValueSpecification\",\"valueRequired\":true,\"valueName\":\"search_term_string\"}}],\"inLanguage\":\"de\"}]}<\/script>\n<!-- \/ Yoast SEO plugin. -->","yoast_head_json":{"title":"GEIE - C\u00e9ntre Europ\u00e9en de Documentation de GEIE","description":"C\u00e9ntre Europ\u00e9en de Documentation du GEIE: Informations sur la GEIE, Fondation, Statistics etc.","robots":{"index":"index","follow":"follow","max-snippet":"max-snippet:-1","max-image-preview":"max-image-preview:large","max-video-preview":"max-video-preview:-1"},"canonical":"https:\/\/www.libertas-institut.com\/fr\/geie\/","og_locale":"de_DE","og_type":"article","og_title":"GEIE - C\u00e9ntre Europ\u00e9en de Documentation de GEIE","og_description":"C\u00e9ntre Europ\u00e9en de Documentation du GEIE: Informations sur la GEIE, Fondation, Statistics etc.","og_url":"https:\/\/www.libertas-institut.com\/fr\/geie\/","og_site_name":"Libertas-fr","article_modified_time":"2025-05-25T15:58:47+00:00","og_image":[{"url":"https:\/\/www.libertas-institut.com\/en\/wp-content\/uploads\/sites\/3\/2014\/05\/de.gif","type":"","width":"","height":""}],"twitter_misc":{"Gesch\u00e4tzte Lesezeit":"6\u00a0Minuten"},"schema":{"@context":"https:\/\/schema.org","@graph":[{"@type":"WebPage","@id":"https:\/\/www.libertas-institut.com\/fr\/geie\/","url":"https:\/\/www.libertas-institut.com\/fr\/geie\/","name":"GEIE - C\u00e9ntre Europ\u00e9en de Documentation de GEIE","isPartOf":{"@id":"https:\/\/www.libertas-institut.com\/fr\/#website"},"primaryImageOfPage":{"@id":"https:\/\/www.libertas-institut.com\/fr\/geie\/#primaryimage"},"image":{"@id":"https:\/\/www.libertas-institut.com\/fr\/geie\/#primaryimage"},"thumbnailUrl":"https:\/\/www.libertas-institut.com\/en\/wp-content\/uploads\/sites\/3\/2014\/05\/de.gif","datePublished":"2014-05-23T20:25:07+00:00","dateModified":"2025-05-25T15:58:47+00:00","description":"C\u00e9ntre Europ\u00e9en de Documentation du GEIE: Informations sur la GEIE, Fondation, Statistics etc.","breadcrumb":{"@id":"https:\/\/www.libertas-institut.com\/fr\/geie\/#breadcrumb"},"inLanguage":"de","potentialAction":[{"@type":"ReadAction","target":["https:\/\/www.libertas-institut.com\/fr\/geie\/"]}]},{"@type":"ImageObject","inLanguage":"de","@id":"https:\/\/www.libertas-institut.com\/fr\/geie\/#primaryimage","url":"https:\/\/www.libertas-institut.com\/en\/wp-content\/uploads\/sites\/3\/2014\/05\/de.gif","contentUrl":"https:\/\/www.libertas-institut.com\/en\/wp-content\/uploads\/sites\/3\/2014\/05\/de.gif"},{"@type":"BreadcrumbList","@id":"https:\/\/www.libertas-institut.com\/fr\/geie\/#breadcrumb","itemListElement":[{"@type":"ListItem","position":1,"name":"Home","item":"https:\/\/www.libertas-institut.com\/fr\/"},{"@type":"ListItem","position":2,"name":"GEIE Centre d&#8217;Information"}]},{"@type":"WebSite","@id":"https:\/\/www.libertas-institut.com\/fr\/#website","url":"https:\/\/www.libertas-institut.com\/fr\/","name":"Libertas-fr","description":"\u00a9 by Libertas GmbH","potentialAction":[{"@type":"SearchAction","target":{"@type":"EntryPoint","urlTemplate":"https:\/\/www.libertas-institut.com\/fr\/?s={search_term_string}"},"query-input":{"@type":"PropertyValueSpecification","valueRequired":true,"valueName":"search_term_string"}}],"inLanguage":"de"}]}},"_links":{"self":[{"href":"https:\/\/www.libertas-institut.com\/fr\/wp-json\/wp\/v2\/pages\/7","targetHints":{"allow":["GET"]}}],"collection":[{"href":"https:\/\/www.libertas-institut.com\/fr\/wp-json\/wp\/v2\/pages"}],"about":[{"href":"https:\/\/www.libertas-institut.com\/fr\/wp-json\/wp\/v2\/types\/page"}],"author":[{"embeddable":true,"href":"https:\/\/www.libertas-institut.com\/fr\/wp-json\/wp\/v2\/users\/1"}],"replies":[{"embeddable":true,"href":"https:\/\/www.libertas-institut.com\/fr\/wp-json\/wp\/v2\/comments?post=7"}],"version-history":[{"count":0,"href":"https:\/\/www.libertas-institut.com\/fr\/wp-json\/wp\/v2\/pages\/7\/revisions"}],"wp:attachment":[{"href":"https:\/\/www.libertas-institut.com\/fr\/wp-json\/wp\/v2\/media?parent=7"}],"curies":[{"name":"wp","href":"https:\/\/api.w.org\/{rel}","templated":true}]}}