{"id":109,"date":"2014-08-31T13:29:23","date_gmt":"2014-08-31T11:29:23","guid":{"rendered":"http:\/\/www.libertas-institut.com\/it\/news\/news-archiv-2003\/"},"modified":"2024-07-16T17:54:51","modified_gmt":"2024-07-16T15:54:51","slug":"news-archiv-2003","status":"publish","type":"page","link":"https:\/\/www.libertas-institut.com\/it\/news\/news-archiv-2003\/","title":{"rendered":"News Archiv 2003"},"content":{"rendered":"<h1 style=\"text-align: center\">News Archiv 2003<\/h1>\n<ul>\n<li>Impressione dell&#8216; EuroDomus 2003 16.\/17.10.2003, Padua<\/li>\n<\/ul>\n<ul>\n<li><a href=\"https:\/\/www.libertas-institut.com\/de\/Europe&amp;More\/Flyer.pdf\"><img loading=\"lazy\" decoding=\"async\" class=\"alignleft size-full wp-image-129\" src=\"https:\/\/www.libertas-institut.com\/it\/wp-content\/uploads\/sites\/5\/2014\/08\/uk_men3.gif\" alt=\"uk_men3\" width=\"120\" height=\"34\" \/><\/a><\/li>\n<\/ul>\n<p>&nbsp;<\/p>\n<ul>\n<li><strong>Befragung zu europ\u00e4ischen Themen &#8211; EU-Gemeinschaftsprojekt <\/strong>Im M\u00e4rz 2003 informieren wir \u00fcber die Ergebnisse Fragebogen und n\u00e4here Informationen<\/li>\n<\/ul>\n<ul>\n<li><strong>Constitutive Act of the African Union<\/strong><a href=\"http:\/\/www.libertas-institut.com\/de\/PDF\/Constitutive%20Act%20of%20the%20African%20Union.07-01.doc.pdf\">pdf-Version<\/a><\/li>\n<\/ul>\n","protected":false},"excerpt":{"rendered":"<p>News Archiv 2003 Impressione dell&#8216; EuroDomus 2003 16.\/17.10.2003, Padua &nbsp; Befragung zu europ\u00e4ischen Themen &#8211; EU-Gemeinschaftsprojekt Im M\u00e4rz 2003 informieren wir \u00fcber die Ergebnisse Fragebogen und n\u00e4here Informationen Constitutive Act of the African Unionpdf-Version<\/p>\n","protected":false},"author":1,"featured_media":0,"parent":60,"menu_order":8,"comment_status":"open","ping_status":"open","template":"","meta":{"_bbp_topic_count":0,"_bbp_reply_count":0,"_bbp_total_topic_count":0,"_bbp_total_reply_count":0,"_bbp_voice_count":0,"_bbp_anonymous_reply_count":0,"_bbp_topic_count_hidden":0,"_bbp_reply_count_hidden":0,"_bbp_forum_subforum_count":0,"footnotes":""},"class_list":["post-109","page","type-page","status-publish","hentry"],"yoast_head":"<!-- This site is optimized with the Yoast SEO plugin v26.4 - https:\/\/yoast.com\/wordpress\/plugins\/seo\/ -->\n<title>News Archiv 2003 - Libertas-it<\/title>\n<meta name=\"robots\" content=\"index, follow, max-snippet:-1, max-image-preview:large, max-video-preview:-1\" \/>\n<link rel=\"canonical\" href=\"https:\/\/www.libertas-institut.com\/it\/news\/news-archiv-2003\/\" \/>\n<meta property=\"og:locale\" content=\"de_DE\" \/>\n<meta property=\"og:type\" content=\"article\" \/>\n<meta property=\"og:title\" content=\"News Archiv 2003 - Libertas-it\" \/>\n<meta property=\"og:description\" content=\"News Archiv 2003 Impressione dell&#8216; EuroDomus 2003 16.\/17.10.2003, Padua &nbsp; Befragung zu europ\u00e4ischen Themen &#8211; EU-Gemeinschaftsprojekt Im M\u00e4rz 2003 informieren wir \u00fcber die Ergebnisse Fragebogen und n\u00e4here Informationen Constitutive Act of the African Unionpdf-Version\" \/>\n<meta property=\"og:url\" content=\"https:\/\/www.libertas-institut.com\/it\/news\/news-archiv-2003\/\" \/>\n<meta property=\"og:site_name\" content=\"Libertas-it\" \/>\n<meta property=\"article:modified_time\" content=\"2024-07-16T15:54:51+00:00\" \/>\n<meta property=\"og:image\" content=\"https:\/\/www.libertas-institut.com\/it\/wp-content\/uploads\/sites\/5\/2014\/08\/uk_men3.gif\" \/>\n<script type=\"application\/ld+json\" class=\"yoast-schema-graph\">{\"@context\":\"https:\/\/schema.org\",\"@graph\":[{\"@type\":\"WebPage\",\"@id\":\"https:\/\/www.libertas-institut.com\/it\/news\/news-archiv-2003\/\",\"url\":\"https:\/\/www.libertas-institut.com\/it\/news\/news-archiv-2003\/\",\"name\":\"News Archiv 2003 - Libertas-it\",\"isPartOf\":{\"@id\":\"https:\/\/www.libertas-institut.com\/it\/#website\"},\"primaryImageOfPage\":{\"@id\":\"https:\/\/www.libertas-institut.com\/it\/news\/news-archiv-2003\/#primaryimage\"},\"image\":{\"@id\":\"https:\/\/www.libertas-institut.com\/it\/news\/news-archiv-2003\/#primaryimage\"},\"thumbnailUrl\":\"https:\/\/www.libertas-institut.com\/it\/wp-content\/uploads\/sites\/5\/2014\/08\/uk_men3.gif\",\"datePublished\":\"2014-08-31T11:29:23+00:00\",\"dateModified\":\"2024-07-16T15:54:51+00:00\",\"breadcrumb\":{\"@id\":\"https:\/\/www.libertas-institut.com\/it\/news\/news-archiv-2003\/#breadcrumb\"},\"inLanguage\":\"de\",\"potentialAction\":[{\"@type\":\"ReadAction\",\"target\":[\"https:\/\/www.libertas-institut.com\/it\/news\/news-archiv-2003\/\"]}]},{\"@type\":\"ImageObject\",\"inLanguage\":\"de\",\"@id\":\"https:\/\/www.libertas-institut.com\/it\/news\/news-archiv-2003\/#primaryimage\",\"url\":\"https:\/\/www.libertas-institut.com\/it\/wp-content\/uploads\/sites\/5\/2014\/08\/uk_men3.gif\",\"contentUrl\":\"https:\/\/www.libertas-institut.com\/it\/wp-content\/uploads\/sites\/5\/2014\/08\/uk_men3.gif\",\"width\":120,\"height\":34},{\"@type\":\"BreadcrumbList\",\"@id\":\"https:\/\/www.libertas-institut.com\/it\/news\/news-archiv-2003\/#breadcrumb\",\"itemListElement\":[{\"@type\":\"ListItem\",\"position\":1,\"name\":\"Home\",\"item\":\"https:\/\/www.libertas-institut.com\/it\/\"},{\"@type\":\"ListItem\",\"position\":2,\"name\":\"News\",\"item\":\"https:\/\/www.libertas-institut.com\/it\/news\/\"},{\"@type\":\"ListItem\",\"position\":3,\"name\":\"News Archiv 2003\"}]},{\"@type\":\"WebSite\",\"@id\":\"https:\/\/www.libertas-institut.com\/it\/#website\",\"url\":\"https:\/\/www.libertas-institut.com\/it\/\",\"name\":\"Libertas-it\",\"description\":\"\u00a9 by Libertas GmbH\",\"potentialAction\":[{\"@type\":\"SearchAction\",\"target\":{\"@type\":\"EntryPoint\",\"urlTemplate\":\"https:\/\/www.libertas-institut.com\/it\/?s={search_term_string}\"},\"query-input\":{\"@type\":\"PropertyValueSpecification\",\"valueRequired\":true,\"valueName\":\"search_term_string\"}}],\"inLanguage\":\"de\"}]}<\/script>\n<!-- \/ Yoast SEO plugin. -->","yoast_head_json":{"title":"News Archiv 2003 - Libertas-it","robots":{"index":"index","follow":"follow","max-snippet":"max-snippet:-1","max-image-preview":"max-image-preview:large","max-video-preview":"max-video-preview:-1"},"canonical":"https:\/\/www.libertas-institut.com\/it\/news\/news-archiv-2003\/","og_locale":"de_DE","og_type":"article","og_title":"News Archiv 2003 - Libertas-it","og_description":"News Archiv 2003 Impressione dell&#8216; EuroDomus 2003 16.\/17.10.2003, Padua &nbsp; Befragung zu europ\u00e4ischen Themen &#8211; EU-Gemeinschaftsprojekt Im M\u00e4rz 2003 informieren wir \u00fcber die Ergebnisse Fragebogen und n\u00e4here Informationen Constitutive Act of the African Unionpdf-Version","og_url":"https:\/\/www.libertas-institut.com\/it\/news\/news-archiv-2003\/","og_site_name":"Libertas-it","article_modified_time":"2024-07-16T15:54:51+00:00","og_image":[{"url":"https:\/\/www.libertas-institut.com\/it\/wp-content\/uploads\/sites\/5\/2014\/08\/uk_men3.gif","type":"","width":"","height":""}],"schema":{"@context":"https:\/\/schema.org","@graph":[{"@type":"WebPage","@id":"https:\/\/www.libertas-institut.com\/it\/news\/news-archiv-2003\/","url":"https:\/\/www.libertas-institut.com\/it\/news\/news-archiv-2003\/","name":"News Archiv 2003 - Libertas-it","isPartOf":{"@id":"https:\/\/www.libertas-institut.com\/it\/#website"},"primaryImageOfPage":{"@id":"https:\/\/www.libertas-institut.com\/it\/news\/news-archiv-2003\/#primaryimage"},"image":{"@id":"https:\/\/www.libertas-institut.com\/it\/news\/news-archiv-2003\/#primaryimage"},"thumbnailUrl":"https:\/\/www.libertas-institut.com\/it\/wp-content\/uploads\/sites\/5\/2014\/08\/uk_men3.gif","datePublished":"2014-08-31T11:29:23+00:00","dateModified":"2024-07-16T15:54:51+00:00","breadcrumb":{"@id":"https:\/\/www.libertas-institut.com\/it\/news\/news-archiv-2003\/#breadcrumb"},"inLanguage":"de","potentialAction":[{"@type":"ReadAction","target":["https:\/\/www.libertas-institut.com\/it\/news\/news-archiv-2003\/"]}]},{"@type":"ImageObject","inLanguage":"de","@id":"https:\/\/www.libertas-institut.com\/it\/news\/news-archiv-2003\/#primaryimage","url":"https:\/\/www.libertas-institut.com\/it\/wp-content\/uploads\/sites\/5\/2014\/08\/uk_men3.gif","contentUrl":"https:\/\/www.libertas-institut.com\/it\/wp-content\/uploads\/sites\/5\/2014\/08\/uk_men3.gif","width":120,"height":34},{"@type":"BreadcrumbList","@id":"https:\/\/www.libertas-institut.com\/it\/news\/news-archiv-2003\/#breadcrumb","itemListElement":[{"@type":"ListItem","position":1,"name":"Home","item":"https:\/\/www.libertas-institut.com\/it\/"},{"@type":"ListItem","position":2,"name":"News","item":"https:\/\/www.libertas-institut.com\/it\/news\/"},{"@type":"ListItem","position":3,"name":"News Archiv 2003"}]},{"@type":"WebSite","@id":"https:\/\/www.libertas-institut.com\/it\/#website","url":"https:\/\/www.libertas-institut.com\/it\/","name":"Libertas-it","description":"\u00a9 by Libertas GmbH","potentialAction":[{"@type":"SearchAction","target":{"@type":"EntryPoint","urlTemplate":"https:\/\/www.libertas-institut.com\/it\/?s={search_term_string}"},"query-input":{"@type":"PropertyValueSpecification","valueRequired":true,"valueName":"search_term_string"}}],"inLanguage":"de"}]}},"_links":{"self":[{"href":"https:\/\/www.libertas-institut.com\/it\/wp-json\/wp\/v2\/pages\/109","targetHints":{"allow":["GET"]}}],"collection":[{"href":"https:\/\/www.libertas-institut.com\/it\/wp-json\/wp\/v2\/pages"}],"about":[{"href":"https:\/\/www.libertas-institut.com\/it\/wp-json\/wp\/v2\/types\/page"}],"author":[{"embeddable":true,"href":"https:\/\/www.libertas-institut.com\/it\/wp-json\/wp\/v2\/users\/1"}],"replies":[{"embeddable":true,"href":"https:\/\/www.libertas-institut.com\/it\/wp-json\/wp\/v2\/comments?post=109"}],"version-history":[{"count":0,"href":"https:\/\/www.libertas-institut.com\/it\/wp-json\/wp\/v2\/pages\/109\/revisions"}],"up":[{"embeddable":true,"href":"https:\/\/www.libertas-institut.com\/it\/wp-json\/wp\/v2\/pages\/60"}],"wp:attachment":[{"href":"https:\/\/www.libertas-institut.com\/it\/wp-json\/wp\/v2\/media?parent=109"}],"curies":[{"name":"wp","href":"https:\/\/api.w.org\/{rel}","templated":true}]}}