{"id":111,"date":"2014-08-31T13:29:23","date_gmt":"2014-08-31T11:29:23","guid":{"rendered":"http:\/\/www.libertas-institut.com\/it\/news\/news-archiv-2001\/"},"modified":"2024-07-17T10:42:54","modified_gmt":"2024-07-17T08:42:54","slug":"news-archiv-2001","status":"publish","type":"page","link":"https:\/\/www.libertas-institut.com\/it\/news\/news-archiv-2001\/","title":{"rendered":"News Archiv 2001"},"content":{"rendered":"<h1 style=\"text-align: center\">News Archiv 2001<\/h1>\n<ul>\n<li>Online-Shop Nutzen Sie in unserem <strong>Buch-Shop<\/strong> die Angebote des LIBERTAS Verlages sowie zahlreiche <strong>kostenlose Downloads<\/strong>!<\/li>\n<\/ul>\n<ul>\n<li>Sicherheitsmerkmale der Euro-Banknoten<\/li>\n<\/ul>\n<ul>\n<li>La subfornitura in Europa (Subcontracting in Europe)<\/li>\n<\/ul>\n<ul>\n<li>4. EWIV-Konferenz Berlin 23.11.2001<\/li>\n<\/ul>\n<ul>\n<li>EWIV eJOURNAL Neue kostenlose Zeitschrift \u00fcber Gr\u00fcndung und Betrieb einer Europ\u00e4ischen wirtschaftlichen Interessenvereinigung<\/li>\n<\/ul>\n<ul>\n<li>Informationen zur Euro-Bargeldeinf\u00fchrung<\/li>\n<\/ul>\n<ul>\n<li><a href=\"http:\/\/www.libertas-institut.eu\/de\/Verlag-Publikationen\/Angebot.htm\">Aktuelle Seminar- und Beratungsangebote<\/a> f\u00fcr Unternehmen, Verb\u00e4nde, Kammern und Kreditinstitute zur Euro-Bargeldeinf\u00fchrung<\/li>\n<\/ul>\n<ul>\n<li>EU Study Tour by Kyrgyz Republik Delegation<\/li>\n<\/ul>\n<ul>\n<li>\u00d6ffentliches Auftragswesen in der EU Ein Service f\u00fcr Ihr Unternehmen!<\/li>\n<\/ul>\n<ul>\n<li>Economic Free Zones of the World New Looseleaf Publication<\/li>\n<\/ul>\n<ul>\n<li>EuroManagement Informationsdienst f\u00fcr Unternehmen<\/li>\n<\/ul>\n<ul>\n<li>Fragen zu e-Commerce<\/li>\n<\/ul>\n","protected":false},"excerpt":{"rendered":"<p>News Archiv 2001 Online-Shop Nutzen Sie in unserem Buch-Shop die Angebote des LIBERTAS Verlages sowie zahlreiche kostenlose Downloads! Sicherheitsmerkmale der Euro-Banknoten La subfornitura in Europa (Subcontracting in Europe) 4. EWIV-Konferenz Berlin 23.11.2001 EWIV eJOURNAL Neue kostenlose Zeitschrift \u00fcber Gr\u00fcndung und Betrieb einer Europ\u00e4ischen wirtschaftlichen Interessenvereinigung Informationen zur Euro-Bargeldeinf\u00fchrung Aktuelle Seminar- und Beratungsangebote f\u00fcr Unternehmen, Verb\u00e4nde, [&hellip;]<\/p>\n","protected":false},"author":1,"featured_media":0,"parent":60,"menu_order":10,"comment_status":"open","ping_status":"open","template":"","meta":{"_bbp_topic_count":0,"_bbp_reply_count":0,"_bbp_total_topic_count":0,"_bbp_total_reply_count":0,"_bbp_voice_count":0,"_bbp_anonymous_reply_count":0,"_bbp_topic_count_hidden":0,"_bbp_reply_count_hidden":0,"_bbp_forum_subforum_count":0,"footnotes":""},"class_list":["post-111","page","type-page","status-publish","hentry"],"yoast_head":"<!-- This site is optimized with the Yoast SEO plugin v26.4 - https:\/\/yoast.com\/wordpress\/plugins\/seo\/ -->\n<title>News Archiv 2001 - Libertas-it<\/title>\n<meta name=\"robots\" content=\"index, follow, max-snippet:-1, max-image-preview:large, max-video-preview:-1\" \/>\n<link rel=\"canonical\" href=\"https:\/\/www.libertas-institut.com\/it\/news\/news-archiv-2001\/\" \/>\n<meta property=\"og:locale\" content=\"de_DE\" \/>\n<meta property=\"og:type\" content=\"article\" \/>\n<meta property=\"og:title\" content=\"News Archiv 2001 - Libertas-it\" \/>\n<meta property=\"og:description\" content=\"News Archiv 2001 Online-Shop Nutzen Sie in unserem Buch-Shop die Angebote des LIBERTAS Verlages sowie zahlreiche kostenlose Downloads! Sicherheitsmerkmale der Euro-Banknoten La subfornitura in Europa (Subcontracting in Europe) 4. EWIV-Konferenz Berlin 23.11.2001 EWIV eJOURNAL Neue kostenlose Zeitschrift \u00fcber Gr\u00fcndung und Betrieb einer Europ\u00e4ischen wirtschaftlichen Interessenvereinigung Informationen zur Euro-Bargeldeinf\u00fchrung Aktuelle Seminar- und Beratungsangebote f\u00fcr Unternehmen, Verb\u00e4nde, [&hellip;]\" \/>\n<meta property=\"og:url\" content=\"https:\/\/www.libertas-institut.com\/it\/news\/news-archiv-2001\/\" \/>\n<meta property=\"og:site_name\" content=\"Libertas-it\" \/>\n<meta property=\"article:modified_time\" content=\"2024-07-17T08:42:54+00:00\" \/>\n<meta name=\"twitter:label1\" content=\"Gesch\u00e4tzte Lesezeit\" \/>\n\t<meta name=\"twitter:data1\" content=\"1\u00a0Minute\" \/>\n<script type=\"application\/ld+json\" class=\"yoast-schema-graph\">{\"@context\":\"https:\/\/schema.org\",\"@graph\":[{\"@type\":\"WebPage\",\"@id\":\"https:\/\/www.libertas-institut.com\/it\/news\/news-archiv-2001\/\",\"url\":\"https:\/\/www.libertas-institut.com\/it\/news\/news-archiv-2001\/\",\"name\":\"News Archiv 2001 - Libertas-it\",\"isPartOf\":{\"@id\":\"https:\/\/www.libertas-institut.com\/it\/#website\"},\"datePublished\":\"2014-08-31T11:29:23+00:00\",\"dateModified\":\"2024-07-17T08:42:54+00:00\",\"breadcrumb\":{\"@id\":\"https:\/\/www.libertas-institut.com\/it\/news\/news-archiv-2001\/#breadcrumb\"},\"inLanguage\":\"de\",\"potentialAction\":[{\"@type\":\"ReadAction\",\"target\":[\"https:\/\/www.libertas-institut.com\/it\/news\/news-archiv-2001\/\"]}]},{\"@type\":\"BreadcrumbList\",\"@id\":\"https:\/\/www.libertas-institut.com\/it\/news\/news-archiv-2001\/#breadcrumb\",\"itemListElement\":[{\"@type\":\"ListItem\",\"position\":1,\"name\":\"Home\",\"item\":\"https:\/\/www.libertas-institut.com\/it\/\"},{\"@type\":\"ListItem\",\"position\":2,\"name\":\"News\",\"item\":\"https:\/\/www.libertas-institut.com\/it\/news\/\"},{\"@type\":\"ListItem\",\"position\":3,\"name\":\"News Archiv 2001\"}]},{\"@type\":\"WebSite\",\"@id\":\"https:\/\/www.libertas-institut.com\/it\/#website\",\"url\":\"https:\/\/www.libertas-institut.com\/it\/\",\"name\":\"Libertas-it\",\"description\":\"\u00a9 by Libertas GmbH\",\"potentialAction\":[{\"@type\":\"SearchAction\",\"target\":{\"@type\":\"EntryPoint\",\"urlTemplate\":\"https:\/\/www.libertas-institut.com\/it\/?s={search_term_string}\"},\"query-input\":{\"@type\":\"PropertyValueSpecification\",\"valueRequired\":true,\"valueName\":\"search_term_string\"}}],\"inLanguage\":\"de\"}]}<\/script>\n<!-- \/ Yoast SEO plugin. -->","yoast_head_json":{"title":"News Archiv 2001 - Libertas-it","robots":{"index":"index","follow":"follow","max-snippet":"max-snippet:-1","max-image-preview":"max-image-preview:large","max-video-preview":"max-video-preview:-1"},"canonical":"https:\/\/www.libertas-institut.com\/it\/news\/news-archiv-2001\/","og_locale":"de_DE","og_type":"article","og_title":"News Archiv 2001 - Libertas-it","og_description":"News Archiv 2001 Online-Shop Nutzen Sie in unserem Buch-Shop die Angebote des LIBERTAS Verlages sowie zahlreiche kostenlose Downloads! Sicherheitsmerkmale der Euro-Banknoten La subfornitura in Europa (Subcontracting in Europe) 4. EWIV-Konferenz Berlin 23.11.2001 EWIV eJOURNAL Neue kostenlose Zeitschrift \u00fcber Gr\u00fcndung und Betrieb einer Europ\u00e4ischen wirtschaftlichen Interessenvereinigung Informationen zur Euro-Bargeldeinf\u00fchrung Aktuelle Seminar- und Beratungsangebote f\u00fcr Unternehmen, Verb\u00e4nde, [&hellip;]","og_url":"https:\/\/www.libertas-institut.com\/it\/news\/news-archiv-2001\/","og_site_name":"Libertas-it","article_modified_time":"2024-07-17T08:42:54+00:00","twitter_misc":{"Gesch\u00e4tzte Lesezeit":"1\u00a0Minute"},"schema":{"@context":"https:\/\/schema.org","@graph":[{"@type":"WebPage","@id":"https:\/\/www.libertas-institut.com\/it\/news\/news-archiv-2001\/","url":"https:\/\/www.libertas-institut.com\/it\/news\/news-archiv-2001\/","name":"News Archiv 2001 - Libertas-it","isPartOf":{"@id":"https:\/\/www.libertas-institut.com\/it\/#website"},"datePublished":"2014-08-31T11:29:23+00:00","dateModified":"2024-07-17T08:42:54+00:00","breadcrumb":{"@id":"https:\/\/www.libertas-institut.com\/it\/news\/news-archiv-2001\/#breadcrumb"},"inLanguage":"de","potentialAction":[{"@type":"ReadAction","target":["https:\/\/www.libertas-institut.com\/it\/news\/news-archiv-2001\/"]}]},{"@type":"BreadcrumbList","@id":"https:\/\/www.libertas-institut.com\/it\/news\/news-archiv-2001\/#breadcrumb","itemListElement":[{"@type":"ListItem","position":1,"name":"Home","item":"https:\/\/www.libertas-institut.com\/it\/"},{"@type":"ListItem","position":2,"name":"News","item":"https:\/\/www.libertas-institut.com\/it\/news\/"},{"@type":"ListItem","position":3,"name":"News Archiv 2001"}]},{"@type":"WebSite","@id":"https:\/\/www.libertas-institut.com\/it\/#website","url":"https:\/\/www.libertas-institut.com\/it\/","name":"Libertas-it","description":"\u00a9 by Libertas GmbH","potentialAction":[{"@type":"SearchAction","target":{"@type":"EntryPoint","urlTemplate":"https:\/\/www.libertas-institut.com\/it\/?s={search_term_string}"},"query-input":{"@type":"PropertyValueSpecification","valueRequired":true,"valueName":"search_term_string"}}],"inLanguage":"de"}]}},"_links":{"self":[{"href":"https:\/\/www.libertas-institut.com\/it\/wp-json\/wp\/v2\/pages\/111","targetHints":{"allow":["GET"]}}],"collection":[{"href":"https:\/\/www.libertas-institut.com\/it\/wp-json\/wp\/v2\/pages"}],"about":[{"href":"https:\/\/www.libertas-institut.com\/it\/wp-json\/wp\/v2\/types\/page"}],"author":[{"embeddable":true,"href":"https:\/\/www.libertas-institut.com\/it\/wp-json\/wp\/v2\/users\/1"}],"replies":[{"embeddable":true,"href":"https:\/\/www.libertas-institut.com\/it\/wp-json\/wp\/v2\/comments?post=111"}],"version-history":[{"count":0,"href":"https:\/\/www.libertas-institut.com\/it\/wp-json\/wp\/v2\/pages\/111\/revisions"}],"up":[{"embeddable":true,"href":"https:\/\/www.libertas-institut.com\/it\/wp-json\/wp\/v2\/pages\/60"}],"wp:attachment":[{"href":"https:\/\/www.libertas-institut.com\/it\/wp-json\/wp\/v2\/media?parent=111"}],"curies":[{"name":"wp","href":"https:\/\/api.w.org\/{rel}","templated":true}]}}