{"id":192,"date":"2014-09-03T17:58:59","date_gmt":"2014-09-03T15:58:59","guid":{"rendered":"http:\/\/www.libertas-institut.com\/it\/centro-geie\/ejournal-geie\/"},"modified":"2016-03-19T14:04:45","modified_gmt":"2016-03-19T12:04:45","slug":"ejournal-geie","status":"publish","type":"page","link":"https:\/\/www.libertas-institut.com\/it\/centro-geie\/ejournal-geie\/","title":{"rendered":"eJournal GEIE"},"content":{"rendered":"<h1 style=\"text-align: center\">La rivista elettronica\u00a0sulle attivit\u00e1 svolte da un GEIE<br \/>\nAspetti giuridici, fiscali ed economici delle attivit\u00e1<\/h1>\n<p style=\"text-align: center\">disponibile gratuitamente<\/p>\n<p>&#8222;EWIV\/EEIG\/GEIE eJOURNAL&#8220; questo \u00e9 il nome della nuova rivista per il Gruppo Europeo di Interesse Economico (GEIE); si tratta di una nuova gestione aziendale che deriva dalle decisioni di cooperazione prese da avvocati e consulenti fiscali, consulenti aziendali, uffici di consulenza europei, ecc. Il periodico esce, da novembre 2000, ogni due mesi, \u00e8 gratuito e viene pubblicato dal Centro di Informazione Europeo &#8211; GEIE a Sindelfingen; la redazione \u00e8 curata dall\u00b4Avv. Hans-J\u00fcrgen Zahorka. L&#8216; &#8222;eJOURNAL&#8220; \u00e9 redatto in pi\u00fa lingue (il tedesco \u00e9 la lingua di base). Gli articoli comprendono saggi piuttosto lunghi, presentazioni dei GEIE, consigli utili e documentazione.<\/p>\n<p>Per ricapitolare: il GEIE \u00e8 una forma sociale a livello europeo per la promozione della cooperazione; per questo motivo devono essere presenti almeno due imprese appartenenti a due diversi paesi membri dell`Unione Europea. \u00c8 direttamente registrabile nel registro delle imprese. Non esiste altra forma sociale cos\u00ed poco regolamentata come il GEIE. Da ci\u00f3 deriva che il GEIE \u00e9 estremamente vantaggioso dal punto di vista fiscale; ad esempio non \u00e9 soggetto alle imposte sulla societ\u00e1 e sulle tasse d&#8217;esercizio.<\/p>\n<p>Ci si pu\u00f3 abbonare al &#8222;EWIV\/EEIG\/GEIE eJOURNAL&#8220;, senza impegno e gratuitamente, attraverso <a href=\"https:\/\/www.libertas-institut.com\/en\/abo-eeigejournal\" target=\"_blank\">abbonare<\/a><\/p>\n<p>A questo indirizzo potete anche richiedere ultieriori informazioni su questa forma sociale europea.<\/p>\n<h2>Download (pdf)<\/h2>\n<p>&nbsp;<\/p>\n<ul>\n<li><strong>Index <\/strong><a href=\"https:\/\/www.libertas-institut.com\/de\/PDF\/Index_EWIVeJOURNAL.pdf\">download<\/a> (2.4.2007)<\/li>\n<li><strong>Tutti le edizioni<\/strong> (un documento) <a href=\"https:\/\/www.libertas-institut.com\/de\/PDF\/EWIVeJournal_all.pdf\">download<\/a> (no. 1-9 &#8211; vedere bookmarks)<\/li>\n<li><a href=\"https:\/\/www.libertas-institut.com\/de\/PDF\/EWIVeJournal10.pdf\">edizione no. 10<\/a> (ottobre 2013)<\/li>\n<li><a href=\"https:\/\/www.libertas-institut.com\/de\/PDF\/EWIVeJournal9.pdf\">edizione no. 9<\/a> (novembre 2006)<\/li>\n<li><a href=\"https:\/\/www.libertas-institut.com\/de\/PDF\/EWIVeJOURNAL8.pdf\">edizione no. 8<\/a> (maggio 2006)<\/li>\n<li><a href=\"https:\/\/www.libertas-institut.com\/de\/PDF\/EWIVeJOURNAL7.pdf\">edizione no. 7<\/a>(aprile 2006)<\/li>\n<li><a href=\"https:\/\/www.libertas-institut.com\/de\/PDF\/EWIVeJOURNAL6.pdf\">edizione no. 6<\/a>(marzo 2006)<\/li>\n<li><a href=\"https:\/\/www.libertas-institut.com\/de\/PDF\/E-Journal5.pdf\">edizione no. 5<\/a>(marzo 2005)<\/li>\n<li><a href=\"https:\/\/www.libertas-institut.com\/de\/PDF\/E-JOURNAL4.pdf\">edizione no. 4<\/a> (febbraio 2005)<\/li>\n<li><a href=\"https:\/\/www.libertas-institut.com\/de\/EWIV\/E-Journal3.pdf\">edizione no. 3<\/a> (maggio 2001)<\/li>\n<li><a href=\"https:\/\/www.libertas-institut.com\/de\/EWIV\/E-Journal2.pdf\">edizione no. 2<\/a> (febbraio 2001)<\/li>\n<li><a href=\"https:\/\/www.libertas-institut.com\/de\/EWIV\/E-Journal1.pdf\">edizione no. 1<\/a> (novembre 2000)<\/li>\n<\/ul>\n","protected":false},"excerpt":{"rendered":"<p>La rivista elettronica\u00a0sulle attivit\u00e1 svolte da un GEIE Aspetti giuridici, fiscali ed economici delle attivit\u00e1 disponibile gratuitamente &#8222;EWIV\/EEIG\/GEIE eJOURNAL&#8220; questo \u00e9 il nome della nuova rivista per il Gruppo Europeo di Interesse Economico (GEIE); si tratta di una nuova gestione aziendale che deriva dalle decisioni di cooperazione prese da avvocati e consulenti fiscali, consulenti aziendali, [&hellip;]<\/p>\n","protected":false},"author":1,"featured_media":0,"parent":7,"menu_order":2,"comment_status":"open","ping_status":"open","template":"","meta":{"_bbp_topic_count":0,"_bbp_reply_count":0,"_bbp_total_topic_count":0,"_bbp_total_reply_count":0,"_bbp_voice_count":0,"_bbp_anonymous_reply_count":0,"_bbp_topic_count_hidden":0,"_bbp_reply_count_hidden":0,"_bbp_forum_subforum_count":0,"footnotes":""},"class_list":["post-192","page","type-page","status-publish","hentry"],"yoast_head":"<!-- This site is optimized with the Yoast SEO plugin v26.4 - https:\/\/yoast.com\/wordpress\/plugins\/seo\/ -->\n<title>eJournal GEIE - Libertas-it<\/title>\n<meta name=\"robots\" content=\"index, follow, max-snippet:-1, max-image-preview:large, max-video-preview:-1\" \/>\n<link rel=\"canonical\" href=\"https:\/\/www.libertas-institut.com\/it\/centro-geie\/ejournal-geie\/\" \/>\n<meta property=\"og:locale\" content=\"de_DE\" \/>\n<meta property=\"og:type\" content=\"article\" \/>\n<meta property=\"og:title\" content=\"eJournal GEIE - Libertas-it\" \/>\n<meta property=\"og:description\" content=\"La rivista elettronica\u00a0sulle attivit\u00e1 svolte da un GEIE Aspetti giuridici, fiscali ed economici delle attivit\u00e1 disponibile gratuitamente &#8222;EWIV\/EEIG\/GEIE eJOURNAL&#8220; questo \u00e9 il nome della nuova rivista per il Gruppo Europeo di Interesse Economico (GEIE); si tratta di una nuova gestione aziendale che deriva dalle decisioni di cooperazione prese da avvocati e consulenti fiscali, consulenti aziendali, [&hellip;]\" \/>\n<meta property=\"og:url\" content=\"https:\/\/www.libertas-institut.com\/it\/centro-geie\/ejournal-geie\/\" \/>\n<meta property=\"og:site_name\" content=\"Libertas-it\" \/>\n<meta property=\"article:modified_time\" content=\"2016-03-19T12:04:45+00:00\" \/>\n<meta name=\"twitter:label1\" content=\"Gesch\u00e4tzte Lesezeit\" \/>\n\t<meta name=\"twitter:data1\" content=\"1\u00a0Minute\" \/>\n<script type=\"application\/ld+json\" class=\"yoast-schema-graph\">{\"@context\":\"https:\/\/schema.org\",\"@graph\":[{\"@type\":\"WebPage\",\"@id\":\"https:\/\/www.libertas-institut.com\/it\/centro-geie\/ejournal-geie\/\",\"url\":\"https:\/\/www.libertas-institut.com\/it\/centro-geie\/ejournal-geie\/\",\"name\":\"eJournal GEIE - Libertas-it\",\"isPartOf\":{\"@id\":\"https:\/\/www.libertas-institut.com\/it\/#website\"},\"datePublished\":\"2014-09-03T15:58:59+00:00\",\"dateModified\":\"2016-03-19T12:04:45+00:00\",\"breadcrumb\":{\"@id\":\"https:\/\/www.libertas-institut.com\/it\/centro-geie\/ejournal-geie\/#breadcrumb\"},\"inLanguage\":\"de\",\"potentialAction\":[{\"@type\":\"ReadAction\",\"target\":[\"https:\/\/www.libertas-institut.com\/it\/centro-geie\/ejournal-geie\/\"]}]},{\"@type\":\"BreadcrumbList\",\"@id\":\"https:\/\/www.libertas-institut.com\/it\/centro-geie\/ejournal-geie\/#breadcrumb\",\"itemListElement\":[{\"@type\":\"ListItem\",\"position\":1,\"name\":\"Home\",\"item\":\"https:\/\/www.libertas-institut.com\/it\/\"},{\"@type\":\"ListItem\",\"position\":2,\"name\":\"Centro GEIE\",\"item\":\"https:\/\/www.libertas-institut.com\/it\/centro-geie\/\"},{\"@type\":\"ListItem\",\"position\":3,\"name\":\"eJournal GEIE\"}]},{\"@type\":\"WebSite\",\"@id\":\"https:\/\/www.libertas-institut.com\/it\/#website\",\"url\":\"https:\/\/www.libertas-institut.com\/it\/\",\"name\":\"Libertas-it\",\"description\":\"\u00a9 by Libertas GmbH\",\"potentialAction\":[{\"@type\":\"SearchAction\",\"target\":{\"@type\":\"EntryPoint\",\"urlTemplate\":\"https:\/\/www.libertas-institut.com\/it\/?s={search_term_string}\"},\"query-input\":{\"@type\":\"PropertyValueSpecification\",\"valueRequired\":true,\"valueName\":\"search_term_string\"}}],\"inLanguage\":\"de\"}]}<\/script>\n<!-- \/ Yoast SEO plugin. -->","yoast_head_json":{"title":"eJournal GEIE - Libertas-it","robots":{"index":"index","follow":"follow","max-snippet":"max-snippet:-1","max-image-preview":"max-image-preview:large","max-video-preview":"max-video-preview:-1"},"canonical":"https:\/\/www.libertas-institut.com\/it\/centro-geie\/ejournal-geie\/","og_locale":"de_DE","og_type":"article","og_title":"eJournal GEIE - Libertas-it","og_description":"La rivista elettronica\u00a0sulle attivit\u00e1 svolte da un GEIE Aspetti giuridici, fiscali ed economici delle attivit\u00e1 disponibile gratuitamente &#8222;EWIV\/EEIG\/GEIE eJOURNAL&#8220; questo \u00e9 il nome della nuova rivista per il Gruppo Europeo di Interesse Economico (GEIE); si tratta di una nuova gestione aziendale che deriva dalle decisioni di cooperazione prese da avvocati e consulenti fiscali, consulenti aziendali, [&hellip;]","og_url":"https:\/\/www.libertas-institut.com\/it\/centro-geie\/ejournal-geie\/","og_site_name":"Libertas-it","article_modified_time":"2016-03-19T12:04:45+00:00","twitter_misc":{"Gesch\u00e4tzte Lesezeit":"1\u00a0Minute"},"schema":{"@context":"https:\/\/schema.org","@graph":[{"@type":"WebPage","@id":"https:\/\/www.libertas-institut.com\/it\/centro-geie\/ejournal-geie\/","url":"https:\/\/www.libertas-institut.com\/it\/centro-geie\/ejournal-geie\/","name":"eJournal GEIE - Libertas-it","isPartOf":{"@id":"https:\/\/www.libertas-institut.com\/it\/#website"},"datePublished":"2014-09-03T15:58:59+00:00","dateModified":"2016-03-19T12:04:45+00:00","breadcrumb":{"@id":"https:\/\/www.libertas-institut.com\/it\/centro-geie\/ejournal-geie\/#breadcrumb"},"inLanguage":"de","potentialAction":[{"@type":"ReadAction","target":["https:\/\/www.libertas-institut.com\/it\/centro-geie\/ejournal-geie\/"]}]},{"@type":"BreadcrumbList","@id":"https:\/\/www.libertas-institut.com\/it\/centro-geie\/ejournal-geie\/#breadcrumb","itemListElement":[{"@type":"ListItem","position":1,"name":"Home","item":"https:\/\/www.libertas-institut.com\/it\/"},{"@type":"ListItem","position":2,"name":"Centro GEIE","item":"https:\/\/www.libertas-institut.com\/it\/centro-geie\/"},{"@type":"ListItem","position":3,"name":"eJournal GEIE"}]},{"@type":"WebSite","@id":"https:\/\/www.libertas-institut.com\/it\/#website","url":"https:\/\/www.libertas-institut.com\/it\/","name":"Libertas-it","description":"\u00a9 by Libertas GmbH","potentialAction":[{"@type":"SearchAction","target":{"@type":"EntryPoint","urlTemplate":"https:\/\/www.libertas-institut.com\/it\/?s={search_term_string}"},"query-input":{"@type":"PropertyValueSpecification","valueRequired":true,"valueName":"search_term_string"}}],"inLanguage":"de"}]}},"_links":{"self":[{"href":"https:\/\/www.libertas-institut.com\/it\/wp-json\/wp\/v2\/pages\/192","targetHints":{"allow":["GET"]}}],"collection":[{"href":"https:\/\/www.libertas-institut.com\/it\/wp-json\/wp\/v2\/pages"}],"about":[{"href":"https:\/\/www.libertas-institut.com\/it\/wp-json\/wp\/v2\/types\/page"}],"author":[{"embeddable":true,"href":"https:\/\/www.libertas-institut.com\/it\/wp-json\/wp\/v2\/users\/1"}],"replies":[{"embeddable":true,"href":"https:\/\/www.libertas-institut.com\/it\/wp-json\/wp\/v2\/comments?post=192"}],"version-history":[{"count":0,"href":"https:\/\/www.libertas-institut.com\/it\/wp-json\/wp\/v2\/pages\/192\/revisions"}],"up":[{"embeddable":true,"href":"https:\/\/www.libertas-institut.com\/it\/wp-json\/wp\/v2\/pages\/7"}],"wp:attachment":[{"href":"https:\/\/www.libertas-institut.com\/it\/wp-json\/wp\/v2\/media?parent=192"}],"curies":[{"name":"wp","href":"https:\/\/api.w.org\/{rel}","templated":true}]}}