{"id":197,"date":"2014-09-03T18:12:21","date_gmt":"2014-09-03T16:12:21","guid":{"rendered":"http:\/\/www.libertas-institut.com\/it\/centro-geie\/it_ewiv_inhaltsverzeichnis\/"},"modified":"2014-09-19T06:33:53","modified_gmt":"2014-09-19T04:33:53","slug":"it_ewiv_inhaltsverzeichnis","status":"publish","type":"page","link":"https:\/\/www.libertas-institut.com\/it\/centro-geie\/it_ewiv_inhaltsverzeichnis\/","title":{"rendered":"it_ewiv_inhaltsverzeichnis."},"content":{"rendered":"<h1 style=\"text-align: center;\"><span id=\"result_box\" class=\"short_text\" lang=\"it\"><span class=\"hps\">Contenuto<\/span><\/span><\/h1>\n<p><strong><a href=\"https:\/\/www.libertas-institut.com\/it\/EWIV\/GEIE%20italiano.pdf\">Costituzione e attivit\u00e0 di un GEIE<\/a><\/strong><\/p>\n<p>con i fondamenti giuridici del Regolamento Communitario No. 2137\/85<\/p>\n<h2>Indice<\/h2>\n<ul>\n<li><a title=\"Storia\" href=\"https:\/\/www.libertas-institut.com\/it\/centro-geie\/it_ewiv_inhaltsverzeichnis\/storia\/\">Storia<\/a><\/li>\n<li><a title=\"Base giuridica\" href=\"https:\/\/www.libertas-institut.com\/it\/centro-geie\/it_ewiv_inhaltsverzeichnis\/base-giuridica\/\">Base giuridica<\/a><\/li>\n<li><a title=\"Membri\" href=\"https:\/\/www.libertas-institut.com\/it\/centro-geie\/it_ewiv_inhaltsverzeichnis\/membri\/\">Membri<\/a><\/li>\n<li><a title=\"Costituzione\" href=\"https:\/\/www.libertas-institut.com\/it\/centro-geie\/it_ewiv_inhaltsverzeichnis\/costituzione\/\">Costituzione<\/a><\/li>\n<li><a title=\"Oggetto sociale\" href=\"https:\/\/www.libertas-institut.com\/it\/centro-geie\/it_ewiv_inhaltsverzeichnis\/oggetto-sociale\/\">Oggetto sociale<\/a><\/li>\n<li><a title=\"Cosa non pu\u00f2 fare un GEIE\" href=\"https:\/\/www.libertas-institut.com\/it\/centro-geie\/it_ewiv_inhaltsverzeichnis\/cosa-non-puo-fare-un-geie\/\">Cosa non pu\u00f2 fare un GEIE<\/a><\/li>\n<li><a title=\"Personalit\u00e0 giuridica\" href=\"https:\/\/www.libertas-institut.com\/it\/centro-geie\/it_ewiv_inhaltsverzeichnis\/personalita-giuridica\/\">Personalit\u00e0 giuridica<\/a><\/li>\n<li><a title=\"Conferimenti\" href=\"https:\/\/www.libertas-institut.com\/it\/centro-geie\/it_ewiv_inhaltsverzeichnis\/conferimenti\/\">Conferimenti<\/a><\/li>\n<li><a title=\"Responsabilit\u00e0\" href=\"https:\/\/www.libertas-institut.com\/it\/centro-geie\/it_ewiv_inhaltsverzeichnis\/responsabilita\/\">Responsabilit\u00e0<\/a><\/li>\n<li><a title=\"Regime fiscale\" href=\"https:\/\/www.libertas-institut.com\/it\/centro-geie\/it_ewiv_inhaltsverzeichnis\/regime-fiscale\/\">Regime fiscale<\/a><\/li>\n<li><a title=\"Qualche prescrizione normativa\" href=\"https:\/\/www.libertas-institut.com\/it\/centro-geie\/it_ewiv_inhaltsverzeichnis\/qualche-prescrizione-normativa\/\">Qualche prescrizione normativa<\/a><\/li>\n<li><a title=\"Registro delle imprese\" href=\"https:\/\/www.libertas-institut.com\/it\/centro-geie\/it_ewiv_inhaltsverzeichnis\/registro-delle-imprese\/\">Registro delle imprese<\/a><\/li>\n<li><a title=\"Tipologie di problemi\" href=\"https:\/\/www.libertas-institut.com\/it\/centro-geie\/it_ewiv_inhaltsverzeichnis\/tipologie-di-problemi\/\">Tipologie di problemi<\/a><\/li>\n<li><a title=\"Alcune esperienze\" href=\"https:\/\/www.libertas-institut.com\/it\/centro-geie\/it_ewiv_inhaltsverzeichnis\/alcune-esperienze\/\">Alcune esperienze<\/a><\/li>\n<li><a title=\"Membri di paesi terzi\" href=\"https:\/\/www.libertas-institut.com\/it\/centro-geie\/it_ewiv_inhaltsverzeichnis\/membri-di-paesi-terzi\/\">Membri di paesi terzi<\/a><\/li>\n<li><a title=\"Sempre pi\u00f9 GEIE vengono registrati\" href=\"https:\/\/www.libertas-institut.com\/it\/centro-geie\/it_ewiv_inhaltsverzeichnis\/sempre-piu-geie-vengono-registrati\/\">Sempre pi\u00f9 GEIE vengono registrati<\/a><\/li>\n<li><a title=\"13 motivi per costitutire un GEIE\" href=\"https:\/\/www.libertas-institut.com\/it\/centro-geie\/it_ewiv_inhaltsverzeichnis\/13-motivi-per-costitutire-un-geie\/\">13 motivi per costitutire un GEIE<\/a><\/li>\n<li><a title=\"Quanto costa la costituzione di un GEIE?\" href=\"https:\/\/www.libertas-institut.com\/it\/centro-geie\/it_ewiv_inhaltsverzeichnis\/quanto-costa-la-costituzione-di-un-geie\/\">Quanto costa la costituzione di un GEIE?<\/a><\/li>\n<li><a title=\"Il centro di documentazione sul GEIE\" href=\"https:\/\/www.libertas-institut.com\/it\/centro-geie\/it_ewiv_inhaltsverzeichnis\/il-centro-di-documentazione-sul-geie\/\">Il centro di documentazione sul GEIE<\/a><\/li>\n<li><a title=\"Attivit\u00e0 e scopi del centro di documentazione\" href=\"https:\/\/www.libertas-institut.com\/it\/centro-geie\/it_ewiv_inhaltsverzeichnis\/attivita-e-scopi-del-centro-di-documentazione\/\">Attivit\u00e0 e scopi del centro di documentazione<\/a><\/li>\n<\/ul>\n","protected":false},"excerpt":{"rendered":"<p>Contenuto Costituzione e attivit\u00e0 di un GEIE con i fondamenti giuridici del Regolamento Communitario No. 2137\/85 Indice Storia Base giuridica Membri Costituzione Oggetto sociale Cosa non pu\u00f2 fare un GEIE Personalit\u00e0 giuridica Conferimenti Responsabilit\u00e0 Regime fiscale Qualche prescrizione normativa Registro delle imprese Tipologie di problemi Alcune esperienze Membri di paesi terzi Sempre pi\u00f9 GEIE vengono [&hellip;]<\/p>\n","protected":false},"author":1,"featured_media":0,"parent":7,"menu_order":3,"comment_status":"open","ping_status":"open","template":"","meta":{"_bbp_topic_count":0,"_bbp_reply_count":0,"_bbp_total_topic_count":0,"_bbp_total_reply_count":0,"_bbp_voice_count":0,"_bbp_anonymous_reply_count":0,"_bbp_topic_count_hidden":0,"_bbp_reply_count_hidden":0,"_bbp_forum_subforum_count":0,"footnotes":""},"class_list":["post-197","page","type-page","status-publish","hentry"],"yoast_head":"<!-- This site is optimized with the Yoast SEO plugin v26.4 - https:\/\/yoast.com\/wordpress\/plugins\/seo\/ -->\n<title>it_ewiv_inhaltsverzeichnis. - Libertas-it<\/title>\n<meta name=\"robots\" content=\"index, follow, max-snippet:-1, max-image-preview:large, max-video-preview:-1\" \/>\n<link rel=\"canonical\" href=\"https:\/\/www.libertas-institut.com\/it\/centro-geie\/it_ewiv_inhaltsverzeichnis\/\" \/>\n<meta property=\"og:locale\" content=\"de_DE\" \/>\n<meta property=\"og:type\" content=\"article\" \/>\n<meta property=\"og:title\" content=\"it_ewiv_inhaltsverzeichnis. - Libertas-it\" \/>\n<meta property=\"og:description\" content=\"Contenuto Costituzione e attivit\u00e0 di un GEIE con i fondamenti giuridici del Regolamento Communitario No. 2137\/85 Indice Storia Base giuridica Membri Costituzione Oggetto sociale Cosa non pu\u00f2 fare un GEIE Personalit\u00e0 giuridica Conferimenti Responsabilit\u00e0 Regime fiscale Qualche prescrizione normativa Registro delle imprese Tipologie di problemi Alcune esperienze Membri di paesi terzi Sempre pi\u00f9 GEIE vengono [&hellip;]\" \/>\n<meta property=\"og:url\" content=\"https:\/\/www.libertas-institut.com\/it\/centro-geie\/it_ewiv_inhaltsverzeichnis\/\" \/>\n<meta property=\"og:site_name\" content=\"Libertas-it\" \/>\n<meta property=\"article:modified_time\" content=\"2014-09-19T04:33:53+00:00\" \/>\n<script type=\"application\/ld+json\" class=\"yoast-schema-graph\">{\"@context\":\"https:\/\/schema.org\",\"@graph\":[{\"@type\":\"WebPage\",\"@id\":\"https:\/\/www.libertas-institut.com\/it\/centro-geie\/it_ewiv_inhaltsverzeichnis\/\",\"url\":\"https:\/\/www.libertas-institut.com\/it\/centro-geie\/it_ewiv_inhaltsverzeichnis\/\",\"name\":\"it_ewiv_inhaltsverzeichnis. - Libertas-it\",\"isPartOf\":{\"@id\":\"https:\/\/www.libertas-institut.com\/it\/#website\"},\"datePublished\":\"2014-09-03T16:12:21+00:00\",\"dateModified\":\"2014-09-19T04:33:53+00:00\",\"breadcrumb\":{\"@id\":\"https:\/\/www.libertas-institut.com\/it\/centro-geie\/it_ewiv_inhaltsverzeichnis\/#breadcrumb\"},\"inLanguage\":\"de\",\"potentialAction\":[{\"@type\":\"ReadAction\",\"target\":[\"https:\/\/www.libertas-institut.com\/it\/centro-geie\/it_ewiv_inhaltsverzeichnis\/\"]}]},{\"@type\":\"BreadcrumbList\",\"@id\":\"https:\/\/www.libertas-institut.com\/it\/centro-geie\/it_ewiv_inhaltsverzeichnis\/#breadcrumb\",\"itemListElement\":[{\"@type\":\"ListItem\",\"position\":1,\"name\":\"Home\",\"item\":\"https:\/\/www.libertas-institut.com\/it\/\"},{\"@type\":\"ListItem\",\"position\":2,\"name\":\"Centro GEIE\",\"item\":\"https:\/\/www.libertas-institut.com\/it\/centro-geie\/\"},{\"@type\":\"ListItem\",\"position\":3,\"name\":\"it_ewiv_inhaltsverzeichnis.\"}]},{\"@type\":\"WebSite\",\"@id\":\"https:\/\/www.libertas-institut.com\/it\/#website\",\"url\":\"https:\/\/www.libertas-institut.com\/it\/\",\"name\":\"Libertas-it\",\"description\":\"\u00a9 by Libertas GmbH\",\"potentialAction\":[{\"@type\":\"SearchAction\",\"target\":{\"@type\":\"EntryPoint\",\"urlTemplate\":\"https:\/\/www.libertas-institut.com\/it\/?s={search_term_string}\"},\"query-input\":{\"@type\":\"PropertyValueSpecification\",\"valueRequired\":true,\"valueName\":\"search_term_string\"}}],\"inLanguage\":\"de\"}]}<\/script>\n<!-- \/ Yoast SEO plugin. -->","yoast_head_json":{"title":"it_ewiv_inhaltsverzeichnis. - Libertas-it","robots":{"index":"index","follow":"follow","max-snippet":"max-snippet:-1","max-image-preview":"max-image-preview:large","max-video-preview":"max-video-preview:-1"},"canonical":"https:\/\/www.libertas-institut.com\/it\/centro-geie\/it_ewiv_inhaltsverzeichnis\/","og_locale":"de_DE","og_type":"article","og_title":"it_ewiv_inhaltsverzeichnis. - Libertas-it","og_description":"Contenuto Costituzione e attivit\u00e0 di un GEIE con i fondamenti giuridici del Regolamento Communitario No. 2137\/85 Indice Storia Base giuridica Membri Costituzione Oggetto sociale Cosa non pu\u00f2 fare un GEIE Personalit\u00e0 giuridica Conferimenti Responsabilit\u00e0 Regime fiscale Qualche prescrizione normativa Registro delle imprese Tipologie di problemi Alcune esperienze Membri di paesi terzi Sempre pi\u00f9 GEIE vengono [&hellip;]","og_url":"https:\/\/www.libertas-institut.com\/it\/centro-geie\/it_ewiv_inhaltsverzeichnis\/","og_site_name":"Libertas-it","article_modified_time":"2014-09-19T04:33:53+00:00","schema":{"@context":"https:\/\/schema.org","@graph":[{"@type":"WebPage","@id":"https:\/\/www.libertas-institut.com\/it\/centro-geie\/it_ewiv_inhaltsverzeichnis\/","url":"https:\/\/www.libertas-institut.com\/it\/centro-geie\/it_ewiv_inhaltsverzeichnis\/","name":"it_ewiv_inhaltsverzeichnis. - Libertas-it","isPartOf":{"@id":"https:\/\/www.libertas-institut.com\/it\/#website"},"datePublished":"2014-09-03T16:12:21+00:00","dateModified":"2014-09-19T04:33:53+00:00","breadcrumb":{"@id":"https:\/\/www.libertas-institut.com\/it\/centro-geie\/it_ewiv_inhaltsverzeichnis\/#breadcrumb"},"inLanguage":"de","potentialAction":[{"@type":"ReadAction","target":["https:\/\/www.libertas-institut.com\/it\/centro-geie\/it_ewiv_inhaltsverzeichnis\/"]}]},{"@type":"BreadcrumbList","@id":"https:\/\/www.libertas-institut.com\/it\/centro-geie\/it_ewiv_inhaltsverzeichnis\/#breadcrumb","itemListElement":[{"@type":"ListItem","position":1,"name":"Home","item":"https:\/\/www.libertas-institut.com\/it\/"},{"@type":"ListItem","position":2,"name":"Centro GEIE","item":"https:\/\/www.libertas-institut.com\/it\/centro-geie\/"},{"@type":"ListItem","position":3,"name":"it_ewiv_inhaltsverzeichnis."}]},{"@type":"WebSite","@id":"https:\/\/www.libertas-institut.com\/it\/#website","url":"https:\/\/www.libertas-institut.com\/it\/","name":"Libertas-it","description":"\u00a9 by Libertas GmbH","potentialAction":[{"@type":"SearchAction","target":{"@type":"EntryPoint","urlTemplate":"https:\/\/www.libertas-institut.com\/it\/?s={search_term_string}"},"query-input":{"@type":"PropertyValueSpecification","valueRequired":true,"valueName":"search_term_string"}}],"inLanguage":"de"}]}},"_links":{"self":[{"href":"https:\/\/www.libertas-institut.com\/it\/wp-json\/wp\/v2\/pages\/197","targetHints":{"allow":["GET"]}}],"collection":[{"href":"https:\/\/www.libertas-institut.com\/it\/wp-json\/wp\/v2\/pages"}],"about":[{"href":"https:\/\/www.libertas-institut.com\/it\/wp-json\/wp\/v2\/types\/page"}],"author":[{"embeddable":true,"href":"https:\/\/www.libertas-institut.com\/it\/wp-json\/wp\/v2\/users\/1"}],"replies":[{"embeddable":true,"href":"https:\/\/www.libertas-institut.com\/it\/wp-json\/wp\/v2\/comments?post=197"}],"version-history":[{"count":0,"href":"https:\/\/www.libertas-institut.com\/it\/wp-json\/wp\/v2\/pages\/197\/revisions"}],"up":[{"embeddable":true,"href":"https:\/\/www.libertas-institut.com\/it\/wp-json\/wp\/v2\/pages\/7"}],"wp:attachment":[{"href":"https:\/\/www.libertas-institut.com\/it\/wp-json\/wp\/v2\/media?parent=197"}],"curies":[{"name":"wp","href":"https:\/\/api.w.org\/{rel}","templated":true}]}}