{"id":202,"date":"2014-09-03T18:16:47","date_gmt":"2014-09-03T16:16:47","guid":{"rendered":"http:\/\/www.libertas-institut.com\/it\/centro-geie\/letteratura\/"},"modified":"2014-09-03T18:20:09","modified_gmt":"2014-09-03T16:20:09","slug":"letteratura","status":"publish","type":"page","link":"https:\/\/www.libertas-institut.com\/it\/centro-geie\/letteratura\/","title":{"rendered":"Letteratura"},"content":{"rendered":"<h1 style=\"text-align: center;\">Letteratura sull&#8217;imposizione fiscale di un GEIE in Germania<\/h1>\n<p style=\"text-align: center;\">(Situazione al 15.9.2001)<br \/>\nElaborazione congiunta di Petra Sandner e Avv.\u00a0 Hans-J\u00fcrgen Zahorka<br \/>\nSegnalazione: la seguente selezione non \u00e9 definitiva<br \/>\nTutti i testi di seguito riportati sono scritti in lingua tedesca<\/p>\n<h2>1. Libri<\/h2>\n<p><span style=\"color: #ff0000;\">(con i pi\u00fa importanti punti tematici di diritto tributario di un GEIE)<\/span><\/p>\n<ul>\n<li>Jahndorf, Christian: <em>Il GEIE nel diritto sull&#8217;imposta di ricchezza mobile<\/em>, K\u00f6ln 1995 [zugl. Diss. M\u00fcnster 1995], 238 Seiten, Verlag Dr. Otto Schmidt, ISBN 3-504-64104-5<\/li>\n<li>Sandner, Petra: <em>Il regime fiscale di un GEIE<\/em>, Sindelfingen 1995, 68 Seiten,LIBERTAS PAPER 10, Libertas \u2013 Europ\u00e4isches Institut\/Libertas Verlag, ISBN 3-921929-56-3<\/li>\n<li>Spatscheck, Rainer: <em>Il regime fiscale del Gruppo Europeo di Interesse Economico<\/em>, Baden-Baden 1997 [zugl. Diss. T\u00fcbingen 1996], 122 Seiten, Nomos Verlag, ISBN 3-7890-4821-6<\/li>\n<li>Tautorus, Gunter: <em>Imposizione fiscale sovranazionale e dei singoli L\u00e4nder di un Gruppo Europeo di Interesse Economico<\/em>, Bielefeld 1992, 262 Seiten, Erich Schmidt Verlag, ISBN 3-503-02978-8<\/li>\n<\/ul>\n<p>&nbsp;<\/p>\n<h2>2.Libri<\/h2>\n<p><span style=\"color: #ff0000;\">(con una trattazione parziale del diritto tributario di un GEIE)<\/span><\/p>\n<ul>\n<li>Autenrieth, Karlheinz: <em>Il GEIE (Gruppo Europeo di Interesse Economico): diritto societario &#8211; diritto tributario<\/em>, (Steuerliche Behandlung der EWIV, S. 25-40), K\u00f6ln 1990, 56 Seiten, Dr. Peter Deubner Verlag, ISBN 3-88606-141-8<\/li>\n<li>Brindlmayer, Maria u. a.: <em>Il GEIE: diritto, economia e imposte<\/em>, (C. Steuerrechtliche Fragen zur EWIV, S. 56-76), Bonn 1989,79 Seiten, Economica Verlag, ISBN 3-926831-24-3<\/li>\n<li>Burkhalter, Peter: <em>Il GEIE e le sue relazioni giuridiche di gruppo<\/em>, (\u00a7 10 Besteuerung der EWIV, S. 133-156), Z\u00fcrich 1998 [zugl. Diss. Konstanz 1997], 295 Seiten, Schulthess Polygraphischer Verlag, ISBN 3-7255-3705-4<\/li>\n<li>von der Heydt, Karl-Eduard: <em>Istituzione del diritto tributario di un GEIE<\/em>, (S. 107-159), in: von der Heydt, Karl-Eduard \/ von Rechenberg, Wolf-Georg Frhr (Hrsg.): <em>Il GEIE prendendo in considerazione gli aspetti aziendali, fiscali e in tema di accordi-cartelli<\/em>, Stuttgart 1991, 398 Seiten, Verlag C. E. Poeschel, ISBN 3-7910-0529-4<\/li>\n<li>Kr\u00fcger, Dirk\/K\u00f6hler, Stefan: <em>Scelta conveniente per una forma societaria: una esposizione sinottica del diritto commerciale, societario\u00a0 e tributario per il GEIE, le s.n.c., le s.a.s., gli accordi di partecipazione, la compartecipazioni finanziaria, le societ\u00e1 di fatto, le s.r.l., le s.a.s.a., e le scissioni di societ\u00e1<\/em>; in: Kr\u00fcger, Dirk\/K\u00f6hler, Stefan: Konzernrecht, Umwandlung- und Umwandlungsteuerrecht, hrsg. von Arthur Andersen Wirtschaftspr\u00fcfungsgesellschaft, Steuerberatungsgesellschaft mbH, 6.Aufl., Bonn 1999, 733 Seiten, Stollfuss, ISBN 3-08-371356-8<\/li>\n<li>M\u00fcller-Gugenberger, Christian\/Schotth\u00f6fer, Peter (Hrsg.): <em>Il GEIE in Europa<\/em>, (insbesondere: Zwosta, Max-Burkhard: Die steuerliche Behandlung der EWIV und ihrer Mitglieder in Deutschland, S. 369-388), M\u00fcnchen 1995, 855 Seiten, Verlag Jehle-Rehm (Das Buch kann nur noch antiquarisch \u00fcber Libertas\/EWIV-Informationszentrum bezogen werden), ISBN 3-8073-0942-X<\/li>\n<\/ul>\n<p>&nbsp;<\/p>\n<h2>3. Riviste:<\/h2>\n<p><span style=\"color: #ff0000;\">(con i punti pi\u00f9 critici della tassazione di un GEIE)<\/span><\/p>\n<ul>\n<li>Bachmann, Birgit: <em>La tassazione del valore aggiunto di un Gruppo Europeo di Interesse Economico nell\u00b4ambito delle banche e delle assicurazioni <\/em>(StuW), 1997, 3, 209-216.<\/li>\n<li>Baier, Erich \/ Delp, Udo A.: <em>Il regime fiscale di un GEIE in Austria<\/em>, Recht der Internationalen Wirtschaft (RIW), 1999, 10, 760-765.<\/li>\n<li>Blumenfeld, Dorena: <em>Il GEIE come forma di collaborazione: collaborazione internazionale raccomandata dal consulente fiscale nell&#8217;ambito dell&#8217;Unione Europea<\/em>, Die Steuerberatung (Stbg.), Bd. 41, 1998, 11, 520-525.<\/li>\n<li>Bov\u00e9, Jos\u00e9 M. \/ Hoffmann, G\u00fcnther F. \/ Delp Udo A.: <em>Regime fiscale del GEIE in Spagna<\/em>, Recht der Internationalen Wirtschaft (RIW), 2000, 3, 186-191.<\/li>\n<li>Busl, Peter: <em>L&#8217;obbligo dell&#8217;imposta sugli affari del GEIE<\/em>, Umsatzsteuer-Rundschau (UR), 1989, 229-230.<\/li>\n<li>Busl, Peter: <em>Il regime fiscale del GEIE per le medie imprese<\/em>, Deutsche Steuer-Zeitschrift (DStZ), 1992, 773-777.<\/li>\n<li>Grandy, Berthold \/ L\u00f6w, Isabella \/ Delp, Udo A.: <em>Tassazione del GEIE in Portogallo<\/em>, Recht der Internationalen Wirtschaft (RIW), 2000, 10, 755-760.<\/li>\n<li>Hamacher, Rolfjosef: <em>Trattazione dell&#8217;imposta sul reddito di un GEIE &#8211; nessun reddito di attivit\u00e1 commerciale<\/em>, Finanz-Rundschau (FR), 1986, 557-560.<\/li>\n<li>Haug-Adrion, Eberhard: <em>Trattazione dell&#8217;imposta sul reddito di un GEIE<\/em>, GmbH-Rundschau (GmbHR), 1985, 336-338.<\/li>\n<li>Krabbe, Helmut: <em>Regime fiscale di un GEIE dal punto di vista tedesco<\/em>, Der Betrieb (DB), 1985, 2585-2587.<\/li>\n<li>Sass, Gert: <em>Aspetti fiscali di un GEIE,<\/em> Der Betrieb (DB) 1985, 2266-2268.<\/li>\n<li>Sass, Gert: <em>Armonizzazione fiscale della Comunit\u00e0 Europea e consulenza europea: nuove direttive, GEIE e prospettive<\/em>, Der Betrieb (DB), 1990, 1449-1454.<\/li>\n<li>Weimar, Robert \/ Delp, Udo A.: <em>Il GEIE dal punto di vista fiscale e giuridico<\/em>, Die Wirtschaftspr\u00fcfung (WPg.), Bd. 42 (1989), 4, 89-99.<\/li>\n<\/ul>\n","protected":false},"excerpt":{"rendered":"<p>Letteratura sull&#8217;imposizione fiscale di un GEIE in Germania (Situazione al 15.9.2001) Elaborazione congiunta di Petra Sandner e Avv.\u00a0 Hans-J\u00fcrgen Zahorka Segnalazione: la seguente selezione non \u00e9 definitiva Tutti i testi di seguito riportati sono scritti in lingua tedesca 1. Libri (con i pi\u00fa importanti punti tematici di diritto tributario di un GEIE) Jahndorf, Christian: Il [&hellip;]<\/p>\n","protected":false},"author":1,"featured_media":0,"parent":7,"menu_order":4,"comment_status":"open","ping_status":"open","template":"","meta":{"_bbp_topic_count":0,"_bbp_reply_count":0,"_bbp_total_topic_count":0,"_bbp_total_reply_count":0,"_bbp_voice_count":0,"_bbp_anonymous_reply_count":0,"_bbp_topic_count_hidden":0,"_bbp_reply_count_hidden":0,"_bbp_forum_subforum_count":0,"footnotes":""},"class_list":["post-202","page","type-page","status-publish","hentry"],"yoast_head":"<!-- This site is optimized with the Yoast SEO plugin v26.4 - https:\/\/yoast.com\/wordpress\/plugins\/seo\/ -->\n<title>Letteratura - Libertas-it<\/title>\n<meta name=\"robots\" content=\"index, follow, max-snippet:-1, max-image-preview:large, max-video-preview:-1\" \/>\n<link rel=\"canonical\" href=\"https:\/\/www.libertas-institut.com\/it\/centro-geie\/letteratura\/\" \/>\n<meta property=\"og:locale\" content=\"de_DE\" \/>\n<meta property=\"og:type\" content=\"article\" \/>\n<meta property=\"og:title\" content=\"Letteratura - Libertas-it\" \/>\n<meta property=\"og:description\" content=\"Letteratura sull&#8217;imposizione fiscale di un GEIE in Germania (Situazione al 15.9.2001) Elaborazione congiunta di Petra Sandner e Avv.\u00a0 Hans-J\u00fcrgen Zahorka Segnalazione: la seguente selezione non \u00e9 definitiva Tutti i testi di seguito riportati sono scritti in lingua tedesca 1. Libri (con i pi\u00fa importanti punti tematici di diritto tributario di un GEIE) Jahndorf, Christian: Il [&hellip;]\" \/>\n<meta property=\"og:url\" content=\"https:\/\/www.libertas-institut.com\/it\/centro-geie\/letteratura\/\" \/>\n<meta property=\"og:site_name\" content=\"Libertas-it\" \/>\n<meta property=\"article:modified_time\" content=\"2014-09-03T16:20:09+00:00\" \/>\n<meta name=\"twitter:label1\" content=\"Gesch\u00e4tzte Lesezeit\" \/>\n\t<meta name=\"twitter:data1\" content=\"3\u00a0Minuten\" \/>\n<script type=\"application\/ld+json\" class=\"yoast-schema-graph\">{\"@context\":\"https:\/\/schema.org\",\"@graph\":[{\"@type\":\"WebPage\",\"@id\":\"https:\/\/www.libertas-institut.com\/it\/centro-geie\/letteratura\/\",\"url\":\"https:\/\/www.libertas-institut.com\/it\/centro-geie\/letteratura\/\",\"name\":\"Letteratura - Libertas-it\",\"isPartOf\":{\"@id\":\"https:\/\/www.libertas-institut.com\/it\/#website\"},\"datePublished\":\"2014-09-03T16:16:47+00:00\",\"dateModified\":\"2014-09-03T16:20:09+00:00\",\"breadcrumb\":{\"@id\":\"https:\/\/www.libertas-institut.com\/it\/centro-geie\/letteratura\/#breadcrumb\"},\"inLanguage\":\"de\",\"potentialAction\":[{\"@type\":\"ReadAction\",\"target\":[\"https:\/\/www.libertas-institut.com\/it\/centro-geie\/letteratura\/\"]}]},{\"@type\":\"BreadcrumbList\",\"@id\":\"https:\/\/www.libertas-institut.com\/it\/centro-geie\/letteratura\/#breadcrumb\",\"itemListElement\":[{\"@type\":\"ListItem\",\"position\":1,\"name\":\"Home\",\"item\":\"https:\/\/www.libertas-institut.com\/it\/\"},{\"@type\":\"ListItem\",\"position\":2,\"name\":\"Centro GEIE\",\"item\":\"https:\/\/www.libertas-institut.com\/it\/centro-geie\/\"},{\"@type\":\"ListItem\",\"position\":3,\"name\":\"Letteratura\"}]},{\"@type\":\"WebSite\",\"@id\":\"https:\/\/www.libertas-institut.com\/it\/#website\",\"url\":\"https:\/\/www.libertas-institut.com\/it\/\",\"name\":\"Libertas-it\",\"description\":\"\u00a9 by Libertas GmbH\",\"potentialAction\":[{\"@type\":\"SearchAction\",\"target\":{\"@type\":\"EntryPoint\",\"urlTemplate\":\"https:\/\/www.libertas-institut.com\/it\/?s={search_term_string}\"},\"query-input\":{\"@type\":\"PropertyValueSpecification\",\"valueRequired\":true,\"valueName\":\"search_term_string\"}}],\"inLanguage\":\"de\"}]}<\/script>\n<!-- \/ Yoast SEO plugin. -->","yoast_head_json":{"title":"Letteratura - Libertas-it","robots":{"index":"index","follow":"follow","max-snippet":"max-snippet:-1","max-image-preview":"max-image-preview:large","max-video-preview":"max-video-preview:-1"},"canonical":"https:\/\/www.libertas-institut.com\/it\/centro-geie\/letteratura\/","og_locale":"de_DE","og_type":"article","og_title":"Letteratura - Libertas-it","og_description":"Letteratura sull&#8217;imposizione fiscale di un GEIE in Germania (Situazione al 15.9.2001) Elaborazione congiunta di Petra Sandner e Avv.\u00a0 Hans-J\u00fcrgen Zahorka Segnalazione: la seguente selezione non \u00e9 definitiva Tutti i testi di seguito riportati sono scritti in lingua tedesca 1. Libri (con i pi\u00fa importanti punti tematici di diritto tributario di un GEIE) Jahndorf, Christian: Il [&hellip;]","og_url":"https:\/\/www.libertas-institut.com\/it\/centro-geie\/letteratura\/","og_site_name":"Libertas-it","article_modified_time":"2014-09-03T16:20:09+00:00","twitter_misc":{"Gesch\u00e4tzte Lesezeit":"3\u00a0Minuten"},"schema":{"@context":"https:\/\/schema.org","@graph":[{"@type":"WebPage","@id":"https:\/\/www.libertas-institut.com\/it\/centro-geie\/letteratura\/","url":"https:\/\/www.libertas-institut.com\/it\/centro-geie\/letteratura\/","name":"Letteratura - Libertas-it","isPartOf":{"@id":"https:\/\/www.libertas-institut.com\/it\/#website"},"datePublished":"2014-09-03T16:16:47+00:00","dateModified":"2014-09-03T16:20:09+00:00","breadcrumb":{"@id":"https:\/\/www.libertas-institut.com\/it\/centro-geie\/letteratura\/#breadcrumb"},"inLanguage":"de","potentialAction":[{"@type":"ReadAction","target":["https:\/\/www.libertas-institut.com\/it\/centro-geie\/letteratura\/"]}]},{"@type":"BreadcrumbList","@id":"https:\/\/www.libertas-institut.com\/it\/centro-geie\/letteratura\/#breadcrumb","itemListElement":[{"@type":"ListItem","position":1,"name":"Home","item":"https:\/\/www.libertas-institut.com\/it\/"},{"@type":"ListItem","position":2,"name":"Centro GEIE","item":"https:\/\/www.libertas-institut.com\/it\/centro-geie\/"},{"@type":"ListItem","position":3,"name":"Letteratura"}]},{"@type":"WebSite","@id":"https:\/\/www.libertas-institut.com\/it\/#website","url":"https:\/\/www.libertas-institut.com\/it\/","name":"Libertas-it","description":"\u00a9 by Libertas GmbH","potentialAction":[{"@type":"SearchAction","target":{"@type":"EntryPoint","urlTemplate":"https:\/\/www.libertas-institut.com\/it\/?s={search_term_string}"},"query-input":{"@type":"PropertyValueSpecification","valueRequired":true,"valueName":"search_term_string"}}],"inLanguage":"de"}]}},"_links":{"self":[{"href":"https:\/\/www.libertas-institut.com\/it\/wp-json\/wp\/v2\/pages\/202","targetHints":{"allow":["GET"]}}],"collection":[{"href":"https:\/\/www.libertas-institut.com\/it\/wp-json\/wp\/v2\/pages"}],"about":[{"href":"https:\/\/www.libertas-institut.com\/it\/wp-json\/wp\/v2\/types\/page"}],"author":[{"embeddable":true,"href":"https:\/\/www.libertas-institut.com\/it\/wp-json\/wp\/v2\/users\/1"}],"replies":[{"embeddable":true,"href":"https:\/\/www.libertas-institut.com\/it\/wp-json\/wp\/v2\/comments?post=202"}],"version-history":[{"count":0,"href":"https:\/\/www.libertas-institut.com\/it\/wp-json\/wp\/v2\/pages\/202\/revisions"}],"up":[{"embeddable":true,"href":"https:\/\/www.libertas-institut.com\/it\/wp-json\/wp\/v2\/pages\/7"}],"wp:attachment":[{"href":"https:\/\/www.libertas-institut.com\/it\/wp-json\/wp\/v2\/media?parent=202"}],"curies":[{"name":"wp","href":"https:\/\/api.w.org\/{rel}","templated":true}]}}