{"id":209,"date":"2014-09-03T18:30:04","date_gmt":"2014-09-03T16:30:04","guid":{"rendered":"http:\/\/www.libertas-institut.com\/it\/centro-geie\/literature-law\/"},"modified":"2014-09-03T18:35:22","modified_gmt":"2014-09-03T16:35:22","slug":"literature-law","status":"publish","type":"page","link":"https:\/\/www.libertas-institut.com\/it\/centro-geie\/literature-law\/","title":{"rendered":"Literature Law"},"content":{"rendered":"<h1 style=\"text-align: center;\">Literature on EEIG Legal Questions<\/h1>\n<p style=\"text-align: center;\">(<em>Version<\/em>: 01.01.2003)<br \/>\nElaborated by:<br \/>\nHans-J\u00fcrgen Zahorka + Maria Theodoulidou<br \/>\n<em>This selection is not complete. Will be continued.<\/em><\/p>\n<p style=\"text-align: center;\">\u00a0Further literature is mentioned under EEIG Taxation Literature (in German only)<\/p>\n<p>&nbsp;<\/p>\n<h2>1. Books<\/h2>\n<p>(<em>with EEIG in focus<\/em>)<\/p>\n<ul>\n<li><strong>Anderson, Margaret: European Economic Interest Groupings (Current EC Legal<\/strong> <strong>Developments Series)<\/strong>, London 1990, 253 p., Butterworths + Co. Ltd., ISBN 406 04567 4<\/li>\n<\/ul>\n<ul>\n<li><strong>Autenrieth, Karlheinz: Die Europ\u00e4ische wirtschaftliche Interessenvereinigung (EWIV),<\/strong> K\u00f6ln 1990, 56 p., Peter Deubner Verlag, ISBN 3-88606-141-8<\/li>\n<\/ul>\n<ul>\n<li><strong>Bedra<\/strong><strong>\u010d<\/strong><strong>, Janja: Evropsko gospodarsko interesno zdru<\/strong><strong>\u017e<\/strong><strong>enje<\/strong> (Diplomarbeit Universit\u00e4t Maribor\/Slowenien), Maribor 2002, 85 p.<\/li>\n<\/ul>\n<ul>\n<li><strong>Brindlmayer, Maria \/ F\u00f6rschle, Gerhart \/ Hense, Burkhard \/ Lenhard, Paul: EWIV \u2013 Die Europ\u00e4ische wirtschaftliche Interessenvereinigung,<\/strong> Bonn 1989, 96 p., Economica Verlag, ISBN 3-926831-24-3<\/li>\n<\/ul>\n<ul>\n<li><strong>Burkhalter, Peter: Die Europ\u00e4ische wirtschaftliche Interessenvereinigung (EWIV) und ihre konzernrechtlichen Beziehungen,<\/strong> Z\u00fcrich 1998, 295 p., Schulthess Polygraphischer Verlag, ISBN 3-7255-3705-4<\/li>\n<\/ul>\n<ul>\n<li><strong>Commission of the European Communities: EEIG, the emergence of a new form of European cooperation,<\/strong> Luxembourg 1993, 74 p., Office for Official Publications of the European Communities, ISBN 92-826-5186-X<\/li>\n<\/ul>\n<ul>\n<li><strong>Commission des Communaut\u00e9s europ\u00e9ennes: GEIE, l\u2018 \u00e9mergence d\u2018 une nouvelle coop\u00e9ration europ\u00e9enne, <\/strong>Luxembourg 1993, 74 p., Office des publications officielles des Communaut\u00e9s europ\u00e9ennes, ISBN 92-826-5187-8<\/li>\n<\/ul>\n<ul>\n<li><strong>Commissione europea: Il GEIE: uno strumento per la cooperazione transnazionale \u2013 Guida pratica per le PMI \u2013 Seconda edizione,<\/strong> Luxemburg 1999, 165 p., Ufficio delle pubblicazioni ufficiali delle Comunit\u00e0 europee, ISBN 92-828-2798-4<\/li>\n<\/ul>\n<ul>\n<li><strong>Commission europ\u00e9enne: Le GEIE: un instrument de coop\u00e9ration transnationale \u2013 Guide pratique destin\u00e9 aux PME \u2013 Deuxi\u00e8me \u00e9dition,<\/strong> Luxemburg 1999, 165 p., Office des publications officielles des Communaut\u00e9s europ\u00e9ennes, ISBN 92-828-2797-6<\/li>\n<\/ul>\n<ul>\n<li><strong>Deichsel, Michael: Strategische Allianzen: Die Europ\u00e4ische Wirtschaftliche Interessenvereinigung.<\/strong> Erste Erfahrungen mit einer supranationalen Rechtsform in Deutschland (Diplomarbeit Universit\u00e4t Ulm) M\u00e4rz 1995, 142 p.<\/li>\n<\/ul>\n<ul>\n<li><strong>D\u00f6ring, Rudolf: Grenz\u00fcberschreitende wirtschaftliche Zusammenarbeit in Europa (EWIV), <\/strong>Bonn 1993, 168 p., Parerga Verlag, ISBN 3-9803042-3-X<\/li>\n<\/ul>\n<ul>\n<li><strong>Embacher, Andreas: Europ\u00e4ische Wirtschaftliche Interessenvereinigung (EWIV): Die Umsetzung einer neuen EU-Rechtsform in \u00d6sterreich \u2013 Problembereiche und L\u00f6sungsans\u00e4tze, <\/strong>(Diplomarbeit S\u00fcddeutsche Hochschule f\u00fcr Berufst\u00e4tige Lahr), Bregenz 2001, 61 p.<\/li>\n<\/ul>\n<ul>\n<li><strong>van Gerven, Dirk \/ Aalders, Carel A. V.: European Economic Intrest Groupings. The EEC Regulation and its Application in the Member States of the European Community, <\/strong>Deventer 1990<strong>, <\/strong>297 p.<strong>, <\/strong>Kluwer Law and Taxation Publishers, ISBN 90-6544-443-2<\/li>\n<\/ul>\n<ul>\n<li><strong>Europa-Kommissionen: E\u00d8FG, Fremkomst af en ny form for europ\u00e6isk samarbejde, <\/strong>Luxembourg 1993, 74 p., Kontoret for De Europ\u00e6iske F\u00e6llesskabers Officielle Publikationer, ISBN 92-826-5183-5<\/li>\n<\/ul>\n<ul>\n<li><strong>Europ\u00e4ische Kommission: Die EWIV als Instrument der grenz\u00fcberschreitenden Kooperation. Praktisches Handbuch f\u00fcr KMU, 2. Auflage<\/strong>, Luxemburg 1999, 165 p., Amt f\u00fcr amtliche Ver\u00f6ffentlichungen der EG, ISBN 92-828-2794-1<\/li>\n<\/ul>\n<ul>\n<li><strong>Hartard, Matthias: Die Europ\u00e4ische wirtschaftliche Interessenvereinigung im deutschen, englischen und franz\u00f6sischen Recht,<\/strong> Berlin 1991, 279 p., Verlag Walter de Gruyter &amp; Co., ISBN 3-11-012784-9<\/li>\n<\/ul>\n<ul>\n<li><strong>Hatzig, Christoph: Die Europ\u00e4ische wirtschaftliche Interessenvereinigung, <\/strong>Frankfurt am Main 1990, 104 p., Verlag Peter Lang GmbH, ISBN 3-631-42027-7<\/li>\n<\/ul>\n<ul>\n<li><strong>Hausmaninger, Christian \/ Feyl, Peter: Europ\u00e4ische wirtschaftliche Interessenvereinigung (EWIV),<\/strong> Wien 1995, 93 p., Manz Verlag, ISBN 3-214-04124-X (\u00f6sterreichisches EWIV-Ausf\u00fchrungsgesetz)<\/li>\n<\/ul>\n<ul>\n<li><strong>Heinzmann, Claudia: Strategische Allianzen vor dem Hintergrund des Europ\u00e4ischen Binnenmarkts. Flexibilit\u00e4t durch die Europ\u00e4ische Wirtschaftliche Interessenvereinigung (EWIV)? <\/strong>Eine Analyse unter besonderer Ber\u00fccksichtigung kleiner und mittelst\u00e4ndischer Unternehmen, (Diplomarbeit Universit\u00e4t Konstanz), Konstanz 1996, 125 p.<\/li>\n<\/ul>\n<ul>\n<li><strong>von der Heydt, Karl-Eduard \/ Freiherr von Rechenberg, Wolf-Georg: Die Europ\u00e4ische wirtschaftliche Interessenvereinigung unter besonderer Ber\u00fccksichtigung gesellschafts-, steuer- und kartellrechtlicher Aspekte,<\/strong> Stuttgart 1990, 398 p., C. E. Poeschel, ISBN 3-7910-0529-4<\/li>\n<\/ul>\n<ul>\n<li><strong>Jahn, Gabriele: Die gemeinschaftlich handelnden Mitglieder einer deutschen Europ\u00e4ischen wirtschaftlichen Interessenvereinigung (EWIV),<\/strong> Berlin 1996, 200 p., Verlag Duncker &amp; Humblot GmbH, ISBN 3-428-08645-7<\/li>\n<\/ul>\n<ul>\n<li><strong>Lentner, Anton J.: Das Gesellschaftsrecht der Europ\u00e4ischen wirtschaftlichen Interessenvereinigung (EWIV),<\/strong> Baden-Baden 1994, 192 p., Nomos, ISBN 3-7890-3400-2<\/li>\n<\/ul>\n<ul>\n<li><strong>Lepeltier, Daniel \/ Buttet, Emile \/ Lesguillier, G\u00e9rard: Les groupements d\u2018 int\u00e9r\u00eat \u00e9conomique: G.I.E., G.E.I.E.,<\/strong> Paris 1990, 442 p., Gide Loyrette Nouel, ISBN 2-907512-07-2<\/li>\n<\/ul>\n<ul>\n<li><strong>Lodomez, Jean-Louis: Les groupements d\u2018 int\u00e9r\u00eat \u00e9conomique europ\u00e9ens, fran\u00e7ais et belges,<\/strong> Br\u00fcssel 1989, 280 p., De Boeck Professional Publishing, ISBN 2-8041-1268-3<\/li>\n<\/ul>\n<ul>\n<li><strong>Meyer-Landrut, Andreas: Die Europ\u00e4ische Wirtschaftliche Interessenvereinigung, Gr\u00fcndungsvertrag und innere Verfassung einer EWIV mit Sitz in der Bundesrepublik Deutschland, <\/strong>Stuttgart 1988, 219 p., Sch\u00e4ffer Verlag, ISBN 3-8202-0487-3<\/li>\n<\/ul>\n<ul>\n<li><strong>Mitterhuber, Gerhard: Rechtliche und betriebswirtschaftliche M\u00f6glichkeiten und Grenzen von EWIV im \u00f6ffentlich-rechtlichen Raum,<\/strong> (Diplomarbeit Hochschule f\u00fcr Berufst\u00e4tige Lahr), Stuttgart 2000, 127 p.<\/li>\n<\/ul>\n<ul>\n<li><strong>M\u00fcller-Gugenberger, Christian \/ Schotth\u00f6fer, Peter (Hrsg.): Die EWIV in Europa \u2013 Texte und Erl\u00e4uterungen aus rechtsvergleichender Sicht,<\/strong> M\u00fcnchen 1995, 873 p., Verlag Jehle-Rehm, ISBN 3-8073-0942-X (antiquarisch nur noch \u00fcber das Europ\u00e4ische EWIV-Informationszentrum beziehbar)<\/li>\n<\/ul>\n<ul>\n<li><strong>R\u00fcbesamen, Christina: Die EWIV im deutschen und europ\u00e4ischen Wettbewerbsrecht, <\/strong>Berlin 1995, 131 p., Berlin Verlag (in Kooperation mit Nomos), ISBN 3-87061-506-0<\/li>\n<\/ul>\n<ul>\n<li><strong>Sawahn, Oliwer: Die geringe Verbreitung der Europ\u00e4ischen Wirtschaftlichen Interessenvereinigung (EWIV), Ursachen und Folgerungen erl\u00e4utert an Beispielen aus Industrie und Dienstleistungsgewerbe,<\/strong> (Diplomarbeit South Bank University London\/Fachhochschule Rheinland-Pfalz in Mainz) Mainz 1995\/96, 80 p.<\/li>\n<\/ul>\n<ul>\n<li><strong>Schmutzler, Katharina: Steuerliche Aspekte einer EWIV als grenz\u00fcberschreitende Kooperationsform f\u00fcr Rechtsanw\u00e4lte und Steuerberater am Beispiel einer deutschen EWIV,<\/strong> (Diplomarbeit Staatliche Studienakademie Leipzig), Markkleeberg 2000, 106 p.<\/li>\n<\/ul>\n<ul>\n<li><strong>Scriba, Michael O. E.: Die Europ\u00e4ische wirtschaftliche Interessenvereinigung, <\/strong>Heidelberg 1988, 223 p., Verlag Recht und Wirtschaft GmbH, ISBN 3-8005-1001-4<\/li>\n<\/ul>\n<ul>\n<li><strong>Selbherr, Paul \/ Manz, Gerhard: Kommentar zur Europ\u00e4ischen wirtschaftlichen Interessenvereinigung (EWIV),<\/strong> Baden-Baden 1995, 719 p., Nomos Verlag, ISBN 3-7890-3596-3<\/li>\n<\/ul>\n<ul>\n<li><strong>Thun-Hohenstein, Patrick: Geschichtliche Entwicklung \u2013 Motive der Kommission, Vorteile und Zukunft der Europ\u00e4ischen Wirtschaftlichen Interessenvereinigung (EWIV) im Wirtschaftsleben Europas,<\/strong> mit Erl\u00e4uterungen zum Gesellschaftsrecht dieser supranationalen Gesellschaftsform, (Universit\u00e4t Salzburg), Salzburg 1999, 70 p.<\/li>\n<\/ul>\n<ul>\n<li><strong>Zahorka, Hans-J\u00fcrgen \/ Marino Alessandro: Il G.E.I.E., uno strumento dell\u2018 Unione europea per l\u2018 internazionalizzazione delle imprese, <\/strong>Sindelfingen 1995, 41 p., Libertas Verlag, ISBN 3-921929-48-2<\/li>\n<\/ul>\n<ul>\n<li><strong>Zahorka, Hans-J\u00fcrgen: Europ\u00e4ische wirtschaftliche Interessenvereinigung (EWIV), die einzige transnationale Unternehmensform f\u00fcr Kooperationen in Europa, <\/strong>Sindelfingen 2000, 62 p., Libertas Verlag, ISBN 3-921929-42-3<\/li>\n<\/ul>\n<ul>\n<li><strong>Europ\u00e4ische Kommission: Die EWIV als Instrument der grenz\u00fcberschreitenden Kooperation, Praktisches Handbuch f\u00fcr KMU \u2013 2. Auflage,<\/strong> Luxemburg 1999, 167 p., Amt f\u00fcr amtliche Ver\u00f6ffentlichungen der Europ\u00e4ischen Gemeinschaften, ISBN 92-828-2794-1<\/li>\n<\/ul>\n<h2>2. Books<\/h2>\n<p>(<em>with EEIG as part of<\/em>)<\/p>\n<ul>\n<li><strong>Binisti-Jahndorf, Claire: Genossenschaftliche Zusammenarbeit auf europ\u00e4ischer Ebene, <\/strong>August 2000, 43 p., Arbeitspapiere des Instituts f\u00fcr Genossenschaftswesen der Westf\u00e4lischen Wilhelms-Universit\u00e4t M\u00fcnster<\/li>\n<\/ul>\n<ul>\n<li><strong>B\u00fchler, Stefan P.: Struktur\u00e4nderung von Gesellschaften in der Union, <\/strong>Baden-Baden 1998, 328 p., Nomos Verlag, ISBN 3-7890-5309-0<\/li>\n<\/ul>\n<ul>\n<li><strong>Karliczek, Maja: Europ\u00e4ische wirtschaftliche Interessenvereinigung (EWIV), <\/strong>in Memento-Rechtshandbuch Gesellschaftsrecht f\u00fcr die Praxis, 3. Auflage, Rn. 7600-7696 (p. 1161-1172), Freiburg i. Br. 2001, Memento Verlag, ISBN 3-933790-50-6<\/li>\n<\/ul>\n<ul>\n<li><strong>M\u00fcller-Gugenberger, Dr. Christian : Europ\u00e4ische Wirtschaftliche Interessenvereinigung (EWIV) \/ Ausgew\u00e4hlte Rechtsfragen der EWIV, <\/strong>Ottobrunn 1992, 86 p., Interessengemeinschaft s\u00fcddeutscher Unternehmer e. V.<\/li>\n<\/ul>\n<ul>\n<li><strong>Schl\u00fcter, Andreas: Die Europ\u00e4ische wirtschaftliche Interessenvereinigung (EWIV), \u00a7 26, p. 1311-1330, <\/strong>in: Arens\/Rinck: Gesellschaftsrecht,Bonn 2002, Deutscher Anwaltverlag, 1584 p.<\/li>\n<\/ul>\n<h2>3. Papers<\/h2>\n<p>(<em>Articles with EEIG in focus<\/em>)<\/p>\n<ul>\n<li><strong>Bulletin der Europ\u00e4ischen Gemeinschaften<\/strong>: Europ\u00e4ische wirtschaftliche Interessenvereinigung (EWIV), Luxemburg 1987, 22 p., Amt f\u00fcr amtliche Ver\u00f6ffentlichungen der Europ\u00e4ischen Gemeinschaften, ISBN 92-825-7463-6<\/li>\n<\/ul>\n<ul>\n<li><strong>Schl\u00fcter, Andreas<\/strong>: Die EWIV: Modellfall f\u00fcr ein europ\u00e4isches Gesellschaftsrecht?, Europ\u00e4ische Zeitschrift f\u00fcr Wirtschaftsrecht 19\/2002, p. 589-594<\/li>\n<\/ul>\n<ul>\n<li><strong>Zahorka, Hans-J\u00fcrgen<\/strong>: Grenz\u00fcberschreitende Kooperation in der Rechtsform der EWIV, DSWR 1-2\/2002, p. 7-13<\/li>\n<\/ul>\n","protected":false},"excerpt":{"rendered":"<p>Literature on EEIG Legal Questions (Version: 01.01.2003) Elaborated by: Hans-J\u00fcrgen Zahorka + Maria Theodoulidou This selection is not complete. Will be continued. \u00a0Further literature is mentioned under EEIG Taxation Literature (in German only) &nbsp; 1. Books (with EEIG in focus) Anderson, Margaret: European Economic Interest Groupings (Current EC Legal Developments Series), London 1990, 253 p., [&hellip;]<\/p>\n","protected":false},"author":1,"featured_media":0,"parent":7,"menu_order":5,"comment_status":"open","ping_status":"open","template":"","meta":{"_bbp_topic_count":0,"_bbp_reply_count":0,"_bbp_total_topic_count":0,"_bbp_total_reply_count":0,"_bbp_voice_count":0,"_bbp_anonymous_reply_count":0,"_bbp_topic_count_hidden":0,"_bbp_reply_count_hidden":0,"_bbp_forum_subforum_count":0,"footnotes":""},"class_list":["post-209","page","type-page","status-publish","hentry"],"yoast_head":"<!-- This site is optimized with the Yoast SEO plugin v26.4 - https:\/\/yoast.com\/wordpress\/plugins\/seo\/ -->\n<title>Literature Law - Libertas-it<\/title>\n<meta name=\"robots\" content=\"index, follow, max-snippet:-1, max-image-preview:large, max-video-preview:-1\" \/>\n<link rel=\"canonical\" href=\"https:\/\/www.libertas-institut.com\/it\/centro-geie\/literature-law\/\" \/>\n<meta property=\"og:locale\" content=\"de_DE\" \/>\n<meta property=\"og:type\" content=\"article\" \/>\n<meta property=\"og:title\" content=\"Literature Law - Libertas-it\" \/>\n<meta property=\"og:description\" content=\"Literature on EEIG Legal Questions (Version: 01.01.2003) Elaborated by: Hans-J\u00fcrgen Zahorka + Maria Theodoulidou This selection is not complete. Will be continued. \u00a0Further literature is mentioned under EEIG Taxation Literature (in German only) &nbsp; 1. Books (with EEIG in focus) Anderson, Margaret: European Economic Interest Groupings (Current EC Legal Developments Series), London 1990, 253 p., [&hellip;]\" \/>\n<meta property=\"og:url\" content=\"https:\/\/www.libertas-institut.com\/it\/centro-geie\/literature-law\/\" \/>\n<meta property=\"og:site_name\" content=\"Libertas-it\" \/>\n<meta property=\"article:modified_time\" content=\"2014-09-03T16:35:22+00:00\" \/>\n<meta name=\"twitter:label1\" content=\"Gesch\u00e4tzte Lesezeit\" \/>\n\t<meta name=\"twitter:data1\" content=\"6\u00a0Minuten\" \/>\n<script type=\"application\/ld+json\" class=\"yoast-schema-graph\">{\"@context\":\"https:\/\/schema.org\",\"@graph\":[{\"@type\":\"WebPage\",\"@id\":\"https:\/\/www.libertas-institut.com\/it\/centro-geie\/literature-law\/\",\"url\":\"https:\/\/www.libertas-institut.com\/it\/centro-geie\/literature-law\/\",\"name\":\"Literature Law - Libertas-it\",\"isPartOf\":{\"@id\":\"https:\/\/www.libertas-institut.com\/it\/#website\"},\"datePublished\":\"2014-09-03T16:30:04+00:00\",\"dateModified\":\"2014-09-03T16:35:22+00:00\",\"breadcrumb\":{\"@id\":\"https:\/\/www.libertas-institut.com\/it\/centro-geie\/literature-law\/#breadcrumb\"},\"inLanguage\":\"de\",\"potentialAction\":[{\"@type\":\"ReadAction\",\"target\":[\"https:\/\/www.libertas-institut.com\/it\/centro-geie\/literature-law\/\"]}]},{\"@type\":\"BreadcrumbList\",\"@id\":\"https:\/\/www.libertas-institut.com\/it\/centro-geie\/literature-law\/#breadcrumb\",\"itemListElement\":[{\"@type\":\"ListItem\",\"position\":1,\"name\":\"Home\",\"item\":\"https:\/\/www.libertas-institut.com\/it\/\"},{\"@type\":\"ListItem\",\"position\":2,\"name\":\"Centro GEIE\",\"item\":\"https:\/\/www.libertas-institut.com\/it\/centro-geie\/\"},{\"@type\":\"ListItem\",\"position\":3,\"name\":\"Literature Law\"}]},{\"@type\":\"WebSite\",\"@id\":\"https:\/\/www.libertas-institut.com\/it\/#website\",\"url\":\"https:\/\/www.libertas-institut.com\/it\/\",\"name\":\"Libertas-it\",\"description\":\"\u00a9 by Libertas GmbH\",\"potentialAction\":[{\"@type\":\"SearchAction\",\"target\":{\"@type\":\"EntryPoint\",\"urlTemplate\":\"https:\/\/www.libertas-institut.com\/it\/?s={search_term_string}\"},\"query-input\":{\"@type\":\"PropertyValueSpecification\",\"valueRequired\":true,\"valueName\":\"search_term_string\"}}],\"inLanguage\":\"de\"}]}<\/script>\n<!-- \/ Yoast SEO plugin. -->","yoast_head_json":{"title":"Literature Law - Libertas-it","robots":{"index":"index","follow":"follow","max-snippet":"max-snippet:-1","max-image-preview":"max-image-preview:large","max-video-preview":"max-video-preview:-1"},"canonical":"https:\/\/www.libertas-institut.com\/it\/centro-geie\/literature-law\/","og_locale":"de_DE","og_type":"article","og_title":"Literature Law - Libertas-it","og_description":"Literature on EEIG Legal Questions (Version: 01.01.2003) Elaborated by: Hans-J\u00fcrgen Zahorka + Maria Theodoulidou This selection is not complete. Will be continued. \u00a0Further literature is mentioned under EEIG Taxation Literature (in German only) &nbsp; 1. Books (with EEIG in focus) Anderson, Margaret: European Economic Interest Groupings (Current EC Legal Developments Series), London 1990, 253 p., [&hellip;]","og_url":"https:\/\/www.libertas-institut.com\/it\/centro-geie\/literature-law\/","og_site_name":"Libertas-it","article_modified_time":"2014-09-03T16:35:22+00:00","twitter_misc":{"Gesch\u00e4tzte Lesezeit":"6\u00a0Minuten"},"schema":{"@context":"https:\/\/schema.org","@graph":[{"@type":"WebPage","@id":"https:\/\/www.libertas-institut.com\/it\/centro-geie\/literature-law\/","url":"https:\/\/www.libertas-institut.com\/it\/centro-geie\/literature-law\/","name":"Literature Law - Libertas-it","isPartOf":{"@id":"https:\/\/www.libertas-institut.com\/it\/#website"},"datePublished":"2014-09-03T16:30:04+00:00","dateModified":"2014-09-03T16:35:22+00:00","breadcrumb":{"@id":"https:\/\/www.libertas-institut.com\/it\/centro-geie\/literature-law\/#breadcrumb"},"inLanguage":"de","potentialAction":[{"@type":"ReadAction","target":["https:\/\/www.libertas-institut.com\/it\/centro-geie\/literature-law\/"]}]},{"@type":"BreadcrumbList","@id":"https:\/\/www.libertas-institut.com\/it\/centro-geie\/literature-law\/#breadcrumb","itemListElement":[{"@type":"ListItem","position":1,"name":"Home","item":"https:\/\/www.libertas-institut.com\/it\/"},{"@type":"ListItem","position":2,"name":"Centro GEIE","item":"https:\/\/www.libertas-institut.com\/it\/centro-geie\/"},{"@type":"ListItem","position":3,"name":"Literature Law"}]},{"@type":"WebSite","@id":"https:\/\/www.libertas-institut.com\/it\/#website","url":"https:\/\/www.libertas-institut.com\/it\/","name":"Libertas-it","description":"\u00a9 by Libertas GmbH","potentialAction":[{"@type":"SearchAction","target":{"@type":"EntryPoint","urlTemplate":"https:\/\/www.libertas-institut.com\/it\/?s={search_term_string}"},"query-input":{"@type":"PropertyValueSpecification","valueRequired":true,"valueName":"search_term_string"}}],"inLanguage":"de"}]}},"_links":{"self":[{"href":"https:\/\/www.libertas-institut.com\/it\/wp-json\/wp\/v2\/pages\/209","targetHints":{"allow":["GET"]}}],"collection":[{"href":"https:\/\/www.libertas-institut.com\/it\/wp-json\/wp\/v2\/pages"}],"about":[{"href":"https:\/\/www.libertas-institut.com\/it\/wp-json\/wp\/v2\/types\/page"}],"author":[{"embeddable":true,"href":"https:\/\/www.libertas-institut.com\/it\/wp-json\/wp\/v2\/users\/1"}],"replies":[{"embeddable":true,"href":"https:\/\/www.libertas-institut.com\/it\/wp-json\/wp\/v2\/comments?post=209"}],"version-history":[{"count":0,"href":"https:\/\/www.libertas-institut.com\/it\/wp-json\/wp\/v2\/pages\/209\/revisions"}],"up":[{"embeddable":true,"href":"https:\/\/www.libertas-institut.com\/it\/wp-json\/wp\/v2\/pages\/7"}],"wp:attachment":[{"href":"https:\/\/www.libertas-institut.com\/it\/wp-json\/wp\/v2\/media?parent=209"}],"curies":[{"name":"wp","href":"https:\/\/api.w.org\/{rel}","templated":true}]}}