{"id":280,"date":"2014-09-18T21:03:38","date_gmt":"2014-09-18T19:03:38","guid":{"rendered":"http:\/\/www.libertas-institut.com\/it\/centro-geie\/presentations\/"},"modified":"2024-07-16T18:20:07","modified_gmt":"2024-07-16T16:20:07","slug":"presentations","status":"publish","type":"page","link":"https:\/\/www.libertas-institut.com\/it\/centro-geie\/presentations\/","title":{"rendered":"Presentations"},"content":{"rendered":"<h1 style=\"text-align: center\">Presentations<\/h1>\n<ul>\n<li><a href=\"http:\/\/www.libertas-institut.com\/de\/Praesentationen\/HJ_Zahorka.pdf\">Aktuelles zu Tendenz von EWIV<\/a> (Hans-J\u00fcrgen Zahorka, LIBERTAS &#8211; Europ\u00e4isches Institut GmbH)<\/li>\n<li><a href=\"http:\/\/www.libertas-institut.com\/de\/Praesentationen\/Ute_Hirschburger.pdf\">B\u00fcndelung von infrastrukturellen Gesch\u00e4ftsaktivit\u00e4ten durch EWIV &#8211; im Konzern, in der Gruppe<\/a> (Ute Hirschburger, LIBERTAS &#8211; Europ\u00e4isches Institut GmbH)<\/li>\n<li><a href=\"http:\/\/www.libertas-institut.com\/de\/Praesentationen\/EWIV_virtuelles%20Unternehmen.pdf\">Die EWIV als virtuelles Unternehmen<\/a> (Ute Hirschburger, LIBERTAS &#8211; Europ\u00e4isches Institut GmbH)<\/li>\n<li><a href=\"http:\/\/www.libertas-institut.com\/de\/Praesentationen\/EWIV_Outsourcing_Hiltl.pdf\">Gesellschaftsrechtliche Aspekte der EWIV<\/a> (Dr. Christoph Hiltl, LOVELLS Rechtsanw\u00e4lte, www.lovells.com)<\/li>\n<li><a href=\"http:\/\/www.libertas-institut.com\/de\/Praesentationen\/Petra_Sandner.pdf\">Zum Umgang europ\u00e4ischer Steuerbeh\u00f6rden mit EWIV<\/a> (Petra Sandner)<\/li>\n<li><a href=\"http:\/\/www.libertas-institut.com\/de\/Praesentationen\/EWIV_Steuern_Schreiber.pdf\">Steuerrechtliche Aspekte der EWIV<\/a> (Susanne Schreiber, LOVELLS Rechtsanw\u00e4lte, www.lovells.com)<\/li>\n<li><a href=\"http:\/\/www.libertas-institut.com\/de\/Praesentationen\/Loebke_ROLT.pdf\">Gr\u00fcndung und T\u00e4tigkeit der R.O.L.T. EWIV<\/a> (Andreas L\u00f6bke, Gesch\u00e4ftsf\u00fchrer R.O.L.T. EWIV, Luxemburg)<\/li>\n<li><a href=\"http:\/\/www.libertas-institut.com\/de\/Praesentationen\/Katarzyna_Poland.pdf\">European Economic Interest Grouping in Poland &#8211; perspective of implementation<\/a>,\u00a0 (Katarzyna Michno, Warzaw, <a href=\"http:\/\/www.adamiak.pl\">www.adamiak.pl<\/a>)<\/li>\n<li><a href=\"http:\/\/www.libertas-institut.com\/de\/Praesentationen\/ExtractsPolishActOnEuropeanCompanies.pdf\">Extracts from the proposal of the Polish Act on European Companies as proposed by Civil Law Codification Commission<\/a><\/li>\n<li><a href=\"http:\/\/www.libertas-institut.com\/de\/Praesentationen\/Cavojsky_Slovakia.pdf\">European Economic Interest Grouping in Slowakia<\/a>(JUDr. Peter Cavojsky, Krivak &amp; Co., Bratislava,)<\/li>\n<li><a href=\"http:\/\/www.libertas-institut.com\/de\/Praesentationen\/AllgaeTirol_VitalesLand.pdf\">Allg\u00e4u Tirol Vitales Land EWIV<\/a> (Gottfried Linke, Beiratsvorsitzender, <a href=\"http:\/\/www.vitalesland.com\">www.vitalesland.com<\/a>)<\/li>\n<li><a href=\"http:\/\/www.libertas-institut.com\/de\/Praesentationen\/WaermebergbauEWIV.pdf\">EWIV W\u00e4rmebergbau<\/a> (Gunther Wittig, Gesch\u00e4ftsf\u00fchrer, <a href=\"http:\/\/www.pfalzwerke.de\">www.pfalzwerke.de<\/a>)<\/li>\n<li><a href=\"http:\/\/www.libertas-institut.com\/de\/Praesentationen\/EDCTP_EEIG.pdf\">EDCTP EEIG<\/a> (Andreas Holtel, EU-Kommission, DG Forschung)<\/li>\n<li><a href=\"http:\/\/www.libertas-institut.com\/de\/Praesentationen\/EGIZ-SLOpresentation.pdf\">Evropsko Gospodarsko Interesno Zdru\u017eenje &#8211; instrument za \u010dezmejno sodelovanje <\/a>(Janja Bedrac, Law Faculty, University of Maribor, Slovenia &#8211; in Slovene language)<\/li>\n<\/ul>\n","protected":false},"excerpt":{"rendered":"<p>Presentations Aktuelles zu Tendenz von EWIV (Hans-J\u00fcrgen Zahorka, LIBERTAS &#8211; Europ\u00e4isches Institut GmbH) B\u00fcndelung von infrastrukturellen Gesch\u00e4ftsaktivit\u00e4ten durch EWIV &#8211; im Konzern, in der Gruppe (Ute Hirschburger, LIBERTAS &#8211; Europ\u00e4isches Institut GmbH) Die EWIV als virtuelles Unternehmen (Ute Hirschburger, LIBERTAS &#8211; Europ\u00e4isches Institut GmbH) Gesellschaftsrechtliche Aspekte der EWIV (Dr. Christoph Hiltl, LOVELLS Rechtsanw\u00e4lte, www.lovells.com) Zum [&hellip;]<\/p>\n","protected":false},"author":1,"featured_media":0,"parent":7,"menu_order":1,"comment_status":"open","ping_status":"open","template":"","meta":{"_bbp_topic_count":0,"_bbp_reply_count":0,"_bbp_total_topic_count":0,"_bbp_total_reply_count":0,"_bbp_voice_count":0,"_bbp_anonymous_reply_count":0,"_bbp_topic_count_hidden":0,"_bbp_reply_count_hidden":0,"_bbp_forum_subforum_count":0,"footnotes":""},"class_list":["post-280","page","type-page","status-publish","hentry"],"yoast_head":"<!-- This site is optimized with the Yoast SEO plugin v26.4 - https:\/\/yoast.com\/wordpress\/plugins\/seo\/ -->\n<title>Presentations - Libertas-it<\/title>\n<meta name=\"robots\" content=\"index, follow, max-snippet:-1, max-image-preview:large, max-video-preview:-1\" \/>\n<link rel=\"canonical\" href=\"https:\/\/www.libertas-institut.com\/it\/centro-geie\/presentations\/\" \/>\n<meta property=\"og:locale\" content=\"de_DE\" \/>\n<meta property=\"og:type\" content=\"article\" \/>\n<meta property=\"og:title\" content=\"Presentations - Libertas-it\" \/>\n<meta property=\"og:description\" content=\"Presentations Aktuelles zu Tendenz von EWIV (Hans-J\u00fcrgen Zahorka, LIBERTAS &#8211; Europ\u00e4isches Institut GmbH) B\u00fcndelung von infrastrukturellen Gesch\u00e4ftsaktivit\u00e4ten durch EWIV &#8211; im Konzern, in der Gruppe (Ute Hirschburger, LIBERTAS &#8211; Europ\u00e4isches Institut GmbH) Die EWIV als virtuelles Unternehmen (Ute Hirschburger, LIBERTAS &#8211; Europ\u00e4isches Institut GmbH) Gesellschaftsrechtliche Aspekte der EWIV (Dr. Christoph Hiltl, LOVELLS Rechtsanw\u00e4lte, www.lovells.com) Zum [&hellip;]\" \/>\n<meta property=\"og:url\" content=\"https:\/\/www.libertas-institut.com\/it\/centro-geie\/presentations\/\" \/>\n<meta property=\"og:site_name\" content=\"Libertas-it\" \/>\n<meta property=\"article:modified_time\" content=\"2024-07-16T16:20:07+00:00\" \/>\n<meta name=\"twitter:label1\" content=\"Gesch\u00e4tzte Lesezeit\" \/>\n\t<meta name=\"twitter:data1\" content=\"1\u00a0Minute\" \/>\n<script type=\"application\/ld+json\" class=\"yoast-schema-graph\">{\"@context\":\"https:\/\/schema.org\",\"@graph\":[{\"@type\":\"WebPage\",\"@id\":\"https:\/\/www.libertas-institut.com\/it\/centro-geie\/presentations\/\",\"url\":\"https:\/\/www.libertas-institut.com\/it\/centro-geie\/presentations\/\",\"name\":\"Presentations - Libertas-it\",\"isPartOf\":{\"@id\":\"https:\/\/www.libertas-institut.com\/it\/#website\"},\"datePublished\":\"2014-09-18T19:03:38+00:00\",\"dateModified\":\"2024-07-16T16:20:07+00:00\",\"breadcrumb\":{\"@id\":\"https:\/\/www.libertas-institut.com\/it\/centro-geie\/presentations\/#breadcrumb\"},\"inLanguage\":\"de\",\"potentialAction\":[{\"@type\":\"ReadAction\",\"target\":[\"https:\/\/www.libertas-institut.com\/it\/centro-geie\/presentations\/\"]}]},{\"@type\":\"BreadcrumbList\",\"@id\":\"https:\/\/www.libertas-institut.com\/it\/centro-geie\/presentations\/#breadcrumb\",\"itemListElement\":[{\"@type\":\"ListItem\",\"position\":1,\"name\":\"Home\",\"item\":\"https:\/\/www.libertas-institut.com\/it\/\"},{\"@type\":\"ListItem\",\"position\":2,\"name\":\"Centro GEIE\",\"item\":\"https:\/\/www.libertas-institut.com\/it\/centro-geie\/\"},{\"@type\":\"ListItem\",\"position\":3,\"name\":\"Presentations\"}]},{\"@type\":\"WebSite\",\"@id\":\"https:\/\/www.libertas-institut.com\/it\/#website\",\"url\":\"https:\/\/www.libertas-institut.com\/it\/\",\"name\":\"Libertas-it\",\"description\":\"\u00a9 by Libertas GmbH\",\"potentialAction\":[{\"@type\":\"SearchAction\",\"target\":{\"@type\":\"EntryPoint\",\"urlTemplate\":\"https:\/\/www.libertas-institut.com\/it\/?s={search_term_string}\"},\"query-input\":{\"@type\":\"PropertyValueSpecification\",\"valueRequired\":true,\"valueName\":\"search_term_string\"}}],\"inLanguage\":\"de\"}]}<\/script>\n<!-- \/ Yoast SEO plugin. -->","yoast_head_json":{"title":"Presentations - Libertas-it","robots":{"index":"index","follow":"follow","max-snippet":"max-snippet:-1","max-image-preview":"max-image-preview:large","max-video-preview":"max-video-preview:-1"},"canonical":"https:\/\/www.libertas-institut.com\/it\/centro-geie\/presentations\/","og_locale":"de_DE","og_type":"article","og_title":"Presentations - Libertas-it","og_description":"Presentations Aktuelles zu Tendenz von EWIV (Hans-J\u00fcrgen Zahorka, LIBERTAS &#8211; Europ\u00e4isches Institut GmbH) B\u00fcndelung von infrastrukturellen Gesch\u00e4ftsaktivit\u00e4ten durch EWIV &#8211; im Konzern, in der Gruppe (Ute Hirschburger, LIBERTAS &#8211; Europ\u00e4isches Institut GmbH) Die EWIV als virtuelles Unternehmen (Ute Hirschburger, LIBERTAS &#8211; Europ\u00e4isches Institut GmbH) Gesellschaftsrechtliche Aspekte der EWIV (Dr. Christoph Hiltl, LOVELLS Rechtsanw\u00e4lte, www.lovells.com) Zum [&hellip;]","og_url":"https:\/\/www.libertas-institut.com\/it\/centro-geie\/presentations\/","og_site_name":"Libertas-it","article_modified_time":"2024-07-16T16:20:07+00:00","twitter_misc":{"Gesch\u00e4tzte Lesezeit":"1\u00a0Minute"},"schema":{"@context":"https:\/\/schema.org","@graph":[{"@type":"WebPage","@id":"https:\/\/www.libertas-institut.com\/it\/centro-geie\/presentations\/","url":"https:\/\/www.libertas-institut.com\/it\/centro-geie\/presentations\/","name":"Presentations - Libertas-it","isPartOf":{"@id":"https:\/\/www.libertas-institut.com\/it\/#website"},"datePublished":"2014-09-18T19:03:38+00:00","dateModified":"2024-07-16T16:20:07+00:00","breadcrumb":{"@id":"https:\/\/www.libertas-institut.com\/it\/centro-geie\/presentations\/#breadcrumb"},"inLanguage":"de","potentialAction":[{"@type":"ReadAction","target":["https:\/\/www.libertas-institut.com\/it\/centro-geie\/presentations\/"]}]},{"@type":"BreadcrumbList","@id":"https:\/\/www.libertas-institut.com\/it\/centro-geie\/presentations\/#breadcrumb","itemListElement":[{"@type":"ListItem","position":1,"name":"Home","item":"https:\/\/www.libertas-institut.com\/it\/"},{"@type":"ListItem","position":2,"name":"Centro GEIE","item":"https:\/\/www.libertas-institut.com\/it\/centro-geie\/"},{"@type":"ListItem","position":3,"name":"Presentations"}]},{"@type":"WebSite","@id":"https:\/\/www.libertas-institut.com\/it\/#website","url":"https:\/\/www.libertas-institut.com\/it\/","name":"Libertas-it","description":"\u00a9 by Libertas GmbH","potentialAction":[{"@type":"SearchAction","target":{"@type":"EntryPoint","urlTemplate":"https:\/\/www.libertas-institut.com\/it\/?s={search_term_string}"},"query-input":{"@type":"PropertyValueSpecification","valueRequired":true,"valueName":"search_term_string"}}],"inLanguage":"de"}]}},"_links":{"self":[{"href":"https:\/\/www.libertas-institut.com\/it\/wp-json\/wp\/v2\/pages\/280","targetHints":{"allow":["GET"]}}],"collection":[{"href":"https:\/\/www.libertas-institut.com\/it\/wp-json\/wp\/v2\/pages"}],"about":[{"href":"https:\/\/www.libertas-institut.com\/it\/wp-json\/wp\/v2\/types\/page"}],"author":[{"embeddable":true,"href":"https:\/\/www.libertas-institut.com\/it\/wp-json\/wp\/v2\/users\/1"}],"replies":[{"embeddable":true,"href":"https:\/\/www.libertas-institut.com\/it\/wp-json\/wp\/v2\/comments?post=280"}],"version-history":[{"count":0,"href":"https:\/\/www.libertas-institut.com\/it\/wp-json\/wp\/v2\/pages\/280\/revisions"}],"up":[{"embeddable":true,"href":"https:\/\/www.libertas-institut.com\/it\/wp-json\/wp\/v2\/pages\/7"}],"wp:attachment":[{"href":"https:\/\/www.libertas-institut.com\/it\/wp-json\/wp\/v2\/media?parent=280"}],"curies":[{"name":"wp","href":"https:\/\/api.w.org\/{rel}","templated":true}]}}