{"id":284,"date":"2014-09-18T21:08:38","date_gmt":"2014-09-18T19:08:38","guid":{"rendered":"http:\/\/www.libertas-institut.com\/it\/centro-geie\/conferenze\/"},"modified":"2024-07-16T18:27:15","modified_gmt":"2024-07-16T16:27:15","slug":"conferenze","status":"publish","type":"page","link":"https:\/\/www.libertas-institut.com\/it\/centro-geie\/conferenze\/","title":{"rendered":"Conferenze"},"content":{"rendered":"<h1 style=\"text-align: center\">Conferenze<\/h1>\n<ul>\n<li>EWIV-Workshop 13.3.2015 in Vaduz, Liechtenstein: <a title=\"EWIV_Workshop_Vaduz\" href=\"https:\/\/www.libertas-institut.com\/de\/EWIV\/150313_EWIV-Workshop.pdf\" target=\"_blank\" rel=\"noopener\">Einladung\/Programm<\/a>, Anmeldeformular (<a title=\"EWIV_Workshop_Vaduz\" href=\"https:\/\/www.libertas-institut.com\/de\/EWIV\/150313_Anmeldung.docx\" target=\"_blank\" rel=\"noopener\">word<\/a>, <a title=\"EWIV_Workshop_Vaduz\" href=\"https:\/\/www.libertas-institut.com\/de\/EWIV\/150313_Anmeldung.pdf\" target=\"_blank\" rel=\"noopener\">pdf<\/a>)<\/li>\n<\/ul>\n<ul>\n<li>EWIV-Workshop am Freitag, 16.5.2014, ab 10 Uhr vormittags, Berlin-K\u00f6penick, Pentahotel<br \/>\nMit neu konzipiertem Inhalt &#8211; einschlie\u00dflich neue Rechtsprechung <a href=\"http:\/\/www.libertas-institut.com\/de\/EWIV\/16_EWIV_Workshop_Programm_Einladung.pdf\"> Programm\/Anmeldung<\/a><\/li>\n<\/ul>\n<ul>\n<li><span style=\"color: #ff0000\">EWIV-Workshop zu Rechts-, Gr\u00fcndungs-, Steuerfragen<\/span> Freitag, 18.3.2011, 13-17.30 h, Frankfurt\/Main. <a href=\"https:\/\/www.libertas-institut.com\/de\/EWIV\/FRA_Worksh_Progr_110318.pdf\">Einladung und Anmeldung &#8230;<\/a><\/li>\n<\/ul>\n<ul>\n<li><span style=\"color: #ff0000\">Workshop zum Thema EWIV 3.12.2010<\/span> <strong>Unternehmer-Workshop zu Rechts-, Gr\u00fcndungs- und Steuerfragen. <\/strong>Freitag 3.12.2010, 13.00 Uhr bis 17.30 Uhr, Frankfurt\/Main.\u00a0<a href=\"https:\/\/www.libertas-institut.com\/de\/EWIV\/II_FRA_Worksh_Progr_101203.pdf\">Einladung\/Programm<\/a>, <a href=\"https:\/\/www.libertas-institut.com\/de\/EWIV\/II_FRA_Worksh_Progr_101203_Anmeldung.pdf\">Anmeldeformular<\/a><\/li>\n<\/ul>\n<ul>\n<li><span style=\"color: #ff0000\">Workshop zum Thema EWIV<\/span> <strong>f\u00fcr Unternehmer und Berater &#8211; mit besonderem Akzent auf steuerliche Gestaltungsm\u00f6glichkeiten <\/strong>Samstag 28.8.2010, 13.00 Uhr bis 17.30 Uhr, Frankfurt\/Main. <a href=\"https:\/\/www.libertas-institut.com\/de\/EWIV\/EWIVWorkshop_Frankfurt_2010.pdf\">Einladung\/Programm<\/a>, <a href=\"https:\/\/www.libertas-institut.com\/de\/EWIV\/Anmeldung_EWIVWorkshop_Frankfurt_2010.pdf\">Anmeldeformular<\/a><\/li>\n<\/ul>\n<ul>\n<li><span style=\"color: #ff0000\">EWIV-Workshop am 29.1.2010 in Vaduz\/Liechtenstein<\/span> Am Freitag, dem 29.1.2010, 13-17.00 h h\u00e4lt das Europ\u00e4ische EWIV-Informationszentrum in Vaduz, der Hauptstadt von Liechtenstein, im dortigen Landesmuseum, einen allgemeinen Kennenlern-Workshop zum Thema EWIV ab. Wer aus dem deutschen Sprachraum kommen will, ist hierzu herzlich eingeladen. Sie finden die Einladung\/das Programm sowie die Anmeldeunterlagen <a href=\"https:\/\/www.libertas-institut.com\/de\/PDF\/100129_FL_ProgrammWorkshop.pdf\">hier \u2026<\/a><\/li>\n<\/ul>\n<ul>\n<li><strong>&#8222;Erfolgsfaktoren virtueller Unternehmen &#8211; Gestaltungspotenziale f\u00fcr eine menschengerechte und leistungsf\u00e4hige Arbeits- und Unternehmensorganisation&#8220;<\/strong>,\u00a0IZT &#8211; Institut f\u00fcr Zukunftsstudien und Technologiebewertung gGmbH, 8.12.2005, Berlin. Anl\u00e4sslich dieser Veranstaltung werden Praxiserfahrungen europ\u00e4isch agierender virtueller Unternehmen und die Forschungsergebnisse des Projektes vorgestellt, <a href=\"https:\/\/www.libertas-institut.com\/de\/News&amp;Termine\/Einladung_EVU_Abschlussveranstaltung.pdf\">Programm\/Anmeldung<\/a>. Ber\u00fccksichtigt wurden hier auch Unternehmen und Unternehmensmodelle in Form einer EWIV. Weitere Informationen zum Projekt, Onlinebefragung und der Veranstaltung unter .<\/li>\n<\/ul>\n<ul>\n<li>\u00a06. EWIV Praxiskonferenz, 5.11.2004, Frankfurt <a href=\"https:\/\/www.libertas-institut.com\/ewiv-informationszentrum\/archiv_ewiv_veranstaltungen\/archiv_ewiv_veranstaltungen\/\" target=\"_blank\" rel=\"noopener\">mehr&#8230;<\/a><\/li>\n<\/ul>\n<ul>\n<li><strong>&#8222;EU-Rechtsform EWIV hat sich bew\u00e4hrt &#8211; steuerliche Vorteile und Flexibilit\u00e4t haben sich best\u00e4tigt&#8220; <\/strong>Berichte, Informationen, Pr\u00e4sentationen zum Download <a href=\"https:\/\/www.libertas-institut.com\/ewiv-informationszentrum\/archiv_ewiv_veranstaltungen\/archiv_ewiv_veranstaltungen\/\" target=\"_blank\" rel=\"noopener\">mehr&#8230;<\/a><\/li>\n<\/ul>\n<ul>\n<li>5. EWIV Praxiskonferenz, 9.5.2003, Strasbourg mehr<\/li>\n<\/ul>\n<ul>\n<li><strong>&#8222;Kooperationen auf europ\u00e4ischer Ebene &#8211; Europ\u00e4ische Rechtsformen, EU-F\u00f6rderung, Praxisbeispiele&#8220;<\/strong><em>, IHK Heidelberg, 15.9.2004. <\/em><a href=\"https:\/\/www.libertas-institut.com\/de\/PDF\/EinladungIHK150904.pdf\">Einladung\/Programm<\/a><\/li>\n<\/ul>\n<ul>\n<li><a href=\"https:\/\/www.libertas-institut.com\/de\/EWIV\/010.ProgrBerlin23.11.01.pdf\">4. EWIV-Konferenz <\/a>Berlin 23.11.2001<\/li>\n<\/ul>\n","protected":false},"excerpt":{"rendered":"<p>Conferenze EWIV-Workshop 13.3.2015 in Vaduz, Liechtenstein: Einladung\/Programm, Anmeldeformular (word, pdf) EWIV-Workshop am Freitag, 16.5.2014, ab 10 Uhr vormittags, Berlin-K\u00f6penick, Pentahotel Mit neu konzipiertem Inhalt &#8211; einschlie\u00dflich neue Rechtsprechung Programm\/Anmeldung EWIV-Workshop zu Rechts-, Gr\u00fcndungs-, Steuerfragen Freitag, 18.3.2011, 13-17.30 h, Frankfurt\/Main. Einladung und Anmeldung &#8230; Workshop zum Thema EWIV 3.12.2010 Unternehmer-Workshop zu Rechts-, Gr\u00fcndungs- und Steuerfragen. Freitag [&hellip;]<\/p>\n","protected":false},"author":1,"featured_media":0,"parent":7,"menu_order":1,"comment_status":"open","ping_status":"open","template":"","meta":{"_bbp_topic_count":0,"_bbp_reply_count":0,"_bbp_total_topic_count":0,"_bbp_total_reply_count":0,"_bbp_voice_count":0,"_bbp_anonymous_reply_count":0,"_bbp_topic_count_hidden":0,"_bbp_reply_count_hidden":0,"_bbp_forum_subforum_count":0,"footnotes":""},"class_list":["post-284","page","type-page","status-publish","hentry"],"yoast_head":"<!-- This site is optimized with the Yoast SEO plugin v26.4 - https:\/\/yoast.com\/wordpress\/plugins\/seo\/ -->\n<title>Conferenze - Libertas-it<\/title>\n<meta name=\"robots\" content=\"index, follow, max-snippet:-1, max-image-preview:large, max-video-preview:-1\" \/>\n<link rel=\"canonical\" href=\"https:\/\/www.libertas-institut.com\/it\/centro-geie\/conferenze\/\" \/>\n<meta property=\"og:locale\" content=\"de_DE\" \/>\n<meta property=\"og:type\" content=\"article\" \/>\n<meta property=\"og:title\" content=\"Conferenze - Libertas-it\" \/>\n<meta property=\"og:description\" content=\"Conferenze EWIV-Workshop 13.3.2015 in Vaduz, Liechtenstein: Einladung\/Programm, Anmeldeformular (word, pdf) EWIV-Workshop am Freitag, 16.5.2014, ab 10 Uhr vormittags, Berlin-K\u00f6penick, Pentahotel Mit neu konzipiertem Inhalt &#8211; einschlie\u00dflich neue Rechtsprechung Programm\/Anmeldung EWIV-Workshop zu Rechts-, Gr\u00fcndungs-, Steuerfragen Freitag, 18.3.2011, 13-17.30 h, Frankfurt\/Main. Einladung und Anmeldung &#8230; Workshop zum Thema EWIV 3.12.2010 Unternehmer-Workshop zu Rechts-, Gr\u00fcndungs- und Steuerfragen. Freitag [&hellip;]\" \/>\n<meta property=\"og:url\" content=\"https:\/\/www.libertas-institut.com\/it\/centro-geie\/conferenze\/\" \/>\n<meta property=\"og:site_name\" content=\"Libertas-it\" \/>\n<meta property=\"article:modified_time\" content=\"2024-07-16T16:27:15+00:00\" \/>\n<meta name=\"twitter:label1\" content=\"Gesch\u00e4tzte Lesezeit\" \/>\n\t<meta name=\"twitter:data1\" content=\"1\u00a0Minute\" \/>\n<script type=\"application\/ld+json\" class=\"yoast-schema-graph\">{\"@context\":\"https:\/\/schema.org\",\"@graph\":[{\"@type\":\"WebPage\",\"@id\":\"https:\/\/www.libertas-institut.com\/it\/centro-geie\/conferenze\/\",\"url\":\"https:\/\/www.libertas-institut.com\/it\/centro-geie\/conferenze\/\",\"name\":\"Conferenze - Libertas-it\",\"isPartOf\":{\"@id\":\"https:\/\/www.libertas-institut.com\/it\/#website\"},\"datePublished\":\"2014-09-18T19:08:38+00:00\",\"dateModified\":\"2024-07-16T16:27:15+00:00\",\"breadcrumb\":{\"@id\":\"https:\/\/www.libertas-institut.com\/it\/centro-geie\/conferenze\/#breadcrumb\"},\"inLanguage\":\"de\",\"potentialAction\":[{\"@type\":\"ReadAction\",\"target\":[\"https:\/\/www.libertas-institut.com\/it\/centro-geie\/conferenze\/\"]}]},{\"@type\":\"BreadcrumbList\",\"@id\":\"https:\/\/www.libertas-institut.com\/it\/centro-geie\/conferenze\/#breadcrumb\",\"itemListElement\":[{\"@type\":\"ListItem\",\"position\":1,\"name\":\"Home\",\"item\":\"https:\/\/www.libertas-institut.com\/it\/\"},{\"@type\":\"ListItem\",\"position\":2,\"name\":\"Centro GEIE\",\"item\":\"https:\/\/www.libertas-institut.com\/it\/centro-geie\/\"},{\"@type\":\"ListItem\",\"position\":3,\"name\":\"Conferenze\"}]},{\"@type\":\"WebSite\",\"@id\":\"https:\/\/www.libertas-institut.com\/it\/#website\",\"url\":\"https:\/\/www.libertas-institut.com\/it\/\",\"name\":\"Libertas-it\",\"description\":\"\u00a9 by Libertas GmbH\",\"potentialAction\":[{\"@type\":\"SearchAction\",\"target\":{\"@type\":\"EntryPoint\",\"urlTemplate\":\"https:\/\/www.libertas-institut.com\/it\/?s={search_term_string}\"},\"query-input\":{\"@type\":\"PropertyValueSpecification\",\"valueRequired\":true,\"valueName\":\"search_term_string\"}}],\"inLanguage\":\"de\"}]}<\/script>\n<!-- \/ Yoast SEO plugin. -->","yoast_head_json":{"title":"Conferenze - Libertas-it","robots":{"index":"index","follow":"follow","max-snippet":"max-snippet:-1","max-image-preview":"max-image-preview:large","max-video-preview":"max-video-preview:-1"},"canonical":"https:\/\/www.libertas-institut.com\/it\/centro-geie\/conferenze\/","og_locale":"de_DE","og_type":"article","og_title":"Conferenze - Libertas-it","og_description":"Conferenze EWIV-Workshop 13.3.2015 in Vaduz, Liechtenstein: Einladung\/Programm, Anmeldeformular (word, pdf) EWIV-Workshop am Freitag, 16.5.2014, ab 10 Uhr vormittags, Berlin-K\u00f6penick, Pentahotel Mit neu konzipiertem Inhalt &#8211; einschlie\u00dflich neue Rechtsprechung Programm\/Anmeldung EWIV-Workshop zu Rechts-, Gr\u00fcndungs-, Steuerfragen Freitag, 18.3.2011, 13-17.30 h, Frankfurt\/Main. Einladung und Anmeldung &#8230; Workshop zum Thema EWIV 3.12.2010 Unternehmer-Workshop zu Rechts-, Gr\u00fcndungs- und Steuerfragen. Freitag [&hellip;]","og_url":"https:\/\/www.libertas-institut.com\/it\/centro-geie\/conferenze\/","og_site_name":"Libertas-it","article_modified_time":"2024-07-16T16:27:15+00:00","twitter_misc":{"Gesch\u00e4tzte Lesezeit":"1\u00a0Minute"},"schema":{"@context":"https:\/\/schema.org","@graph":[{"@type":"WebPage","@id":"https:\/\/www.libertas-institut.com\/it\/centro-geie\/conferenze\/","url":"https:\/\/www.libertas-institut.com\/it\/centro-geie\/conferenze\/","name":"Conferenze - Libertas-it","isPartOf":{"@id":"https:\/\/www.libertas-institut.com\/it\/#website"},"datePublished":"2014-09-18T19:08:38+00:00","dateModified":"2024-07-16T16:27:15+00:00","breadcrumb":{"@id":"https:\/\/www.libertas-institut.com\/it\/centro-geie\/conferenze\/#breadcrumb"},"inLanguage":"de","potentialAction":[{"@type":"ReadAction","target":["https:\/\/www.libertas-institut.com\/it\/centro-geie\/conferenze\/"]}]},{"@type":"BreadcrumbList","@id":"https:\/\/www.libertas-institut.com\/it\/centro-geie\/conferenze\/#breadcrumb","itemListElement":[{"@type":"ListItem","position":1,"name":"Home","item":"https:\/\/www.libertas-institut.com\/it\/"},{"@type":"ListItem","position":2,"name":"Centro GEIE","item":"https:\/\/www.libertas-institut.com\/it\/centro-geie\/"},{"@type":"ListItem","position":3,"name":"Conferenze"}]},{"@type":"WebSite","@id":"https:\/\/www.libertas-institut.com\/it\/#website","url":"https:\/\/www.libertas-institut.com\/it\/","name":"Libertas-it","description":"\u00a9 by Libertas GmbH","potentialAction":[{"@type":"SearchAction","target":{"@type":"EntryPoint","urlTemplate":"https:\/\/www.libertas-institut.com\/it\/?s={search_term_string}"},"query-input":{"@type":"PropertyValueSpecification","valueRequired":true,"valueName":"search_term_string"}}],"inLanguage":"de"}]}},"_links":{"self":[{"href":"https:\/\/www.libertas-institut.com\/it\/wp-json\/wp\/v2\/pages\/284","targetHints":{"allow":["GET"]}}],"collection":[{"href":"https:\/\/www.libertas-institut.com\/it\/wp-json\/wp\/v2\/pages"}],"about":[{"href":"https:\/\/www.libertas-institut.com\/it\/wp-json\/wp\/v2\/types\/page"}],"author":[{"embeddable":true,"href":"https:\/\/www.libertas-institut.com\/it\/wp-json\/wp\/v2\/users\/1"}],"replies":[{"embeddable":true,"href":"https:\/\/www.libertas-institut.com\/it\/wp-json\/wp\/v2\/comments?post=284"}],"version-history":[{"count":0,"href":"https:\/\/www.libertas-institut.com\/it\/wp-json\/wp\/v2\/pages\/284\/revisions"}],"up":[{"embeddable":true,"href":"https:\/\/www.libertas-institut.com\/it\/wp-json\/wp\/v2\/pages\/7"}],"wp:attachment":[{"href":"https:\/\/www.libertas-institut.com\/it\/wp-json\/wp\/v2\/media?parent=284"}],"curies":[{"name":"wp","href":"https:\/\/api.w.org\/{rel}","templated":true}]}}