{"id":294,"date":"2014-09-18T21:31:53","date_gmt":"2014-09-18T19:31:53","guid":{"rendered":"http:\/\/www.libertas-institut.com\/it\/centro-geie\/it_ewiv_inhaltsverzeichnis\/storia\/"},"modified":"2014-09-18T21:33:32","modified_gmt":"2014-09-18T19:33:32","slug":"storia","status":"publish","type":"page","link":"https:\/\/www.libertas-institut.com\/it\/centro-geie\/it_ewiv_inhaltsverzeichnis\/storia\/","title":{"rendered":"Storia"},"content":{"rendered":"<h1 style=\"text-align: center;\">Storia<\/h1>\n<ul>\n<li>Il GEIE (Gruppo Europeo di Interesse Economico) deriva da un modello societario francese, esistente dagli anni 60, e denominato G.i.e. (Groupement d&#8217;int\u00e9r\u00eat \u00e9conomique). Tale istituto \u00e9 da tempo molto conosciuto e si possono contare pi\u00fa di 10.000 costituzioni, tra cui\u00a0 costruttori di aereomobili &#8222;Airbus Industries&#8220; a Toulouse, l&#8217;organizzazione che si occupa della carta di credito &#8222;Carte Bleue&#8220;, la ricevitoria di scommesse PMU, l&#8217;azienda aereospaziale &#8222;Ari\u00e9nspace&#8220; ecc.<\/li>\n<\/ul>\n<ul>\n<li>Gi\u00e0 anni prima del Mercato Comune, presso la Commissione Europea a Bruxelles come anche nel Parlamento Europeo, si \u00e8 sentita la necessit\u00e1 di redigere un quadro giuridico chiaro per le collaborazioni tra imprese a livello europeo e in particolare per le piccole e le medie imprese. La prima richiesta riguardante questo tema arriva agli inizi degli anni settanta dalle file dei deputati francesi nel Parlamento Europeo. Ci fu un grosso sviluppo dei GEIE. Esso \u00e8, per cos\u00ed dire, la trasposizione a livello europeo dell&#8217;istituto francese G.i.e. .<\/li>\n<\/ul>\n<ul>\n<li>Il legislatore europeo non aveva pensato, a suo tempo, ad una armonizzazione a livello europeo delle abbreviazioni oppure dei nomi, per il semplice motivo, che in ogni lingua dell&#8217;Unione Europea il GEIE ha una diversa denominazione, nonostante riguardi lo stesso genere di attivit\u00e0.<\/li>\n<\/ul>\n<ul>\n<li>Ad esempio nell&#8217;area linguistica tedesca si chiama EWIV (Europ\u00e4ische wirtschaftliche Interessenvereinigung), in francese G.e.i.e. (Groupement europ\u00e9en d&#8217;int\u00e9r\u00eat \u00e9conomique), in inglese EEIG (Europea Economic Interest Grouping), in Italia GEIE (Gruppo Europeo di Interesse Economico), nell&#8217;area linguistica olandese EESV (Europees economisch samenwerkingsverband) e in Spagna AEIE (Agrupacion europea di inter\u00e9s econ\u00f3mico).<\/li>\n<\/ul>\n","protected":false},"excerpt":{"rendered":"<p>Storia Il GEIE (Gruppo Europeo di Interesse Economico) deriva da un modello societario francese, esistente dagli anni 60, e denominato G.i.e. (Groupement d&#8217;int\u00e9r\u00eat \u00e9conomique). Tale istituto \u00e9 da tempo molto conosciuto e si possono contare pi\u00fa di 10.000 costituzioni, tra cui\u00a0 costruttori di aereomobili &#8222;Airbus Industries&#8220; a Toulouse, l&#8217;organizzazione che si occupa della carta di [&hellip;]<\/p>\n","protected":false},"author":1,"featured_media":0,"parent":197,"menu_order":1,"comment_status":"open","ping_status":"open","template":"","meta":{"_bbp_topic_count":0,"_bbp_reply_count":0,"_bbp_total_topic_count":0,"_bbp_total_reply_count":0,"_bbp_voice_count":0,"_bbp_anonymous_reply_count":0,"_bbp_topic_count_hidden":0,"_bbp_reply_count_hidden":0,"_bbp_forum_subforum_count":0,"footnotes":""},"class_list":["post-294","page","type-page","status-publish","hentry"],"yoast_head":"<!-- This site is optimized with the Yoast SEO plugin v26.4 - https:\/\/yoast.com\/wordpress\/plugins\/seo\/ -->\n<title>Storia - Libertas-it<\/title>\n<meta name=\"robots\" content=\"index, follow, max-snippet:-1, max-image-preview:large, max-video-preview:-1\" \/>\n<link rel=\"canonical\" href=\"https:\/\/www.libertas-institut.com\/it\/centro-geie\/it_ewiv_inhaltsverzeichnis\/storia\/\" \/>\n<meta property=\"og:locale\" content=\"de_DE\" \/>\n<meta property=\"og:type\" content=\"article\" \/>\n<meta property=\"og:title\" content=\"Storia - Libertas-it\" \/>\n<meta property=\"og:description\" content=\"Storia Il GEIE (Gruppo Europeo di Interesse Economico) deriva da un modello societario francese, esistente dagli anni 60, e denominato G.i.e. (Groupement d&#8217;int\u00e9r\u00eat \u00e9conomique). Tale istituto \u00e9 da tempo molto conosciuto e si possono contare pi\u00fa di 10.000 costituzioni, tra cui\u00a0 costruttori di aereomobili &#8222;Airbus Industries&#8220; a Toulouse, l&#8217;organizzazione che si occupa della carta di [&hellip;]\" \/>\n<meta property=\"og:url\" content=\"https:\/\/www.libertas-institut.com\/it\/centro-geie\/it_ewiv_inhaltsverzeichnis\/storia\/\" \/>\n<meta property=\"og:site_name\" content=\"Libertas-it\" \/>\n<meta property=\"article:modified_time\" content=\"2014-09-18T19:33:32+00:00\" \/>\n<meta name=\"twitter:label1\" content=\"Gesch\u00e4tzte Lesezeit\" \/>\n\t<meta name=\"twitter:data1\" content=\"1\u00a0Minute\" \/>\n<script type=\"application\/ld+json\" class=\"yoast-schema-graph\">{\"@context\":\"https:\/\/schema.org\",\"@graph\":[{\"@type\":\"WebPage\",\"@id\":\"https:\/\/www.libertas-institut.com\/it\/centro-geie\/it_ewiv_inhaltsverzeichnis\/storia\/\",\"url\":\"https:\/\/www.libertas-institut.com\/it\/centro-geie\/it_ewiv_inhaltsverzeichnis\/storia\/\",\"name\":\"Storia - Libertas-it\",\"isPartOf\":{\"@id\":\"https:\/\/www.libertas-institut.com\/it\/#website\"},\"datePublished\":\"2014-09-18T19:31:53+00:00\",\"dateModified\":\"2014-09-18T19:33:32+00:00\",\"breadcrumb\":{\"@id\":\"https:\/\/www.libertas-institut.com\/it\/centro-geie\/it_ewiv_inhaltsverzeichnis\/storia\/#breadcrumb\"},\"inLanguage\":\"de\",\"potentialAction\":[{\"@type\":\"ReadAction\",\"target\":[\"https:\/\/www.libertas-institut.com\/it\/centro-geie\/it_ewiv_inhaltsverzeichnis\/storia\/\"]}]},{\"@type\":\"BreadcrumbList\",\"@id\":\"https:\/\/www.libertas-institut.com\/it\/centro-geie\/it_ewiv_inhaltsverzeichnis\/storia\/#breadcrumb\",\"itemListElement\":[{\"@type\":\"ListItem\",\"position\":1,\"name\":\"Home\",\"item\":\"https:\/\/www.libertas-institut.com\/it\/\"},{\"@type\":\"ListItem\",\"position\":2,\"name\":\"Centro GEIE\",\"item\":\"https:\/\/www.libertas-institut.com\/it\/centro-geie\/\"},{\"@type\":\"ListItem\",\"position\":3,\"name\":\"it_ewiv_inhaltsverzeichnis.\",\"item\":\"https:\/\/www.libertas-institut.com\/it\/centro-geie\/it_ewiv_inhaltsverzeichnis\/\"},{\"@type\":\"ListItem\",\"position\":4,\"name\":\"Storia\"}]},{\"@type\":\"WebSite\",\"@id\":\"https:\/\/www.libertas-institut.com\/it\/#website\",\"url\":\"https:\/\/www.libertas-institut.com\/it\/\",\"name\":\"Libertas-it\",\"description\":\"\u00a9 by Libertas GmbH\",\"potentialAction\":[{\"@type\":\"SearchAction\",\"target\":{\"@type\":\"EntryPoint\",\"urlTemplate\":\"https:\/\/www.libertas-institut.com\/it\/?s={search_term_string}\"},\"query-input\":{\"@type\":\"PropertyValueSpecification\",\"valueRequired\":true,\"valueName\":\"search_term_string\"}}],\"inLanguage\":\"de\"}]}<\/script>\n<!-- \/ Yoast SEO plugin. -->","yoast_head_json":{"title":"Storia - Libertas-it","robots":{"index":"index","follow":"follow","max-snippet":"max-snippet:-1","max-image-preview":"max-image-preview:large","max-video-preview":"max-video-preview:-1"},"canonical":"https:\/\/www.libertas-institut.com\/it\/centro-geie\/it_ewiv_inhaltsverzeichnis\/storia\/","og_locale":"de_DE","og_type":"article","og_title":"Storia - Libertas-it","og_description":"Storia Il GEIE (Gruppo Europeo di Interesse Economico) deriva da un modello societario francese, esistente dagli anni 60, e denominato G.i.e. (Groupement d&#8217;int\u00e9r\u00eat \u00e9conomique). Tale istituto \u00e9 da tempo molto conosciuto e si possono contare pi\u00fa di 10.000 costituzioni, tra cui\u00a0 costruttori di aereomobili &#8222;Airbus Industries&#8220; a Toulouse, l&#8217;organizzazione che si occupa della carta di [&hellip;]","og_url":"https:\/\/www.libertas-institut.com\/it\/centro-geie\/it_ewiv_inhaltsverzeichnis\/storia\/","og_site_name":"Libertas-it","article_modified_time":"2014-09-18T19:33:32+00:00","twitter_misc":{"Gesch\u00e4tzte Lesezeit":"1\u00a0Minute"},"schema":{"@context":"https:\/\/schema.org","@graph":[{"@type":"WebPage","@id":"https:\/\/www.libertas-institut.com\/it\/centro-geie\/it_ewiv_inhaltsverzeichnis\/storia\/","url":"https:\/\/www.libertas-institut.com\/it\/centro-geie\/it_ewiv_inhaltsverzeichnis\/storia\/","name":"Storia - Libertas-it","isPartOf":{"@id":"https:\/\/www.libertas-institut.com\/it\/#website"},"datePublished":"2014-09-18T19:31:53+00:00","dateModified":"2014-09-18T19:33:32+00:00","breadcrumb":{"@id":"https:\/\/www.libertas-institut.com\/it\/centro-geie\/it_ewiv_inhaltsverzeichnis\/storia\/#breadcrumb"},"inLanguage":"de","potentialAction":[{"@type":"ReadAction","target":["https:\/\/www.libertas-institut.com\/it\/centro-geie\/it_ewiv_inhaltsverzeichnis\/storia\/"]}]},{"@type":"BreadcrumbList","@id":"https:\/\/www.libertas-institut.com\/it\/centro-geie\/it_ewiv_inhaltsverzeichnis\/storia\/#breadcrumb","itemListElement":[{"@type":"ListItem","position":1,"name":"Home","item":"https:\/\/www.libertas-institut.com\/it\/"},{"@type":"ListItem","position":2,"name":"Centro GEIE","item":"https:\/\/www.libertas-institut.com\/it\/centro-geie\/"},{"@type":"ListItem","position":3,"name":"it_ewiv_inhaltsverzeichnis.","item":"https:\/\/www.libertas-institut.com\/it\/centro-geie\/it_ewiv_inhaltsverzeichnis\/"},{"@type":"ListItem","position":4,"name":"Storia"}]},{"@type":"WebSite","@id":"https:\/\/www.libertas-institut.com\/it\/#website","url":"https:\/\/www.libertas-institut.com\/it\/","name":"Libertas-it","description":"\u00a9 by Libertas GmbH","potentialAction":[{"@type":"SearchAction","target":{"@type":"EntryPoint","urlTemplate":"https:\/\/www.libertas-institut.com\/it\/?s={search_term_string}"},"query-input":{"@type":"PropertyValueSpecification","valueRequired":true,"valueName":"search_term_string"}}],"inLanguage":"de"}]}},"_links":{"self":[{"href":"https:\/\/www.libertas-institut.com\/it\/wp-json\/wp\/v2\/pages\/294","targetHints":{"allow":["GET"]}}],"collection":[{"href":"https:\/\/www.libertas-institut.com\/it\/wp-json\/wp\/v2\/pages"}],"about":[{"href":"https:\/\/www.libertas-institut.com\/it\/wp-json\/wp\/v2\/types\/page"}],"author":[{"embeddable":true,"href":"https:\/\/www.libertas-institut.com\/it\/wp-json\/wp\/v2\/users\/1"}],"replies":[{"embeddable":true,"href":"https:\/\/www.libertas-institut.com\/it\/wp-json\/wp\/v2\/comments?post=294"}],"version-history":[{"count":0,"href":"https:\/\/www.libertas-institut.com\/it\/wp-json\/wp\/v2\/pages\/294\/revisions"}],"up":[{"embeddable":true,"href":"https:\/\/www.libertas-institut.com\/it\/wp-json\/wp\/v2\/pages\/197"}],"wp:attachment":[{"href":"https:\/\/www.libertas-institut.com\/it\/wp-json\/wp\/v2\/media?parent=294"}],"curies":[{"name":"wp","href":"https:\/\/api.w.org\/{rel}","templated":true}]}}