{"id":295,"date":"2014-09-18T21:31:53","date_gmt":"2014-09-18T19:31:53","guid":{"rendered":"http:\/\/www.libertas-institut.com\/it\/centro-geie\/it_ewiv_inhaltsverzeichnis\/base-giuridica\/"},"modified":"2014-09-19T06:37:04","modified_gmt":"2014-09-19T04:37:04","slug":"base-giuridica","status":"publish","type":"page","link":"https:\/\/www.libertas-institut.com\/it\/centro-geie\/it_ewiv_inhaltsverzeichnis\/base-giuridica\/","title":{"rendered":"Base giuridica"},"content":{"rendered":"<h1 style=\"text-align: center;\">Base giuridica<\/h1>\n<ul>\n<li>La base giuridica del GEIE \u00e9 contenuta nel <strong>Regolamento Comunitario n. 2137\/85<\/strong>, pubblicato sulla Gazzetta Ufficiale della Comunit\u00e1 Europea L. n. 199 del 31.07.1985. Questo Regolamento Europeo viene qui abbreviato &#8222;EG-VO&#8220; (nella versione tedesca). Un regolamento nell&#8217;Unione Europea non pu\u00f3 essere modificato dagli Stati Menbri; il suo testo \u00e8 valido in tutta la Comunit\u00e0 Europea. In determinate circostanze un Regolamento Comunitario pu\u00f2 perfino violare una costituzione nazionale; in questo modo le leggi nazionali risultano essere subordinate alla legge comunitaria. Oltre a ci\u00f3 ci sono, in tutti i 15 paesi membri, leggi d&#8217;attuazione per questi Regolamenti Comunitari. In Germania il <strong>Regolamento Comunitario-GEIE del 14.04.1988<\/strong>, \u00e8 stato pubblicato nella Gazzetta Ufficiale della Repubblica Federale della Germania il 22.04.1988. <strong>Dal 1.07.1989 pu\u00f3 stabilirsi in germania il GEIE.<\/strong><\/li>\n<\/ul>\n<ul>\n<li>\u00c8 difficile definire l&#8217;ammontare attuale del numero di GEIE costituiti nell&#8217;Unione Europea, in quanto spesso le registrazioni obbligatorie nella Gazzetta Ufficiale Europea avvengono con molti mesi di ritardo e molti GEIE lavorano gi\u00e0 nonostante siano ancora in corso le loro iscrizioni. Al momento &#8211; settembre 1999 &#8211; gli istituti registrati a livello europeo sono meno di 1000. A questo numero va aggiunta, per\u00f3, una &#8222;zona d&#8217;ombra&#8220; di circa 200 GEIE tra fondazioni, domande e registrazioni nei registri nazionali delle imprese. <strong>Dunque nell&#8217;Unione Europea ci sono complessivamente circa 1100-1200 GEIE funzionanti. Il numero sale lentamente, ma costantemente.<\/strong><\/li>\n<\/ul>\n<ul>\n<li>Nonostante il GEIE, sia al momento ancora sconosciuto, non pu\u00f3 essere dopotutto considerato una <em>quantit\u00e9 negligeable<\/em>, nell&#8217;ambito del diritto societario europeo. Non soltanto le aziende, ma anche tutte le attivit\u00e1 di consulenza dovrebbero conoscere i tratti fondamentali dei GEIE, affinch\u00e9 lo stesso GEIE sia una possibilit\u00e0 interessante o un&#8217;alternativa che offra buoni risultati nell&#8217;ambito della cooperazione, qualora venga esercitato nel modo giusto. I seguenti principi giuridici sono da rispettare al momento della costituzione di un GEIE. \u00c8 per\u00f3 stata un&#8216;<strong>intenzione del legislatore europeo, quella di regolamentare il meno posssibile l&#8217;istituto, cos\u00ed da consentire un ampio margine di autonomia alle parti, dando la possibilit\u00e1 di creare diverse varanti di collaborazioni.<\/strong><\/li>\n<\/ul>\n","protected":false},"excerpt":{"rendered":"<p>Base giuridica La base giuridica del GEIE \u00e9 contenuta nel Regolamento Comunitario n. 2137\/85, pubblicato sulla Gazzetta Ufficiale della Comunit\u00e1 Europea L. n. 199 del 31.07.1985. Questo Regolamento Europeo viene qui abbreviato &#8222;EG-VO&#8220; (nella versione tedesca). Un regolamento nell&#8217;Unione Europea non pu\u00f3 essere modificato dagli Stati Menbri; il suo testo \u00e8 valido in tutta la [&hellip;]<\/p>\n","protected":false},"author":1,"featured_media":0,"parent":197,"menu_order":2,"comment_status":"open","ping_status":"open","template":"","meta":{"_bbp_topic_count":0,"_bbp_reply_count":0,"_bbp_total_topic_count":0,"_bbp_total_reply_count":0,"_bbp_voice_count":0,"_bbp_anonymous_reply_count":0,"_bbp_topic_count_hidden":0,"_bbp_reply_count_hidden":0,"_bbp_forum_subforum_count":0,"footnotes":""},"class_list":["post-295","page","type-page","status-publish","hentry"],"yoast_head":"<!-- This site is optimized with the Yoast SEO plugin v26.4 - https:\/\/yoast.com\/wordpress\/plugins\/seo\/ -->\n<title>Base giuridica - Libertas-it<\/title>\n<meta name=\"robots\" content=\"index, follow, max-snippet:-1, max-image-preview:large, max-video-preview:-1\" \/>\n<link rel=\"canonical\" href=\"https:\/\/www.libertas-institut.com\/it\/centro-geie\/it_ewiv_inhaltsverzeichnis\/base-giuridica\/\" \/>\n<meta property=\"og:locale\" content=\"de_DE\" \/>\n<meta property=\"og:type\" content=\"article\" \/>\n<meta property=\"og:title\" content=\"Base giuridica - Libertas-it\" \/>\n<meta property=\"og:description\" content=\"Base giuridica La base giuridica del GEIE \u00e9 contenuta nel Regolamento Comunitario n. 2137\/85, pubblicato sulla Gazzetta Ufficiale della Comunit\u00e1 Europea L. n. 199 del 31.07.1985. Questo Regolamento Europeo viene qui abbreviato &#8222;EG-VO&#8220; (nella versione tedesca). Un regolamento nell&#8217;Unione Europea non pu\u00f3 essere modificato dagli Stati Menbri; il suo testo \u00e8 valido in tutta la [&hellip;]\" \/>\n<meta property=\"og:url\" content=\"https:\/\/www.libertas-institut.com\/it\/centro-geie\/it_ewiv_inhaltsverzeichnis\/base-giuridica\/\" \/>\n<meta property=\"og:site_name\" content=\"Libertas-it\" \/>\n<meta property=\"article:modified_time\" content=\"2014-09-19T04:37:04+00:00\" \/>\n<meta name=\"twitter:label1\" content=\"Gesch\u00e4tzte Lesezeit\" \/>\n\t<meta name=\"twitter:data1\" content=\"2\u00a0Minuten\" \/>\n<script type=\"application\/ld+json\" class=\"yoast-schema-graph\">{\"@context\":\"https:\/\/schema.org\",\"@graph\":[{\"@type\":\"WebPage\",\"@id\":\"https:\/\/www.libertas-institut.com\/it\/centro-geie\/it_ewiv_inhaltsverzeichnis\/base-giuridica\/\",\"url\":\"https:\/\/www.libertas-institut.com\/it\/centro-geie\/it_ewiv_inhaltsverzeichnis\/base-giuridica\/\",\"name\":\"Base giuridica - Libertas-it\",\"isPartOf\":{\"@id\":\"https:\/\/www.libertas-institut.com\/it\/#website\"},\"datePublished\":\"2014-09-18T19:31:53+00:00\",\"dateModified\":\"2014-09-19T04:37:04+00:00\",\"breadcrumb\":{\"@id\":\"https:\/\/www.libertas-institut.com\/it\/centro-geie\/it_ewiv_inhaltsverzeichnis\/base-giuridica\/#breadcrumb\"},\"inLanguage\":\"de\",\"potentialAction\":[{\"@type\":\"ReadAction\",\"target\":[\"https:\/\/www.libertas-institut.com\/it\/centro-geie\/it_ewiv_inhaltsverzeichnis\/base-giuridica\/\"]}]},{\"@type\":\"BreadcrumbList\",\"@id\":\"https:\/\/www.libertas-institut.com\/it\/centro-geie\/it_ewiv_inhaltsverzeichnis\/base-giuridica\/#breadcrumb\",\"itemListElement\":[{\"@type\":\"ListItem\",\"position\":1,\"name\":\"Home\",\"item\":\"https:\/\/www.libertas-institut.com\/it\/\"},{\"@type\":\"ListItem\",\"position\":2,\"name\":\"Centro GEIE\",\"item\":\"https:\/\/www.libertas-institut.com\/it\/centro-geie\/\"},{\"@type\":\"ListItem\",\"position\":3,\"name\":\"it_ewiv_inhaltsverzeichnis.\",\"item\":\"https:\/\/www.libertas-institut.com\/it\/centro-geie\/it_ewiv_inhaltsverzeichnis\/\"},{\"@type\":\"ListItem\",\"position\":4,\"name\":\"Base giuridica\"}]},{\"@type\":\"WebSite\",\"@id\":\"https:\/\/www.libertas-institut.com\/it\/#website\",\"url\":\"https:\/\/www.libertas-institut.com\/it\/\",\"name\":\"Libertas-it\",\"description\":\"\u00a9 by Libertas GmbH\",\"potentialAction\":[{\"@type\":\"SearchAction\",\"target\":{\"@type\":\"EntryPoint\",\"urlTemplate\":\"https:\/\/www.libertas-institut.com\/it\/?s={search_term_string}\"},\"query-input\":{\"@type\":\"PropertyValueSpecification\",\"valueRequired\":true,\"valueName\":\"search_term_string\"}}],\"inLanguage\":\"de\"}]}<\/script>\n<!-- \/ Yoast SEO plugin. -->","yoast_head_json":{"title":"Base giuridica - Libertas-it","robots":{"index":"index","follow":"follow","max-snippet":"max-snippet:-1","max-image-preview":"max-image-preview:large","max-video-preview":"max-video-preview:-1"},"canonical":"https:\/\/www.libertas-institut.com\/it\/centro-geie\/it_ewiv_inhaltsverzeichnis\/base-giuridica\/","og_locale":"de_DE","og_type":"article","og_title":"Base giuridica - Libertas-it","og_description":"Base giuridica La base giuridica del GEIE \u00e9 contenuta nel Regolamento Comunitario n. 2137\/85, pubblicato sulla Gazzetta Ufficiale della Comunit\u00e1 Europea L. n. 199 del 31.07.1985. Questo Regolamento Europeo viene qui abbreviato &#8222;EG-VO&#8220; (nella versione tedesca). Un regolamento nell&#8217;Unione Europea non pu\u00f3 essere modificato dagli Stati Menbri; il suo testo \u00e8 valido in tutta la [&hellip;]","og_url":"https:\/\/www.libertas-institut.com\/it\/centro-geie\/it_ewiv_inhaltsverzeichnis\/base-giuridica\/","og_site_name":"Libertas-it","article_modified_time":"2014-09-19T04:37:04+00:00","twitter_misc":{"Gesch\u00e4tzte Lesezeit":"2\u00a0Minuten"},"schema":{"@context":"https:\/\/schema.org","@graph":[{"@type":"WebPage","@id":"https:\/\/www.libertas-institut.com\/it\/centro-geie\/it_ewiv_inhaltsverzeichnis\/base-giuridica\/","url":"https:\/\/www.libertas-institut.com\/it\/centro-geie\/it_ewiv_inhaltsverzeichnis\/base-giuridica\/","name":"Base giuridica - Libertas-it","isPartOf":{"@id":"https:\/\/www.libertas-institut.com\/it\/#website"},"datePublished":"2014-09-18T19:31:53+00:00","dateModified":"2014-09-19T04:37:04+00:00","breadcrumb":{"@id":"https:\/\/www.libertas-institut.com\/it\/centro-geie\/it_ewiv_inhaltsverzeichnis\/base-giuridica\/#breadcrumb"},"inLanguage":"de","potentialAction":[{"@type":"ReadAction","target":["https:\/\/www.libertas-institut.com\/it\/centro-geie\/it_ewiv_inhaltsverzeichnis\/base-giuridica\/"]}]},{"@type":"BreadcrumbList","@id":"https:\/\/www.libertas-institut.com\/it\/centro-geie\/it_ewiv_inhaltsverzeichnis\/base-giuridica\/#breadcrumb","itemListElement":[{"@type":"ListItem","position":1,"name":"Home","item":"https:\/\/www.libertas-institut.com\/it\/"},{"@type":"ListItem","position":2,"name":"Centro GEIE","item":"https:\/\/www.libertas-institut.com\/it\/centro-geie\/"},{"@type":"ListItem","position":3,"name":"it_ewiv_inhaltsverzeichnis.","item":"https:\/\/www.libertas-institut.com\/it\/centro-geie\/it_ewiv_inhaltsverzeichnis\/"},{"@type":"ListItem","position":4,"name":"Base giuridica"}]},{"@type":"WebSite","@id":"https:\/\/www.libertas-institut.com\/it\/#website","url":"https:\/\/www.libertas-institut.com\/it\/","name":"Libertas-it","description":"\u00a9 by Libertas GmbH","potentialAction":[{"@type":"SearchAction","target":{"@type":"EntryPoint","urlTemplate":"https:\/\/www.libertas-institut.com\/it\/?s={search_term_string}"},"query-input":{"@type":"PropertyValueSpecification","valueRequired":true,"valueName":"search_term_string"}}],"inLanguage":"de"}]}},"_links":{"self":[{"href":"https:\/\/www.libertas-institut.com\/it\/wp-json\/wp\/v2\/pages\/295","targetHints":{"allow":["GET"]}}],"collection":[{"href":"https:\/\/www.libertas-institut.com\/it\/wp-json\/wp\/v2\/pages"}],"about":[{"href":"https:\/\/www.libertas-institut.com\/it\/wp-json\/wp\/v2\/types\/page"}],"author":[{"embeddable":true,"href":"https:\/\/www.libertas-institut.com\/it\/wp-json\/wp\/v2\/users\/1"}],"replies":[{"embeddable":true,"href":"https:\/\/www.libertas-institut.com\/it\/wp-json\/wp\/v2\/comments?post=295"}],"version-history":[{"count":0,"href":"https:\/\/www.libertas-institut.com\/it\/wp-json\/wp\/v2\/pages\/295\/revisions"}],"up":[{"embeddable":true,"href":"https:\/\/www.libertas-institut.com\/it\/wp-json\/wp\/v2\/pages\/197"}],"wp:attachment":[{"href":"https:\/\/www.libertas-institut.com\/it\/wp-json\/wp\/v2\/media?parent=295"}],"curies":[{"name":"wp","href":"https:\/\/api.w.org\/{rel}","templated":true}]}}