{"id":297,"date":"2014-09-18T21:31:53","date_gmt":"2014-09-18T19:31:53","guid":{"rendered":"http:\/\/www.libertas-institut.com\/it\/centro-geie\/it_ewiv_inhaltsverzeichnis\/costituzione\/"},"modified":"2014-09-19T06:39:19","modified_gmt":"2014-09-19T04:39:19","slug":"costituzione","status":"publish","type":"page","link":"https:\/\/www.libertas-institut.com\/it\/centro-geie\/it_ewiv_inhaltsverzeichnis\/costituzione\/","title":{"rendered":"Costituzione"},"content":{"rendered":"<h1 style=\"text-align: center;\">Costituzione<\/h1>\n<ul>\n<li>Il contratto di costituzione di un GEIE deve essere <strong>redatto per iscritto<\/strong>. Deve contenere esclusivamente il nome del gruppo (con l&#8217;aggiunta della dicitura GEIE GEIE, eventualmente anche per esteso), la sede, l&#8217;oggetto sociale, le informazioni sui soci, come anche la durata, qualora questa non sia indeterminata. Tutto ci\u00f2 che non \u00e8 obbligatorio pu\u00f2 essere tralasciato. Nella maggiorparte dei casi gli Statuti dei GEIE contengono ulteriori informazioni sugli organi, sul tipo di collaborazione, sulla questione dei conferimenti, sulle responsabilit\u00e0 ecc., come in un contratto societario, ad esempio, di una societ\u00e1 a responsabilit\u00e0 limitata. Il suddetto &#8222;contratto minimale&#8220; non ha pi\u00fa importanza quando i problemi fiscali, le disposizioni dettagliate riguardanti ad esempio la distribuzione degli utili e delle perdite e soprattutto la questione della certezza giuridica in situazioni diverse, assumono un ruolo fondamentale.<\/li>\n<\/ul>\n<ul>\n<li>Le formalit\u00e0 da adempiere per la costituzione di un GEIE sono semplici. Il GEIE viene notificato in Germania alla presenza di un notaio; in Austria (dove tutti i membri devono compiere la notifica) \u00e8 possibile effettuare la legalizzazione della firma del contratto di costituzione davanti ad un&#8217;autorit\u00e1 giudiziaria (inoltre \u00e8 a basso costo). Chi pu\u00f2 costituire un&#8217;associazione pu\u00f3 anche fondare un GEIE. In Germania, la richiesta di iscrizione nel registro delle imprese deve essere trasmessa a cura dell&#8217;amministratore della societ\u00e0 al notaio, il quale la inoltrer\u00e0 all&#8217;ufficio del registro: una richiesta di iscrizione deve contentere il nome del GEIE, la sede, l&#8217;oggetto sociale, la lista dei membri e l&#8217;indicazione degli amministratori, nonch\u00e9 lo statuto e la delibera sulla nomina del dirigente.<\/li>\n<\/ul>\n","protected":false},"excerpt":{"rendered":"<p>Costituzione Il contratto di costituzione di un GEIE deve essere redatto per iscritto. Deve contenere esclusivamente il nome del gruppo (con l&#8217;aggiunta della dicitura GEIE GEIE, eventualmente anche per esteso), la sede, l&#8217;oggetto sociale, le informazioni sui soci, come anche la durata, qualora questa non sia indeterminata. Tutto ci\u00f2 che non \u00e8 obbligatorio pu\u00f2 essere [&hellip;]<\/p>\n","protected":false},"author":1,"featured_media":0,"parent":197,"menu_order":4,"comment_status":"open","ping_status":"open","template":"","meta":{"_bbp_topic_count":0,"_bbp_reply_count":0,"_bbp_total_topic_count":0,"_bbp_total_reply_count":0,"_bbp_voice_count":0,"_bbp_anonymous_reply_count":0,"_bbp_topic_count_hidden":0,"_bbp_reply_count_hidden":0,"_bbp_forum_subforum_count":0,"footnotes":""},"class_list":["post-297","page","type-page","status-publish","hentry"],"yoast_head":"<!-- This site is optimized with the Yoast SEO plugin v26.4 - https:\/\/yoast.com\/wordpress\/plugins\/seo\/ -->\n<title>Costituzione - Libertas-it<\/title>\n<meta name=\"robots\" content=\"index, follow, max-snippet:-1, max-image-preview:large, max-video-preview:-1\" \/>\n<link rel=\"canonical\" href=\"https:\/\/www.libertas-institut.com\/it\/centro-geie\/it_ewiv_inhaltsverzeichnis\/costituzione\/\" \/>\n<meta property=\"og:locale\" content=\"de_DE\" \/>\n<meta property=\"og:type\" content=\"article\" \/>\n<meta property=\"og:title\" content=\"Costituzione - Libertas-it\" \/>\n<meta property=\"og:description\" content=\"Costituzione Il contratto di costituzione di un GEIE deve essere redatto per iscritto. Deve contenere esclusivamente il nome del gruppo (con l&#8217;aggiunta della dicitura GEIE GEIE, eventualmente anche per esteso), la sede, l&#8217;oggetto sociale, le informazioni sui soci, come anche la durata, qualora questa non sia indeterminata. Tutto ci\u00f2 che non \u00e8 obbligatorio pu\u00f2 essere [&hellip;]\" \/>\n<meta property=\"og:url\" content=\"https:\/\/www.libertas-institut.com\/it\/centro-geie\/it_ewiv_inhaltsverzeichnis\/costituzione\/\" \/>\n<meta property=\"og:site_name\" content=\"Libertas-it\" \/>\n<meta property=\"article:modified_time\" content=\"2014-09-19T04:39:19+00:00\" \/>\n<meta name=\"twitter:label1\" content=\"Gesch\u00e4tzte Lesezeit\" \/>\n\t<meta name=\"twitter:data1\" content=\"1\u00a0Minute\" \/>\n<script type=\"application\/ld+json\" class=\"yoast-schema-graph\">{\"@context\":\"https:\/\/schema.org\",\"@graph\":[{\"@type\":\"WebPage\",\"@id\":\"https:\/\/www.libertas-institut.com\/it\/centro-geie\/it_ewiv_inhaltsverzeichnis\/costituzione\/\",\"url\":\"https:\/\/www.libertas-institut.com\/it\/centro-geie\/it_ewiv_inhaltsverzeichnis\/costituzione\/\",\"name\":\"Costituzione - Libertas-it\",\"isPartOf\":{\"@id\":\"https:\/\/www.libertas-institut.com\/it\/#website\"},\"datePublished\":\"2014-09-18T19:31:53+00:00\",\"dateModified\":\"2014-09-19T04:39:19+00:00\",\"breadcrumb\":{\"@id\":\"https:\/\/www.libertas-institut.com\/it\/centro-geie\/it_ewiv_inhaltsverzeichnis\/costituzione\/#breadcrumb\"},\"inLanguage\":\"de\",\"potentialAction\":[{\"@type\":\"ReadAction\",\"target\":[\"https:\/\/www.libertas-institut.com\/it\/centro-geie\/it_ewiv_inhaltsverzeichnis\/costituzione\/\"]}]},{\"@type\":\"BreadcrumbList\",\"@id\":\"https:\/\/www.libertas-institut.com\/it\/centro-geie\/it_ewiv_inhaltsverzeichnis\/costituzione\/#breadcrumb\",\"itemListElement\":[{\"@type\":\"ListItem\",\"position\":1,\"name\":\"Home\",\"item\":\"https:\/\/www.libertas-institut.com\/it\/\"},{\"@type\":\"ListItem\",\"position\":2,\"name\":\"Centro GEIE\",\"item\":\"https:\/\/www.libertas-institut.com\/it\/centro-geie\/\"},{\"@type\":\"ListItem\",\"position\":3,\"name\":\"it_ewiv_inhaltsverzeichnis.\",\"item\":\"https:\/\/www.libertas-institut.com\/it\/centro-geie\/it_ewiv_inhaltsverzeichnis\/\"},{\"@type\":\"ListItem\",\"position\":4,\"name\":\"Costituzione\"}]},{\"@type\":\"WebSite\",\"@id\":\"https:\/\/www.libertas-institut.com\/it\/#website\",\"url\":\"https:\/\/www.libertas-institut.com\/it\/\",\"name\":\"Libertas-it\",\"description\":\"\u00a9 by Libertas GmbH\",\"potentialAction\":[{\"@type\":\"SearchAction\",\"target\":{\"@type\":\"EntryPoint\",\"urlTemplate\":\"https:\/\/www.libertas-institut.com\/it\/?s={search_term_string}\"},\"query-input\":{\"@type\":\"PropertyValueSpecification\",\"valueRequired\":true,\"valueName\":\"search_term_string\"}}],\"inLanguage\":\"de\"}]}<\/script>\n<!-- \/ Yoast SEO plugin. -->","yoast_head_json":{"title":"Costituzione - Libertas-it","robots":{"index":"index","follow":"follow","max-snippet":"max-snippet:-1","max-image-preview":"max-image-preview:large","max-video-preview":"max-video-preview:-1"},"canonical":"https:\/\/www.libertas-institut.com\/it\/centro-geie\/it_ewiv_inhaltsverzeichnis\/costituzione\/","og_locale":"de_DE","og_type":"article","og_title":"Costituzione - Libertas-it","og_description":"Costituzione Il contratto di costituzione di un GEIE deve essere redatto per iscritto. Deve contenere esclusivamente il nome del gruppo (con l&#8217;aggiunta della dicitura GEIE GEIE, eventualmente anche per esteso), la sede, l&#8217;oggetto sociale, le informazioni sui soci, come anche la durata, qualora questa non sia indeterminata. Tutto ci\u00f2 che non \u00e8 obbligatorio pu\u00f2 essere [&hellip;]","og_url":"https:\/\/www.libertas-institut.com\/it\/centro-geie\/it_ewiv_inhaltsverzeichnis\/costituzione\/","og_site_name":"Libertas-it","article_modified_time":"2014-09-19T04:39:19+00:00","twitter_misc":{"Gesch\u00e4tzte Lesezeit":"1\u00a0Minute"},"schema":{"@context":"https:\/\/schema.org","@graph":[{"@type":"WebPage","@id":"https:\/\/www.libertas-institut.com\/it\/centro-geie\/it_ewiv_inhaltsverzeichnis\/costituzione\/","url":"https:\/\/www.libertas-institut.com\/it\/centro-geie\/it_ewiv_inhaltsverzeichnis\/costituzione\/","name":"Costituzione - Libertas-it","isPartOf":{"@id":"https:\/\/www.libertas-institut.com\/it\/#website"},"datePublished":"2014-09-18T19:31:53+00:00","dateModified":"2014-09-19T04:39:19+00:00","breadcrumb":{"@id":"https:\/\/www.libertas-institut.com\/it\/centro-geie\/it_ewiv_inhaltsverzeichnis\/costituzione\/#breadcrumb"},"inLanguage":"de","potentialAction":[{"@type":"ReadAction","target":["https:\/\/www.libertas-institut.com\/it\/centro-geie\/it_ewiv_inhaltsverzeichnis\/costituzione\/"]}]},{"@type":"BreadcrumbList","@id":"https:\/\/www.libertas-institut.com\/it\/centro-geie\/it_ewiv_inhaltsverzeichnis\/costituzione\/#breadcrumb","itemListElement":[{"@type":"ListItem","position":1,"name":"Home","item":"https:\/\/www.libertas-institut.com\/it\/"},{"@type":"ListItem","position":2,"name":"Centro GEIE","item":"https:\/\/www.libertas-institut.com\/it\/centro-geie\/"},{"@type":"ListItem","position":3,"name":"it_ewiv_inhaltsverzeichnis.","item":"https:\/\/www.libertas-institut.com\/it\/centro-geie\/it_ewiv_inhaltsverzeichnis\/"},{"@type":"ListItem","position":4,"name":"Costituzione"}]},{"@type":"WebSite","@id":"https:\/\/www.libertas-institut.com\/it\/#website","url":"https:\/\/www.libertas-institut.com\/it\/","name":"Libertas-it","description":"\u00a9 by Libertas GmbH","potentialAction":[{"@type":"SearchAction","target":{"@type":"EntryPoint","urlTemplate":"https:\/\/www.libertas-institut.com\/it\/?s={search_term_string}"},"query-input":{"@type":"PropertyValueSpecification","valueRequired":true,"valueName":"search_term_string"}}],"inLanguage":"de"}]}},"_links":{"self":[{"href":"https:\/\/www.libertas-institut.com\/it\/wp-json\/wp\/v2\/pages\/297","targetHints":{"allow":["GET"]}}],"collection":[{"href":"https:\/\/www.libertas-institut.com\/it\/wp-json\/wp\/v2\/pages"}],"about":[{"href":"https:\/\/www.libertas-institut.com\/it\/wp-json\/wp\/v2\/types\/page"}],"author":[{"embeddable":true,"href":"https:\/\/www.libertas-institut.com\/it\/wp-json\/wp\/v2\/users\/1"}],"replies":[{"embeddable":true,"href":"https:\/\/www.libertas-institut.com\/it\/wp-json\/wp\/v2\/comments?post=297"}],"version-history":[{"count":0,"href":"https:\/\/www.libertas-institut.com\/it\/wp-json\/wp\/v2\/pages\/297\/revisions"}],"up":[{"embeddable":true,"href":"https:\/\/www.libertas-institut.com\/it\/wp-json\/wp\/v2\/pages\/197"}],"wp:attachment":[{"href":"https:\/\/www.libertas-institut.com\/it\/wp-json\/wp\/v2\/media?parent=297"}],"curies":[{"name":"wp","href":"https:\/\/api.w.org\/{rel}","templated":true}]}}