{"id":298,"date":"2014-09-18T21:31:53","date_gmt":"2014-09-18T19:31:53","guid":{"rendered":"http:\/\/www.libertas-institut.com\/it\/centro-geie\/it_ewiv_inhaltsverzeichnis\/oggetto-sociale\/"},"modified":"2014-09-19T06:40:30","modified_gmt":"2014-09-19T04:40:30","slug":"oggetto-sociale","status":"publish","type":"page","link":"https:\/\/www.libertas-institut.com\/it\/centro-geie\/it_ewiv_inhaltsverzeichnis\/oggetto-sociale\/","title":{"rendered":"Oggetto sociale"},"content":{"rendered":"<h1 style=\"text-align: center;\">Oggetto sociale<\/h1>\n<ul>\n<li>L&#8217;oggetto sociale riveste un&#8217;importanza fondamentale. Esso viene registrato nel registro delle imprese ed \u00e8 quindi controllabile da tutti. Deve riguardare solo l&#8217;attivit\u00e1 svolta attraverso la <strong>collaborazione<\/strong> e <strong>non deve sostitutire le attivit\u00e1 proprie delle societ\u00e1 partecipanti<\/strong>. \u00c8 valida tuttavia la possibilit\u00e0 di interpretare in modo elastico la cooperazione; \u00e8 quindi sufficiente che il gruppo svolga una funzione anche solamente attraverso le attivit\u00e1 proprie delle societ\u00e1 partecipanti. Qualche pretura germanica, nella fase iniziale dello sviluppo del GEIE, si era dimostrata molto restrittiva nei confronti delle domande di iscrizione; nel frattempo sembra che questo sia stato superato e semplificato. Nell&#8217;articolo 3 del regolamento si evince che le attivit\u00e0 di un GEIE devono aiutare i soci: la costituzione di un GEIE consente infatti il raggiungimento di obiettivi altrimenti non perseguibili dai membri singolarmente considerati. Il GEIE non persegue fini di lucro per se stessa e gli utili conseguiti devono essere redistribuiti fra i membri. Una delle sue peculiarit\u00e1 \u00e8 che il GEIE, non consentendo di conseguire alcun profitto, non \u00e9 soggetto d&#8217;imposta. Questa particolarit\u00e1 rende il GEIE, naturalmente, particolarmente interessante.<\/li>\n<\/ul>\n","protected":false},"excerpt":{"rendered":"<p>Oggetto sociale L&#8217;oggetto sociale riveste un&#8217;importanza fondamentale. Esso viene registrato nel registro delle imprese ed \u00e8 quindi controllabile da tutti. Deve riguardare solo l&#8217;attivit\u00e1 svolta attraverso la collaborazione e non deve sostitutire le attivit\u00e1 proprie delle societ\u00e1 partecipanti. \u00c8 valida tuttavia la possibilit\u00e0 di interpretare in modo elastico la cooperazione; \u00e8 quindi sufficiente che il [&hellip;]<\/p>\n","protected":false},"author":1,"featured_media":0,"parent":197,"menu_order":5,"comment_status":"open","ping_status":"open","template":"","meta":{"_bbp_topic_count":0,"_bbp_reply_count":0,"_bbp_total_topic_count":0,"_bbp_total_reply_count":0,"_bbp_voice_count":0,"_bbp_anonymous_reply_count":0,"_bbp_topic_count_hidden":0,"_bbp_reply_count_hidden":0,"_bbp_forum_subforum_count":0,"footnotes":""},"class_list":["post-298","page","type-page","status-publish","hentry"],"yoast_head":"<!-- This site is optimized with the Yoast SEO plugin v26.4 - https:\/\/yoast.com\/wordpress\/plugins\/seo\/ -->\n<title>Oggetto sociale - Libertas-it<\/title>\n<meta name=\"robots\" content=\"index, follow, max-snippet:-1, max-image-preview:large, max-video-preview:-1\" \/>\n<link rel=\"canonical\" href=\"https:\/\/www.libertas-institut.com\/it\/centro-geie\/it_ewiv_inhaltsverzeichnis\/oggetto-sociale\/\" \/>\n<meta property=\"og:locale\" content=\"de_DE\" \/>\n<meta property=\"og:type\" content=\"article\" \/>\n<meta property=\"og:title\" content=\"Oggetto sociale - Libertas-it\" \/>\n<meta property=\"og:description\" content=\"Oggetto sociale L&#8217;oggetto sociale riveste un&#8217;importanza fondamentale. Esso viene registrato nel registro delle imprese ed \u00e8 quindi controllabile da tutti. Deve riguardare solo l&#8217;attivit\u00e1 svolta attraverso la collaborazione e non deve sostitutire le attivit\u00e1 proprie delle societ\u00e1 partecipanti. \u00c8 valida tuttavia la possibilit\u00e0 di interpretare in modo elastico la cooperazione; \u00e8 quindi sufficiente che il [&hellip;]\" \/>\n<meta property=\"og:url\" content=\"https:\/\/www.libertas-institut.com\/it\/centro-geie\/it_ewiv_inhaltsverzeichnis\/oggetto-sociale\/\" \/>\n<meta property=\"og:site_name\" content=\"Libertas-it\" \/>\n<meta property=\"article:modified_time\" content=\"2014-09-19T04:40:30+00:00\" \/>\n<meta name=\"twitter:label1\" content=\"Gesch\u00e4tzte Lesezeit\" \/>\n\t<meta name=\"twitter:data1\" content=\"1\u00a0Minute\" \/>\n<script type=\"application\/ld+json\" class=\"yoast-schema-graph\">{\"@context\":\"https:\/\/schema.org\",\"@graph\":[{\"@type\":\"WebPage\",\"@id\":\"https:\/\/www.libertas-institut.com\/it\/centro-geie\/it_ewiv_inhaltsverzeichnis\/oggetto-sociale\/\",\"url\":\"https:\/\/www.libertas-institut.com\/it\/centro-geie\/it_ewiv_inhaltsverzeichnis\/oggetto-sociale\/\",\"name\":\"Oggetto sociale - Libertas-it\",\"isPartOf\":{\"@id\":\"https:\/\/www.libertas-institut.com\/it\/#website\"},\"datePublished\":\"2014-09-18T19:31:53+00:00\",\"dateModified\":\"2014-09-19T04:40:30+00:00\",\"breadcrumb\":{\"@id\":\"https:\/\/www.libertas-institut.com\/it\/centro-geie\/it_ewiv_inhaltsverzeichnis\/oggetto-sociale\/#breadcrumb\"},\"inLanguage\":\"de\",\"potentialAction\":[{\"@type\":\"ReadAction\",\"target\":[\"https:\/\/www.libertas-institut.com\/it\/centro-geie\/it_ewiv_inhaltsverzeichnis\/oggetto-sociale\/\"]}]},{\"@type\":\"BreadcrumbList\",\"@id\":\"https:\/\/www.libertas-institut.com\/it\/centro-geie\/it_ewiv_inhaltsverzeichnis\/oggetto-sociale\/#breadcrumb\",\"itemListElement\":[{\"@type\":\"ListItem\",\"position\":1,\"name\":\"Home\",\"item\":\"https:\/\/www.libertas-institut.com\/it\/\"},{\"@type\":\"ListItem\",\"position\":2,\"name\":\"Centro GEIE\",\"item\":\"https:\/\/www.libertas-institut.com\/it\/centro-geie\/\"},{\"@type\":\"ListItem\",\"position\":3,\"name\":\"it_ewiv_inhaltsverzeichnis.\",\"item\":\"https:\/\/www.libertas-institut.com\/it\/centro-geie\/it_ewiv_inhaltsverzeichnis\/\"},{\"@type\":\"ListItem\",\"position\":4,\"name\":\"Oggetto sociale\"}]},{\"@type\":\"WebSite\",\"@id\":\"https:\/\/www.libertas-institut.com\/it\/#website\",\"url\":\"https:\/\/www.libertas-institut.com\/it\/\",\"name\":\"Libertas-it\",\"description\":\"\u00a9 by Libertas GmbH\",\"potentialAction\":[{\"@type\":\"SearchAction\",\"target\":{\"@type\":\"EntryPoint\",\"urlTemplate\":\"https:\/\/www.libertas-institut.com\/it\/?s={search_term_string}\"},\"query-input\":{\"@type\":\"PropertyValueSpecification\",\"valueRequired\":true,\"valueName\":\"search_term_string\"}}],\"inLanguage\":\"de\"}]}<\/script>\n<!-- \/ Yoast SEO plugin. -->","yoast_head_json":{"title":"Oggetto sociale - Libertas-it","robots":{"index":"index","follow":"follow","max-snippet":"max-snippet:-1","max-image-preview":"max-image-preview:large","max-video-preview":"max-video-preview:-1"},"canonical":"https:\/\/www.libertas-institut.com\/it\/centro-geie\/it_ewiv_inhaltsverzeichnis\/oggetto-sociale\/","og_locale":"de_DE","og_type":"article","og_title":"Oggetto sociale - Libertas-it","og_description":"Oggetto sociale L&#8217;oggetto sociale riveste un&#8217;importanza fondamentale. Esso viene registrato nel registro delle imprese ed \u00e8 quindi controllabile da tutti. Deve riguardare solo l&#8217;attivit\u00e1 svolta attraverso la collaborazione e non deve sostitutire le attivit\u00e1 proprie delle societ\u00e1 partecipanti. \u00c8 valida tuttavia la possibilit\u00e0 di interpretare in modo elastico la cooperazione; \u00e8 quindi sufficiente che il [&hellip;]","og_url":"https:\/\/www.libertas-institut.com\/it\/centro-geie\/it_ewiv_inhaltsverzeichnis\/oggetto-sociale\/","og_site_name":"Libertas-it","article_modified_time":"2014-09-19T04:40:30+00:00","twitter_misc":{"Gesch\u00e4tzte Lesezeit":"1\u00a0Minute"},"schema":{"@context":"https:\/\/schema.org","@graph":[{"@type":"WebPage","@id":"https:\/\/www.libertas-institut.com\/it\/centro-geie\/it_ewiv_inhaltsverzeichnis\/oggetto-sociale\/","url":"https:\/\/www.libertas-institut.com\/it\/centro-geie\/it_ewiv_inhaltsverzeichnis\/oggetto-sociale\/","name":"Oggetto sociale - Libertas-it","isPartOf":{"@id":"https:\/\/www.libertas-institut.com\/it\/#website"},"datePublished":"2014-09-18T19:31:53+00:00","dateModified":"2014-09-19T04:40:30+00:00","breadcrumb":{"@id":"https:\/\/www.libertas-institut.com\/it\/centro-geie\/it_ewiv_inhaltsverzeichnis\/oggetto-sociale\/#breadcrumb"},"inLanguage":"de","potentialAction":[{"@type":"ReadAction","target":["https:\/\/www.libertas-institut.com\/it\/centro-geie\/it_ewiv_inhaltsverzeichnis\/oggetto-sociale\/"]}]},{"@type":"BreadcrumbList","@id":"https:\/\/www.libertas-institut.com\/it\/centro-geie\/it_ewiv_inhaltsverzeichnis\/oggetto-sociale\/#breadcrumb","itemListElement":[{"@type":"ListItem","position":1,"name":"Home","item":"https:\/\/www.libertas-institut.com\/it\/"},{"@type":"ListItem","position":2,"name":"Centro GEIE","item":"https:\/\/www.libertas-institut.com\/it\/centro-geie\/"},{"@type":"ListItem","position":3,"name":"it_ewiv_inhaltsverzeichnis.","item":"https:\/\/www.libertas-institut.com\/it\/centro-geie\/it_ewiv_inhaltsverzeichnis\/"},{"@type":"ListItem","position":4,"name":"Oggetto sociale"}]},{"@type":"WebSite","@id":"https:\/\/www.libertas-institut.com\/it\/#website","url":"https:\/\/www.libertas-institut.com\/it\/","name":"Libertas-it","description":"\u00a9 by Libertas GmbH","potentialAction":[{"@type":"SearchAction","target":{"@type":"EntryPoint","urlTemplate":"https:\/\/www.libertas-institut.com\/it\/?s={search_term_string}"},"query-input":{"@type":"PropertyValueSpecification","valueRequired":true,"valueName":"search_term_string"}}],"inLanguage":"de"}]}},"_links":{"self":[{"href":"https:\/\/www.libertas-institut.com\/it\/wp-json\/wp\/v2\/pages\/298","targetHints":{"allow":["GET"]}}],"collection":[{"href":"https:\/\/www.libertas-institut.com\/it\/wp-json\/wp\/v2\/pages"}],"about":[{"href":"https:\/\/www.libertas-institut.com\/it\/wp-json\/wp\/v2\/types\/page"}],"author":[{"embeddable":true,"href":"https:\/\/www.libertas-institut.com\/it\/wp-json\/wp\/v2\/users\/1"}],"replies":[{"embeddable":true,"href":"https:\/\/www.libertas-institut.com\/it\/wp-json\/wp\/v2\/comments?post=298"}],"version-history":[{"count":0,"href":"https:\/\/www.libertas-institut.com\/it\/wp-json\/wp\/v2\/pages\/298\/revisions"}],"up":[{"embeddable":true,"href":"https:\/\/www.libertas-institut.com\/it\/wp-json\/wp\/v2\/pages\/197"}],"wp:attachment":[{"href":"https:\/\/www.libertas-institut.com\/it\/wp-json\/wp\/v2\/media?parent=298"}],"curies":[{"name":"wp","href":"https:\/\/api.w.org\/{rel}","templated":true}]}}