{"id":300,"date":"2014-09-18T21:31:53","date_gmt":"2014-09-18T19:31:53","guid":{"rendered":"http:\/\/www.libertas-institut.com\/it\/centro-geie\/it_ewiv_inhaltsverzeichnis\/personalita-giuridica\/"},"modified":"2014-09-19T06:42:36","modified_gmt":"2014-09-19T04:42:36","slug":"personalita-giuridica","status":"publish","type":"page","link":"https:\/\/www.libertas-institut.com\/it\/centro-geie\/it_ewiv_inhaltsverzeichnis\/personalita-giuridica\/","title":{"rendered":"Personalit\u00e0 giuridica"},"content":{"rendered":"<h1 style=\"text-align: center;\">Personalit\u00e0 giuridica<\/h1>\n<ul>\n<li>Per garantire il raggiungimento dell&#8217;oggetto sociale, ovvero la facilitazione per lo sviluppo delle attivit\u00e1 economiche dei membri, al GEIE \u00e8 stata conferita, nella maggiorparte degli ordinamenti dell&#8217;Unione Europea, capacit\u00e0 giuridica. Questo significa che il GEIE \u00e8 un organismo con propri diritti e propri doveri, pu\u00f2 ad esempio concludere un contratto o effettuare qualunque altro atto giuridico e davanti al tribunale pu\u00f2 citare o essere citato in giudizio, senza per questo essere necessariamente una persona giuridica come per esempio una societ\u00e1 di capitali. Un GEIE deve tuttavia registrarsi nel registro del commercio. Quando \u00e8 registrato, il GEIE non ha pi\u00f9 limitazioni legali per esercitare la sua capacit\u00e1 d&#8217;agire &#8211; oltre a questo la sua capacit\u00e0 giuridcia non assume ulteriore importanza.<\/li>\n<\/ul>\n","protected":false},"excerpt":{"rendered":"<p>Personalit\u00e0 giuridica Per garantire il raggiungimento dell&#8217;oggetto sociale, ovvero la facilitazione per lo sviluppo delle attivit\u00e1 economiche dei membri, al GEIE \u00e8 stata conferita, nella maggiorparte degli ordinamenti dell&#8217;Unione Europea, capacit\u00e0 giuridica. Questo significa che il GEIE \u00e8 un organismo con propri diritti e propri doveri, pu\u00f2 ad esempio concludere un contratto o effettuare qualunque [&hellip;]<\/p>\n","protected":false},"author":1,"featured_media":0,"parent":197,"menu_order":7,"comment_status":"open","ping_status":"open","template":"","meta":{"_bbp_topic_count":0,"_bbp_reply_count":0,"_bbp_total_topic_count":0,"_bbp_total_reply_count":0,"_bbp_voice_count":0,"_bbp_anonymous_reply_count":0,"_bbp_topic_count_hidden":0,"_bbp_reply_count_hidden":0,"_bbp_forum_subforum_count":0,"footnotes":""},"class_list":["post-300","page","type-page","status-publish","hentry"],"yoast_head":"<!-- This site is optimized with the Yoast SEO plugin v26.4 - https:\/\/yoast.com\/wordpress\/plugins\/seo\/ -->\n<title>Personalit\u00e0 giuridica - Libertas-it<\/title>\n<meta name=\"robots\" content=\"index, follow, max-snippet:-1, max-image-preview:large, max-video-preview:-1\" \/>\n<link rel=\"canonical\" href=\"https:\/\/www.libertas-institut.com\/it\/centro-geie\/it_ewiv_inhaltsverzeichnis\/personalita-giuridica\/\" \/>\n<meta property=\"og:locale\" content=\"de_DE\" \/>\n<meta property=\"og:type\" content=\"article\" \/>\n<meta property=\"og:title\" content=\"Personalit\u00e0 giuridica - Libertas-it\" \/>\n<meta property=\"og:description\" content=\"Personalit\u00e0 giuridica Per garantire il raggiungimento dell&#8217;oggetto sociale, ovvero la facilitazione per lo sviluppo delle attivit\u00e1 economiche dei membri, al GEIE \u00e8 stata conferita, nella maggiorparte degli ordinamenti dell&#8217;Unione Europea, capacit\u00e0 giuridica. Questo significa che il GEIE \u00e8 un organismo con propri diritti e propri doveri, pu\u00f2 ad esempio concludere un contratto o effettuare qualunque [&hellip;]\" \/>\n<meta property=\"og:url\" content=\"https:\/\/www.libertas-institut.com\/it\/centro-geie\/it_ewiv_inhaltsverzeichnis\/personalita-giuridica\/\" \/>\n<meta property=\"og:site_name\" content=\"Libertas-it\" \/>\n<meta property=\"article:modified_time\" content=\"2014-09-19T04:42:36+00:00\" \/>\n<meta name=\"twitter:label1\" content=\"Gesch\u00e4tzte Lesezeit\" \/>\n\t<meta name=\"twitter:data1\" content=\"1\u00a0Minute\" \/>\n<script type=\"application\/ld+json\" class=\"yoast-schema-graph\">{\"@context\":\"https:\/\/schema.org\",\"@graph\":[{\"@type\":\"WebPage\",\"@id\":\"https:\/\/www.libertas-institut.com\/it\/centro-geie\/it_ewiv_inhaltsverzeichnis\/personalita-giuridica\/\",\"url\":\"https:\/\/www.libertas-institut.com\/it\/centro-geie\/it_ewiv_inhaltsverzeichnis\/personalita-giuridica\/\",\"name\":\"Personalit\u00e0 giuridica - Libertas-it\",\"isPartOf\":{\"@id\":\"https:\/\/www.libertas-institut.com\/it\/#website\"},\"datePublished\":\"2014-09-18T19:31:53+00:00\",\"dateModified\":\"2014-09-19T04:42:36+00:00\",\"breadcrumb\":{\"@id\":\"https:\/\/www.libertas-institut.com\/it\/centro-geie\/it_ewiv_inhaltsverzeichnis\/personalita-giuridica\/#breadcrumb\"},\"inLanguage\":\"de\",\"potentialAction\":[{\"@type\":\"ReadAction\",\"target\":[\"https:\/\/www.libertas-institut.com\/it\/centro-geie\/it_ewiv_inhaltsverzeichnis\/personalita-giuridica\/\"]}]},{\"@type\":\"BreadcrumbList\",\"@id\":\"https:\/\/www.libertas-institut.com\/it\/centro-geie\/it_ewiv_inhaltsverzeichnis\/personalita-giuridica\/#breadcrumb\",\"itemListElement\":[{\"@type\":\"ListItem\",\"position\":1,\"name\":\"Home\",\"item\":\"https:\/\/www.libertas-institut.com\/it\/\"},{\"@type\":\"ListItem\",\"position\":2,\"name\":\"Centro GEIE\",\"item\":\"https:\/\/www.libertas-institut.com\/it\/centro-geie\/\"},{\"@type\":\"ListItem\",\"position\":3,\"name\":\"it_ewiv_inhaltsverzeichnis.\",\"item\":\"https:\/\/www.libertas-institut.com\/it\/centro-geie\/it_ewiv_inhaltsverzeichnis\/\"},{\"@type\":\"ListItem\",\"position\":4,\"name\":\"Personalit\u00e0 giuridica\"}]},{\"@type\":\"WebSite\",\"@id\":\"https:\/\/www.libertas-institut.com\/it\/#website\",\"url\":\"https:\/\/www.libertas-institut.com\/it\/\",\"name\":\"Libertas-it\",\"description\":\"\u00a9 by Libertas GmbH\",\"potentialAction\":[{\"@type\":\"SearchAction\",\"target\":{\"@type\":\"EntryPoint\",\"urlTemplate\":\"https:\/\/www.libertas-institut.com\/it\/?s={search_term_string}\"},\"query-input\":{\"@type\":\"PropertyValueSpecification\",\"valueRequired\":true,\"valueName\":\"search_term_string\"}}],\"inLanguage\":\"de\"}]}<\/script>\n<!-- \/ Yoast SEO plugin. -->","yoast_head_json":{"title":"Personalit\u00e0 giuridica - Libertas-it","robots":{"index":"index","follow":"follow","max-snippet":"max-snippet:-1","max-image-preview":"max-image-preview:large","max-video-preview":"max-video-preview:-1"},"canonical":"https:\/\/www.libertas-institut.com\/it\/centro-geie\/it_ewiv_inhaltsverzeichnis\/personalita-giuridica\/","og_locale":"de_DE","og_type":"article","og_title":"Personalit\u00e0 giuridica - Libertas-it","og_description":"Personalit\u00e0 giuridica Per garantire il raggiungimento dell&#8217;oggetto sociale, ovvero la facilitazione per lo sviluppo delle attivit\u00e1 economiche dei membri, al GEIE \u00e8 stata conferita, nella maggiorparte degli ordinamenti dell&#8217;Unione Europea, capacit\u00e0 giuridica. Questo significa che il GEIE \u00e8 un organismo con propri diritti e propri doveri, pu\u00f2 ad esempio concludere un contratto o effettuare qualunque [&hellip;]","og_url":"https:\/\/www.libertas-institut.com\/it\/centro-geie\/it_ewiv_inhaltsverzeichnis\/personalita-giuridica\/","og_site_name":"Libertas-it","article_modified_time":"2014-09-19T04:42:36+00:00","twitter_misc":{"Gesch\u00e4tzte Lesezeit":"1\u00a0Minute"},"schema":{"@context":"https:\/\/schema.org","@graph":[{"@type":"WebPage","@id":"https:\/\/www.libertas-institut.com\/it\/centro-geie\/it_ewiv_inhaltsverzeichnis\/personalita-giuridica\/","url":"https:\/\/www.libertas-institut.com\/it\/centro-geie\/it_ewiv_inhaltsverzeichnis\/personalita-giuridica\/","name":"Personalit\u00e0 giuridica - Libertas-it","isPartOf":{"@id":"https:\/\/www.libertas-institut.com\/it\/#website"},"datePublished":"2014-09-18T19:31:53+00:00","dateModified":"2014-09-19T04:42:36+00:00","breadcrumb":{"@id":"https:\/\/www.libertas-institut.com\/it\/centro-geie\/it_ewiv_inhaltsverzeichnis\/personalita-giuridica\/#breadcrumb"},"inLanguage":"de","potentialAction":[{"@type":"ReadAction","target":["https:\/\/www.libertas-institut.com\/it\/centro-geie\/it_ewiv_inhaltsverzeichnis\/personalita-giuridica\/"]}]},{"@type":"BreadcrumbList","@id":"https:\/\/www.libertas-institut.com\/it\/centro-geie\/it_ewiv_inhaltsverzeichnis\/personalita-giuridica\/#breadcrumb","itemListElement":[{"@type":"ListItem","position":1,"name":"Home","item":"https:\/\/www.libertas-institut.com\/it\/"},{"@type":"ListItem","position":2,"name":"Centro GEIE","item":"https:\/\/www.libertas-institut.com\/it\/centro-geie\/"},{"@type":"ListItem","position":3,"name":"it_ewiv_inhaltsverzeichnis.","item":"https:\/\/www.libertas-institut.com\/it\/centro-geie\/it_ewiv_inhaltsverzeichnis\/"},{"@type":"ListItem","position":4,"name":"Personalit\u00e0 giuridica"}]},{"@type":"WebSite","@id":"https:\/\/www.libertas-institut.com\/it\/#website","url":"https:\/\/www.libertas-institut.com\/it\/","name":"Libertas-it","description":"\u00a9 by Libertas GmbH","potentialAction":[{"@type":"SearchAction","target":{"@type":"EntryPoint","urlTemplate":"https:\/\/www.libertas-institut.com\/it\/?s={search_term_string}"},"query-input":{"@type":"PropertyValueSpecification","valueRequired":true,"valueName":"search_term_string"}}],"inLanguage":"de"}]}},"_links":{"self":[{"href":"https:\/\/www.libertas-institut.com\/it\/wp-json\/wp\/v2\/pages\/300","targetHints":{"allow":["GET"]}}],"collection":[{"href":"https:\/\/www.libertas-institut.com\/it\/wp-json\/wp\/v2\/pages"}],"about":[{"href":"https:\/\/www.libertas-institut.com\/it\/wp-json\/wp\/v2\/types\/page"}],"author":[{"embeddable":true,"href":"https:\/\/www.libertas-institut.com\/it\/wp-json\/wp\/v2\/users\/1"}],"replies":[{"embeddable":true,"href":"https:\/\/www.libertas-institut.com\/it\/wp-json\/wp\/v2\/comments?post=300"}],"version-history":[{"count":0,"href":"https:\/\/www.libertas-institut.com\/it\/wp-json\/wp\/v2\/pages\/300\/revisions"}],"up":[{"embeddable":true,"href":"https:\/\/www.libertas-institut.com\/it\/wp-json\/wp\/v2\/pages\/197"}],"wp:attachment":[{"href":"https:\/\/www.libertas-institut.com\/it\/wp-json\/wp\/v2\/media?parent=300"}],"curies":[{"name":"wp","href":"https:\/\/api.w.org\/{rel}","templated":true}]}}