{"id":302,"date":"2014-09-18T21:31:53","date_gmt":"2014-09-18T19:31:53","guid":{"rendered":"http:\/\/www.libertas-institut.com\/it\/centro-geie\/it_ewiv_inhaltsverzeichnis\/responsabilita\/"},"modified":"2014-09-19T06:44:52","modified_gmt":"2014-09-19T04:44:52","slug":"responsabilita","status":"publish","type":"page","link":"https:\/\/www.libertas-institut.com\/it\/centro-geie\/it_ewiv_inhaltsverzeichnis\/responsabilita\/","title":{"rendered":"Responsabilit\u00e0"},"content":{"rendered":"<h1 style=\"text-align: center;\">Responsabilit\u00e0<\/h1>\n<ul>\n<li>I membri di un GEIE sono <strong>responsabili nei confronti di terzi in modo solidale e illimitato e sussidiariamente rispetto al GEIE stesso<\/strong>. Questo tipo di responsabilit\u00e0 risulta certamente problematica, ma in pratica non ha ancora causato dei problemi. Normalmente il GEIE non \u00e8 cos\u00ec attivo contrattualmente, quindi la sua responsabilit\u00e1 riguarda in particolare le attivit\u00e1 svolte dai membri. Che la responsabilit\u00e0 sia cos\u00ed organizzata, \u00e8 comprensibile: All&#8217;interno di un GEIE, nell&#8217;Unione Europea, ci possono essere differenti societ\u00e1 di capitali, con cauzioni totalmente differenti. Ad esempio una s.r.l. in Germania risponde con un minimo di 25.000 Euro, mentre una s.r.l. in Inghilterra pu\u00f3 nel dubbio non risponderne affatto. Dal momento che il GEIE si propone come uno strumento utilizzabile in tutta Europa, deve offrire specifiche garanzie &#8211; ci deve essere parallellismo a livello europeo per quanto riguarda la responsabilit\u00e0 dei produttori.<\/li>\n<\/ul>\n<ul>\n<li>I rapporti interni al GEIE sottostanno al principio di autonomia delle parti, come ad esempio la possibilit\u00e1 di stabilire anche una diversa ripartizione delle quote di responsabilit\u00e0. Questo pu\u00f2 persino essere reso pubblico nel registro delle imprese.<\/li>\n<\/ul>\n<ul>\n<li>Teoricamente un GEIE pu\u00f2 agire anche con una responsabilit\u00e0 limitata, cosa che tuttavia deve essere trascritta nel registro delle imprese e in tutte le carte intestate (come ad esempio le carte da lettera, ecc.). Questo tipo di responsabilit\u00e1 \u00e9 tuttavia da sconsigliare. Una delle caratteristiche principali di un GEIE \u00e8 la buona affidabilit\u00e1; se questo tipo di responsabilit\u00e0 comporta anche una limitata disponibilit\u00e0 di capitali, diminuisce in maniera considerevole anche il valore della forma giuridica.<\/li>\n<\/ul>\n<ul>\n<li>Finora non c&#8217;\u00e9 stato nessun &#8222;incidente di responsabilit\u00e0&#8220; in un GEIE, perch\u00e9 esso risolve tutte le questioni della gestione generalmente attraverso il consenso. Perci\u00f2 il rischio di un &#8222;Harakiri&#8220; con questa forma giuridica \u00e8 estremamente raro.<\/li>\n<\/ul>\n<ul>\n<li><em>Quali amministratori sono ammesse anche le persone giuridiche.<\/em><\/li>\n<\/ul>\n<ul>\n<li>Il o gli amministratori di un GEIE con sede in Germania devono essere persone fisiche. Tuttavia possono anche non avere sede in Germania; accanto a uno (o pi\u00f9) amministratori dell&#8217;Unione Europea \u00e8 consentito anche qualcuno di un paese terzo. Normalmente, l&#8217;amministratore \u00e8 uno dei promotori, poich\u00e8 questa funzione richiede spirito da pionieri, una visione europeista e una capacit\u00e1 di comunicazione.<\/li>\n<\/ul>\n<ul>\n<li>Un ammnistratore tedesco di un GEIE deve necessariamente introdurre nel contratto il divieto di contrarre in nome proprio, come previsto dal codice tedesco al paragrafo 181; altrimenti lui potrebbe, ad esempio, non noleggiare al GEIE la propria auto privata e cose simili.<\/li>\n<\/ul>\n<ul>\n<li>In alcuni paesi &#8211; non in Germania &#8211; \u00e8 possibile che l&#8217;amministratore sia una persona giuridica, come ad esempio una S.p.A. o una s.r.l. . Possono comunque essere rappresentati a loro volta da persone fisiche. Una s.r.l. tedesca, rappresenta attraverso il suo amministratore (pu\u00f3 essere nominato tuttavia anche un rappresentante della stessa), pu\u00f3 quindi essere un amministratore di un GEIE con sede a Lussemburgo o anche, ad esempio, di una S.p.A. svizzera.<\/li>\n<\/ul>\n<ul>\n<li>Anche la normativa riguardante l&#8217;amministratore, il fallimento, la liquidazione, il trasferimento della sede e lo scioglimento, che derivano chiaramente dalla legge, devono essere osservate dal GEIE; in parte esse derivano dai corrispondenti regolamenti di altre forme societarie.<\/li>\n<\/ul>\n","protected":false},"excerpt":{"rendered":"<p>Responsabilit\u00e0 I membri di un GEIE sono responsabili nei confronti di terzi in modo solidale e illimitato e sussidiariamente rispetto al GEIE stesso. Questo tipo di responsabilit\u00e0 risulta certamente problematica, ma in pratica non ha ancora causato dei problemi. Normalmente il GEIE non \u00e8 cos\u00ec attivo contrattualmente, quindi la sua responsabilit\u00e1 riguarda in particolare le [&hellip;]<\/p>\n","protected":false},"author":1,"featured_media":0,"parent":197,"menu_order":9,"comment_status":"open","ping_status":"open","template":"","meta":{"_bbp_topic_count":0,"_bbp_reply_count":0,"_bbp_total_topic_count":0,"_bbp_total_reply_count":0,"_bbp_voice_count":0,"_bbp_anonymous_reply_count":0,"_bbp_topic_count_hidden":0,"_bbp_reply_count_hidden":0,"_bbp_forum_subforum_count":0,"footnotes":""},"class_list":["post-302","page","type-page","status-publish","hentry"],"yoast_head":"<!-- This site is optimized with the Yoast SEO plugin v26.4 - https:\/\/yoast.com\/wordpress\/plugins\/seo\/ -->\n<title>Responsabilit\u00e0 - Libertas-it<\/title>\n<meta name=\"robots\" content=\"index, follow, max-snippet:-1, max-image-preview:large, max-video-preview:-1\" \/>\n<link rel=\"canonical\" href=\"https:\/\/www.libertas-institut.com\/it\/centro-geie\/it_ewiv_inhaltsverzeichnis\/responsabilita\/\" \/>\n<meta property=\"og:locale\" content=\"de_DE\" \/>\n<meta property=\"og:type\" content=\"article\" \/>\n<meta property=\"og:title\" content=\"Responsabilit\u00e0 - Libertas-it\" \/>\n<meta property=\"og:description\" content=\"Responsabilit\u00e0 I membri di un GEIE sono responsabili nei confronti di terzi in modo solidale e illimitato e sussidiariamente rispetto al GEIE stesso. Questo tipo di responsabilit\u00e0 risulta certamente problematica, ma in pratica non ha ancora causato dei problemi. Normalmente il GEIE non \u00e8 cos\u00ec attivo contrattualmente, quindi la sua responsabilit\u00e1 riguarda in particolare le [&hellip;]\" \/>\n<meta property=\"og:url\" content=\"https:\/\/www.libertas-institut.com\/it\/centro-geie\/it_ewiv_inhaltsverzeichnis\/responsabilita\/\" \/>\n<meta property=\"og:site_name\" content=\"Libertas-it\" \/>\n<meta property=\"article:modified_time\" content=\"2014-09-19T04:44:52+00:00\" \/>\n<meta name=\"twitter:label1\" content=\"Gesch\u00e4tzte Lesezeit\" \/>\n\t<meta name=\"twitter:data1\" content=\"3\u00a0Minuten\" \/>\n<script type=\"application\/ld+json\" class=\"yoast-schema-graph\">{\"@context\":\"https:\/\/schema.org\",\"@graph\":[{\"@type\":\"WebPage\",\"@id\":\"https:\/\/www.libertas-institut.com\/it\/centro-geie\/it_ewiv_inhaltsverzeichnis\/responsabilita\/\",\"url\":\"https:\/\/www.libertas-institut.com\/it\/centro-geie\/it_ewiv_inhaltsverzeichnis\/responsabilita\/\",\"name\":\"Responsabilit\u00e0 - Libertas-it\",\"isPartOf\":{\"@id\":\"https:\/\/www.libertas-institut.com\/it\/#website\"},\"datePublished\":\"2014-09-18T19:31:53+00:00\",\"dateModified\":\"2014-09-19T04:44:52+00:00\",\"breadcrumb\":{\"@id\":\"https:\/\/www.libertas-institut.com\/it\/centro-geie\/it_ewiv_inhaltsverzeichnis\/responsabilita\/#breadcrumb\"},\"inLanguage\":\"de\",\"potentialAction\":[{\"@type\":\"ReadAction\",\"target\":[\"https:\/\/www.libertas-institut.com\/it\/centro-geie\/it_ewiv_inhaltsverzeichnis\/responsabilita\/\"]}]},{\"@type\":\"BreadcrumbList\",\"@id\":\"https:\/\/www.libertas-institut.com\/it\/centro-geie\/it_ewiv_inhaltsverzeichnis\/responsabilita\/#breadcrumb\",\"itemListElement\":[{\"@type\":\"ListItem\",\"position\":1,\"name\":\"Home\",\"item\":\"https:\/\/www.libertas-institut.com\/it\/\"},{\"@type\":\"ListItem\",\"position\":2,\"name\":\"Centro GEIE\",\"item\":\"https:\/\/www.libertas-institut.com\/it\/centro-geie\/\"},{\"@type\":\"ListItem\",\"position\":3,\"name\":\"it_ewiv_inhaltsverzeichnis.\",\"item\":\"https:\/\/www.libertas-institut.com\/it\/centro-geie\/it_ewiv_inhaltsverzeichnis\/\"},{\"@type\":\"ListItem\",\"position\":4,\"name\":\"Responsabilit\u00e0\"}]},{\"@type\":\"WebSite\",\"@id\":\"https:\/\/www.libertas-institut.com\/it\/#website\",\"url\":\"https:\/\/www.libertas-institut.com\/it\/\",\"name\":\"Libertas-it\",\"description\":\"\u00a9 by Libertas GmbH\",\"potentialAction\":[{\"@type\":\"SearchAction\",\"target\":{\"@type\":\"EntryPoint\",\"urlTemplate\":\"https:\/\/www.libertas-institut.com\/it\/?s={search_term_string}\"},\"query-input\":{\"@type\":\"PropertyValueSpecification\",\"valueRequired\":true,\"valueName\":\"search_term_string\"}}],\"inLanguage\":\"de\"}]}<\/script>\n<!-- \/ Yoast SEO plugin. -->","yoast_head_json":{"title":"Responsabilit\u00e0 - Libertas-it","robots":{"index":"index","follow":"follow","max-snippet":"max-snippet:-1","max-image-preview":"max-image-preview:large","max-video-preview":"max-video-preview:-1"},"canonical":"https:\/\/www.libertas-institut.com\/it\/centro-geie\/it_ewiv_inhaltsverzeichnis\/responsabilita\/","og_locale":"de_DE","og_type":"article","og_title":"Responsabilit\u00e0 - Libertas-it","og_description":"Responsabilit\u00e0 I membri di un GEIE sono responsabili nei confronti di terzi in modo solidale e illimitato e sussidiariamente rispetto al GEIE stesso. Questo tipo di responsabilit\u00e0 risulta certamente problematica, ma in pratica non ha ancora causato dei problemi. Normalmente il GEIE non \u00e8 cos\u00ec attivo contrattualmente, quindi la sua responsabilit\u00e1 riguarda in particolare le [&hellip;]","og_url":"https:\/\/www.libertas-institut.com\/it\/centro-geie\/it_ewiv_inhaltsverzeichnis\/responsabilita\/","og_site_name":"Libertas-it","article_modified_time":"2014-09-19T04:44:52+00:00","twitter_misc":{"Gesch\u00e4tzte Lesezeit":"3\u00a0Minuten"},"schema":{"@context":"https:\/\/schema.org","@graph":[{"@type":"WebPage","@id":"https:\/\/www.libertas-institut.com\/it\/centro-geie\/it_ewiv_inhaltsverzeichnis\/responsabilita\/","url":"https:\/\/www.libertas-institut.com\/it\/centro-geie\/it_ewiv_inhaltsverzeichnis\/responsabilita\/","name":"Responsabilit\u00e0 - Libertas-it","isPartOf":{"@id":"https:\/\/www.libertas-institut.com\/it\/#website"},"datePublished":"2014-09-18T19:31:53+00:00","dateModified":"2014-09-19T04:44:52+00:00","breadcrumb":{"@id":"https:\/\/www.libertas-institut.com\/it\/centro-geie\/it_ewiv_inhaltsverzeichnis\/responsabilita\/#breadcrumb"},"inLanguage":"de","potentialAction":[{"@type":"ReadAction","target":["https:\/\/www.libertas-institut.com\/it\/centro-geie\/it_ewiv_inhaltsverzeichnis\/responsabilita\/"]}]},{"@type":"BreadcrumbList","@id":"https:\/\/www.libertas-institut.com\/it\/centro-geie\/it_ewiv_inhaltsverzeichnis\/responsabilita\/#breadcrumb","itemListElement":[{"@type":"ListItem","position":1,"name":"Home","item":"https:\/\/www.libertas-institut.com\/it\/"},{"@type":"ListItem","position":2,"name":"Centro GEIE","item":"https:\/\/www.libertas-institut.com\/it\/centro-geie\/"},{"@type":"ListItem","position":3,"name":"it_ewiv_inhaltsverzeichnis.","item":"https:\/\/www.libertas-institut.com\/it\/centro-geie\/it_ewiv_inhaltsverzeichnis\/"},{"@type":"ListItem","position":4,"name":"Responsabilit\u00e0"}]},{"@type":"WebSite","@id":"https:\/\/www.libertas-institut.com\/it\/#website","url":"https:\/\/www.libertas-institut.com\/it\/","name":"Libertas-it","description":"\u00a9 by Libertas GmbH","potentialAction":[{"@type":"SearchAction","target":{"@type":"EntryPoint","urlTemplate":"https:\/\/www.libertas-institut.com\/it\/?s={search_term_string}"},"query-input":{"@type":"PropertyValueSpecification","valueRequired":true,"valueName":"search_term_string"}}],"inLanguage":"de"}]}},"_links":{"self":[{"href":"https:\/\/www.libertas-institut.com\/it\/wp-json\/wp\/v2\/pages\/302","targetHints":{"allow":["GET"]}}],"collection":[{"href":"https:\/\/www.libertas-institut.com\/it\/wp-json\/wp\/v2\/pages"}],"about":[{"href":"https:\/\/www.libertas-institut.com\/it\/wp-json\/wp\/v2\/types\/page"}],"author":[{"embeddable":true,"href":"https:\/\/www.libertas-institut.com\/it\/wp-json\/wp\/v2\/users\/1"}],"replies":[{"embeddable":true,"href":"https:\/\/www.libertas-institut.com\/it\/wp-json\/wp\/v2\/comments?post=302"}],"version-history":[{"count":0,"href":"https:\/\/www.libertas-institut.com\/it\/wp-json\/wp\/v2\/pages\/302\/revisions"}],"up":[{"embeddable":true,"href":"https:\/\/www.libertas-institut.com\/it\/wp-json\/wp\/v2\/pages\/197"}],"wp:attachment":[{"href":"https:\/\/www.libertas-institut.com\/it\/wp-json\/wp\/v2\/media?parent=302"}],"curies":[{"name":"wp","href":"https:\/\/api.w.org\/{rel}","templated":true}]}}