{"id":303,"date":"2014-09-18T21:31:53","date_gmt":"2014-09-18T19:31:53","guid":{"rendered":"http:\/\/www.libertas-institut.com\/it\/centro-geie\/it_ewiv_inhaltsverzeichnis\/regime-fiscale\/"},"modified":"2014-09-19T06:46:35","modified_gmt":"2014-09-19T04:46:35","slug":"regime-fiscale","status":"publish","type":"page","link":"https:\/\/www.libertas-institut.com\/it\/centro-geie\/it_ewiv_inhaltsverzeichnis\/regime-fiscale\/","title":{"rendered":"Regime fiscale"},"content":{"rendered":"<h1 style=\"text-align: center;\">Regime fiscale<\/h1>\n<ul>\n<li>Il GEIE deve versare per i suoi dipendenti, se ne ha qualcuno, l&#8217;imposta sul reddito di lavoro subordinato, e allo stesso modo deve versare l&#8217;IVA (un GEIE tuttavia non deve trascurare di farsi dare dall&#8217;Ufficio Federale della Finanza a Saarlouis il proprio numero di partita IVA). Le quote di associazione di un GEIE sono in ogni caso non soggette all&#8217;imposta sul valore aggiunto.<\/li>\n<\/ul>\n<ul>\n<li>Un GEIE non \u00e8 soggetto ad alcuna imposta, <strong>ne all&#8217;imposta sul reddito delle societ\u00e1 o sui redditi delle attivit\u00e1 commerciali<\/strong>. Per quanto concerne i GEIE aventi quali sede il territorio tedesco, va sottolineato:\n<ul>\n<li>come societ\u00e1 di persone non sussiste obbligo di pubblicit\u00e0;<\/li>\n<li>normalmente non deve essere redatto alcun bilancio;<\/li>\n<li>complessivamente non \u00e8 soggetta ad alcuna imposta sulle persone giuridiche;<\/li>\n<li>in Germania la deduzione delle spese di gestione risulta vantaggiosa rispetto ad altri paesi europei.<\/li>\n<\/ul>\n<\/li>\n<\/ul>\n<ul>\n<li><strong>Il GEIE non pu\u00f2 personalmente perseguire utili<\/strong>; l&#8217;art. 40 del Regolamento Comunitario stabilisce che <strong>i risultati delle attivit\u00e1 svolte dall&#8217;associazione devono gravare unicamente sui membri<\/strong>. I profitti, quando non sono reinvestiti, non possono divenire di propriet\u00e1 del GEIE, ma devono essere redistribuiti ai soci. La tassazione di questi trasferimenti avviene quindi a carico di ciascun socio, in base alle normative vigenti nel proprio stato. Nella pratica viene sostenuto, che l&#8217;eventuale profitto del GEIE, derivante da affari che producono utili, venga organizzato come se fosse eseguito in proprio nome, per l&#8217;esattezza vengono fatturati attraverso il nome di un socio, qualora non servisse direttamente come strumento di distribuzione. Quindi i soci spesso traggono profitto indirettamente dal GEIE, assumendosi con questo le spese supplemenatri. Il finanziamento del GEIE \u00e8 una cosa che deriva dalla semplice deliberazione del socio, qualora questo non sia ancora stato regolamentato nel contratto. Attenzione: la distribuzione degli utili e delle perdite, l&#8217;entit\u00e1 delle spese di gestione, gli anticipi e i versamenti supplementari devono tuttavia essere prima chiaramente regolati &#8211; o nel contratto o meglio ancora attraverso la deliberazione dell&#8217;assemblea dei soci.<\/li>\n<\/ul>\n<ul>\n<li>L&#8217;associazione pu\u00f3 acquisire immobili, sui quali viene calcolata una adeguata tassazione. Il gruppo pu\u00f3 realizzare da solo il volume d&#8217;affari e questo \u00e8 soggetto naturlamente all&#8217;imposta sugli affari, anche quando non consegue scopo di lucro (queste regole sull&#8217;imposta sugli affari devono essere tenute presenti all&#8217;interno del Mercato Unico).<\/li>\n<\/ul>\n<ul>\n<li>Il GEIE <strong>non \u00e8 soggetto all&#8217;imposta sul patrimonio<\/strong>, in quanto l&#8217;associazione \u00e9 una persona giuridica di diritto privato. In Germania, questo tipo di imposta non \u00e8 pi\u00fa operante dal 01.01.1997.<\/li>\n<\/ul>\n<ul>\n<li>Tuttavia all&#8217;interno dell&#8217;Unione Europea, \u00e8 in vigore, con particolare rilevanza, l&#8216;<strong>accordo contro la doppia tassazione<\/strong>. Qui il GEIE \u00e9 considerato come una societ\u00e1 di persone. Se ad esempio, le autorit\u00e1 finanziarie considersno un&#8217;impresa francese come un&#8217;organizzazione stabile in qualit\u00e1 di socio all&#8217;interno di un GEIE con sede in Germania, in questo caso i soci possono essere tassati, in base a questo accordo contro la doppia tassazione, questi devono essere tassati secondo il metodo scelto nello stato dove ha sede il socio. Come accennato, questo per\u00f2 avviene solo per i profitti trasferiti dall&#8217;associazione a suoi membri. Se l&#8217;associazione coordina o organizza esclusivamente, i soci possono per l&#8217;esattezza fare i conti da soli o il GEIE fa i conti attraverso i conti d&#8217;ordine e non sussiste pi\u00f9 il problema.<\/li>\n<\/ul>\n","protected":false},"excerpt":{"rendered":"<p>Regime fiscale Il GEIE deve versare per i suoi dipendenti, se ne ha qualcuno, l&#8217;imposta sul reddito di lavoro subordinato, e allo stesso modo deve versare l&#8217;IVA (un GEIE tuttavia non deve trascurare di farsi dare dall&#8217;Ufficio Federale della Finanza a Saarlouis il proprio numero di partita IVA). Le quote di associazione di un GEIE [&hellip;]<\/p>\n","protected":false},"author":1,"featured_media":0,"parent":197,"menu_order":10,"comment_status":"open","ping_status":"open","template":"","meta":{"_bbp_topic_count":0,"_bbp_reply_count":0,"_bbp_total_topic_count":0,"_bbp_total_reply_count":0,"_bbp_voice_count":0,"_bbp_anonymous_reply_count":0,"_bbp_topic_count_hidden":0,"_bbp_reply_count_hidden":0,"_bbp_forum_subforum_count":0,"footnotes":""},"class_list":["post-303","page","type-page","status-publish","hentry"],"yoast_head":"<!-- This site is optimized with the Yoast SEO plugin v26.4 - https:\/\/yoast.com\/wordpress\/plugins\/seo\/ -->\n<title>Regime fiscale - Libertas-it<\/title>\n<meta name=\"robots\" content=\"index, follow, max-snippet:-1, max-image-preview:large, max-video-preview:-1\" \/>\n<link rel=\"canonical\" href=\"https:\/\/www.libertas-institut.com\/it\/centro-geie\/it_ewiv_inhaltsverzeichnis\/regime-fiscale\/\" \/>\n<meta property=\"og:locale\" content=\"de_DE\" \/>\n<meta property=\"og:type\" content=\"article\" \/>\n<meta property=\"og:title\" content=\"Regime fiscale - Libertas-it\" \/>\n<meta property=\"og:description\" content=\"Regime fiscale Il GEIE deve versare per i suoi dipendenti, se ne ha qualcuno, l&#8217;imposta sul reddito di lavoro subordinato, e allo stesso modo deve versare l&#8217;IVA (un GEIE tuttavia non deve trascurare di farsi dare dall&#8217;Ufficio Federale della Finanza a Saarlouis il proprio numero di partita IVA). Le quote di associazione di un GEIE [&hellip;]\" \/>\n<meta property=\"og:url\" content=\"https:\/\/www.libertas-institut.com\/it\/centro-geie\/it_ewiv_inhaltsverzeichnis\/regime-fiscale\/\" \/>\n<meta property=\"og:site_name\" content=\"Libertas-it\" \/>\n<meta property=\"article:modified_time\" content=\"2014-09-19T04:46:35+00:00\" \/>\n<meta name=\"twitter:label1\" content=\"Gesch\u00e4tzte Lesezeit\" \/>\n\t<meta name=\"twitter:data1\" content=\"3\u00a0Minuten\" \/>\n<script type=\"application\/ld+json\" class=\"yoast-schema-graph\">{\"@context\":\"https:\/\/schema.org\",\"@graph\":[{\"@type\":\"WebPage\",\"@id\":\"https:\/\/www.libertas-institut.com\/it\/centro-geie\/it_ewiv_inhaltsverzeichnis\/regime-fiscale\/\",\"url\":\"https:\/\/www.libertas-institut.com\/it\/centro-geie\/it_ewiv_inhaltsverzeichnis\/regime-fiscale\/\",\"name\":\"Regime fiscale - Libertas-it\",\"isPartOf\":{\"@id\":\"https:\/\/www.libertas-institut.com\/it\/#website\"},\"datePublished\":\"2014-09-18T19:31:53+00:00\",\"dateModified\":\"2014-09-19T04:46:35+00:00\",\"breadcrumb\":{\"@id\":\"https:\/\/www.libertas-institut.com\/it\/centro-geie\/it_ewiv_inhaltsverzeichnis\/regime-fiscale\/#breadcrumb\"},\"inLanguage\":\"de\",\"potentialAction\":[{\"@type\":\"ReadAction\",\"target\":[\"https:\/\/www.libertas-institut.com\/it\/centro-geie\/it_ewiv_inhaltsverzeichnis\/regime-fiscale\/\"]}]},{\"@type\":\"BreadcrumbList\",\"@id\":\"https:\/\/www.libertas-institut.com\/it\/centro-geie\/it_ewiv_inhaltsverzeichnis\/regime-fiscale\/#breadcrumb\",\"itemListElement\":[{\"@type\":\"ListItem\",\"position\":1,\"name\":\"Home\",\"item\":\"https:\/\/www.libertas-institut.com\/it\/\"},{\"@type\":\"ListItem\",\"position\":2,\"name\":\"Centro GEIE\",\"item\":\"https:\/\/www.libertas-institut.com\/it\/centro-geie\/\"},{\"@type\":\"ListItem\",\"position\":3,\"name\":\"it_ewiv_inhaltsverzeichnis.\",\"item\":\"https:\/\/www.libertas-institut.com\/it\/centro-geie\/it_ewiv_inhaltsverzeichnis\/\"},{\"@type\":\"ListItem\",\"position\":4,\"name\":\"Regime fiscale\"}]},{\"@type\":\"WebSite\",\"@id\":\"https:\/\/www.libertas-institut.com\/it\/#website\",\"url\":\"https:\/\/www.libertas-institut.com\/it\/\",\"name\":\"Libertas-it\",\"description\":\"\u00a9 by Libertas GmbH\",\"potentialAction\":[{\"@type\":\"SearchAction\",\"target\":{\"@type\":\"EntryPoint\",\"urlTemplate\":\"https:\/\/www.libertas-institut.com\/it\/?s={search_term_string}\"},\"query-input\":{\"@type\":\"PropertyValueSpecification\",\"valueRequired\":true,\"valueName\":\"search_term_string\"}}],\"inLanguage\":\"de\"}]}<\/script>\n<!-- \/ Yoast SEO plugin. -->","yoast_head_json":{"title":"Regime fiscale - Libertas-it","robots":{"index":"index","follow":"follow","max-snippet":"max-snippet:-1","max-image-preview":"max-image-preview:large","max-video-preview":"max-video-preview:-1"},"canonical":"https:\/\/www.libertas-institut.com\/it\/centro-geie\/it_ewiv_inhaltsverzeichnis\/regime-fiscale\/","og_locale":"de_DE","og_type":"article","og_title":"Regime fiscale - Libertas-it","og_description":"Regime fiscale Il GEIE deve versare per i suoi dipendenti, se ne ha qualcuno, l&#8217;imposta sul reddito di lavoro subordinato, e allo stesso modo deve versare l&#8217;IVA (un GEIE tuttavia non deve trascurare di farsi dare dall&#8217;Ufficio Federale della Finanza a Saarlouis il proprio numero di partita IVA). Le quote di associazione di un GEIE [&hellip;]","og_url":"https:\/\/www.libertas-institut.com\/it\/centro-geie\/it_ewiv_inhaltsverzeichnis\/regime-fiscale\/","og_site_name":"Libertas-it","article_modified_time":"2014-09-19T04:46:35+00:00","twitter_misc":{"Gesch\u00e4tzte Lesezeit":"3\u00a0Minuten"},"schema":{"@context":"https:\/\/schema.org","@graph":[{"@type":"WebPage","@id":"https:\/\/www.libertas-institut.com\/it\/centro-geie\/it_ewiv_inhaltsverzeichnis\/regime-fiscale\/","url":"https:\/\/www.libertas-institut.com\/it\/centro-geie\/it_ewiv_inhaltsverzeichnis\/regime-fiscale\/","name":"Regime fiscale - Libertas-it","isPartOf":{"@id":"https:\/\/www.libertas-institut.com\/it\/#website"},"datePublished":"2014-09-18T19:31:53+00:00","dateModified":"2014-09-19T04:46:35+00:00","breadcrumb":{"@id":"https:\/\/www.libertas-institut.com\/it\/centro-geie\/it_ewiv_inhaltsverzeichnis\/regime-fiscale\/#breadcrumb"},"inLanguage":"de","potentialAction":[{"@type":"ReadAction","target":["https:\/\/www.libertas-institut.com\/it\/centro-geie\/it_ewiv_inhaltsverzeichnis\/regime-fiscale\/"]}]},{"@type":"BreadcrumbList","@id":"https:\/\/www.libertas-institut.com\/it\/centro-geie\/it_ewiv_inhaltsverzeichnis\/regime-fiscale\/#breadcrumb","itemListElement":[{"@type":"ListItem","position":1,"name":"Home","item":"https:\/\/www.libertas-institut.com\/it\/"},{"@type":"ListItem","position":2,"name":"Centro GEIE","item":"https:\/\/www.libertas-institut.com\/it\/centro-geie\/"},{"@type":"ListItem","position":3,"name":"it_ewiv_inhaltsverzeichnis.","item":"https:\/\/www.libertas-institut.com\/it\/centro-geie\/it_ewiv_inhaltsverzeichnis\/"},{"@type":"ListItem","position":4,"name":"Regime fiscale"}]},{"@type":"WebSite","@id":"https:\/\/www.libertas-institut.com\/it\/#website","url":"https:\/\/www.libertas-institut.com\/it\/","name":"Libertas-it","description":"\u00a9 by Libertas GmbH","potentialAction":[{"@type":"SearchAction","target":{"@type":"EntryPoint","urlTemplate":"https:\/\/www.libertas-institut.com\/it\/?s={search_term_string}"},"query-input":{"@type":"PropertyValueSpecification","valueRequired":true,"valueName":"search_term_string"}}],"inLanguage":"de"}]}},"_links":{"self":[{"href":"https:\/\/www.libertas-institut.com\/it\/wp-json\/wp\/v2\/pages\/303","targetHints":{"allow":["GET"]}}],"collection":[{"href":"https:\/\/www.libertas-institut.com\/it\/wp-json\/wp\/v2\/pages"}],"about":[{"href":"https:\/\/www.libertas-institut.com\/it\/wp-json\/wp\/v2\/types\/page"}],"author":[{"embeddable":true,"href":"https:\/\/www.libertas-institut.com\/it\/wp-json\/wp\/v2\/users\/1"}],"replies":[{"embeddable":true,"href":"https:\/\/www.libertas-institut.com\/it\/wp-json\/wp\/v2\/comments?post=303"}],"version-history":[{"count":0,"href":"https:\/\/www.libertas-institut.com\/it\/wp-json\/wp\/v2\/pages\/303\/revisions"}],"up":[{"embeddable":true,"href":"https:\/\/www.libertas-institut.com\/it\/wp-json\/wp\/v2\/pages\/197"}],"wp:attachment":[{"href":"https:\/\/www.libertas-institut.com\/it\/wp-json\/wp\/v2\/media?parent=303"}],"curies":[{"name":"wp","href":"https:\/\/api.w.org\/{rel}","templated":true}]}}