{"id":304,"date":"2014-09-18T21:31:53","date_gmt":"2014-09-18T19:31:53","guid":{"rendered":"http:\/\/www.libertas-institut.com\/it\/centro-geie\/it_ewiv_inhaltsverzeichnis\/qualche-prescrizione-normativa\/"},"modified":"2014-09-19T06:47:35","modified_gmt":"2014-09-19T04:47:35","slug":"qualche-prescrizione-normativa","status":"publish","type":"page","link":"https:\/\/www.libertas-institut.com\/it\/centro-geie\/it_ewiv_inhaltsverzeichnis\/qualche-prescrizione-normativa\/","title":{"rendered":"Qualche prescrizione normativa"},"content":{"rendered":"<h1 style=\"text-align: center;\">Qualche prescrizione normativa<\/h1>\n<ul>\n<li>Tutto sommato: il legislatore stabilisce per il GEIE, ragguagliandolo ad altre forme societarie, solo il minimo. Soprattutto al suo interno, l&#8217;associazione \u00e8 autonoma e in grado di stilare le sue proprie leggi. Queste possono riguardare un consilgio di amministrazione, un comitato consultivo e altri poteri simili.<\/li>\n<\/ul>\n<ul>\n<li>Come regola semplice pu\u00f3 valere: nello statuto del GEIE viene regolato solo ci\u00f2 che \u00e8 necessario, tutte le altre domande possono venire regolate tramite il consenso nel quadro della gestione in corso. Ciononostante possono essere stilate, al di fuori del contratto e tramite un accordo preciso, regole per diverse eventualit\u00e1 attraverso alcune modalit\u00e1, ad esempio, nella forma di decisione dei soci.<\/li>\n<\/ul>\n<ul>\n<li>La costituzione di un GEIE richiede la presenza di un consulente, che sia in grado di stilare un contratto con una conoscenza a livello europeo di tipo multiculturale, deve avere conoscenze giuridiche anche in riferimento alle diverse forme legali presenti nei diversi paesi appartenenti all&#8217;Unione Europea e avere conoscienze linguistiche per una adeguata capacit\u00e0 di comunicazione. Ricorrere a modelli di contratti-tipo presenti nel computer risulterebbe controproducente. L&#8217;ampio spazio riconosciuto all&#8217;autonomia dispositiva delle parti rende imprescindibile l&#8217;accurata valutazione delle specificit\u00e0 del gruppo.<\/li>\n<\/ul>\n","protected":false},"excerpt":{"rendered":"<p>Qualche prescrizione normativa Tutto sommato: il legislatore stabilisce per il GEIE, ragguagliandolo ad altre forme societarie, solo il minimo. Soprattutto al suo interno, l&#8217;associazione \u00e8 autonoma e in grado di stilare le sue proprie leggi. Queste possono riguardare un consilgio di amministrazione, un comitato consultivo e altri poteri simili. Come regola semplice pu\u00f3 valere: nello [&hellip;]<\/p>\n","protected":false},"author":1,"featured_media":0,"parent":197,"menu_order":11,"comment_status":"open","ping_status":"open","template":"","meta":{"_bbp_topic_count":0,"_bbp_reply_count":0,"_bbp_total_topic_count":0,"_bbp_total_reply_count":0,"_bbp_voice_count":0,"_bbp_anonymous_reply_count":0,"_bbp_topic_count_hidden":0,"_bbp_reply_count_hidden":0,"_bbp_forum_subforum_count":0,"footnotes":""},"class_list":["post-304","page","type-page","status-publish","hentry"],"yoast_head":"<!-- This site is optimized with the Yoast SEO plugin v26.4 - https:\/\/yoast.com\/wordpress\/plugins\/seo\/ -->\n<title>Qualche prescrizione normativa - Libertas-it<\/title>\n<meta name=\"robots\" content=\"index, follow, max-snippet:-1, max-image-preview:large, max-video-preview:-1\" \/>\n<link rel=\"canonical\" href=\"https:\/\/www.libertas-institut.com\/it\/centro-geie\/it_ewiv_inhaltsverzeichnis\/qualche-prescrizione-normativa\/\" \/>\n<meta property=\"og:locale\" content=\"de_DE\" \/>\n<meta property=\"og:type\" content=\"article\" \/>\n<meta property=\"og:title\" content=\"Qualche prescrizione normativa - Libertas-it\" \/>\n<meta property=\"og:description\" content=\"Qualche prescrizione normativa Tutto sommato: il legislatore stabilisce per il GEIE, ragguagliandolo ad altre forme societarie, solo il minimo. Soprattutto al suo interno, l&#8217;associazione \u00e8 autonoma e in grado di stilare le sue proprie leggi. Queste possono riguardare un consilgio di amministrazione, un comitato consultivo e altri poteri simili. Come regola semplice pu\u00f3 valere: nello [&hellip;]\" \/>\n<meta property=\"og:url\" content=\"https:\/\/www.libertas-institut.com\/it\/centro-geie\/it_ewiv_inhaltsverzeichnis\/qualche-prescrizione-normativa\/\" \/>\n<meta property=\"og:site_name\" content=\"Libertas-it\" \/>\n<meta property=\"article:modified_time\" content=\"2014-09-19T04:47:35+00:00\" \/>\n<meta name=\"twitter:label1\" content=\"Gesch\u00e4tzte Lesezeit\" \/>\n\t<meta name=\"twitter:data1\" content=\"1\u00a0Minute\" \/>\n<script type=\"application\/ld+json\" class=\"yoast-schema-graph\">{\"@context\":\"https:\/\/schema.org\",\"@graph\":[{\"@type\":\"WebPage\",\"@id\":\"https:\/\/www.libertas-institut.com\/it\/centro-geie\/it_ewiv_inhaltsverzeichnis\/qualche-prescrizione-normativa\/\",\"url\":\"https:\/\/www.libertas-institut.com\/it\/centro-geie\/it_ewiv_inhaltsverzeichnis\/qualche-prescrizione-normativa\/\",\"name\":\"Qualche prescrizione normativa - Libertas-it\",\"isPartOf\":{\"@id\":\"https:\/\/www.libertas-institut.com\/it\/#website\"},\"datePublished\":\"2014-09-18T19:31:53+00:00\",\"dateModified\":\"2014-09-19T04:47:35+00:00\",\"breadcrumb\":{\"@id\":\"https:\/\/www.libertas-institut.com\/it\/centro-geie\/it_ewiv_inhaltsverzeichnis\/qualche-prescrizione-normativa\/#breadcrumb\"},\"inLanguage\":\"de\",\"potentialAction\":[{\"@type\":\"ReadAction\",\"target\":[\"https:\/\/www.libertas-institut.com\/it\/centro-geie\/it_ewiv_inhaltsverzeichnis\/qualche-prescrizione-normativa\/\"]}]},{\"@type\":\"BreadcrumbList\",\"@id\":\"https:\/\/www.libertas-institut.com\/it\/centro-geie\/it_ewiv_inhaltsverzeichnis\/qualche-prescrizione-normativa\/#breadcrumb\",\"itemListElement\":[{\"@type\":\"ListItem\",\"position\":1,\"name\":\"Home\",\"item\":\"https:\/\/www.libertas-institut.com\/it\/\"},{\"@type\":\"ListItem\",\"position\":2,\"name\":\"Centro GEIE\",\"item\":\"https:\/\/www.libertas-institut.com\/it\/centro-geie\/\"},{\"@type\":\"ListItem\",\"position\":3,\"name\":\"it_ewiv_inhaltsverzeichnis.\",\"item\":\"https:\/\/www.libertas-institut.com\/it\/centro-geie\/it_ewiv_inhaltsverzeichnis\/\"},{\"@type\":\"ListItem\",\"position\":4,\"name\":\"Qualche prescrizione normativa\"}]},{\"@type\":\"WebSite\",\"@id\":\"https:\/\/www.libertas-institut.com\/it\/#website\",\"url\":\"https:\/\/www.libertas-institut.com\/it\/\",\"name\":\"Libertas-it\",\"description\":\"\u00a9 by Libertas GmbH\",\"potentialAction\":[{\"@type\":\"SearchAction\",\"target\":{\"@type\":\"EntryPoint\",\"urlTemplate\":\"https:\/\/www.libertas-institut.com\/it\/?s={search_term_string}\"},\"query-input\":{\"@type\":\"PropertyValueSpecification\",\"valueRequired\":true,\"valueName\":\"search_term_string\"}}],\"inLanguage\":\"de\"}]}<\/script>\n<!-- \/ Yoast SEO plugin. -->","yoast_head_json":{"title":"Qualche prescrizione normativa - Libertas-it","robots":{"index":"index","follow":"follow","max-snippet":"max-snippet:-1","max-image-preview":"max-image-preview:large","max-video-preview":"max-video-preview:-1"},"canonical":"https:\/\/www.libertas-institut.com\/it\/centro-geie\/it_ewiv_inhaltsverzeichnis\/qualche-prescrizione-normativa\/","og_locale":"de_DE","og_type":"article","og_title":"Qualche prescrizione normativa - Libertas-it","og_description":"Qualche prescrizione normativa Tutto sommato: il legislatore stabilisce per il GEIE, ragguagliandolo ad altre forme societarie, solo il minimo. Soprattutto al suo interno, l&#8217;associazione \u00e8 autonoma e in grado di stilare le sue proprie leggi. Queste possono riguardare un consilgio di amministrazione, un comitato consultivo e altri poteri simili. Come regola semplice pu\u00f3 valere: nello [&hellip;]","og_url":"https:\/\/www.libertas-institut.com\/it\/centro-geie\/it_ewiv_inhaltsverzeichnis\/qualche-prescrizione-normativa\/","og_site_name":"Libertas-it","article_modified_time":"2014-09-19T04:47:35+00:00","twitter_misc":{"Gesch\u00e4tzte Lesezeit":"1\u00a0Minute"},"schema":{"@context":"https:\/\/schema.org","@graph":[{"@type":"WebPage","@id":"https:\/\/www.libertas-institut.com\/it\/centro-geie\/it_ewiv_inhaltsverzeichnis\/qualche-prescrizione-normativa\/","url":"https:\/\/www.libertas-institut.com\/it\/centro-geie\/it_ewiv_inhaltsverzeichnis\/qualche-prescrizione-normativa\/","name":"Qualche prescrizione normativa - Libertas-it","isPartOf":{"@id":"https:\/\/www.libertas-institut.com\/it\/#website"},"datePublished":"2014-09-18T19:31:53+00:00","dateModified":"2014-09-19T04:47:35+00:00","breadcrumb":{"@id":"https:\/\/www.libertas-institut.com\/it\/centro-geie\/it_ewiv_inhaltsverzeichnis\/qualche-prescrizione-normativa\/#breadcrumb"},"inLanguage":"de","potentialAction":[{"@type":"ReadAction","target":["https:\/\/www.libertas-institut.com\/it\/centro-geie\/it_ewiv_inhaltsverzeichnis\/qualche-prescrizione-normativa\/"]}]},{"@type":"BreadcrumbList","@id":"https:\/\/www.libertas-institut.com\/it\/centro-geie\/it_ewiv_inhaltsverzeichnis\/qualche-prescrizione-normativa\/#breadcrumb","itemListElement":[{"@type":"ListItem","position":1,"name":"Home","item":"https:\/\/www.libertas-institut.com\/it\/"},{"@type":"ListItem","position":2,"name":"Centro GEIE","item":"https:\/\/www.libertas-institut.com\/it\/centro-geie\/"},{"@type":"ListItem","position":3,"name":"it_ewiv_inhaltsverzeichnis.","item":"https:\/\/www.libertas-institut.com\/it\/centro-geie\/it_ewiv_inhaltsverzeichnis\/"},{"@type":"ListItem","position":4,"name":"Qualche prescrizione normativa"}]},{"@type":"WebSite","@id":"https:\/\/www.libertas-institut.com\/it\/#website","url":"https:\/\/www.libertas-institut.com\/it\/","name":"Libertas-it","description":"\u00a9 by Libertas GmbH","potentialAction":[{"@type":"SearchAction","target":{"@type":"EntryPoint","urlTemplate":"https:\/\/www.libertas-institut.com\/it\/?s={search_term_string}"},"query-input":{"@type":"PropertyValueSpecification","valueRequired":true,"valueName":"search_term_string"}}],"inLanguage":"de"}]}},"_links":{"self":[{"href":"https:\/\/www.libertas-institut.com\/it\/wp-json\/wp\/v2\/pages\/304","targetHints":{"allow":["GET"]}}],"collection":[{"href":"https:\/\/www.libertas-institut.com\/it\/wp-json\/wp\/v2\/pages"}],"about":[{"href":"https:\/\/www.libertas-institut.com\/it\/wp-json\/wp\/v2\/types\/page"}],"author":[{"embeddable":true,"href":"https:\/\/www.libertas-institut.com\/it\/wp-json\/wp\/v2\/users\/1"}],"replies":[{"embeddable":true,"href":"https:\/\/www.libertas-institut.com\/it\/wp-json\/wp\/v2\/comments?post=304"}],"version-history":[{"count":0,"href":"https:\/\/www.libertas-institut.com\/it\/wp-json\/wp\/v2\/pages\/304\/revisions"}],"up":[{"embeddable":true,"href":"https:\/\/www.libertas-institut.com\/it\/wp-json\/wp\/v2\/pages\/197"}],"wp:attachment":[{"href":"https:\/\/www.libertas-institut.com\/it\/wp-json\/wp\/v2\/media?parent=304"}],"curies":[{"name":"wp","href":"https:\/\/api.w.org\/{rel}","templated":true}]}}