{"id":305,"date":"2014-09-18T21:31:53","date_gmt":"2014-09-18T19:31:53","guid":{"rendered":"http:\/\/www.libertas-institut.com\/it\/centro-geie\/it_ewiv_inhaltsverzeichnis\/registro-delle-imprese\/"},"modified":"2014-09-19T06:48:19","modified_gmt":"2014-09-19T04:48:19","slug":"registro-delle-imprese","status":"publish","type":"page","link":"https:\/\/www.libertas-institut.com\/it\/centro-geie\/it_ewiv_inhaltsverzeichnis\/registro-delle-imprese\/","title":{"rendered":"Registro delle imprese"},"content":{"rendered":"<h1 style=\"text-align: center;\">Registro delle imprese<\/h1>\n<ul>\n<li>Dopo l\u00b4iscrizione nel registro nazionale delle imprese, la costituzione del GEIE viene pubblicata sulla Gazzetta Ufficiale della Comunit\u00e0 Europea (serie S, ora disponibile anche in forma di CD-ROM). Gli interessati possono fare richiesta di un estratto del registo delle imprese (nel caso dei GEIE costituiti in Germania si pu\u00f2 fare richiesta all&#8217;organo del governo federale tedesco &#8222;Bundesanzeiger&#8220;); in questo modo viene garantita a livello europeo la trasparenza, \u00e8 per cos\u00ec dire un &#8222;provvedimento di fiducia&#8220;. La Gazzetta Ufficiale S adesso pu\u00f2 anche essere consultata giornalmente (gratuitamente) su internet: <a href=\"http:\/\/ted.europa.eu\/\">http:\/\/ted.eur-op.eu.int<\/a><\/li>\n<\/ul>\n","protected":false},"excerpt":{"rendered":"<p>Registro delle imprese Dopo l\u00b4iscrizione nel registro nazionale delle imprese, la costituzione del GEIE viene pubblicata sulla Gazzetta Ufficiale della Comunit\u00e0 Europea (serie S, ora disponibile anche in forma di CD-ROM). Gli interessati possono fare richiesta di un estratto del registo delle imprese (nel caso dei GEIE costituiti in Germania si pu\u00f2 fare richiesta all&#8217;organo [&hellip;]<\/p>\n","protected":false},"author":1,"featured_media":0,"parent":197,"menu_order":12,"comment_status":"open","ping_status":"open","template":"","meta":{"_bbp_topic_count":0,"_bbp_reply_count":0,"_bbp_total_topic_count":0,"_bbp_total_reply_count":0,"_bbp_voice_count":0,"_bbp_anonymous_reply_count":0,"_bbp_topic_count_hidden":0,"_bbp_reply_count_hidden":0,"_bbp_forum_subforum_count":0,"footnotes":""},"class_list":["post-305","page","type-page","status-publish","hentry"],"yoast_head":"<!-- This site is optimized with the Yoast SEO plugin v26.4 - https:\/\/yoast.com\/wordpress\/plugins\/seo\/ -->\n<title>Registro delle imprese - Libertas-it<\/title>\n<meta name=\"robots\" content=\"index, follow, max-snippet:-1, max-image-preview:large, max-video-preview:-1\" \/>\n<link rel=\"canonical\" href=\"https:\/\/www.libertas-institut.com\/it\/centro-geie\/it_ewiv_inhaltsverzeichnis\/registro-delle-imprese\/\" \/>\n<meta property=\"og:locale\" content=\"de_DE\" \/>\n<meta property=\"og:type\" content=\"article\" \/>\n<meta property=\"og:title\" content=\"Registro delle imprese - Libertas-it\" \/>\n<meta property=\"og:description\" content=\"Registro delle imprese Dopo l\u00b4iscrizione nel registro nazionale delle imprese, la costituzione del GEIE viene pubblicata sulla Gazzetta Ufficiale della Comunit\u00e0 Europea (serie S, ora disponibile anche in forma di CD-ROM). Gli interessati possono fare richiesta di un estratto del registo delle imprese (nel caso dei GEIE costituiti in Germania si pu\u00f2 fare richiesta all&#8217;organo [&hellip;]\" \/>\n<meta property=\"og:url\" content=\"https:\/\/www.libertas-institut.com\/it\/centro-geie\/it_ewiv_inhaltsverzeichnis\/registro-delle-imprese\/\" \/>\n<meta property=\"og:site_name\" content=\"Libertas-it\" \/>\n<meta property=\"article:modified_time\" content=\"2014-09-19T04:48:19+00:00\" \/>\n<script type=\"application\/ld+json\" class=\"yoast-schema-graph\">{\"@context\":\"https:\/\/schema.org\",\"@graph\":[{\"@type\":\"WebPage\",\"@id\":\"https:\/\/www.libertas-institut.com\/it\/centro-geie\/it_ewiv_inhaltsverzeichnis\/registro-delle-imprese\/\",\"url\":\"https:\/\/www.libertas-institut.com\/it\/centro-geie\/it_ewiv_inhaltsverzeichnis\/registro-delle-imprese\/\",\"name\":\"Registro delle imprese - Libertas-it\",\"isPartOf\":{\"@id\":\"https:\/\/www.libertas-institut.com\/it\/#website\"},\"datePublished\":\"2014-09-18T19:31:53+00:00\",\"dateModified\":\"2014-09-19T04:48:19+00:00\",\"breadcrumb\":{\"@id\":\"https:\/\/www.libertas-institut.com\/it\/centro-geie\/it_ewiv_inhaltsverzeichnis\/registro-delle-imprese\/#breadcrumb\"},\"inLanguage\":\"de\",\"potentialAction\":[{\"@type\":\"ReadAction\",\"target\":[\"https:\/\/www.libertas-institut.com\/it\/centro-geie\/it_ewiv_inhaltsverzeichnis\/registro-delle-imprese\/\"]}]},{\"@type\":\"BreadcrumbList\",\"@id\":\"https:\/\/www.libertas-institut.com\/it\/centro-geie\/it_ewiv_inhaltsverzeichnis\/registro-delle-imprese\/#breadcrumb\",\"itemListElement\":[{\"@type\":\"ListItem\",\"position\":1,\"name\":\"Home\",\"item\":\"https:\/\/www.libertas-institut.com\/it\/\"},{\"@type\":\"ListItem\",\"position\":2,\"name\":\"Centro GEIE\",\"item\":\"https:\/\/www.libertas-institut.com\/it\/centro-geie\/\"},{\"@type\":\"ListItem\",\"position\":3,\"name\":\"it_ewiv_inhaltsverzeichnis.\",\"item\":\"https:\/\/www.libertas-institut.com\/it\/centro-geie\/it_ewiv_inhaltsverzeichnis\/\"},{\"@type\":\"ListItem\",\"position\":4,\"name\":\"Registro delle imprese\"}]},{\"@type\":\"WebSite\",\"@id\":\"https:\/\/www.libertas-institut.com\/it\/#website\",\"url\":\"https:\/\/www.libertas-institut.com\/it\/\",\"name\":\"Libertas-it\",\"description\":\"\u00a9 by Libertas GmbH\",\"potentialAction\":[{\"@type\":\"SearchAction\",\"target\":{\"@type\":\"EntryPoint\",\"urlTemplate\":\"https:\/\/www.libertas-institut.com\/it\/?s={search_term_string}\"},\"query-input\":{\"@type\":\"PropertyValueSpecification\",\"valueRequired\":true,\"valueName\":\"search_term_string\"}}],\"inLanguage\":\"de\"}]}<\/script>\n<!-- \/ Yoast SEO plugin. -->","yoast_head_json":{"title":"Registro delle imprese - Libertas-it","robots":{"index":"index","follow":"follow","max-snippet":"max-snippet:-1","max-image-preview":"max-image-preview:large","max-video-preview":"max-video-preview:-1"},"canonical":"https:\/\/www.libertas-institut.com\/it\/centro-geie\/it_ewiv_inhaltsverzeichnis\/registro-delle-imprese\/","og_locale":"de_DE","og_type":"article","og_title":"Registro delle imprese - Libertas-it","og_description":"Registro delle imprese Dopo l\u00b4iscrizione nel registro nazionale delle imprese, la costituzione del GEIE viene pubblicata sulla Gazzetta Ufficiale della Comunit\u00e0 Europea (serie S, ora disponibile anche in forma di CD-ROM). Gli interessati possono fare richiesta di un estratto del registo delle imprese (nel caso dei GEIE costituiti in Germania si pu\u00f2 fare richiesta all&#8217;organo [&hellip;]","og_url":"https:\/\/www.libertas-institut.com\/it\/centro-geie\/it_ewiv_inhaltsverzeichnis\/registro-delle-imprese\/","og_site_name":"Libertas-it","article_modified_time":"2014-09-19T04:48:19+00:00","schema":{"@context":"https:\/\/schema.org","@graph":[{"@type":"WebPage","@id":"https:\/\/www.libertas-institut.com\/it\/centro-geie\/it_ewiv_inhaltsverzeichnis\/registro-delle-imprese\/","url":"https:\/\/www.libertas-institut.com\/it\/centro-geie\/it_ewiv_inhaltsverzeichnis\/registro-delle-imprese\/","name":"Registro delle imprese - Libertas-it","isPartOf":{"@id":"https:\/\/www.libertas-institut.com\/it\/#website"},"datePublished":"2014-09-18T19:31:53+00:00","dateModified":"2014-09-19T04:48:19+00:00","breadcrumb":{"@id":"https:\/\/www.libertas-institut.com\/it\/centro-geie\/it_ewiv_inhaltsverzeichnis\/registro-delle-imprese\/#breadcrumb"},"inLanguage":"de","potentialAction":[{"@type":"ReadAction","target":["https:\/\/www.libertas-institut.com\/it\/centro-geie\/it_ewiv_inhaltsverzeichnis\/registro-delle-imprese\/"]}]},{"@type":"BreadcrumbList","@id":"https:\/\/www.libertas-institut.com\/it\/centro-geie\/it_ewiv_inhaltsverzeichnis\/registro-delle-imprese\/#breadcrumb","itemListElement":[{"@type":"ListItem","position":1,"name":"Home","item":"https:\/\/www.libertas-institut.com\/it\/"},{"@type":"ListItem","position":2,"name":"Centro GEIE","item":"https:\/\/www.libertas-institut.com\/it\/centro-geie\/"},{"@type":"ListItem","position":3,"name":"it_ewiv_inhaltsverzeichnis.","item":"https:\/\/www.libertas-institut.com\/it\/centro-geie\/it_ewiv_inhaltsverzeichnis\/"},{"@type":"ListItem","position":4,"name":"Registro delle imprese"}]},{"@type":"WebSite","@id":"https:\/\/www.libertas-institut.com\/it\/#website","url":"https:\/\/www.libertas-institut.com\/it\/","name":"Libertas-it","description":"\u00a9 by Libertas GmbH","potentialAction":[{"@type":"SearchAction","target":{"@type":"EntryPoint","urlTemplate":"https:\/\/www.libertas-institut.com\/it\/?s={search_term_string}"},"query-input":{"@type":"PropertyValueSpecification","valueRequired":true,"valueName":"search_term_string"}}],"inLanguage":"de"}]}},"_links":{"self":[{"href":"https:\/\/www.libertas-institut.com\/it\/wp-json\/wp\/v2\/pages\/305","targetHints":{"allow":["GET"]}}],"collection":[{"href":"https:\/\/www.libertas-institut.com\/it\/wp-json\/wp\/v2\/pages"}],"about":[{"href":"https:\/\/www.libertas-institut.com\/it\/wp-json\/wp\/v2\/types\/page"}],"author":[{"embeddable":true,"href":"https:\/\/www.libertas-institut.com\/it\/wp-json\/wp\/v2\/users\/1"}],"replies":[{"embeddable":true,"href":"https:\/\/www.libertas-institut.com\/it\/wp-json\/wp\/v2\/comments?post=305"}],"version-history":[{"count":0,"href":"https:\/\/www.libertas-institut.com\/it\/wp-json\/wp\/v2\/pages\/305\/revisions"}],"up":[{"embeddable":true,"href":"https:\/\/www.libertas-institut.com\/it\/wp-json\/wp\/v2\/pages\/197"}],"wp:attachment":[{"href":"https:\/\/www.libertas-institut.com\/it\/wp-json\/wp\/v2\/media?parent=305"}],"curies":[{"name":"wp","href":"https:\/\/api.w.org\/{rel}","templated":true}]}}