{"id":306,"date":"2014-09-18T21:31:53","date_gmt":"2014-09-18T19:31:53","guid":{"rendered":"http:\/\/www.libertas-institut.com\/it\/centro-geie\/it_ewiv_inhaltsverzeichnis\/tipologie-di-problemi\/"},"modified":"2014-09-19T06:50:19","modified_gmt":"2014-09-19T04:50:19","slug":"tipologie-di-problemi","status":"publish","type":"page","link":"https:\/\/www.libertas-institut.com\/it\/centro-geie\/it_ewiv_inhaltsverzeichnis\/tipologie-di-problemi\/","title":{"rendered":"Tipologie di problemi"},"content":{"rendered":"<h1 style=\"text-align: center;\">Tipologie di problemi<\/h1>\n<ul>\n<li>Come per ogni altra forma di societ\u00e0, anche per le attivit\u00e0 del GEIE si ricorre alle indicazioni offerte dalle diverse esperienze per tracciare un quadro dei problemi pi\u00f9 ricorrenti &#8211; i dati per\u00f3 a disposizione non sono cos\u00ed tanti, in quanto le ultime leggi d&#8217;attuazione sono entrate in vigore nel 1992. Ad esempio c&#8217;\u00e8 anche una totale assenza di giurisprudenza. Tuttavia le problematiche riscontrate attualmente nell&#8217;ambito del GEIE sono le seguenti:\n<ul>\n<li>difficolt\u00e0 riguardanti la comunicazione interna e costi connessi;<\/li>\n<li>difficolt\u00e0 linguistiche;<\/li>\n<li>iniziali insicurezze riguardanti le questioni fiscali;<\/li>\n<li>distribuzione degli utili e delle perdite, qualora le rispettive quote non siano state preventivamente definite in modo chiaro.<\/li>\n<\/ul>\n<\/li>\n<\/ul>\n<ul>\n<li>In Germania ci sono anche altre piccole questioni giuridiche connesse con:\n<ul>\n<li>il nome del GEIE quale societ\u00e0 di capitali o di persone, tuttavia solo fino alla riforma della legge sulla ragione sociale (quindi fino a 1 luglio 1998),<\/li>\n<li>il mandamento delle camere o meglio della pretura anche per quanto riguarda la denominazione sociale (ad esempio la dicitura &#8222;Institut&#8220; \u00e8 stata parzialmente rifiutata),<\/li>\n<li>la questione dell&#8217;obbligatoriet\u00e0 di versare una quota alle camere di commercio da parte di un GEIE formata da liberi professionisti (obbligatoriet\u00e0 negata dal tribunale di D\u00fcsseldorf),<\/li>\n<li>inoltre ci sono sempre questioni riguardanti la costituzione delle riserve.<\/li>\n<\/ul>\n<\/li>\n<\/ul>\n<ul>\n<li>Complessivamente, per\u00f3, predominano gli aspetti positivi; anche presso la Commissione Europea, la cui Direzione Generale XXIII rimasta in vigore finora (responsabile delle questioni del ceto medio) monitora abitualmente il GEIE, sono stati constatati generalmente degli aspetti positivi. Un sondaggio effettuato su un campione di GEIE nell&#8217;ambito di una tesi di laurea presso l&#8217;Universit\u00e0 di Ulm (dal Dottore in matematica Micheal Deichsel) ha evidenziato che circa il 70% degli interpellati si sente soddisfatto di aver raggiunto le aspettative riposte nella collaborazione; solo il 9% ha risposto negativamente. Questo \u00e8 sicuramente un ottimo risultato.<\/li>\n<\/ul>\n","protected":false},"excerpt":{"rendered":"<p>Tipologie di problemi Come per ogni altra forma di societ\u00e0, anche per le attivit\u00e0 del GEIE si ricorre alle indicazioni offerte dalle diverse esperienze per tracciare un quadro dei problemi pi\u00f9 ricorrenti &#8211; i dati per\u00f3 a disposizione non sono cos\u00ed tanti, in quanto le ultime leggi d&#8217;attuazione sono entrate in vigore nel 1992. Ad [&hellip;]<\/p>\n","protected":false},"author":1,"featured_media":0,"parent":197,"menu_order":13,"comment_status":"open","ping_status":"open","template":"","meta":{"_bbp_topic_count":0,"_bbp_reply_count":0,"_bbp_total_topic_count":0,"_bbp_total_reply_count":0,"_bbp_voice_count":0,"_bbp_anonymous_reply_count":0,"_bbp_topic_count_hidden":0,"_bbp_reply_count_hidden":0,"_bbp_forum_subforum_count":0,"footnotes":""},"class_list":["post-306","page","type-page","status-publish","hentry"],"yoast_head":"<!-- This site is optimized with the Yoast SEO plugin v26.4 - https:\/\/yoast.com\/wordpress\/plugins\/seo\/ -->\n<title>Tipologie di problemi - Libertas-it<\/title>\n<meta name=\"robots\" content=\"index, follow, max-snippet:-1, max-image-preview:large, max-video-preview:-1\" \/>\n<link rel=\"canonical\" href=\"https:\/\/www.libertas-institut.com\/it\/centro-geie\/it_ewiv_inhaltsverzeichnis\/tipologie-di-problemi\/\" \/>\n<meta property=\"og:locale\" content=\"de_DE\" \/>\n<meta property=\"og:type\" content=\"article\" \/>\n<meta property=\"og:title\" content=\"Tipologie di problemi - Libertas-it\" \/>\n<meta property=\"og:description\" content=\"Tipologie di problemi Come per ogni altra forma di societ\u00e0, anche per le attivit\u00e0 del GEIE si ricorre alle indicazioni offerte dalle diverse esperienze per tracciare un quadro dei problemi pi\u00f9 ricorrenti &#8211; i dati per\u00f3 a disposizione non sono cos\u00ed tanti, in quanto le ultime leggi d&#8217;attuazione sono entrate in vigore nel 1992. Ad [&hellip;]\" \/>\n<meta property=\"og:url\" content=\"https:\/\/www.libertas-institut.com\/it\/centro-geie\/it_ewiv_inhaltsverzeichnis\/tipologie-di-problemi\/\" \/>\n<meta property=\"og:site_name\" content=\"Libertas-it\" \/>\n<meta property=\"article:modified_time\" content=\"2014-09-19T04:50:19+00:00\" \/>\n<meta name=\"twitter:label1\" content=\"Gesch\u00e4tzte Lesezeit\" \/>\n\t<meta name=\"twitter:data1\" content=\"1\u00a0Minute\" \/>\n<script type=\"application\/ld+json\" class=\"yoast-schema-graph\">{\"@context\":\"https:\/\/schema.org\",\"@graph\":[{\"@type\":\"WebPage\",\"@id\":\"https:\/\/www.libertas-institut.com\/it\/centro-geie\/it_ewiv_inhaltsverzeichnis\/tipologie-di-problemi\/\",\"url\":\"https:\/\/www.libertas-institut.com\/it\/centro-geie\/it_ewiv_inhaltsverzeichnis\/tipologie-di-problemi\/\",\"name\":\"Tipologie di problemi - Libertas-it\",\"isPartOf\":{\"@id\":\"https:\/\/www.libertas-institut.com\/it\/#website\"},\"datePublished\":\"2014-09-18T19:31:53+00:00\",\"dateModified\":\"2014-09-19T04:50:19+00:00\",\"breadcrumb\":{\"@id\":\"https:\/\/www.libertas-institut.com\/it\/centro-geie\/it_ewiv_inhaltsverzeichnis\/tipologie-di-problemi\/#breadcrumb\"},\"inLanguage\":\"de\",\"potentialAction\":[{\"@type\":\"ReadAction\",\"target\":[\"https:\/\/www.libertas-institut.com\/it\/centro-geie\/it_ewiv_inhaltsverzeichnis\/tipologie-di-problemi\/\"]}]},{\"@type\":\"BreadcrumbList\",\"@id\":\"https:\/\/www.libertas-institut.com\/it\/centro-geie\/it_ewiv_inhaltsverzeichnis\/tipologie-di-problemi\/#breadcrumb\",\"itemListElement\":[{\"@type\":\"ListItem\",\"position\":1,\"name\":\"Home\",\"item\":\"https:\/\/www.libertas-institut.com\/it\/\"},{\"@type\":\"ListItem\",\"position\":2,\"name\":\"Centro GEIE\",\"item\":\"https:\/\/www.libertas-institut.com\/it\/centro-geie\/\"},{\"@type\":\"ListItem\",\"position\":3,\"name\":\"it_ewiv_inhaltsverzeichnis.\",\"item\":\"https:\/\/www.libertas-institut.com\/it\/centro-geie\/it_ewiv_inhaltsverzeichnis\/\"},{\"@type\":\"ListItem\",\"position\":4,\"name\":\"Tipologie di problemi\"}]},{\"@type\":\"WebSite\",\"@id\":\"https:\/\/www.libertas-institut.com\/it\/#website\",\"url\":\"https:\/\/www.libertas-institut.com\/it\/\",\"name\":\"Libertas-it\",\"description\":\"\u00a9 by Libertas GmbH\",\"potentialAction\":[{\"@type\":\"SearchAction\",\"target\":{\"@type\":\"EntryPoint\",\"urlTemplate\":\"https:\/\/www.libertas-institut.com\/it\/?s={search_term_string}\"},\"query-input\":{\"@type\":\"PropertyValueSpecification\",\"valueRequired\":true,\"valueName\":\"search_term_string\"}}],\"inLanguage\":\"de\"}]}<\/script>\n<!-- \/ Yoast SEO plugin. -->","yoast_head_json":{"title":"Tipologie di problemi - Libertas-it","robots":{"index":"index","follow":"follow","max-snippet":"max-snippet:-1","max-image-preview":"max-image-preview:large","max-video-preview":"max-video-preview:-1"},"canonical":"https:\/\/www.libertas-institut.com\/it\/centro-geie\/it_ewiv_inhaltsverzeichnis\/tipologie-di-problemi\/","og_locale":"de_DE","og_type":"article","og_title":"Tipologie di problemi - Libertas-it","og_description":"Tipologie di problemi Come per ogni altra forma di societ\u00e0, anche per le attivit\u00e0 del GEIE si ricorre alle indicazioni offerte dalle diverse esperienze per tracciare un quadro dei problemi pi\u00f9 ricorrenti &#8211; i dati per\u00f3 a disposizione non sono cos\u00ed tanti, in quanto le ultime leggi d&#8217;attuazione sono entrate in vigore nel 1992. Ad [&hellip;]","og_url":"https:\/\/www.libertas-institut.com\/it\/centro-geie\/it_ewiv_inhaltsverzeichnis\/tipologie-di-problemi\/","og_site_name":"Libertas-it","article_modified_time":"2014-09-19T04:50:19+00:00","twitter_misc":{"Gesch\u00e4tzte Lesezeit":"1\u00a0Minute"},"schema":{"@context":"https:\/\/schema.org","@graph":[{"@type":"WebPage","@id":"https:\/\/www.libertas-institut.com\/it\/centro-geie\/it_ewiv_inhaltsverzeichnis\/tipologie-di-problemi\/","url":"https:\/\/www.libertas-institut.com\/it\/centro-geie\/it_ewiv_inhaltsverzeichnis\/tipologie-di-problemi\/","name":"Tipologie di problemi - Libertas-it","isPartOf":{"@id":"https:\/\/www.libertas-institut.com\/it\/#website"},"datePublished":"2014-09-18T19:31:53+00:00","dateModified":"2014-09-19T04:50:19+00:00","breadcrumb":{"@id":"https:\/\/www.libertas-institut.com\/it\/centro-geie\/it_ewiv_inhaltsverzeichnis\/tipologie-di-problemi\/#breadcrumb"},"inLanguage":"de","potentialAction":[{"@type":"ReadAction","target":["https:\/\/www.libertas-institut.com\/it\/centro-geie\/it_ewiv_inhaltsverzeichnis\/tipologie-di-problemi\/"]}]},{"@type":"BreadcrumbList","@id":"https:\/\/www.libertas-institut.com\/it\/centro-geie\/it_ewiv_inhaltsverzeichnis\/tipologie-di-problemi\/#breadcrumb","itemListElement":[{"@type":"ListItem","position":1,"name":"Home","item":"https:\/\/www.libertas-institut.com\/it\/"},{"@type":"ListItem","position":2,"name":"Centro GEIE","item":"https:\/\/www.libertas-institut.com\/it\/centro-geie\/"},{"@type":"ListItem","position":3,"name":"it_ewiv_inhaltsverzeichnis.","item":"https:\/\/www.libertas-institut.com\/it\/centro-geie\/it_ewiv_inhaltsverzeichnis\/"},{"@type":"ListItem","position":4,"name":"Tipologie di problemi"}]},{"@type":"WebSite","@id":"https:\/\/www.libertas-institut.com\/it\/#website","url":"https:\/\/www.libertas-institut.com\/it\/","name":"Libertas-it","description":"\u00a9 by Libertas GmbH","potentialAction":[{"@type":"SearchAction","target":{"@type":"EntryPoint","urlTemplate":"https:\/\/www.libertas-institut.com\/it\/?s={search_term_string}"},"query-input":{"@type":"PropertyValueSpecification","valueRequired":true,"valueName":"search_term_string"}}],"inLanguage":"de"}]}},"_links":{"self":[{"href":"https:\/\/www.libertas-institut.com\/it\/wp-json\/wp\/v2\/pages\/306","targetHints":{"allow":["GET"]}}],"collection":[{"href":"https:\/\/www.libertas-institut.com\/it\/wp-json\/wp\/v2\/pages"}],"about":[{"href":"https:\/\/www.libertas-institut.com\/it\/wp-json\/wp\/v2\/types\/page"}],"author":[{"embeddable":true,"href":"https:\/\/www.libertas-institut.com\/it\/wp-json\/wp\/v2\/users\/1"}],"replies":[{"embeddable":true,"href":"https:\/\/www.libertas-institut.com\/it\/wp-json\/wp\/v2\/comments?post=306"}],"version-history":[{"count":0,"href":"https:\/\/www.libertas-institut.com\/it\/wp-json\/wp\/v2\/pages\/306\/revisions"}],"up":[{"embeddable":true,"href":"https:\/\/www.libertas-institut.com\/it\/wp-json\/wp\/v2\/pages\/197"}],"wp:attachment":[{"href":"https:\/\/www.libertas-institut.com\/it\/wp-json\/wp\/v2\/media?parent=306"}],"curies":[{"name":"wp","href":"https:\/\/api.w.org\/{rel}","templated":true}]}}