{"id":308,"date":"2014-09-18T21:31:53","date_gmt":"2014-09-18T19:31:53","guid":{"rendered":"http:\/\/www.libertas-institut.com\/it\/centro-geie\/it_ewiv_inhaltsverzeichnis\/membri-di-paesi-terzi\/"},"modified":"2014-09-19T06:52:52","modified_gmt":"2014-09-19T04:52:52","slug":"membri-di-paesi-terzi","status":"publish","type":"page","link":"https:\/\/www.libertas-institut.com\/it\/centro-geie\/it_ewiv_inhaltsverzeichnis\/membri-di-paesi-terzi\/","title":{"rendered":"Membri di paesi terzi"},"content":{"rendered":"<h1 style=\"text-align: center;\">Membri di paesi terzi<\/h1>\n<ul>\n<li>I membri di un GEIE normalmente appartengono all&#8217;Unione Europea. Problemi sorgono quando in una struttura di questo tipo debbano essere presenti quali soci, imprese appartenenti a paesi terzi come la Svizzera, la Slovenia e la Repubblica Ceca, oppure anche Stati Uniti e il Canada &#8211; si tratta, infatti, di quei partner di acquisto e vendita, con i quali, in ogni caso, c&#8217;\u00e8 una collaborazione. Gli stati appartenenti allo spazio economico europeo possono comunque diventare membri; questo riguarda imprese con sede ad esempio in Norvegia, in Islanda e nel Lichtenstein. Tutti questi paesi si sono impegnati, entro una certa data, a introdurre nella loro legislazione, una normativa volta a rendere possibile la costituzione della sede di un GEIE anche nei loro territori. Tuttavia l&#8217;interesse finora dimostrato in questi paesi \u00e9 ancora limitato, a causa di una scarsa conoscenza di informazioni.<\/li>\n<\/ul>\n<ul>\n<li>Nella pratica, il fatto che le imprese di terzi paesi siano escluse dalla partecipazione ad un GEIE, si \u00e8 rivelato in realt\u00e1 un grosso punto debole del Regolamento (in una fase futura del Regolamento questo problema verr\u00e0 di nuovo proprosto, tuttavia dopo si temer\u00e1 per il trasferimento degli utili ai paesi terzi).<\/li>\n<\/ul>\n<ul>\n<li>Un&#8217;esempio \u00e9 offerto dalla Svizzera: in Francia, Italia, Austria e Germania, ci sono innumerevoli imprese, che hanno rapporti commerciali con imprese svizzere, ad esempio per la cooperazione o la vendita di software. Le imprese svizzere per\u00f2 non possono da principio partecipare ad un GEIE che viene costituito nel Mercato Unico. Perci\u00f3 sempre pi\u00fa imprenditori svizzeri, che sono esclusi dall&#8217;Unione Europea e dallo spazio commerciale europeo, si muovono nella direzione di entrare a far parte di un GEIE, realizzando nel frattempo iniziative personali per compensare questa mancanza: ricorrono a mezzi giuridici pi\u00f9 tradizionali per poter realizzare forme di cooperazione a livello europeo.<\/li>\n<\/ul>\n<ul>\n<li>Un mezzo di provata efficacia per ovviare a questo limite (l&#8217;esclusione) \u00e8 offerto dall&#8216;<strong>associazione<\/strong>. Per non ritardare l&#8217;iscrizione presso il registro delle imprese si pu\u00f3 rinunciare a dichiarare la collaborazione con i paesi terzi gi\u00e1 nell&#8217;atto costitutivo, ma effettuare l&#8217;inserimento in un tempo successivo tramite una deliberazione sociale. L&#8217;esperienza ha dimostrato che i timori di considerare i soci associati solo come &#8222;cosi di seconda classe&#8220;, sono infondati; la costrizione di un consenso a livello manageriale, comprende anche queste imprese.<\/li>\n<\/ul>\n<ul>\n<li>Concludendo, la carica di <strong>amministratore<\/strong> di un GEIE pu\u00f3 essere ricoperta <strong>anche<\/strong> da un <strong>soggetto proveniente da un paese terzo<\/strong>. Non c&#8217;\u00e8 alcuna legge che lo vieti. Nella pratica ci sono gi\u00e0 in alcuni GEIE degli amministratori che eseguono questa funzione. Cos\u00ed ad esempio un GEIE del sud della Germnaia ha come amministratore un turco che risiede a Instambul.<\/li>\n<\/ul>\n<ul>\n<li>Infine va ricordato che il GEIE gode del diritto di libert\u00e1 di circolazione degli imprenditori &#8211; nei paesi dove questo principio \u00e8 valido &#8211; e quindi pu\u00f3 essere utilizzato per fondare la sede ad esempio in Giappone o negli Stati Uniti. Contemporaneamente un GEIE di questo tipo sottosta naturalemnte anche al diritto locale.<\/li>\n<\/ul>\n<ul>\n<li>Infine, possono essere utilizzati anche imprese di paesi terzi, che <strong>si stabiliscono in Europa<\/strong> in uno o in altri modi, al fine di realizzare i presupposti per una condizione di socio in un GEIE.<\/li>\n<\/ul>\n","protected":false},"excerpt":{"rendered":"<p>Membri di paesi terzi I membri di un GEIE normalmente appartengono all&#8217;Unione Europea. Problemi sorgono quando in una struttura di questo tipo debbano essere presenti quali soci, imprese appartenenti a paesi terzi come la Svizzera, la Slovenia e la Repubblica Ceca, oppure anche Stati Uniti e il Canada &#8211; si tratta, infatti, di quei partner [&hellip;]<\/p>\n","protected":false},"author":1,"featured_media":0,"parent":197,"menu_order":15,"comment_status":"open","ping_status":"open","template":"","meta":{"_bbp_topic_count":0,"_bbp_reply_count":0,"_bbp_total_topic_count":0,"_bbp_total_reply_count":0,"_bbp_voice_count":0,"_bbp_anonymous_reply_count":0,"_bbp_topic_count_hidden":0,"_bbp_reply_count_hidden":0,"_bbp_forum_subforum_count":0,"footnotes":""},"class_list":["post-308","page","type-page","status-publish","hentry"],"yoast_head":"<!-- This site is optimized with the Yoast SEO plugin v26.4 - https:\/\/yoast.com\/wordpress\/plugins\/seo\/ -->\n<title>Membri di paesi terzi - Libertas-it<\/title>\n<meta name=\"robots\" content=\"index, follow, max-snippet:-1, max-image-preview:large, max-video-preview:-1\" \/>\n<link rel=\"canonical\" href=\"https:\/\/www.libertas-institut.com\/it\/centro-geie\/it_ewiv_inhaltsverzeichnis\/membri-di-paesi-terzi\/\" \/>\n<meta property=\"og:locale\" content=\"de_DE\" \/>\n<meta property=\"og:type\" content=\"article\" \/>\n<meta property=\"og:title\" content=\"Membri di paesi terzi - Libertas-it\" \/>\n<meta property=\"og:description\" content=\"Membri di paesi terzi I membri di un GEIE normalmente appartengono all&#8217;Unione Europea. Problemi sorgono quando in una struttura di questo tipo debbano essere presenti quali soci, imprese appartenenti a paesi terzi come la Svizzera, la Slovenia e la Repubblica Ceca, oppure anche Stati Uniti e il Canada &#8211; si tratta, infatti, di quei partner [&hellip;]\" \/>\n<meta property=\"og:url\" content=\"https:\/\/www.libertas-institut.com\/it\/centro-geie\/it_ewiv_inhaltsverzeichnis\/membri-di-paesi-terzi\/\" \/>\n<meta property=\"og:site_name\" content=\"Libertas-it\" \/>\n<meta property=\"article:modified_time\" content=\"2014-09-19T04:52:52+00:00\" \/>\n<meta name=\"twitter:label1\" content=\"Gesch\u00e4tzte Lesezeit\" \/>\n\t<meta name=\"twitter:data1\" content=\"3\u00a0Minuten\" \/>\n<script type=\"application\/ld+json\" class=\"yoast-schema-graph\">{\"@context\":\"https:\/\/schema.org\",\"@graph\":[{\"@type\":\"WebPage\",\"@id\":\"https:\/\/www.libertas-institut.com\/it\/centro-geie\/it_ewiv_inhaltsverzeichnis\/membri-di-paesi-terzi\/\",\"url\":\"https:\/\/www.libertas-institut.com\/it\/centro-geie\/it_ewiv_inhaltsverzeichnis\/membri-di-paesi-terzi\/\",\"name\":\"Membri di paesi terzi - Libertas-it\",\"isPartOf\":{\"@id\":\"https:\/\/www.libertas-institut.com\/it\/#website\"},\"datePublished\":\"2014-09-18T19:31:53+00:00\",\"dateModified\":\"2014-09-19T04:52:52+00:00\",\"breadcrumb\":{\"@id\":\"https:\/\/www.libertas-institut.com\/it\/centro-geie\/it_ewiv_inhaltsverzeichnis\/membri-di-paesi-terzi\/#breadcrumb\"},\"inLanguage\":\"de\",\"potentialAction\":[{\"@type\":\"ReadAction\",\"target\":[\"https:\/\/www.libertas-institut.com\/it\/centro-geie\/it_ewiv_inhaltsverzeichnis\/membri-di-paesi-terzi\/\"]}]},{\"@type\":\"BreadcrumbList\",\"@id\":\"https:\/\/www.libertas-institut.com\/it\/centro-geie\/it_ewiv_inhaltsverzeichnis\/membri-di-paesi-terzi\/#breadcrumb\",\"itemListElement\":[{\"@type\":\"ListItem\",\"position\":1,\"name\":\"Home\",\"item\":\"https:\/\/www.libertas-institut.com\/it\/\"},{\"@type\":\"ListItem\",\"position\":2,\"name\":\"Centro GEIE\",\"item\":\"https:\/\/www.libertas-institut.com\/it\/centro-geie\/\"},{\"@type\":\"ListItem\",\"position\":3,\"name\":\"it_ewiv_inhaltsverzeichnis.\",\"item\":\"https:\/\/www.libertas-institut.com\/it\/centro-geie\/it_ewiv_inhaltsverzeichnis\/\"},{\"@type\":\"ListItem\",\"position\":4,\"name\":\"Membri di paesi terzi\"}]},{\"@type\":\"WebSite\",\"@id\":\"https:\/\/www.libertas-institut.com\/it\/#website\",\"url\":\"https:\/\/www.libertas-institut.com\/it\/\",\"name\":\"Libertas-it\",\"description\":\"\u00a9 by Libertas GmbH\",\"potentialAction\":[{\"@type\":\"SearchAction\",\"target\":{\"@type\":\"EntryPoint\",\"urlTemplate\":\"https:\/\/www.libertas-institut.com\/it\/?s={search_term_string}\"},\"query-input\":{\"@type\":\"PropertyValueSpecification\",\"valueRequired\":true,\"valueName\":\"search_term_string\"}}],\"inLanguage\":\"de\"}]}<\/script>\n<!-- \/ Yoast SEO plugin. -->","yoast_head_json":{"title":"Membri di paesi terzi - Libertas-it","robots":{"index":"index","follow":"follow","max-snippet":"max-snippet:-1","max-image-preview":"max-image-preview:large","max-video-preview":"max-video-preview:-1"},"canonical":"https:\/\/www.libertas-institut.com\/it\/centro-geie\/it_ewiv_inhaltsverzeichnis\/membri-di-paesi-terzi\/","og_locale":"de_DE","og_type":"article","og_title":"Membri di paesi terzi - Libertas-it","og_description":"Membri di paesi terzi I membri di un GEIE normalmente appartengono all&#8217;Unione Europea. Problemi sorgono quando in una struttura di questo tipo debbano essere presenti quali soci, imprese appartenenti a paesi terzi come la Svizzera, la Slovenia e la Repubblica Ceca, oppure anche Stati Uniti e il Canada &#8211; si tratta, infatti, di quei partner [&hellip;]","og_url":"https:\/\/www.libertas-institut.com\/it\/centro-geie\/it_ewiv_inhaltsverzeichnis\/membri-di-paesi-terzi\/","og_site_name":"Libertas-it","article_modified_time":"2014-09-19T04:52:52+00:00","twitter_misc":{"Gesch\u00e4tzte Lesezeit":"3\u00a0Minuten"},"schema":{"@context":"https:\/\/schema.org","@graph":[{"@type":"WebPage","@id":"https:\/\/www.libertas-institut.com\/it\/centro-geie\/it_ewiv_inhaltsverzeichnis\/membri-di-paesi-terzi\/","url":"https:\/\/www.libertas-institut.com\/it\/centro-geie\/it_ewiv_inhaltsverzeichnis\/membri-di-paesi-terzi\/","name":"Membri di paesi terzi - Libertas-it","isPartOf":{"@id":"https:\/\/www.libertas-institut.com\/it\/#website"},"datePublished":"2014-09-18T19:31:53+00:00","dateModified":"2014-09-19T04:52:52+00:00","breadcrumb":{"@id":"https:\/\/www.libertas-institut.com\/it\/centro-geie\/it_ewiv_inhaltsverzeichnis\/membri-di-paesi-terzi\/#breadcrumb"},"inLanguage":"de","potentialAction":[{"@type":"ReadAction","target":["https:\/\/www.libertas-institut.com\/it\/centro-geie\/it_ewiv_inhaltsverzeichnis\/membri-di-paesi-terzi\/"]}]},{"@type":"BreadcrumbList","@id":"https:\/\/www.libertas-institut.com\/it\/centro-geie\/it_ewiv_inhaltsverzeichnis\/membri-di-paesi-terzi\/#breadcrumb","itemListElement":[{"@type":"ListItem","position":1,"name":"Home","item":"https:\/\/www.libertas-institut.com\/it\/"},{"@type":"ListItem","position":2,"name":"Centro GEIE","item":"https:\/\/www.libertas-institut.com\/it\/centro-geie\/"},{"@type":"ListItem","position":3,"name":"it_ewiv_inhaltsverzeichnis.","item":"https:\/\/www.libertas-institut.com\/it\/centro-geie\/it_ewiv_inhaltsverzeichnis\/"},{"@type":"ListItem","position":4,"name":"Membri di paesi terzi"}]},{"@type":"WebSite","@id":"https:\/\/www.libertas-institut.com\/it\/#website","url":"https:\/\/www.libertas-institut.com\/it\/","name":"Libertas-it","description":"\u00a9 by Libertas GmbH","potentialAction":[{"@type":"SearchAction","target":{"@type":"EntryPoint","urlTemplate":"https:\/\/www.libertas-institut.com\/it\/?s={search_term_string}"},"query-input":{"@type":"PropertyValueSpecification","valueRequired":true,"valueName":"search_term_string"}}],"inLanguage":"de"}]}},"_links":{"self":[{"href":"https:\/\/www.libertas-institut.com\/it\/wp-json\/wp\/v2\/pages\/308","targetHints":{"allow":["GET"]}}],"collection":[{"href":"https:\/\/www.libertas-institut.com\/it\/wp-json\/wp\/v2\/pages"}],"about":[{"href":"https:\/\/www.libertas-institut.com\/it\/wp-json\/wp\/v2\/types\/page"}],"author":[{"embeddable":true,"href":"https:\/\/www.libertas-institut.com\/it\/wp-json\/wp\/v2\/users\/1"}],"replies":[{"embeddable":true,"href":"https:\/\/www.libertas-institut.com\/it\/wp-json\/wp\/v2\/comments?post=308"}],"version-history":[{"count":0,"href":"https:\/\/www.libertas-institut.com\/it\/wp-json\/wp\/v2\/pages\/308\/revisions"}],"up":[{"embeddable":true,"href":"https:\/\/www.libertas-institut.com\/it\/wp-json\/wp\/v2\/pages\/197"}],"wp:attachment":[{"href":"https:\/\/www.libertas-institut.com\/it\/wp-json\/wp\/v2\/media?parent=308"}],"curies":[{"name":"wp","href":"https:\/\/api.w.org\/{rel}","templated":true}]}}