{"id":310,"date":"2014-09-18T21:31:53","date_gmt":"2014-09-18T19:31:53","guid":{"rendered":"http:\/\/www.libertas-institut.com\/it\/centro-geie\/it_ewiv_inhaltsverzeichnis\/13-motivi-per-costitutire-un-geie\/"},"modified":"2014-09-19T06:57:05","modified_gmt":"2014-09-19T04:57:05","slug":"13-motivi-per-costitutire-un-geie","status":"publish","type":"page","link":"https:\/\/www.libertas-institut.com\/it\/centro-geie\/it_ewiv_inhaltsverzeichnis\/13-motivi-per-costitutire-un-geie\/","title":{"rendered":"13 motivi per costitutire un GEIE"},"content":{"rendered":"<h1 style=\"text-align: center;\">13 motivi per costitutire un GEIE<\/h1>\n<ul>\n<li>I <strong>vantaggi<\/strong> di un GEIE rispetto alle limitazioni delle altre forme societarie, pi\u00fa tradizionali (e questo non pu\u00f2 essere considerato una numerazione conclusiva):\n<ol>\n<li>\u00a0 <em>ciascun imprenditore pu\u00f2 raggiungere, attraverso il fine della cooperazione un separato &#8222;profit center&#8220; e determinare a priori in modo univoco, delimitato e misurabile la durata e la portata;<\/em><\/li>\n<li><em>\u00a0si tratta di una forma sociale estremamente flessibile e con poche formalit\u00e1 burocratiche, nella quale solo poche circostanze di fatto sono state precedentemente regolamentate e nella quale si possono trovare le migliori risposte alle esigenze di ciascun socio;<\/em><\/li>\n<li><em>il GEIE pu\u00f2 essere costituito con o senza l&#8217;apporto di capitali;<\/em><\/li>\n<li><em>il GEIE pu\u00f2 essere costituito contemporaneamente con partner di strutture giuridiche completamente diverse (ad esempio: liberi professionisti, s.r.l., S.p.A., amministrazioni comunali, camere dell&#8217;industria e del commercio, associazioni registrate, ecc.);<\/em><\/li>\n<li><em>i soci di un GEIE rimangono anche dopo la costituzione del gruppo giuridicamente indipendenti, per quanto concerne le loro attivit\u00e1 originarie; inoltre mantengono la loro libert\u00e1 imprenditoriale e riescono comunque a incrementare economicamente gli scopi perseguiti attraverso il GEIE;<\/em><\/li>\n<li><em>il GEIE rappresenta verso i terzi uno strumento affidabile, in quanto i soci hanno una ampia responsabilit\u00e1 (illimitata e solidale); questo non produce problemi nella realt\u00e1, in quanto all&#8217;interno del GEIE deve sempre esserci il consenso da parte dei soci per le attivit\u00e1 intraprese, e possono anche venire limitate le competenze dell&#8217;amministratore;<\/em><\/li>\n<li><em>il GEIE non \u00e8 soggetto ad imposte per il risultato delle sue attivit\u00e1; il gruppo deve distribuire i suoi profitti ai soci, cosa che produce vantaggi dal punto di vista fiscale (ad esempio la creazione di riserve per i progetti ecc.);<\/em><\/li>\n<li><em>un GEIE non \u00e8 sottoposto n\u00e9 all&#8217;imposta sul reddito delle persone giuridiche, n\u00e9 all&#8217;imposta comunale su industria e commercio; in Germania inoltre non sussiste ne l&#8217;obbligo di redazione di bilancio, ne di pubblicazione dello stesso. Un GEIE \u00e8 quindi tenuto di regola a versare solamente l&#8217;imposta sul valore aggiunto e l&#8217;imposta sul reddito di lavoro dipendente;<\/em><\/li>\n<li><em>il gruppo, in qualit\u00e0 di GEIE, pu\u00f2 essere presente sul mercato e per cui pu\u00f3 avere ad esempio un proprio marchio registrato oppure anche non registrato;<\/em><\/li>\n<li><em>la sede del gruppo pu\u00f2 essere trasferita da un paese all&#8217;altro senza problemi (altri tipi di imprese devono invece prima essere liquidati per poter essere costruiti in un altro paese &#8211; chiaramente questo comporta perdite in denaro e d&#8217;immagine);<\/em><\/li>\n<li><em>la base legale del GEIE \u00e8 ovunque uguale &#8211; il Regolamento Comunitario 2137\/85 esiste in tutte le lingue ufficiali della Comunit\u00e0 Europea; nessuno deve sentirsi discriminato per l&#8217;applicazione di un fondamento giuridico redatto in una lingua straniera (come ad esempio le leggi tedesche di una s.r.l. per le partner italiane);<\/em><\/li>\n<li><em>chi entra a far parte di un GEIE non deve dimostrare da principio le sue competenze a livello del Mercato Comune Europeo (questo pu\u00f3 essere particolarmente utile ad esempio per i consorzi, che intendono fare richiesta di contributi comunitari);<\/em><\/li>\n<li><em>Tutte le societ\u00e1 in un GEIE hanno la possibilit\u00e0 di pensare a livello europeo e di essere sempre pronti a sostenere le sfide della globalizzazione.<\/em><\/li>\n<\/ol>\n<\/li>\n<\/ul>\n<p style=\"padding-left: 30px;\">\u00a0Tuttavia \u00e8 bene dare delle avvertenze prima della costituzione di un GEIE: bisogna lasciarsi consigliare in modo approfondito al fine di poter sfruttare al meglio tutte le potenzialit\u00e0 offerte da questo strumento innovativo e flessibile.<\/p>\n","protected":false},"excerpt":{"rendered":"<p>13 motivi per costitutire un GEIE I vantaggi di un GEIE rispetto alle limitazioni delle altre forme societarie, pi\u00fa tradizionali (e questo non pu\u00f2 essere considerato una numerazione conclusiva): \u00a0 ciascun imprenditore pu\u00f2 raggiungere, attraverso il fine della cooperazione un separato &#8222;profit center&#8220; e determinare a priori in modo univoco, delimitato e misurabile la durata [&hellip;]<\/p>\n","protected":false},"author":1,"featured_media":0,"parent":197,"menu_order":17,"comment_status":"open","ping_status":"open","template":"","meta":{"_bbp_topic_count":0,"_bbp_reply_count":0,"_bbp_total_topic_count":0,"_bbp_total_reply_count":0,"_bbp_voice_count":0,"_bbp_anonymous_reply_count":0,"_bbp_topic_count_hidden":0,"_bbp_reply_count_hidden":0,"_bbp_forum_subforum_count":0,"footnotes":""},"class_list":["post-310","page","type-page","status-publish","hentry"],"yoast_head":"<!-- This site is optimized with the Yoast SEO plugin v26.4 - https:\/\/yoast.com\/wordpress\/plugins\/seo\/ -->\n<title>13 motivi per costitutire un GEIE - Libertas-it<\/title>\n<meta name=\"robots\" content=\"index, follow, max-snippet:-1, max-image-preview:large, max-video-preview:-1\" \/>\n<link rel=\"canonical\" href=\"https:\/\/www.libertas-institut.com\/it\/centro-geie\/it_ewiv_inhaltsverzeichnis\/13-motivi-per-costitutire-un-geie\/\" \/>\n<meta property=\"og:locale\" content=\"de_DE\" \/>\n<meta property=\"og:type\" content=\"article\" \/>\n<meta property=\"og:title\" content=\"13 motivi per costitutire un GEIE - Libertas-it\" \/>\n<meta property=\"og:description\" content=\"13 motivi per costitutire un GEIE I vantaggi di un GEIE rispetto alle limitazioni delle altre forme societarie, pi\u00fa tradizionali (e questo non pu\u00f2 essere considerato una numerazione conclusiva): \u00a0 ciascun imprenditore pu\u00f2 raggiungere, attraverso il fine della cooperazione un separato &#8222;profit center&#8220; e determinare a priori in modo univoco, delimitato e misurabile la durata [&hellip;]\" \/>\n<meta property=\"og:url\" content=\"https:\/\/www.libertas-institut.com\/it\/centro-geie\/it_ewiv_inhaltsverzeichnis\/13-motivi-per-costitutire-un-geie\/\" \/>\n<meta property=\"og:site_name\" content=\"Libertas-it\" \/>\n<meta property=\"article:modified_time\" content=\"2014-09-19T04:57:05+00:00\" \/>\n<meta name=\"twitter:label1\" content=\"Gesch\u00e4tzte Lesezeit\" \/>\n\t<meta name=\"twitter:data1\" content=\"3\u00a0Minuten\" \/>\n<script type=\"application\/ld+json\" class=\"yoast-schema-graph\">{\"@context\":\"https:\/\/schema.org\",\"@graph\":[{\"@type\":\"WebPage\",\"@id\":\"https:\/\/www.libertas-institut.com\/it\/centro-geie\/it_ewiv_inhaltsverzeichnis\/13-motivi-per-costitutire-un-geie\/\",\"url\":\"https:\/\/www.libertas-institut.com\/it\/centro-geie\/it_ewiv_inhaltsverzeichnis\/13-motivi-per-costitutire-un-geie\/\",\"name\":\"13 motivi per costitutire un GEIE - Libertas-it\",\"isPartOf\":{\"@id\":\"https:\/\/www.libertas-institut.com\/it\/#website\"},\"datePublished\":\"2014-09-18T19:31:53+00:00\",\"dateModified\":\"2014-09-19T04:57:05+00:00\",\"breadcrumb\":{\"@id\":\"https:\/\/www.libertas-institut.com\/it\/centro-geie\/it_ewiv_inhaltsverzeichnis\/13-motivi-per-costitutire-un-geie\/#breadcrumb\"},\"inLanguage\":\"de\",\"potentialAction\":[{\"@type\":\"ReadAction\",\"target\":[\"https:\/\/www.libertas-institut.com\/it\/centro-geie\/it_ewiv_inhaltsverzeichnis\/13-motivi-per-costitutire-un-geie\/\"]}]},{\"@type\":\"BreadcrumbList\",\"@id\":\"https:\/\/www.libertas-institut.com\/it\/centro-geie\/it_ewiv_inhaltsverzeichnis\/13-motivi-per-costitutire-un-geie\/#breadcrumb\",\"itemListElement\":[{\"@type\":\"ListItem\",\"position\":1,\"name\":\"Home\",\"item\":\"https:\/\/www.libertas-institut.com\/it\/\"},{\"@type\":\"ListItem\",\"position\":2,\"name\":\"Centro GEIE\",\"item\":\"https:\/\/www.libertas-institut.com\/it\/centro-geie\/\"},{\"@type\":\"ListItem\",\"position\":3,\"name\":\"it_ewiv_inhaltsverzeichnis.\",\"item\":\"https:\/\/www.libertas-institut.com\/it\/centro-geie\/it_ewiv_inhaltsverzeichnis\/\"},{\"@type\":\"ListItem\",\"position\":4,\"name\":\"13 motivi per costitutire un GEIE\"}]},{\"@type\":\"WebSite\",\"@id\":\"https:\/\/www.libertas-institut.com\/it\/#website\",\"url\":\"https:\/\/www.libertas-institut.com\/it\/\",\"name\":\"Libertas-it\",\"description\":\"\u00a9 by Libertas GmbH\",\"potentialAction\":[{\"@type\":\"SearchAction\",\"target\":{\"@type\":\"EntryPoint\",\"urlTemplate\":\"https:\/\/www.libertas-institut.com\/it\/?s={search_term_string}\"},\"query-input\":{\"@type\":\"PropertyValueSpecification\",\"valueRequired\":true,\"valueName\":\"search_term_string\"}}],\"inLanguage\":\"de\"}]}<\/script>\n<!-- \/ Yoast SEO plugin. -->","yoast_head_json":{"title":"13 motivi per costitutire un GEIE - Libertas-it","robots":{"index":"index","follow":"follow","max-snippet":"max-snippet:-1","max-image-preview":"max-image-preview:large","max-video-preview":"max-video-preview:-1"},"canonical":"https:\/\/www.libertas-institut.com\/it\/centro-geie\/it_ewiv_inhaltsverzeichnis\/13-motivi-per-costitutire-un-geie\/","og_locale":"de_DE","og_type":"article","og_title":"13 motivi per costitutire un GEIE - Libertas-it","og_description":"13 motivi per costitutire un GEIE I vantaggi di un GEIE rispetto alle limitazioni delle altre forme societarie, pi\u00fa tradizionali (e questo non pu\u00f2 essere considerato una numerazione conclusiva): \u00a0 ciascun imprenditore pu\u00f2 raggiungere, attraverso il fine della cooperazione un separato &#8222;profit center&#8220; e determinare a priori in modo univoco, delimitato e misurabile la durata [&hellip;]","og_url":"https:\/\/www.libertas-institut.com\/it\/centro-geie\/it_ewiv_inhaltsverzeichnis\/13-motivi-per-costitutire-un-geie\/","og_site_name":"Libertas-it","article_modified_time":"2014-09-19T04:57:05+00:00","twitter_misc":{"Gesch\u00e4tzte Lesezeit":"3\u00a0Minuten"},"schema":{"@context":"https:\/\/schema.org","@graph":[{"@type":"WebPage","@id":"https:\/\/www.libertas-institut.com\/it\/centro-geie\/it_ewiv_inhaltsverzeichnis\/13-motivi-per-costitutire-un-geie\/","url":"https:\/\/www.libertas-institut.com\/it\/centro-geie\/it_ewiv_inhaltsverzeichnis\/13-motivi-per-costitutire-un-geie\/","name":"13 motivi per costitutire un GEIE - Libertas-it","isPartOf":{"@id":"https:\/\/www.libertas-institut.com\/it\/#website"},"datePublished":"2014-09-18T19:31:53+00:00","dateModified":"2014-09-19T04:57:05+00:00","breadcrumb":{"@id":"https:\/\/www.libertas-institut.com\/it\/centro-geie\/it_ewiv_inhaltsverzeichnis\/13-motivi-per-costitutire-un-geie\/#breadcrumb"},"inLanguage":"de","potentialAction":[{"@type":"ReadAction","target":["https:\/\/www.libertas-institut.com\/it\/centro-geie\/it_ewiv_inhaltsverzeichnis\/13-motivi-per-costitutire-un-geie\/"]}]},{"@type":"BreadcrumbList","@id":"https:\/\/www.libertas-institut.com\/it\/centro-geie\/it_ewiv_inhaltsverzeichnis\/13-motivi-per-costitutire-un-geie\/#breadcrumb","itemListElement":[{"@type":"ListItem","position":1,"name":"Home","item":"https:\/\/www.libertas-institut.com\/it\/"},{"@type":"ListItem","position":2,"name":"Centro GEIE","item":"https:\/\/www.libertas-institut.com\/it\/centro-geie\/"},{"@type":"ListItem","position":3,"name":"it_ewiv_inhaltsverzeichnis.","item":"https:\/\/www.libertas-institut.com\/it\/centro-geie\/it_ewiv_inhaltsverzeichnis\/"},{"@type":"ListItem","position":4,"name":"13 motivi per costitutire un GEIE"}]},{"@type":"WebSite","@id":"https:\/\/www.libertas-institut.com\/it\/#website","url":"https:\/\/www.libertas-institut.com\/it\/","name":"Libertas-it","description":"\u00a9 by Libertas GmbH","potentialAction":[{"@type":"SearchAction","target":{"@type":"EntryPoint","urlTemplate":"https:\/\/www.libertas-institut.com\/it\/?s={search_term_string}"},"query-input":{"@type":"PropertyValueSpecification","valueRequired":true,"valueName":"search_term_string"}}],"inLanguage":"de"}]}},"_links":{"self":[{"href":"https:\/\/www.libertas-institut.com\/it\/wp-json\/wp\/v2\/pages\/310","targetHints":{"allow":["GET"]}}],"collection":[{"href":"https:\/\/www.libertas-institut.com\/it\/wp-json\/wp\/v2\/pages"}],"about":[{"href":"https:\/\/www.libertas-institut.com\/it\/wp-json\/wp\/v2\/types\/page"}],"author":[{"embeddable":true,"href":"https:\/\/www.libertas-institut.com\/it\/wp-json\/wp\/v2\/users\/1"}],"replies":[{"embeddable":true,"href":"https:\/\/www.libertas-institut.com\/it\/wp-json\/wp\/v2\/comments?post=310"}],"version-history":[{"count":0,"href":"https:\/\/www.libertas-institut.com\/it\/wp-json\/wp\/v2\/pages\/310\/revisions"}],"up":[{"embeddable":true,"href":"https:\/\/www.libertas-institut.com\/it\/wp-json\/wp\/v2\/pages\/197"}],"wp:attachment":[{"href":"https:\/\/www.libertas-institut.com\/it\/wp-json\/wp\/v2\/media?parent=310"}],"curies":[{"name":"wp","href":"https:\/\/api.w.org\/{rel}","templated":true}]}}