{"id":34,"date":"2014-07-26T19:18:05","date_gmt":"2014-07-26T17:18:05","guid":{"rendered":"http:\/\/www.libertas-institut.com\/it\/ampliamento-balkan-csi\/"},"modified":"2014-09-18T20:51:40","modified_gmt":"2014-09-18T18:51:40","slug":"ampliamento-balkan-csi","status":"publish","type":"page","link":"https:\/\/www.libertas-institut.com\/it\/ampliamento-balkan-csi\/","title":{"rendered":"Ampliamento, Balkan, CSI"},"content":{"rendered":"<h1 style=\"text-align: center;\"><strong>\u00a0Ampliamento UE, Balkan &amp; CSI<\/strong><\/h1>\n<ul>\n<li>LIBERTAS \u2013 European Institute designed and delivered in July 2010 a <strong>two week training for the Chamber of Commerce and Industry of Tajikistan in Berlin-K\u00f6penick, <\/strong>on behalf of an EU project in this Central Asian country, the German InWEnt gGmbH and in cooperationwith Bildungszentrum am M\u00fcggelsee (Training Centre Mueggelsee). <a title=\"Tajikistandelegation\" href=\"https:\/\/www.libertas-institut.com\/it\/ampliamento-balkan-csi\/tajikistandelegation\/\">more \u2026<\/a><\/li>\n<\/ul>\n<ul>\n<li><strong>Training for ministerial civil servants in Kyrgyzstan: <\/strong>In Bishkek, in the mid of July 2007 <a href=\"https:\/\/www.libertas-institut.com\/uk\/Mittel-Osteuropa\/CIS_KG_SeminarsDiplAcad0707_EN.pdf\">more&#8230;<\/a><\/li>\n<\/ul>\n<h2>1. Enlargement &#8211; General<\/h2>\n<ul>\n<li>&#8222;Strategy Paper of the European Commission on\u00a0 progress in the enlargement process&#8220; <a href=\"https:\/\/www.libertas-institut.com\/de\/Mittel-Osteuropa\/strategy_paper_de.pdf\">DE<\/a>, <a href=\"https:\/\/www.libertas-institut.com\/de\/Mittel-Osteuropa\/strategy_paper_en.pdf\">EN<\/a>, <a href=\"https:\/\/www.libertas-institut.com\/de\/Mittel-Osteuropa\/strategy_paper_fr.pdf\">FR<\/a> (download pdf)<\/li>\n<\/ul>\n<ul>\n<li>Hans-J\u00fcrgen Zahorka (DE): <a href=\"https:\/\/www.libertas-institut.com\/de\/PDF\/BVBC_Potsdam_220404.pdf\">&#8222;Welche Grenzen hat die Erweiterung der Europ\u00e4ischen Union&#8220; <\/a>Vortrag beim Bundeskongress 2004 des BVBC 22.4.2004<\/li>\n<\/ul>\n<h2>2. Turkey<\/h2>\n<ul>\n<li>&#8222;Regular Report on Turkey&#8217;s progress towards accession&#8220;, 6.10.2004 <a href=\"https:\/\/www.libertas-institut.com\/de\/Mittel-Osteuropa\/rr_tr_2004_de.pdf\">DE<\/a>, <a href=\"https:\/\/www.libertas-institut.com\/de\/Mittel-Osteuropa\/rr_tr_2004_en.pdf\">EN<\/a>, <a href=\"https:\/\/www.libertas-institut.com\/de\/Mittel-Osteuropa\/rr_tr_2004_fr.pdf\">FR<\/a> (download pdf)<\/li>\n<\/ul>\n<ul>\n<li>Communication from the Commission to the Council and the European Parlament: &#8222;Recommendation of the European Commission on Turkey&#8217;s progress towards accession&#8220; <a href=\"https:\/\/www.libertas-institut.com\/de\/Mittel-Osteuropa\/tr_recommendation_de.pdf\">DE<\/a>, <a href=\"https:\/\/www.libertas-institut.com\/de\/Mittel-Osteuropa\/tr_recommendation_en.pdf\">EN<\/a>, <a href=\"https:\/\/www.libertas-institut.com\/de\/Mittel-Osteuropa\/tr_recommendation_fr.pdf\">FR<\/a> (download pdf)<\/li>\n<\/ul>\n<h2>3. Balkan<\/h2>\n<ul>\n<li><strong>Bosnia and Hercegovina<br \/>\n<\/strong><strong><a href=\"https:\/\/www.libertas-institut.com\/en\/enlargements-balkan-cis\/bosnia_and_hercegovina\/\" target=\"_blank\">more&#8230; <\/a><\/strong>(English, Bosnian)<\/p>\n<ul>\n<li><strong>Kosovo <\/strong>Investing in Kosovo (Dokuments in English and Albanian) <a title=\"Investing in Kosovo\" href=\"https:\/\/www.libertas-institut.com\/it\/ampliamento-balkan-csi\/investing-in-kosovo\/\">more&#8230;<\/a><\/li>\n<\/ul>\n<\/li>\n<\/ul>\n<ul>\n<li><a title=\"Investing in Kosovo\" href=\"https:\/\/www.libertas-institut.com\/it\/ampliamento-balkan-csi\/investing-in-kosovo\/\">Public-Private Partnerships (PPP)<\/a><\/li>\n<\/ul>\n<ul>\n<li><strong>Macedonia<\/strong> (English)\n<ul>\n<li>&#8222;European Union Law for Small &amp; Medium Enterprises in Macedonia&#8220; &#8211; edited by Hans-J\u00fcrgen Zahorka, Marija Risteska, Juliana Dimovska <a href=\"https:\/\/www.libertas-institut.com\/de\/PDF\/MK_pub.pdf\">download&#8230;<\/a><\/li>\n<li><a href=\"https:\/\/www.libertas-institut.com\/eufundedproject\/\" target=\"_blank\">Republic of Macedonia<\/a> (English)<\/li>\n<li>The official pages of the EU-funded Project &#8222;Technical Assistance to Draft Trade Laws&#8220;. Companies, potential investors, legal, taxation and business consultants as well as other interested parties can download all relevant national and EU laws.<\/li>\n<li>Centre for Research and Policy Making (CRPM) &#8211; a Think Tank in Macedonia <a href=\"https:\/\/www.libertas-institut.com\/de\/PDF\/CRPM_MK.pdf\">more&#8230; <\/a>Contact: Mr. Zidas Daskalovski, PhD, Senior Analyst, e-mail: <a href=\"mailto:crpm@europe.com\">crpm@europe.com<\/a>,<a href=\"http:\/\/www.crpm.org.mk\/\">www.crpm.org.mk<\/a><\/li>\n<li>&#8222;<a href=\"https:\/\/www.libertas-institut.com\/de\/Mittel-Osteuropa\/ECOG.Presentation_MK30.05.05_ZAHORKA.pdf\">The Chances for Macedonian Economy and Managerial Legislative and Administrative Quality<\/a>&#8222;by Hans-J\u00fcrgen Zahorka, ECOQ Quality Day in Skopje\/Macedonia, 30.5.2005<\/li>\n<\/ul>\n<\/li>\n<\/ul>\n<h2>4. GUS<\/h2>\n<ul>\n<li><strong>Armenia<\/strong>\n<ul>\n<li><a href=\"https:\/\/www.libertas-institut.com\/de\/PDF\/Armenia%20ante%20portas.pdf\">Armenia<\/a> (English, pdf) Here you can download an article by Hans-J\u00fcrgen Zahorka on the approach of Armenia to the EU, including a scenario of a possible EU accession of Armenia<\/li>\n<li>Hans-J\u00fcrgen Zahorka: &#8222;<a href=\"https:\/\/www.libertas-institut.com\/de\/PDF\/ArmeniaDE.pdf\">Wie Armenien der Europ\u00e4ischen Union n\u00e4her kommen k\u00f6nnte<\/a>&#8220; (Deutsch, pdf) aus ADK 1-2\/2003 (Armenisch-Deutsche Korrespondenz, Vierteljahresschrift der Deutsch-Armenischen Gesellschaft)<\/li>\n<\/ul>\n<\/li>\n<\/ul>\n<ul>\n<li><strong>Georgia <\/strong>(English) <a title=\"Georgia\" href=\"https:\/\/www.libertas-institut.com\/it\/ampliamento-balkan-csi\/georgia\/\">more&#8230; <\/a>You need a speaker on European Affairs in Georgia? &#8211; see <a href=\"https:\/\/www.libertas-institut.com\/training-in-eu-affairs\/team-europe-georgia\/\" target=\"_blank\">Team Europe Georgia<\/a><\/li>\n<\/ul>\n<ul>\n<li><strong>Kyrgyzstan <\/strong><a title=\"Kyrgyztan\" href=\"https:\/\/www.libertas-institut.com\/it\/ampliamento-balkan-csi\/kyrgyztan\/\">more&#8230;<\/a> (English, Dokumente teilweise in Deutsch)<\/li>\n<\/ul>\n<ul>\n<li><strong>Russia <\/strong>(English) Approximation of Legislation in Labour Law (Papers for the EU Labour Legislation and Arbitration Project, Moscow 2004):\n<ul>\n<li>Personnel Leasing in the EU &#8211; and the consequences for Russia <a href=\"https:\/\/www.libertas-institut.com\/de\/PDF\/PersonnelLeasing.pdf\">more&#8230;<\/a> (pdf), <a href=\"https:\/\/www.libertas-institut.com\/de\/Mittel-Osteuropa\/Trudsud_PersonnelLeasing_RU_2004.pdf\">RU<\/a><\/li>\n<li>Mediation in Labour Relations: What Can Be Learned From the North American and EU Examples? <a href=\"https:\/\/www.libertas-institut.com\/de\/PDF\/Mediation.pdf\">more&#8230;<\/a> (pdf), <a href=\"https:\/\/www.libertas-institut.com\/de\/Mittel-Osteuropa\/Trudsud_Mediation_RU_2004.pdf\">RU<\/a><\/li>\n<li>Pre-Court Labour Dispute Settlements, Mediation and EU Law: Some Consequences for Russia <a href=\"https:\/\/www.libertas-institut.com\/de\/PDF\/SoftLabourDisputeSettlements.pdf\">more&#8230;<\/a> (pdf)<\/li>\n<\/ul>\n<\/li>\n<\/ul>\n<p>&nbsp;<\/p>\n<p>LIBERTAS ha sempre dimostrato un forte interesse per lo sviluppo delle strutture economiche e giuridiche nei paesi dell&#8217;Europa centrale ed orientale che intendono essere integrati nell&#8217;Unione Europea o che gi\u00e0 ne hanno fatto richiesta. Con partner, tra gli altri, sloveni e macedoni vengono organizzati ed offerti corsi relativi a questioni giuridiche ed economiche.<\/p>\n<p>LIBERTAS ha collaborato a numerosi progetti in vari paesi dell&#8217;Europa dell&#8217;est in parte organizzati nell&#8217;ambito del Progetto Comunitario Phare. Esperienze particolarmente interessanti sono state svolte nei seguenti paesi:<\/p>\n<p>&nbsp;<\/p>\n<table style=\"height: 305px;\" width=\"1091\">\n<tbody>\n<tr>\n<td><strong>Republica Ceca<\/strong><\/td>\n<td>seminari per l&#8217;Associazione Ceca Manager,<\/td>\n<\/tr>\n<tr>\n<td><strong>Ungheria<\/strong><\/td>\n<td>seminari in materia di mercato unico europeo,<\/td>\n<\/tr>\n<tr>\n<td><strong>Polonia<\/strong><\/td>\n<td>trainings per l&#8217;Akademia Economicna dell&#8217;Universit\u00e0 Katowice,<\/td>\n<\/tr>\n<tr>\n<td><strong>Slovenia<\/strong><\/td>\n<td>svariate attivit\u00e0 organizzate per conto di associazioni di categoria in materia di commercio internazionale e investimenti, progetti e collaborazione tra imprenditori. Attivit\u00e0 quale Team Leader, nell&#8217;ambito del Programma Comunitario Phare <em>Approximation of Legislation,<\/em><\/td>\n<\/tr>\n<tr>\n<td><strong>Lituania<\/strong><\/td>\n<td>seminari per il movimento cooperativo<\/td>\n<\/tr>\n<tr>\n<td><strong>Romania<\/strong><\/td>\n<td>trainings in materia di commercio internazionale presso banche private,<\/td>\n<\/tr>\n<tr>\n<td><strong>Croazia<\/strong><\/td>\n<td>seminari sul mercato unico e il turismo in Europa,<\/td>\n<\/tr>\n<tr>\n<td><strong>Macedonia<\/strong><\/td>\n<td>attivit\u00e1 per conto del NGO su commercio internazionale ed investimenti,<\/td>\n<\/tr>\n<tr>\n<td><strong>Bielorussia<\/strong><\/td>\n<td>training in materia di diritto fiscale e diritto commerciale europeo,<\/td>\n<\/tr>\n<tr>\n<td><strong>Russia<\/strong><\/td>\n<td>seminari sul mercato unico europeo.<\/td>\n<\/tr>\n<\/tbody>\n<\/table>\n<p>In considerazione dell&#8217;esperienza acquisita nella regione dei Balcani, i collaboratori di LIBERTAS hanno realizzato numerosi studi sul futuro della regione; essi hanno preso parte a conferenze e seminari.<\/p>\n<p>Referente: Hans-J\u00fcrgen Zahorka<\/p>\n<p>E-Mail: <a href=\"mailto:zahorka@libertas-institut.com\">zahorka@libertas-institut.com<\/a><\/p>\n<p>&nbsp;<\/p>\n<p>&nbsp;<\/p>\n","protected":false},"excerpt":{"rendered":"<p>\u00a0Ampliamento UE, Balkan &amp; CSI LIBERTAS \u2013 European Institute designed and delivered in July 2010 a two week training for the Chamber of Commerce and Industry of Tajikistan in Berlin-K\u00f6penick, on behalf of an EU project in this Central Asian country, the German InWEnt gGmbH and in cooperationwith Bildungszentrum am M\u00fcggelsee (Training Centre Mueggelsee). more [&hellip;]<\/p>\n","protected":false},"author":1,"featured_media":0,"parent":0,"menu_order":13,"comment_status":"open","ping_status":"open","template":"","meta":{"_bbp_topic_count":0,"_bbp_reply_count":0,"_bbp_total_topic_count":0,"_bbp_total_reply_count":0,"_bbp_voice_count":0,"_bbp_anonymous_reply_count":0,"_bbp_topic_count_hidden":0,"_bbp_reply_count_hidden":0,"_bbp_forum_subforum_count":0,"footnotes":""},"class_list":["post-34","page","type-page","status-publish","hentry"],"yoast_head":"<!-- This site is optimized with the Yoast SEO plugin v26.4 - https:\/\/yoast.com\/wordpress\/plugins\/seo\/ -->\n<title>Ampliamento, Balkan, CSI - Libertas-it<\/title>\n<meta name=\"robots\" content=\"index, follow, max-snippet:-1, max-image-preview:large, max-video-preview:-1\" \/>\n<link rel=\"canonical\" href=\"https:\/\/www.libertas-institut.com\/it\/ampliamento-balkan-csi\/\" \/>\n<meta property=\"og:locale\" content=\"de_DE\" \/>\n<meta property=\"og:type\" content=\"article\" \/>\n<meta property=\"og:title\" content=\"Ampliamento, Balkan, CSI - Libertas-it\" \/>\n<meta property=\"og:description\" content=\"\u00a0Ampliamento UE, Balkan &amp; CSI LIBERTAS \u2013 European Institute designed and delivered in July 2010 a two week training for the Chamber of Commerce and Industry of Tajikistan in Berlin-K\u00f6penick, on behalf of an EU project in this Central Asian country, the German InWEnt gGmbH and in cooperationwith Bildungszentrum am M\u00fcggelsee (Training Centre Mueggelsee). more [&hellip;]\" \/>\n<meta property=\"og:url\" content=\"https:\/\/www.libertas-institut.com\/it\/ampliamento-balkan-csi\/\" \/>\n<meta property=\"og:site_name\" content=\"Libertas-it\" \/>\n<meta property=\"article:modified_time\" content=\"2014-09-18T18:51:40+00:00\" \/>\n<meta name=\"twitter:label1\" content=\"Gesch\u00e4tzte Lesezeit\" \/>\n\t<meta name=\"twitter:data1\" content=\"3\u00a0Minuten\" \/>\n<script type=\"application\/ld+json\" class=\"yoast-schema-graph\">{\"@context\":\"https:\/\/schema.org\",\"@graph\":[{\"@type\":\"WebPage\",\"@id\":\"https:\/\/www.libertas-institut.com\/it\/ampliamento-balkan-csi\/\",\"url\":\"https:\/\/www.libertas-institut.com\/it\/ampliamento-balkan-csi\/\",\"name\":\"Ampliamento, Balkan, CSI - Libertas-it\",\"isPartOf\":{\"@id\":\"https:\/\/www.libertas-institut.com\/it\/#website\"},\"datePublished\":\"2014-07-26T17:18:05+00:00\",\"dateModified\":\"2014-09-18T18:51:40+00:00\",\"breadcrumb\":{\"@id\":\"https:\/\/www.libertas-institut.com\/it\/ampliamento-balkan-csi\/#breadcrumb\"},\"inLanguage\":\"de\",\"potentialAction\":[{\"@type\":\"ReadAction\",\"target\":[\"https:\/\/www.libertas-institut.com\/it\/ampliamento-balkan-csi\/\"]}]},{\"@type\":\"BreadcrumbList\",\"@id\":\"https:\/\/www.libertas-institut.com\/it\/ampliamento-balkan-csi\/#breadcrumb\",\"itemListElement\":[{\"@type\":\"ListItem\",\"position\":1,\"name\":\"Home\",\"item\":\"https:\/\/www.libertas-institut.com\/it\/\"},{\"@type\":\"ListItem\",\"position\":2,\"name\":\"Ampliamento, Balkan, CSI\"}]},{\"@type\":\"WebSite\",\"@id\":\"https:\/\/www.libertas-institut.com\/it\/#website\",\"url\":\"https:\/\/www.libertas-institut.com\/it\/\",\"name\":\"Libertas-it\",\"description\":\"\u00a9 by Libertas GmbH\",\"potentialAction\":[{\"@type\":\"SearchAction\",\"target\":{\"@type\":\"EntryPoint\",\"urlTemplate\":\"https:\/\/www.libertas-institut.com\/it\/?s={search_term_string}\"},\"query-input\":{\"@type\":\"PropertyValueSpecification\",\"valueRequired\":true,\"valueName\":\"search_term_string\"}}],\"inLanguage\":\"de\"}]}<\/script>\n<!-- \/ Yoast SEO plugin. -->","yoast_head_json":{"title":"Ampliamento, Balkan, CSI - Libertas-it","robots":{"index":"index","follow":"follow","max-snippet":"max-snippet:-1","max-image-preview":"max-image-preview:large","max-video-preview":"max-video-preview:-1"},"canonical":"https:\/\/www.libertas-institut.com\/it\/ampliamento-balkan-csi\/","og_locale":"de_DE","og_type":"article","og_title":"Ampliamento, Balkan, CSI - Libertas-it","og_description":"\u00a0Ampliamento UE, Balkan &amp; CSI LIBERTAS \u2013 European Institute designed and delivered in July 2010 a two week training for the Chamber of Commerce and Industry of Tajikistan in Berlin-K\u00f6penick, on behalf of an EU project in this Central Asian country, the German InWEnt gGmbH and in cooperationwith Bildungszentrum am M\u00fcggelsee (Training Centre Mueggelsee). more [&hellip;]","og_url":"https:\/\/www.libertas-institut.com\/it\/ampliamento-balkan-csi\/","og_site_name":"Libertas-it","article_modified_time":"2014-09-18T18:51:40+00:00","twitter_misc":{"Gesch\u00e4tzte Lesezeit":"3\u00a0Minuten"},"schema":{"@context":"https:\/\/schema.org","@graph":[{"@type":"WebPage","@id":"https:\/\/www.libertas-institut.com\/it\/ampliamento-balkan-csi\/","url":"https:\/\/www.libertas-institut.com\/it\/ampliamento-balkan-csi\/","name":"Ampliamento, Balkan, CSI - Libertas-it","isPartOf":{"@id":"https:\/\/www.libertas-institut.com\/it\/#website"},"datePublished":"2014-07-26T17:18:05+00:00","dateModified":"2014-09-18T18:51:40+00:00","breadcrumb":{"@id":"https:\/\/www.libertas-institut.com\/it\/ampliamento-balkan-csi\/#breadcrumb"},"inLanguage":"de","potentialAction":[{"@type":"ReadAction","target":["https:\/\/www.libertas-institut.com\/it\/ampliamento-balkan-csi\/"]}]},{"@type":"BreadcrumbList","@id":"https:\/\/www.libertas-institut.com\/it\/ampliamento-balkan-csi\/#breadcrumb","itemListElement":[{"@type":"ListItem","position":1,"name":"Home","item":"https:\/\/www.libertas-institut.com\/it\/"},{"@type":"ListItem","position":2,"name":"Ampliamento, Balkan, CSI"}]},{"@type":"WebSite","@id":"https:\/\/www.libertas-institut.com\/it\/#website","url":"https:\/\/www.libertas-institut.com\/it\/","name":"Libertas-it","description":"\u00a9 by Libertas GmbH","potentialAction":[{"@type":"SearchAction","target":{"@type":"EntryPoint","urlTemplate":"https:\/\/www.libertas-institut.com\/it\/?s={search_term_string}"},"query-input":{"@type":"PropertyValueSpecification","valueRequired":true,"valueName":"search_term_string"}}],"inLanguage":"de"}]}},"_links":{"self":[{"href":"https:\/\/www.libertas-institut.com\/it\/wp-json\/wp\/v2\/pages\/34","targetHints":{"allow":["GET"]}}],"collection":[{"href":"https:\/\/www.libertas-institut.com\/it\/wp-json\/wp\/v2\/pages"}],"about":[{"href":"https:\/\/www.libertas-institut.com\/it\/wp-json\/wp\/v2\/types\/page"}],"author":[{"embeddable":true,"href":"https:\/\/www.libertas-institut.com\/it\/wp-json\/wp\/v2\/users\/1"}],"replies":[{"embeddable":true,"href":"https:\/\/www.libertas-institut.com\/it\/wp-json\/wp\/v2\/comments?post=34"}],"version-history":[{"count":0,"href":"https:\/\/www.libertas-institut.com\/it\/wp-json\/wp\/v2\/pages\/34\/revisions"}],"wp:attachment":[{"href":"https:\/\/www.libertas-institut.com\/it\/wp-json\/wp\/v2\/media?parent=34"}],"curies":[{"name":"wp","href":"https:\/\/api.w.org\/{rel}","templated":true}]}}