{"id":350,"date":"2014-09-19T07:17:42","date_gmt":"2014-09-19T05:17:42","guid":{"rendered":"http:\/\/www.libertas-institut.com\/it\/consulenza\/e-business\/"},"modified":"2015-01-30T08:45:40","modified_gmt":"2015-01-30T06:45:40","slug":"e-business","status":"publish","type":"page","link":"https:\/\/www.libertas-institut.com\/it\/consulenza\/e-business\/","title":{"rendered":"E-Business"},"content":{"rendered":"<h1 style=\"text-align: center;\">E-Business<\/h1>\n<ul>\n<li>E-Commerce o commercio elettronico, E-Business, Internet, Electronic Data Interchange \u2013 con questi e altri termini e tecnologie oggi si confrontano giornalmente tutti coloro che prendono parte al mercato mondiale.<\/li>\n<\/ul>\n<ul>\n<li>Tuttavia ci sono ancora numerose carenze di informazioni, in particolare nell&#8217;ambito delle medie imprese. Questo comporta un utilizzo parziale delle attuali tecnologie d&#8217;informazione e di comunicazione per il miglioramento del processo aziendale. I legami, come anche le collaborazioni, con i clienti e i fornitori sono il pi\u00fa delle volte ancora orienate verso modalit\u00e1 di tipo molto tradizionale. Attraverso le &#8222;nuove tecnologie&#8220; si presenta la possibilit\u00e0 di organizzare in maniera migliore e pi\u00fa efficiente queste relazioni e collaborazioni.<\/li>\n<\/ul>\n<ul>\n<li>Dall&#8217;altra parte internet annuncia una continua globalizzazione, che attualmente deve venir implementata nelle tradizionali relazioni commerciali. Cos\u00ed non stupisce, che l&#8217;e-business, cio\u00e9 tutte le forme elettroniche per lo svolgimento degli affari, interne ma anche interaziendali, diventa sempre pi\u00fa un fattore di successo globale.<\/li>\n<\/ul>\n<ul>\n<li>Che cosa ci sia esattamente dietro i concetti come Electronic Business e Electronic Commerce e quali change e sfide aziendali da quali derivano, in particolare per le medie imprese, \u00e9 l&#8217;oggetto delle pubblicazioni e delle consulenze di LIBERTAS \u2013 Europ\u00e4isches Institut GmbH (referente Ute Hirschburger).<\/li>\n<\/ul>\n<ul>\n<li>Una parte centrale nell&#8217;ambito dell&#8217;e-business \u00e8 ricoperto dall&#8217;e-commerce, la cui applicazione va dalla possibilit\u00e1 di acquistare un biglietto aereo alla pubblicazione di una nuova stampa attraverso internet. Accanto all&#8217;assistenza riguardante gli aspetti economico-aziendali, fiscali e della sicurezza di queste tecnologie, LIBERTAS\u00a0 \u2013 Europ\u00e4isches Institut GmbH \u00e8 collegata stabilmente tramite una cooperazione a uno studio legale, che tratta per la societ\u00e1 stessa le concrete questioni legali che si possono presentare.<\/li>\n<\/ul>\n<ul>\n<li>Cliccate qui per ricevere informazioni sulle <a href=\"https:\/\/www.libertas-institut.com\/beratung\/e_business\/de_ebusiness_foerderung\/\">possibilit\u00e0 di sovvenzioni<\/a> in Germania e a livello europeo per il commercio elettronico (pagina in lingua tedesca, con links anche in lingua inglese).<\/li>\n<\/ul>\n","protected":false},"excerpt":{"rendered":"<p>E-Business E-Commerce o commercio elettronico, E-Business, Internet, Electronic Data Interchange \u2013 con questi e altri termini e tecnologie oggi si confrontano giornalmente tutti coloro che prendono parte al mercato mondiale. Tuttavia ci sono ancora numerose carenze di informazioni, in particolare nell&#8217;ambito delle medie imprese. Questo comporta un utilizzo parziale delle attuali tecnologie d&#8217;informazione e di [&hellip;]<\/p>\n","protected":false},"author":1,"featured_media":0,"parent":38,"menu_order":1,"comment_status":"open","ping_status":"open","template":"","meta":{"_bbp_topic_count":0,"_bbp_reply_count":0,"_bbp_total_topic_count":0,"_bbp_total_reply_count":0,"_bbp_voice_count":0,"_bbp_anonymous_reply_count":0,"_bbp_topic_count_hidden":0,"_bbp_reply_count_hidden":0,"_bbp_forum_subforum_count":0,"footnotes":""},"class_list":["post-350","page","type-page","status-publish","hentry"],"yoast_head":"<!-- This site is optimized with the Yoast SEO plugin v26.4 - https:\/\/yoast.com\/wordpress\/plugins\/seo\/ -->\n<title>E-Business - Libertas-it<\/title>\n<meta name=\"robots\" content=\"index, follow, max-snippet:-1, max-image-preview:large, max-video-preview:-1\" \/>\n<link rel=\"canonical\" href=\"https:\/\/www.libertas-institut.com\/it\/consulenza\/e-business\/\" \/>\n<meta property=\"og:locale\" content=\"de_DE\" \/>\n<meta property=\"og:type\" content=\"article\" \/>\n<meta property=\"og:title\" content=\"E-Business - Libertas-it\" \/>\n<meta property=\"og:description\" content=\"E-Business E-Commerce o commercio elettronico, E-Business, Internet, Electronic Data Interchange \u2013 con questi e altri termini e tecnologie oggi si confrontano giornalmente tutti coloro che prendono parte al mercato mondiale. Tuttavia ci sono ancora numerose carenze di informazioni, in particolare nell&#8217;ambito delle medie imprese. Questo comporta un utilizzo parziale delle attuali tecnologie d&#8217;informazione e di [&hellip;]\" \/>\n<meta property=\"og:url\" content=\"https:\/\/www.libertas-institut.com\/it\/consulenza\/e-business\/\" \/>\n<meta property=\"og:site_name\" content=\"Libertas-it\" \/>\n<meta property=\"article:modified_time\" content=\"2015-01-30T06:45:40+00:00\" \/>\n<meta name=\"twitter:label1\" content=\"Gesch\u00e4tzte Lesezeit\" \/>\n\t<meta name=\"twitter:data1\" content=\"1\u00a0Minute\" \/>\n<script type=\"application\/ld+json\" class=\"yoast-schema-graph\">{\"@context\":\"https:\/\/schema.org\",\"@graph\":[{\"@type\":\"WebPage\",\"@id\":\"https:\/\/www.libertas-institut.com\/it\/consulenza\/e-business\/\",\"url\":\"https:\/\/www.libertas-institut.com\/it\/consulenza\/e-business\/\",\"name\":\"E-Business - Libertas-it\",\"isPartOf\":{\"@id\":\"https:\/\/www.libertas-institut.com\/it\/#website\"},\"datePublished\":\"2014-09-19T05:17:42+00:00\",\"dateModified\":\"2015-01-30T06:45:40+00:00\",\"breadcrumb\":{\"@id\":\"https:\/\/www.libertas-institut.com\/it\/consulenza\/e-business\/#breadcrumb\"},\"inLanguage\":\"de\",\"potentialAction\":[{\"@type\":\"ReadAction\",\"target\":[\"https:\/\/www.libertas-institut.com\/it\/consulenza\/e-business\/\"]}]},{\"@type\":\"BreadcrumbList\",\"@id\":\"https:\/\/www.libertas-institut.com\/it\/consulenza\/e-business\/#breadcrumb\",\"itemListElement\":[{\"@type\":\"ListItem\",\"position\":1,\"name\":\"Home\",\"item\":\"https:\/\/www.libertas-institut.com\/it\/\"},{\"@type\":\"ListItem\",\"position\":2,\"name\":\"Consulenza\",\"item\":\"https:\/\/www.libertas-institut.com\/it\/consulenza\/\"},{\"@type\":\"ListItem\",\"position\":3,\"name\":\"E-Business\"}]},{\"@type\":\"WebSite\",\"@id\":\"https:\/\/www.libertas-institut.com\/it\/#website\",\"url\":\"https:\/\/www.libertas-institut.com\/it\/\",\"name\":\"Libertas-it\",\"description\":\"\u00a9 by Libertas GmbH\",\"potentialAction\":[{\"@type\":\"SearchAction\",\"target\":{\"@type\":\"EntryPoint\",\"urlTemplate\":\"https:\/\/www.libertas-institut.com\/it\/?s={search_term_string}\"},\"query-input\":{\"@type\":\"PropertyValueSpecification\",\"valueRequired\":true,\"valueName\":\"search_term_string\"}}],\"inLanguage\":\"de\"}]}<\/script>\n<!-- \/ Yoast SEO plugin. -->","yoast_head_json":{"title":"E-Business - Libertas-it","robots":{"index":"index","follow":"follow","max-snippet":"max-snippet:-1","max-image-preview":"max-image-preview:large","max-video-preview":"max-video-preview:-1"},"canonical":"https:\/\/www.libertas-institut.com\/it\/consulenza\/e-business\/","og_locale":"de_DE","og_type":"article","og_title":"E-Business - Libertas-it","og_description":"E-Business E-Commerce o commercio elettronico, E-Business, Internet, Electronic Data Interchange \u2013 con questi e altri termini e tecnologie oggi si confrontano giornalmente tutti coloro che prendono parte al mercato mondiale. Tuttavia ci sono ancora numerose carenze di informazioni, in particolare nell&#8217;ambito delle medie imprese. Questo comporta un utilizzo parziale delle attuali tecnologie d&#8217;informazione e di [&hellip;]","og_url":"https:\/\/www.libertas-institut.com\/it\/consulenza\/e-business\/","og_site_name":"Libertas-it","article_modified_time":"2015-01-30T06:45:40+00:00","twitter_misc":{"Gesch\u00e4tzte Lesezeit":"1\u00a0Minute"},"schema":{"@context":"https:\/\/schema.org","@graph":[{"@type":"WebPage","@id":"https:\/\/www.libertas-institut.com\/it\/consulenza\/e-business\/","url":"https:\/\/www.libertas-institut.com\/it\/consulenza\/e-business\/","name":"E-Business - Libertas-it","isPartOf":{"@id":"https:\/\/www.libertas-institut.com\/it\/#website"},"datePublished":"2014-09-19T05:17:42+00:00","dateModified":"2015-01-30T06:45:40+00:00","breadcrumb":{"@id":"https:\/\/www.libertas-institut.com\/it\/consulenza\/e-business\/#breadcrumb"},"inLanguage":"de","potentialAction":[{"@type":"ReadAction","target":["https:\/\/www.libertas-institut.com\/it\/consulenza\/e-business\/"]}]},{"@type":"BreadcrumbList","@id":"https:\/\/www.libertas-institut.com\/it\/consulenza\/e-business\/#breadcrumb","itemListElement":[{"@type":"ListItem","position":1,"name":"Home","item":"https:\/\/www.libertas-institut.com\/it\/"},{"@type":"ListItem","position":2,"name":"Consulenza","item":"https:\/\/www.libertas-institut.com\/it\/consulenza\/"},{"@type":"ListItem","position":3,"name":"E-Business"}]},{"@type":"WebSite","@id":"https:\/\/www.libertas-institut.com\/it\/#website","url":"https:\/\/www.libertas-institut.com\/it\/","name":"Libertas-it","description":"\u00a9 by Libertas GmbH","potentialAction":[{"@type":"SearchAction","target":{"@type":"EntryPoint","urlTemplate":"https:\/\/www.libertas-institut.com\/it\/?s={search_term_string}"},"query-input":{"@type":"PropertyValueSpecification","valueRequired":true,"valueName":"search_term_string"}}],"inLanguage":"de"}]}},"_links":{"self":[{"href":"https:\/\/www.libertas-institut.com\/it\/wp-json\/wp\/v2\/pages\/350","targetHints":{"allow":["GET"]}}],"collection":[{"href":"https:\/\/www.libertas-institut.com\/it\/wp-json\/wp\/v2\/pages"}],"about":[{"href":"https:\/\/www.libertas-institut.com\/it\/wp-json\/wp\/v2\/types\/page"}],"author":[{"embeddable":true,"href":"https:\/\/www.libertas-institut.com\/it\/wp-json\/wp\/v2\/users\/1"}],"replies":[{"embeddable":true,"href":"https:\/\/www.libertas-institut.com\/it\/wp-json\/wp\/v2\/comments?post=350"}],"version-history":[{"count":0,"href":"https:\/\/www.libertas-institut.com\/it\/wp-json\/wp\/v2\/pages\/350\/revisions"}],"up":[{"embeddable":true,"href":"https:\/\/www.libertas-institut.com\/it\/wp-json\/wp\/v2\/pages\/38"}],"wp:attachment":[{"href":"https:\/\/www.libertas-institut.com\/it\/wp-json\/wp\/v2\/media?parent=350"}],"curies":[{"name":"wp","href":"https:\/\/api.w.org\/{rel}","templated":true}]}}