{"id":61,"date":"2014-07-26T19:21:15","date_gmt":"2014-07-26T17:21:15","guid":{"rendered":"http:\/\/www.libertas-institut.com\/it\/agb\/"},"modified":"2014-09-18T20:44:58","modified_gmt":"2014-09-18T18:44:58","slug":"agb","status":"publish","type":"page","link":"https:\/\/www.libertas-institut.com\/it\/agb\/","title":{"rendered":"AGB"},"content":{"rendered":"<h1 style=\"text-align: center;\">Allgemeine Gesch\u00e4ftsbedingungen von LIBERTAS \u2013 Europ\u00e4isches Institut GmbH<\/h1>\n<p>Stand 1.1.2011<\/p>\n<h2>\u00a71 Geltungsbereich<\/h2>\n<p>(1) Diese allgemeinen Gesch\u00e4ftsbedingungen gelten f\u00fcr alle Gesch\u00e4ftsbeziehungen zwischen LIBERTAS \u2013 Europ\u00e4isches Institut GmbH bzw. des angeschlossenen LIBERTAS Verlages (im folgenden kurz LIBERTAS) und dessen Kunden in der jeweiligen zum Zeitpunkt des Vertragsschlusses aktuellen Fassung.<br \/>\n(2) Entgegenstehende von unserem Gesch\u00e4ftsbedingungen abweichende Bedingungen des Kunden werden nicht anerkannt, es sei denn, LIBERTAS hat diesen im Einzelfall ausdr\u00fccklich schriftlich zugestimmt.<\/p>\n<h2>\u00a72 Zustandekommen des Vertrages<\/h2>\n<p>(1) Der Verkauf von Publikationen (B\u00fccher, Paper etc.) sowie kostenpflichtiger Downloads erfolgt in haushalts\u00fcblichen Mengen.<br \/>\n(2) Die Angaben in unseren Angeboten sind freibleibend.<br \/>\n(3) Wird eine Bestellung an LIBERTAS abgesendet, gibt der Kunde ein Angebot iSd \u00a7 145 BGB ab. Der Kunde erh\u00e4lt eine Best\u00e4tigung des Empfangs der Bestellung per E-Mail.<br \/>\n(4) Der Vertrag mit LIBERTAS kommt dadurch zustande, dass LIBERTAS das Angebot des Kunden annimmt. Die Annahme erfolgt unter Vorbehalt der Verf\u00fcgbarkeit der bestellten Ware oder Leistung. Die Erkl\u00e4rung der Annahme durch LIBERTAS ist nicht erforderlich, der Kunde verzichtet insoweit auf diese iSV \u00a7 151 S. 1 BGB. Kann das Angebot des Kunden nicht angenommen werden, wird dies dem Kunden in elektronischer Form mitgeteilt.<br \/>\n(5) Bei kostenpflichtigen Downloads ist der Vertrag durch den Start des Download-Vorgang zustande gekommen. Bei fehlgeschlagenem Download hat der Kunde LIBERTAS zu benachrichtigen und erh\u00e4lt die Leistung auf elektronischem Wege.<\/p>\n<h2>\u00a73 Preise<\/h2>\n<p>(1) Die Lieferungen und Leistungen erfolgen, falls nichts anderes ausdr\u00fccklich vereinbart wird, zu den aufgef\u00fchrten Preisen<br \/>\n(2) Die f\u00fcr Publikationen angegebenen Preise sind Bruttopreise incl. 7 % MwSt.<\/p>\n<h2>\u00a74 Lieferung und Versandkosten<\/h2>\n<p>(1) Die Lieferung von Downloads erfolgt sofort nach Eingang des Rechnungsbetrages auf unser Konto.<br \/>\n(2) Die \u00fcbrigen Auftr\u00e4ge werden umgehend bearbeitet. Die Lieferung der bestellten Waren werden an die vom Kunden angegebenen Adresse per Post ausgeliefert. LIBERTAS ist zu Teillieferungen berechtigt.<br \/>\n(3) Porto- und Versandkosten f\u00fcr Publikationen auf dem Postweg innerhalb Deutschlands fallen nicht an. F\u00fcr Lieferungen von nicht haushalts\u00fcblichen Mengen von Publikationen innerhalb Deutschlands beh\u00e4lt sich LIBERTAS die Erhebung von Versandkosten in H\u00f6he des Portos vor. F\u00fcr alle Lieferungen ins Ausland bis 500 g fallen 3,45 EUR an, von 501 bis 1.000 g. 7,00 EUR.<br \/>\n(4) Die Lieferung auf dem Postweg erfolgt unter Vorbehalt der Verf\u00fcgbarkeit innerhalb sieben Werktagen. Bei abweichender Lieferfrist erh\u00e4lt der Kunde eine Benachrichtigung.<br \/>\n(5) Die Angaben \u00fcber die Lieferfrist sind unverbindlich, sollte dem Kunden nicht im Einzelfall schriftlich eine verbindliche Zusage erteilt worden sein.<\/p>\n<h2>\u00a75 Eigentumsvorbehalt<\/h2>\n<p>Bis zur vollst\u00e4ndigen Bezahlung aller gegen den Kunden bestehenden Anspr\u00fcche verbleibt die Ware im Eigentum von LIBERTAS.<\/p>\n<h2>\u00a76 Bezahlung und F\u00e4lligkeit<\/h2>\n<p>(1) LIBERTAS akzeptiert bei Lieferung gegen Rechnung nur die Bezahlung per \u00dcberweisung oder Scheck.<br \/>\n(3) Bei \u00dcberweisungen aus dem Ausland hat der Kunde die bei seinem Kreditinstitut anfallenden Geb\u00fchren selbst zu tragen.<br \/>\n(2) Alle in elektronischer Form zu bestellenden Publikationen unseres Buch-Shops werden erst nach Gutschrift einer entsprechenden \u00dcberweisung (innerhalb von maximal 7 Werktagen nach Bestellung) umgehend verschickt. Nebenkosten (Versandkosten etc.) fallen hier keine an.<br \/>\n(3) Der Kaufpreis und alle m\u00f6glicherweise anfallenden Nebenkosten sind mit Vertragsschluss f\u00e4llig.<br \/>\n(4) Kommt der Kunde in Verzug, ist LIBERTAS berechtigt, Verzugszinsen in H\u00f6he von 7 % \u00fcber dem jeweiligen Basiszinssatz zu verlagen.<\/p>\n<h2>\u00a77 Widerruf, Remmission<\/h2>\n<p>(1) Es besteht ein Widerrufsrecht von 14 Tagen nach Erhalt der Ware. Die Kosten f\u00fcr die R\u00fccksendung der Ware hat der Kunde selbst zu tragen.<br \/>\n(2) F\u00fcr alle Publikationen besteht ein Remmissionsrecht von 14 Tagen.<br \/>\n(3) Ausgenommen vom Widerruf\/Remmission sind die Publikationen der Reihe LIBERTAS Paper sowie Downloads bzw. in elektronischer Form gelieferter Publikationen und Waren sowie Dienstleistungen die per Datentr\u00e4ger geliefert und vom Kunden bereits entsiegelt worden sind.<br \/>\n(4) Im Fall des Widerrufs zahlt LIBERTAS einen bereits entrichteten Kaufpreis an den Kunden zur\u00fcck. Bei Zahlungen ins Ausland werden die \u00dcberweisungsgeb\u00fchren abgezogen.<br \/>\n(5) Bei wesentlichen Verschlechterungen oder einem Verlust der Ware hat der Kunde im Fall eines Widerrufs die entsprechende Wertminderung an LIBERTAS zu ersetzen.<\/p>\n<h2>\u00a78 Gew\u00e4hrleistung<\/h2>\n<p>Der Kunde wird evtl. auftretende M\u00e4ngel der gelieferten Ware LIBERTAS unverz\u00fcglich schriftlich mitteilen. Liegt ein von LIBERTAS zu vertretender Mangel vor, wird dieser von LIBERTAS nach eigener Wahl durch Beseitigung oder Ersatzlieferung beseitigt.<\/p>\n<h2>\u00a79 Datenschutz<\/h2>\n<p>LIBERTAS verpflichtet sich alle pers\u00f6nlichen Daten vertraulich zu behandeln. Zur Abwicklung der Bestellung anfallende personenbezogene Daten werden nicht an Dritte weitergegeben.<\/p>\n","protected":false},"excerpt":{"rendered":"<p>Allgemeine Gesch\u00e4ftsbedingungen von LIBERTAS \u2013 Europ\u00e4isches Institut GmbH Stand 1.1.2011 \u00a71 Geltungsbereich (1) Diese allgemeinen Gesch\u00e4ftsbedingungen gelten f\u00fcr alle Gesch\u00e4ftsbeziehungen zwischen LIBERTAS \u2013 Europ\u00e4isches Institut GmbH bzw. des angeschlossenen LIBERTAS Verlages (im folgenden kurz LIBERTAS) und dessen Kunden in der jeweiligen zum Zeitpunkt des Vertragsschlusses aktuellen Fassung. (2) Entgegenstehende von unserem Gesch\u00e4ftsbedingungen abweichende Bedingungen des [&hellip;]<\/p>\n","protected":false},"author":1,"featured_media":0,"parent":0,"menu_order":27,"comment_status":"open","ping_status":"open","template":"","meta":{"_bbp_topic_count":0,"_bbp_reply_count":0,"_bbp_total_topic_count":0,"_bbp_total_reply_count":0,"_bbp_voice_count":0,"_bbp_anonymous_reply_count":0,"_bbp_topic_count_hidden":0,"_bbp_reply_count_hidden":0,"_bbp_forum_subforum_count":0,"footnotes":""},"class_list":["post-61","page","type-page","status-publish","hentry"],"yoast_head":"<!-- This site is optimized with the Yoast SEO plugin v26.4 - https:\/\/yoast.com\/wordpress\/plugins\/seo\/ -->\n<title>AGB - Libertas-it<\/title>\n<meta name=\"robots\" content=\"index, follow, max-snippet:-1, max-image-preview:large, max-video-preview:-1\" \/>\n<link rel=\"canonical\" href=\"https:\/\/www.libertas-institut.com\/it\/agb\/\" \/>\n<meta property=\"og:locale\" content=\"de_DE\" \/>\n<meta property=\"og:type\" content=\"article\" \/>\n<meta property=\"og:title\" content=\"AGB - Libertas-it\" \/>\n<meta property=\"og:description\" content=\"Allgemeine Gesch\u00e4ftsbedingungen von LIBERTAS \u2013 Europ\u00e4isches Institut GmbH Stand 1.1.2011 \u00a71 Geltungsbereich (1) Diese allgemeinen Gesch\u00e4ftsbedingungen gelten f\u00fcr alle Gesch\u00e4ftsbeziehungen zwischen LIBERTAS \u2013 Europ\u00e4isches Institut GmbH bzw. des angeschlossenen LIBERTAS Verlages (im folgenden kurz LIBERTAS) und dessen Kunden in der jeweiligen zum Zeitpunkt des Vertragsschlusses aktuellen Fassung. (2) Entgegenstehende von unserem Gesch\u00e4ftsbedingungen abweichende Bedingungen des [&hellip;]\" \/>\n<meta property=\"og:url\" content=\"https:\/\/www.libertas-institut.com\/it\/agb\/\" \/>\n<meta property=\"og:site_name\" content=\"Libertas-it\" \/>\n<meta property=\"article:modified_time\" content=\"2014-09-18T18:44:58+00:00\" \/>\n<meta name=\"twitter:label1\" content=\"Gesch\u00e4tzte Lesezeit\" \/>\n\t<meta name=\"twitter:data1\" content=\"3\u00a0Minuten\" \/>\n<script type=\"application\/ld+json\" class=\"yoast-schema-graph\">{\"@context\":\"https:\/\/schema.org\",\"@graph\":[{\"@type\":\"WebPage\",\"@id\":\"https:\/\/www.libertas-institut.com\/it\/agb\/\",\"url\":\"https:\/\/www.libertas-institut.com\/it\/agb\/\",\"name\":\"AGB - Libertas-it\",\"isPartOf\":{\"@id\":\"https:\/\/www.libertas-institut.com\/it\/#website\"},\"datePublished\":\"2014-07-26T17:21:15+00:00\",\"dateModified\":\"2014-09-18T18:44:58+00:00\",\"breadcrumb\":{\"@id\":\"https:\/\/www.libertas-institut.com\/it\/agb\/#breadcrumb\"},\"inLanguage\":\"de\",\"potentialAction\":[{\"@type\":\"ReadAction\",\"target\":[\"https:\/\/www.libertas-institut.com\/it\/agb\/\"]}]},{\"@type\":\"BreadcrumbList\",\"@id\":\"https:\/\/www.libertas-institut.com\/it\/agb\/#breadcrumb\",\"itemListElement\":[{\"@type\":\"ListItem\",\"position\":1,\"name\":\"Home\",\"item\":\"https:\/\/www.libertas-institut.com\/it\/\"},{\"@type\":\"ListItem\",\"position\":2,\"name\":\"AGB\"}]},{\"@type\":\"WebSite\",\"@id\":\"https:\/\/www.libertas-institut.com\/it\/#website\",\"url\":\"https:\/\/www.libertas-institut.com\/it\/\",\"name\":\"Libertas-it\",\"description\":\"\u00a9 by Libertas GmbH\",\"potentialAction\":[{\"@type\":\"SearchAction\",\"target\":{\"@type\":\"EntryPoint\",\"urlTemplate\":\"https:\/\/www.libertas-institut.com\/it\/?s={search_term_string}\"},\"query-input\":{\"@type\":\"PropertyValueSpecification\",\"valueRequired\":true,\"valueName\":\"search_term_string\"}}],\"inLanguage\":\"de\"}]}<\/script>\n<!-- \/ Yoast SEO plugin. -->","yoast_head_json":{"title":"AGB - Libertas-it","robots":{"index":"index","follow":"follow","max-snippet":"max-snippet:-1","max-image-preview":"max-image-preview:large","max-video-preview":"max-video-preview:-1"},"canonical":"https:\/\/www.libertas-institut.com\/it\/agb\/","og_locale":"de_DE","og_type":"article","og_title":"AGB - Libertas-it","og_description":"Allgemeine Gesch\u00e4ftsbedingungen von LIBERTAS \u2013 Europ\u00e4isches Institut GmbH Stand 1.1.2011 \u00a71 Geltungsbereich (1) Diese allgemeinen Gesch\u00e4ftsbedingungen gelten f\u00fcr alle Gesch\u00e4ftsbeziehungen zwischen LIBERTAS \u2013 Europ\u00e4isches Institut GmbH bzw. des angeschlossenen LIBERTAS Verlages (im folgenden kurz LIBERTAS) und dessen Kunden in der jeweiligen zum Zeitpunkt des Vertragsschlusses aktuellen Fassung. (2) Entgegenstehende von unserem Gesch\u00e4ftsbedingungen abweichende Bedingungen des [&hellip;]","og_url":"https:\/\/www.libertas-institut.com\/it\/agb\/","og_site_name":"Libertas-it","article_modified_time":"2014-09-18T18:44:58+00:00","twitter_misc":{"Gesch\u00e4tzte Lesezeit":"3\u00a0Minuten"},"schema":{"@context":"https:\/\/schema.org","@graph":[{"@type":"WebPage","@id":"https:\/\/www.libertas-institut.com\/it\/agb\/","url":"https:\/\/www.libertas-institut.com\/it\/agb\/","name":"AGB - Libertas-it","isPartOf":{"@id":"https:\/\/www.libertas-institut.com\/it\/#website"},"datePublished":"2014-07-26T17:21:15+00:00","dateModified":"2014-09-18T18:44:58+00:00","breadcrumb":{"@id":"https:\/\/www.libertas-institut.com\/it\/agb\/#breadcrumb"},"inLanguage":"de","potentialAction":[{"@type":"ReadAction","target":["https:\/\/www.libertas-institut.com\/it\/agb\/"]}]},{"@type":"BreadcrumbList","@id":"https:\/\/www.libertas-institut.com\/it\/agb\/#breadcrumb","itemListElement":[{"@type":"ListItem","position":1,"name":"Home","item":"https:\/\/www.libertas-institut.com\/it\/"},{"@type":"ListItem","position":2,"name":"AGB"}]},{"@type":"WebSite","@id":"https:\/\/www.libertas-institut.com\/it\/#website","url":"https:\/\/www.libertas-institut.com\/it\/","name":"Libertas-it","description":"\u00a9 by Libertas GmbH","potentialAction":[{"@type":"SearchAction","target":{"@type":"EntryPoint","urlTemplate":"https:\/\/www.libertas-institut.com\/it\/?s={search_term_string}"},"query-input":{"@type":"PropertyValueSpecification","valueRequired":true,"valueName":"search_term_string"}}],"inLanguage":"de"}]}},"_links":{"self":[{"href":"https:\/\/www.libertas-institut.com\/it\/wp-json\/wp\/v2\/pages\/61","targetHints":{"allow":["GET"]}}],"collection":[{"href":"https:\/\/www.libertas-institut.com\/it\/wp-json\/wp\/v2\/pages"}],"about":[{"href":"https:\/\/www.libertas-institut.com\/it\/wp-json\/wp\/v2\/types\/page"}],"author":[{"embeddable":true,"href":"https:\/\/www.libertas-institut.com\/it\/wp-json\/wp\/v2\/users\/1"}],"replies":[{"embeddable":true,"href":"https:\/\/www.libertas-institut.com\/it\/wp-json\/wp\/v2\/comments?post=61"}],"version-history":[{"count":0,"href":"https:\/\/www.libertas-institut.com\/it\/wp-json\/wp\/v2\/pages\/61\/revisions"}],"wp:attachment":[{"href":"https:\/\/www.libertas-institut.com\/it\/wp-json\/wp\/v2\/media?parent=61"}],"curies":[{"name":"wp","href":"https:\/\/api.w.org\/{rel}","templated":true}]}}