{"id":62,"date":"2014-07-26T19:21:15","date_gmt":"2014-07-26T17:21:15","guid":{"rendered":"http:\/\/www.libertas-institut.com\/it\/kontaktimpressum\/"},"modified":"2016-04-20T22:21:33","modified_gmt":"2016-04-20T20:21:33","slug":"kontaktimpressum","status":"publish","type":"page","link":"https:\/\/www.libertas-institut.com\/it\/kontaktimpressum\/","title":{"rendered":"Kontakt\/Impressum"},"content":{"rendered":"<h1 style=\"text-align: center;\">Contact\/Impressum<\/h1>\n<p style=\"text-align: center;\"><strong>LIBERTAS &#8211; Europ\u00e4isches Institut GmbH<\/strong><br \/>\nLindenweg 37, 72414 Rangendingen, Germany<br \/>\nTel.: +49\/7471\/984996-0<br \/>\nFax: +49\/7471\/984996-19<\/p>\n<p style=\"text-align: center;\">e-mail: <a href=\"mailto:info@libertas-institut.com\">info@libertas-institut.com<\/a><\/p>\n<p style=\"text-align: center;\">Managing Director: Hans-Juergen Zahorka<br \/>\nHandelsregister AG Stuttgart, HRB 243253<br \/>\nUST-IDNo.: DE 811240129, TaxNo. 5646000355<\/p>\n<p style=\"text-align: center;\">Homepage Erstellung: <a title=\"Homepage Erstellung\" href=\"http:\/\/www.netalb.com\/\" target=\"_blank\">Netalb Webdesign<\/a><\/p>\n<p>&nbsp;<\/p>\n<p><a href=\"https:\/\/www.libertas-institut.com\/en\/contact-form\/\">Contact\/Questions<\/a><\/p>\n<h2>Haftung\/Urheberrecht<\/h2>\n<p>LIBERTAS &#8211; Europ\u00e4isches Institut GmbH ist bem\u00fcht, f\u00fcr die Richtigkeit und Aktualit\u00e4t auf der Website enthaltenen Informationen und Daten zu sorgen. F\u00fcr die Aktualit\u00e4t, Richtigkeit und Vollst\u00e4ndigkeit aller oder einzelner Informationen und Daten wird jedoch keine Gew\u00e4hr \u00fcbernommen. Dies gilt auch f\u00fcr Websites, auf die durch einen Hyperlink direkt oder indirekt verwiesen wird. F\u00fcr den Inhalt von Websites, die \u00fcber einen Link erreicht werden k\u00f6nnen, ist LIBERTAS &#8211; Europ\u00e4isches Institut GmbH ebenfalls nicht verantwortlich.<\/p>\n<p>\u00c4nderungen oder Erg\u00e4nzungen der von LIBERTAS &#8211; Europ\u00e4isches Institut GmbH bereitgestellten Informationen und Daten k\u00f6nnen von LIBERTAS &#8211; Europ\u00e4isches Institut GmbH ohne vorherige Ank\u00fcndigung vorgenommen werden. Alle Informationen, Texte, Grafiken etc. auf allen Seiten von LIBERTAS &#8211; Europ\u00e4isches Institut GmbH unterliegen, soweit nicht ausdr\u00fccklich andere Urheber angegeben sind bzw. ein durch Dritte gesch\u00fctztes Marken- und Warenzeichen vorliegt, dem Copyright von LIBERTAS &#8211; Europ\u00e4isches Institut GmbH. Eine Vervielf\u00e4ltigung von Informationen oder Daten, Verwendung von Texten oder Textteilen bedarf der vorherigen ausdr\u00fccklichen Zustimmung von LIBERTAS &#8211; Europ\u00e4isches Institut GmbH.<\/p>\n","protected":false},"excerpt":{"rendered":"<p>Contact\/Impressum LIBERTAS &#8211; Europ\u00e4isches Institut GmbH Lindenweg 37, 72414 Rangendingen, Germany Tel.: +49\/7471\/984996-0 Fax: +49\/7471\/984996-19 e-mail: info@libertas-institut.com Managing Director: Hans-Juergen Zahorka Handelsregister AG Stuttgart, HRB 243253 UST-IDNo.: DE 811240129, TaxNo. 5646000355 Homepage Erstellung: Netalb Webdesign &nbsp; Contact\/Questions Haftung\/Urheberrecht LIBERTAS &#8211; Europ\u00e4isches Institut GmbH ist bem\u00fcht, f\u00fcr die Richtigkeit und Aktualit\u00e4t auf der Website enthaltenen Informationen [&hellip;]<\/p>\n","protected":false},"author":1,"featured_media":0,"parent":0,"menu_order":28,"comment_status":"open","ping_status":"open","template":"","meta":{"_bbp_topic_count":0,"_bbp_reply_count":0,"_bbp_total_topic_count":0,"_bbp_total_reply_count":0,"_bbp_voice_count":0,"_bbp_anonymous_reply_count":0,"_bbp_topic_count_hidden":0,"_bbp_reply_count_hidden":0,"_bbp_forum_subforum_count":0,"footnotes":""},"class_list":["post-62","page","type-page","status-publish","hentry"],"yoast_head":"<!-- This site is optimized with the Yoast SEO plugin v26.4 - https:\/\/yoast.com\/wordpress\/plugins\/seo\/ -->\n<title>Kontakt\/Impressum - Libertas-it<\/title>\n<meta name=\"robots\" content=\"index, follow, max-snippet:-1, max-image-preview:large, max-video-preview:-1\" \/>\n<link rel=\"canonical\" href=\"https:\/\/www.libertas-institut.com\/it\/kontaktimpressum\/\" \/>\n<meta property=\"og:locale\" content=\"de_DE\" \/>\n<meta property=\"og:type\" content=\"article\" \/>\n<meta property=\"og:title\" content=\"Kontakt\/Impressum - Libertas-it\" \/>\n<meta property=\"og:description\" content=\"Contact\/Impressum LIBERTAS &#8211; Europ\u00e4isches Institut GmbH Lindenweg 37, 72414 Rangendingen, Germany Tel.: +49\/7471\/984996-0 Fax: +49\/7471\/984996-19 e-mail: info@libertas-institut.com Managing Director: Hans-Juergen Zahorka Handelsregister AG Stuttgart, HRB 243253 UST-IDNo.: DE 811240129, TaxNo. 5646000355 Homepage Erstellung: Netalb Webdesign &nbsp; Contact\/Questions Haftung\/Urheberrecht LIBERTAS &#8211; Europ\u00e4isches Institut GmbH ist bem\u00fcht, f\u00fcr die Richtigkeit und Aktualit\u00e4t auf der Website enthaltenen Informationen [&hellip;]\" \/>\n<meta property=\"og:url\" content=\"https:\/\/www.libertas-institut.com\/it\/kontaktimpressum\/\" \/>\n<meta property=\"og:site_name\" content=\"Libertas-it\" \/>\n<meta property=\"article:modified_time\" content=\"2016-04-20T20:21:33+00:00\" \/>\n<meta name=\"twitter:label1\" content=\"Gesch\u00e4tzte Lesezeit\" \/>\n\t<meta name=\"twitter:data1\" content=\"1\u00a0Minute\" \/>\n<script type=\"application\/ld+json\" class=\"yoast-schema-graph\">{\"@context\":\"https:\/\/schema.org\",\"@graph\":[{\"@type\":\"WebPage\",\"@id\":\"https:\/\/www.libertas-institut.com\/it\/kontaktimpressum\/\",\"url\":\"https:\/\/www.libertas-institut.com\/it\/kontaktimpressum\/\",\"name\":\"Kontakt\/Impressum - Libertas-it\",\"isPartOf\":{\"@id\":\"https:\/\/www.libertas-institut.com\/it\/#website\"},\"datePublished\":\"2014-07-26T17:21:15+00:00\",\"dateModified\":\"2016-04-20T20:21:33+00:00\",\"breadcrumb\":{\"@id\":\"https:\/\/www.libertas-institut.com\/it\/kontaktimpressum\/#breadcrumb\"},\"inLanguage\":\"de\",\"potentialAction\":[{\"@type\":\"ReadAction\",\"target\":[\"https:\/\/www.libertas-institut.com\/it\/kontaktimpressum\/\"]}]},{\"@type\":\"BreadcrumbList\",\"@id\":\"https:\/\/www.libertas-institut.com\/it\/kontaktimpressum\/#breadcrumb\",\"itemListElement\":[{\"@type\":\"ListItem\",\"position\":1,\"name\":\"Home\",\"item\":\"https:\/\/www.libertas-institut.com\/it\/\"},{\"@type\":\"ListItem\",\"position\":2,\"name\":\"Kontakt\/Impressum\"}]},{\"@type\":\"WebSite\",\"@id\":\"https:\/\/www.libertas-institut.com\/it\/#website\",\"url\":\"https:\/\/www.libertas-institut.com\/it\/\",\"name\":\"Libertas-it\",\"description\":\"\u00a9 by Libertas GmbH\",\"potentialAction\":[{\"@type\":\"SearchAction\",\"target\":{\"@type\":\"EntryPoint\",\"urlTemplate\":\"https:\/\/www.libertas-institut.com\/it\/?s={search_term_string}\"},\"query-input\":{\"@type\":\"PropertyValueSpecification\",\"valueRequired\":true,\"valueName\":\"search_term_string\"}}],\"inLanguage\":\"de\"}]}<\/script>\n<!-- \/ Yoast SEO plugin. -->","yoast_head_json":{"title":"Kontakt\/Impressum - Libertas-it","robots":{"index":"index","follow":"follow","max-snippet":"max-snippet:-1","max-image-preview":"max-image-preview:large","max-video-preview":"max-video-preview:-1"},"canonical":"https:\/\/www.libertas-institut.com\/it\/kontaktimpressum\/","og_locale":"de_DE","og_type":"article","og_title":"Kontakt\/Impressum - Libertas-it","og_description":"Contact\/Impressum LIBERTAS &#8211; Europ\u00e4isches Institut GmbH Lindenweg 37, 72414 Rangendingen, Germany Tel.: +49\/7471\/984996-0 Fax: +49\/7471\/984996-19 e-mail: info@libertas-institut.com Managing Director: Hans-Juergen Zahorka Handelsregister AG Stuttgart, HRB 243253 UST-IDNo.: DE 811240129, TaxNo. 5646000355 Homepage Erstellung: Netalb Webdesign &nbsp; Contact\/Questions Haftung\/Urheberrecht LIBERTAS &#8211; Europ\u00e4isches Institut GmbH ist bem\u00fcht, f\u00fcr die Richtigkeit und Aktualit\u00e4t auf der Website enthaltenen Informationen [&hellip;]","og_url":"https:\/\/www.libertas-institut.com\/it\/kontaktimpressum\/","og_site_name":"Libertas-it","article_modified_time":"2016-04-20T20:21:33+00:00","twitter_misc":{"Gesch\u00e4tzte Lesezeit":"1\u00a0Minute"},"schema":{"@context":"https:\/\/schema.org","@graph":[{"@type":"WebPage","@id":"https:\/\/www.libertas-institut.com\/it\/kontaktimpressum\/","url":"https:\/\/www.libertas-institut.com\/it\/kontaktimpressum\/","name":"Kontakt\/Impressum - Libertas-it","isPartOf":{"@id":"https:\/\/www.libertas-institut.com\/it\/#website"},"datePublished":"2014-07-26T17:21:15+00:00","dateModified":"2016-04-20T20:21:33+00:00","breadcrumb":{"@id":"https:\/\/www.libertas-institut.com\/it\/kontaktimpressum\/#breadcrumb"},"inLanguage":"de","potentialAction":[{"@type":"ReadAction","target":["https:\/\/www.libertas-institut.com\/it\/kontaktimpressum\/"]}]},{"@type":"BreadcrumbList","@id":"https:\/\/www.libertas-institut.com\/it\/kontaktimpressum\/#breadcrumb","itemListElement":[{"@type":"ListItem","position":1,"name":"Home","item":"https:\/\/www.libertas-institut.com\/it\/"},{"@type":"ListItem","position":2,"name":"Kontakt\/Impressum"}]},{"@type":"WebSite","@id":"https:\/\/www.libertas-institut.com\/it\/#website","url":"https:\/\/www.libertas-institut.com\/it\/","name":"Libertas-it","description":"\u00a9 by Libertas GmbH","potentialAction":[{"@type":"SearchAction","target":{"@type":"EntryPoint","urlTemplate":"https:\/\/www.libertas-institut.com\/it\/?s={search_term_string}"},"query-input":{"@type":"PropertyValueSpecification","valueRequired":true,"valueName":"search_term_string"}}],"inLanguage":"de"}]}},"_links":{"self":[{"href":"https:\/\/www.libertas-institut.com\/it\/wp-json\/wp\/v2\/pages\/62","targetHints":{"allow":["GET"]}}],"collection":[{"href":"https:\/\/www.libertas-institut.com\/it\/wp-json\/wp\/v2\/pages"}],"about":[{"href":"https:\/\/www.libertas-institut.com\/it\/wp-json\/wp\/v2\/types\/page"}],"author":[{"embeddable":true,"href":"https:\/\/www.libertas-institut.com\/it\/wp-json\/wp\/v2\/users\/1"}],"replies":[{"embeddable":true,"href":"https:\/\/www.libertas-institut.com\/it\/wp-json\/wp\/v2\/comments?post=62"}],"version-history":[{"count":0,"href":"https:\/\/www.libertas-institut.com\/it\/wp-json\/wp\/v2\/pages\/62\/revisions"}],"wp:attachment":[{"href":"https:\/\/www.libertas-institut.com\/it\/wp-json\/wp\/v2\/media?parent=62"}],"curies":[{"name":"wp","href":"https:\/\/api.w.org\/{rel}","templated":true}]}}